{"id":5528,"date":"2015-01-14T16:57:10","date_gmt":"2015-01-14T15:57:10","guid":{"rendered":"https:\/\/www.naturmed.de\/blog\/?page_id=5528"},"modified":"2015-01-15T10:08:36","modified_gmt":"2015-01-15T09:08:36","slug":"rhizoma-zingiberis-recens","status":"publish","type":"page","link":"https:\/\/www.naturmed.de\/blog\/materia-medica\/rhizoma-zingiberis-recens\/","title":{"rendered":"Rhizoma Zingiberis recens"},"content":{"rendered":"<h2><strong><a href=\"https:\/\/www.naturmed.de\/blog\/wp-content\/uploads\/2015\/01\/Shengjiang.jpg\"><img loading=\"lazy\" decoding=\"async\" class=\"alignleft  wp-image-5529\" src=\"https:\/\/www.naturmed.de\/blog\/wp-content\/uploads\/2015\/01\/Shengjiang-300x225.jpg\" alt=\"Shengjiang\" width=\"209\" height=\"157\" srcset=\"https:\/\/www.naturmed.de\/blog\/wp-content\/uploads\/2015\/01\/Shengjiang-300x225.jpg 300w, https:\/\/www.naturmed.de\/blog\/wp-content\/uploads\/2015\/01\/Shengjiang-768x576.jpg 768w, https:\/\/www.naturmed.de\/blog\/wp-content\/uploads\/2015\/01\/Shengjiang-90x68.jpg 90w, https:\/\/www.naturmed.de\/blog\/wp-content\/uploads\/2015\/01\/Shengjiang.jpg 959w\" sizes=\"auto, (max-width: 209px) 100vw, 209px\" \/><\/a>Wi<\/strong><strong>rkung von Rhizoma Zingiberis recens<\/strong><strong>:<\/strong><\/h2>\n<ul>\n<li>Oberfl\u00e4che befreiend, K\u00e4lte vertreibend<\/li>\n<li>W\u00e4rmt die Mitte, lindert \u00dcbelkeit und Erbrechen<\/li>\n<li>W\u00e4rmt die Lunge und stoppt Husten<\/li>\n<\/ul>\n<h2><\/h2>\n<h2><strong>Indikation\u00a0<\/strong><strong>von\u00a0Rhizoma Zingiberis recens<\/strong><strong>:<\/strong><\/h2>\n<ul>\n<li>Bei \u00e4u\u00dferen K\u00e4lte-Mustern<\/li>\n<li>K\u00e4lte im Magen-Funktionskreis, \u00dcbelkeit, Aufsto\u00dfen und Erbrechen &#8211; speziell auch in der Schwangerschaft<\/li>\n<li>Husten durch Wind-K\u00e4lte-Invasion, aber auch bei chronischen Lungenerkrankungen mit Schleimansammlung<\/li>\n<\/ul>\n<h2><\/h2>\n<h2><strong>Dosierung von Rhizoma Zingiberis recens:<\/strong><\/h2>\n<ul>\n<li>1-6 g oder 2-3 Scheiben<\/li>\n<\/ul>\n<p>&nbsp;<\/p>\n<p><strong>Anmerkungen:<\/strong><\/p>\n<ul>\n<li>Bei leichten Infekten als Einzelmittel: 3-4 Scheiben frischer Ingwer 10 Minuten in 1 l Wasser gekocht und st\u00fcndlich 1 Tasse getrunken lindert grippale Symptome und\u00a0Schmerzen<\/li>\n<\/ul>\n<p>&nbsp;<\/p>\n<p><strong>Ko<\/strong><strong>ntraindikat<\/strong><strong>i<\/strong><strong>on:<\/strong><\/p>\n<ul>\n<li>Bei Magen-Hitze wegen seines warmen Temperaturverhaltens und bei Lungen-Hitze.<\/li>\n<\/ul>\n","protected":false},"excerpt":{"rendered":"<p>Wirkung von Rhizoma Zingiberis recens: Oberfl\u00e4che befreiend, K\u00e4lte vertreibend W\u00e4rmt die Mitte, lindert \u00dcbelkeit und Erbrechen W\u00e4rmt die Lunge und stoppt Husten Indikation\u00a0von\u00a0Rhizoma Zingiberis recens: Bei \u00e4u\u00dferen K\u00e4lte-Mustern K\u00e4lte im Magen-Funktionskreis, \u00dcbelkeit, Aufsto\u00dfen und Erbrechen &#8211; speziell auch in der Schwangerschaft Husten durch Wind-K\u00e4lte-Invasion, aber auch bei chronischen Lungenerkrankungen mit Schleimansammlung Dosierung von Rhizoma Zingiberis [&hellip;]<\/p>\n","protected":false},"author":2,"featured_media":5529,"parent":5486,"menu_order":0,"comment_status":"open","ping_status":"open","template":"","meta":{"footnotes":""},"class_list":["post-5528","page","type-page","status-publish","has-post-thumbnail","hentry","has-post-title","has-post-date","has-post-category","has-post-tag","has-post-comment","has-post-author",""],"_links":{"self":[{"href":"https:\/\/www.naturmed.de\/blog\/wp-json\/wp\/v2\/pages\/5528","targetHints":{"allow":["GET"]}}],"collection":[{"href":"https:\/\/www.naturmed.de\/blog\/wp-json\/wp\/v2\/pages"}],"about":[{"href":"https:\/\/www.naturmed.de\/blog\/wp-json\/wp\/v2\/types\/page"}],"author":[{"embeddable":true,"href":"https:\/\/www.naturmed.de\/blog\/wp-json\/wp\/v2\/users\/2"}],"replies":[{"embeddable":true,"href":"https:\/\/www.naturmed.de\/blog\/wp-json\/wp\/v2\/comments?post=5528"}],"version-history":[{"count":2,"href":"https:\/\/www.naturmed.de\/blog\/wp-json\/wp\/v2\/pages\/5528\/revisions"}],"predecessor-version":[{"id":5531,"href":"https:\/\/www.naturmed.de\/blog\/wp-json\/wp\/v2\/pages\/5528\/revisions\/5531"}],"up":[{"embeddable":true,"href":"https:\/\/www.naturmed.de\/blog\/wp-json\/wp\/v2\/pages\/5486"}],"wp:featuredmedia":[{"embeddable":true,"href":"https:\/\/www.naturmed.de\/blog\/wp-json\/wp\/v2\/media\/5529"}],"wp:attachment":[{"href":"https:\/\/www.naturmed.de\/blog\/wp-json\/wp\/v2\/media?parent=5528"}],"curies":[{"name":"wp","href":"https:\/\/api.w.org\/{rel}","templated":true}]}}