{"id":5640,"date":"2015-01-15T10:38:18","date_gmt":"2015-01-15T09:38:18","guid":{"rendered":"https:\/\/www.naturmed.de\/blog\/?page_id=5640"},"modified":"2015-01-15T10:39:01","modified_gmt":"2015-01-15T09:39:01","slug":"periostracum-cicadae","status":"publish","type":"page","link":"https:\/\/www.naturmed.de\/blog\/materia-medica\/periostracum-cicadae\/","title":{"rendered":"Periostracum Cicadae"},"content":{"rendered":"<h2><strong><a href=\"https:\/\/www.naturmed.de\/blog\/wp-content\/uploads\/2015\/01\/Chantui.jpg\"><img loading=\"lazy\" decoding=\"async\" class=\"alignleft  wp-image-5641\" src=\"https:\/\/www.naturmed.de\/blog\/wp-content\/uploads\/2015\/01\/Chantui-300x225.jpg\" alt=\"Chantui\" width=\"210\" height=\"157\" srcset=\"https:\/\/www.naturmed.de\/blog\/wp-content\/uploads\/2015\/01\/Chantui-300x225.jpg 300w, https:\/\/www.naturmed.de\/blog\/wp-content\/uploads\/2015\/01\/Chantui-768x576.jpg 768w, https:\/\/www.naturmed.de\/blog\/wp-content\/uploads\/2015\/01\/Chantui-90x68.jpg 90w, https:\/\/www.naturmed.de\/blog\/wp-content\/uploads\/2015\/01\/Chantui.jpg 959w\" sizes=\"auto, (max-width: 210px) 100vw, 210px\" \/><\/a>Wi<\/strong><strong>rkung von Periostracum Cicadae<\/strong><strong>:<\/strong><\/h2>\n<ul>\n<li>Vertreibt Wind und kl\u00e4rt Hitze<\/li>\n<li>Bringt Hautausschl\u00e4ge an die Oberfl\u00e4che<\/li>\n<li>Kl\u00e4rt die Augen<\/li>\n<li>Eliminiert inneren Wind und l\u00f6st Kr\u00e4mpfe<\/li>\n<\/ul>\n<h2><\/h2>\n<h2><strong>Indikation\u00a0<\/strong><strong>von Periostracum Cicadae<\/strong><strong>:<\/strong><\/h2>\n<ul>\n<li>Halsschmerzen mit Stimmverlust und geschwollenem Rachen<\/li>\n<li>Im Anfangsstadium infekti\u00f6ser Hauterkrankungen &#8211; beschleunigt den Ausbruch der Effloreszenzen und die Abheilung<\/li>\n<li>Augen ger\u00f6tet, geschwollen oder schmerzhaft, verschwommenes Sehen<\/li>\n<li>Krampfanf\u00e4lle, Spasmen und Tetanie, insbesondere auch kindliche Fieberkr\u00e4mpfe<\/li>\n<\/ul>\n<h2><\/h2>\n<h2><strong>Dosierung von Periostracum Cicadae:<\/strong><\/h2>\n<ul>\n<li>2-9 g<\/li>\n<\/ul>\n<p>&nbsp;<\/p>\n<p><strong>Anmerkungen:<\/strong><\/p>\n<ul>\n<li>Wichtiges Hautmittel bei Wind-Hitze und Juckreiz<\/li>\n<\/ul>\n<p>&nbsp;<\/p>\n<p><strong>Ko<\/strong><strong>ntraindikat<\/strong><strong>i<\/strong><strong>on:<\/strong><\/p>\n<ul>\n<li>W\u00e4hrend der Schwangerschaft und bei Schw\u00e4che des Wei-Qi<\/li>\n<\/ul>\n","protected":false},"excerpt":{"rendered":"<p>Wirkung von Periostracum Cicadae: Vertreibt Wind und kl\u00e4rt Hitze Bringt Hautausschl\u00e4ge an die Oberfl\u00e4che Kl\u00e4rt die Augen Eliminiert inneren Wind und l\u00f6st Kr\u00e4mpfe Indikation\u00a0von Periostracum Cicadae: Halsschmerzen mit Stimmverlust und geschwollenem Rachen Im Anfangsstadium infekti\u00f6ser Hauterkrankungen &#8211; beschleunigt den Ausbruch der Effloreszenzen und die Abheilung Augen ger\u00f6tet, geschwollen oder schmerzhaft, verschwommenes Sehen Krampfanf\u00e4lle, Spasmen und [&hellip;]<\/p>\n","protected":false},"author":2,"featured_media":5641,"parent":5486,"menu_order":0,"comment_status":"open","ping_status":"open","template":"","meta":{"footnotes":""},"class_list":["post-5640","page","type-page","status-publish","has-post-thumbnail","hentry","has-post-title","has-post-date","has-post-category","has-post-tag","has-post-comment","has-post-author",""],"_links":{"self":[{"href":"https:\/\/www.naturmed.de\/blog\/wp-json\/wp\/v2\/pages\/5640","targetHints":{"allow":["GET"]}}],"collection":[{"href":"https:\/\/www.naturmed.de\/blog\/wp-json\/wp\/v2\/pages"}],"about":[{"href":"https:\/\/www.naturmed.de\/blog\/wp-json\/wp\/v2\/types\/page"}],"author":[{"embeddable":true,"href":"https:\/\/www.naturmed.de\/blog\/wp-json\/wp\/v2\/users\/2"}],"replies":[{"embeddable":true,"href":"https:\/\/www.naturmed.de\/blog\/wp-json\/wp\/v2\/comments?post=5640"}],"version-history":[{"count":3,"href":"https:\/\/www.naturmed.de\/blog\/wp-json\/wp\/v2\/pages\/5640\/revisions"}],"predecessor-version":[{"id":5644,"href":"https:\/\/www.naturmed.de\/blog\/wp-json\/wp\/v2\/pages\/5640\/revisions\/5644"}],"up":[{"embeddable":true,"href":"https:\/\/www.naturmed.de\/blog\/wp-json\/wp\/v2\/pages\/5486"}],"wp:featuredmedia":[{"embeddable":true,"href":"https:\/\/www.naturmed.de\/blog\/wp-json\/wp\/v2\/media\/5641"}],"wp:attachment":[{"href":"https:\/\/www.naturmed.de\/blog\/wp-json\/wp\/v2\/media?parent=5640"}],"curies":[{"name":"wp","href":"https:\/\/api.w.org\/{rel}","templated":true}]}}