{"id":5648,"date":"2015-01-15T10:54:20","date_gmt":"2015-01-15T09:54:20","guid":{"rendered":"https:\/\/www.naturmed.de\/blog\/?page_id=5648"},"modified":"2015-01-15T10:54:20","modified_gmt":"2015-01-15T09:54:20","slug":"radix-bupleuri","status":"publish","type":"page","link":"https:\/\/www.naturmed.de\/blog\/materia-medica\/radix-bupleuri\/","title":{"rendered":"Radix Bupleuri"},"content":{"rendered":"<h2><strong><a href=\"https:\/\/www.naturmed.de\/blog\/wp-content\/uploads\/2015\/01\/Chaihu.jpg\"><img loading=\"lazy\" decoding=\"async\" class=\"alignleft  wp-image-5649\" src=\"https:\/\/www.naturmed.de\/blog\/wp-content\/uploads\/2015\/01\/Chaihu-300x225.jpg\" alt=\"Chaihu\" width=\"188\" height=\"141\" srcset=\"https:\/\/www.naturmed.de\/blog\/wp-content\/uploads\/2015\/01\/Chaihu-300x225.jpg 300w, https:\/\/www.naturmed.de\/blog\/wp-content\/uploads\/2015\/01\/Chaihu-768x576.jpg 768w, https:\/\/www.naturmed.de\/blog\/wp-content\/uploads\/2015\/01\/Chaihu-90x68.jpg 90w, https:\/\/www.naturmed.de\/blog\/wp-content\/uploads\/2015\/01\/Chaihu.jpg 959w\" sizes=\"auto, (max-width: 188px) 100vw, 188px\" \/><\/a>Wi<\/strong><strong>rkung von Radix Bupleuri<\/strong><strong>:<\/strong><\/h2>\n<ul>\n<li>L\u00f6st <em>Shao-<\/em><em>Y<\/em><em>ang<\/em>-St\u00f6rungen<\/li>\n<li>Fieber senkend<\/li>\n<li>Reguliert Leber-Qi<\/li>\n<li>Hebt das klare Yang-Qi nach oben<\/li>\n<\/ul>\n<h2><\/h2>\n<h2><strong>Indikation\u00a0<\/strong><strong>von Radix Bupleuri<\/strong><strong>:<\/strong><\/h2>\n<ul>\n<li><em>Shao-<\/em><em>Y<\/em><em>ang<\/em>-St\u00f6rung mit wechselndem\u00a0 Fr\u00f6steln und \u00a0Fieber, \u00a0bitterem \u00a0Mundgeschmack, \u00dcbelkeit, Reizbarkeit<\/li>\n<li>Schwindel, Spannung und Druckgef\u00fchl am Rippenbogen oder im Thorax, Bauchbeschwerden, Bl\u00e4hbauch und V\u00f6llegef\u00fchl, emotionale Schwankungen, gyn\u00e4kologische Beschwerden<\/li>\n<li>Absinkendes Qi mit Prolapsneigung, H\u00e4morrhoiden, vaginaler Ausfluss oder Blutungsneigung<\/li>\n<\/ul>\n<h2><\/h2>\n<h2><strong>Dosierung von Radix Bupleuri:<\/strong><\/h2>\n<ul>\n<li>3-9 g<\/li>\n<\/ul>\n<p>&nbsp;<\/p>\n<p><strong>Anmerkungen:<\/strong><\/p>\n<ul>\n<li>Radix Bupleuri wird im Grunde heutzutage h\u00e4ufiger in seiner Leber-Qi-regulierenden Wirkung gebraucht als bei akuten fieberhaften Zust\u00e4nden.<\/li>\n<\/ul>\n<p>&nbsp;<\/p>\n<p><strong>Ko<\/strong><strong>ntraindikat<\/strong><strong>i<\/strong><strong>on:<\/strong><\/p>\n<ul>\n<li>Bei nach oben steigendem Leber-Yang<\/li>\n<li>Bei ausgepr\u00e4gtem Yin-Mangel<\/li>\n<\/ul>\n","protected":false},"excerpt":{"rendered":"<p>Wirkung von Radix Bupleuri: L\u00f6st Shao-Yang-St\u00f6rungen Fieber senkend Reguliert Leber-Qi Hebt das klare Yang-Qi nach oben Indikation\u00a0von Radix Bupleuri: Shao-Yang-St\u00f6rung mit wechselndem\u00a0 Fr\u00f6steln und \u00a0Fieber, \u00a0bitterem \u00a0Mundgeschmack, \u00dcbelkeit, Reizbarkeit Schwindel, Spannung und Druckgef\u00fchl am Rippenbogen oder im Thorax, Bauchbeschwerden, Bl\u00e4hbauch und V\u00f6llegef\u00fchl, emotionale Schwankungen, gyn\u00e4kologische Beschwerden Absinkendes Qi mit Prolapsneigung, H\u00e4morrhoiden, vaginaler Ausfluss oder Blutungsneigung [&hellip;]<\/p>\n","protected":false},"author":2,"featured_media":5649,"parent":5486,"menu_order":0,"comment_status":"open","ping_status":"open","template":"","meta":{"footnotes":""},"class_list":["post-5648","page","type-page","status-publish","has-post-thumbnail","hentry","has-post-title","has-post-date","has-post-category","has-post-tag","has-post-comment","has-post-author",""],"_links":{"self":[{"href":"https:\/\/www.naturmed.de\/blog\/wp-json\/wp\/v2\/pages\/5648","targetHints":{"allow":["GET"]}}],"collection":[{"href":"https:\/\/www.naturmed.de\/blog\/wp-json\/wp\/v2\/pages"}],"about":[{"href":"https:\/\/www.naturmed.de\/blog\/wp-json\/wp\/v2\/types\/page"}],"author":[{"embeddable":true,"href":"https:\/\/www.naturmed.de\/blog\/wp-json\/wp\/v2\/users\/2"}],"replies":[{"embeddable":true,"href":"https:\/\/www.naturmed.de\/blog\/wp-json\/wp\/v2\/comments?post=5648"}],"version-history":[{"count":1,"href":"https:\/\/www.naturmed.de\/blog\/wp-json\/wp\/v2\/pages\/5648\/revisions"}],"predecessor-version":[{"id":5650,"href":"https:\/\/www.naturmed.de\/blog\/wp-json\/wp\/v2\/pages\/5648\/revisions\/5650"}],"up":[{"embeddable":true,"href":"https:\/\/www.naturmed.de\/blog\/wp-json\/wp\/v2\/pages\/5486"}],"wp:featuredmedia":[{"embeddable":true,"href":"https:\/\/www.naturmed.de\/blog\/wp-json\/wp\/v2\/media\/5649"}],"wp:attachment":[{"href":"https:\/\/www.naturmed.de\/blog\/wp-json\/wp\/v2\/media?parent=5648"}],"curies":[{"name":"wp","href":"https:\/\/api.w.org\/{rel}","templated":true}]}}