{"id":5672,"date":"2015-01-15T11:58:58","date_gmt":"2015-01-15T10:58:58","guid":{"rendered":"https:\/\/www.naturmed.de\/blog\/?page_id=5672"},"modified":"2015-01-15T11:58:58","modified_gmt":"2015-01-15T10:58:58","slug":"radix-paeoniae-rubrae","status":"publish","type":"page","link":"https:\/\/www.naturmed.de\/blog\/materia-medica\/radix-paeoniae-rubrae\/","title":{"rendered":"Radix Paeoniae rubrae"},"content":{"rendered":"<h2><strong><a href=\"https:\/\/www.naturmed.de\/blog\/wp-content\/uploads\/2015\/01\/Chishaoyao.jpg\"><img loading=\"lazy\" decoding=\"async\" class=\"alignleft  wp-image-5673\" src=\"https:\/\/www.naturmed.de\/blog\/wp-content\/uploads\/2015\/01\/Chishaoyao-300x225.jpg\" alt=\"Chishaoyao\" width=\"176\" height=\"132\" srcset=\"https:\/\/www.naturmed.de\/blog\/wp-content\/uploads\/2015\/01\/Chishaoyao-300x225.jpg 300w, https:\/\/www.naturmed.de\/blog\/wp-content\/uploads\/2015\/01\/Chishaoyao-768x576.jpg 768w, https:\/\/www.naturmed.de\/blog\/wp-content\/uploads\/2015\/01\/Chishaoyao-90x68.jpg 90w, https:\/\/www.naturmed.de\/blog\/wp-content\/uploads\/2015\/01\/Chishaoyao.jpg 959w\" sizes=\"auto, (max-width: 176px) 100vw, 176px\" \/><\/a>Wi<\/strong><strong>rkung von Radix Paeoniae rubrae<\/strong><strong>:<\/strong><\/h2>\n<ul>\n<li>Kl\u00e4rt Hitze und k\u00fchlt Blut<\/li>\n<li>Belebt das <em>Xue<\/em> und zerteilt Blut-Stase<\/li>\n<\/ul>\n<h2><\/h2>\n<h2><strong>Indikation\u00a0<\/strong><strong>von Radix Paeoniae rubrae<\/strong><strong>:<\/strong><\/h2>\n<ul>\n<li>Blutungen, auch gyn\u00e4kologische Blutungen wie Meno- und Metrorrhagien, Fieber, scharlachroter oder purpurfarbener Zungenk\u00f6rper, subkutane Blutungen<\/li>\n<li>Schmerzhafte Regelblutung, abdominelle Akkumulationen, ortsfixe Schmerzen, Schmerz und Schwellung postoperativ und nach Trauma, als Zusatz bei beginnenden Abzedierungen<\/li>\n<\/ul>\n<h2><\/h2>\n<h2><strong>Dosierung von Radix Paeoniae rubrae:<\/strong><\/h2>\n<ul>\n<li>3-9 g<\/li>\n<\/ul>\n<p>&nbsp;<\/p>\n<p><strong>Anmerkungen:<\/strong><\/p>\n<ul>\n<li>Radix Paeoniae rubrae wird gelegentlich wegen der Blut dynamisierenden Eigenschaften unter den Blut bewegenden Drogen (Gruppe 10 a.) aufgef\u00fchrt.<\/li>\n<\/ul>\n<p>&nbsp;<\/p>\n<p><strong>Ko<\/strong><strong>ntraindikat<\/strong><strong>i<\/strong><strong>on:<\/strong><\/p>\n<ul>\n<li>Bei Gerinnungsst\u00f6rungen oder der Einnahme von Antikoagulanzien m\u00f6glicherweise verl\u00e4ngerte Blutungszeit<\/li>\n<\/ul>\n","protected":false},"excerpt":{"rendered":"<p>Wirkung von Radix Paeoniae rubrae: Kl\u00e4rt Hitze und k\u00fchlt Blut Belebt das Xue und zerteilt Blut-Stase Indikation\u00a0von Radix Paeoniae rubrae: Blutungen, auch gyn\u00e4kologische Blutungen wie Meno- und Metrorrhagien, Fieber, scharlachroter oder purpurfarbener Zungenk\u00f6rper, subkutane Blutungen Schmerzhafte Regelblutung, abdominelle Akkumulationen, ortsfixe Schmerzen, Schmerz und Schwellung postoperativ und nach Trauma, als Zusatz bei beginnenden Abzedierungen Dosierung von [&hellip;]<\/p>\n","protected":false},"author":2,"featured_media":5673,"parent":5486,"menu_order":0,"comment_status":"open","ping_status":"open","template":"","meta":{"footnotes":""},"class_list":["post-5672","page","type-page","status-publish","has-post-thumbnail","hentry","has-post-title","has-post-date","has-post-category","has-post-tag","has-post-comment","has-post-author",""],"_links":{"self":[{"href":"https:\/\/www.naturmed.de\/blog\/wp-json\/wp\/v2\/pages\/5672","targetHints":{"allow":["GET"]}}],"collection":[{"href":"https:\/\/www.naturmed.de\/blog\/wp-json\/wp\/v2\/pages"}],"about":[{"href":"https:\/\/www.naturmed.de\/blog\/wp-json\/wp\/v2\/types\/page"}],"author":[{"embeddable":true,"href":"https:\/\/www.naturmed.de\/blog\/wp-json\/wp\/v2\/users\/2"}],"replies":[{"embeddable":true,"href":"https:\/\/www.naturmed.de\/blog\/wp-json\/wp\/v2\/comments?post=5672"}],"version-history":[{"count":1,"href":"https:\/\/www.naturmed.de\/blog\/wp-json\/wp\/v2\/pages\/5672\/revisions"}],"predecessor-version":[{"id":5674,"href":"https:\/\/www.naturmed.de\/blog\/wp-json\/wp\/v2\/pages\/5672\/revisions\/5674"}],"up":[{"embeddable":true,"href":"https:\/\/www.naturmed.de\/blog\/wp-json\/wp\/v2\/pages\/5486"}],"wp:featuredmedia":[{"embeddable":true,"href":"https:\/\/www.naturmed.de\/blog\/wp-json\/wp\/v2\/media\/5673"}],"wp:attachment":[{"href":"https:\/\/www.naturmed.de\/blog\/wp-json\/wp\/v2\/media?parent=5672"}],"curies":[{"name":"wp","href":"https:\/\/api.w.org\/{rel}","templated":true}]}}