{"id":5675,"date":"2015-01-15T12:19:54","date_gmt":"2015-01-15T11:19:54","guid":{"rendered":"https:\/\/www.naturmed.de\/blog\/?page_id=5675"},"modified":"2015-01-16T12:03:17","modified_gmt":"2015-01-16T11:03:17","slug":"radix-scutellariae","status":"publish","type":"page","link":"https:\/\/www.naturmed.de\/blog\/materia-medica\/radix-scutellariae\/","title":{"rendered":"Radix Scutellariae"},"content":{"rendered":"<h2><strong><a href=\"https:\/\/www.naturmed.de\/blog\/wp-content\/uploads\/2015\/01\/Huangqin.jpg\"><img loading=\"lazy\" decoding=\"async\" class=\"alignleft  wp-image-5676\" src=\"https:\/\/www.naturmed.de\/blog\/wp-content\/uploads\/2015\/01\/Huangqin-300x225.jpg\" alt=\"Huangqin\" width=\"194\" height=\"145\" srcset=\"https:\/\/www.naturmed.de\/blog\/wp-content\/uploads\/2015\/01\/Huangqin-300x225.jpg 300w, https:\/\/www.naturmed.de\/blog\/wp-content\/uploads\/2015\/01\/Huangqin-768x576.jpg 768w, https:\/\/www.naturmed.de\/blog\/wp-content\/uploads\/2015\/01\/Huangqin-90x68.jpg 90w, https:\/\/www.naturmed.de\/blog\/wp-content\/uploads\/2015\/01\/Huangqin.jpg 959w\" sizes=\"auto, (max-width: 194px) 100vw, 194px\" \/><\/a>Wi<\/strong><strong>rkung von Radix Scutellariae<\/strong><strong>:<\/strong><\/h2>\n<ul>\n<li>Kl\u00e4rt Hitze und trocknet N\u00e4sse im mittleren und unteren Erw\u00e4rmer<\/li>\n<li>Kl\u00e4rt Hitze und l\u00f6st Toxine auf, besonders im oberen Erw\u00e4rmer<\/li>\n<li>Stoppt Blutungen<\/li>\n<li>Bes\u00e4nftigt aufsteigendes Leber-Yang<\/li>\n<li>Beruhigt den F\u00f6tus<\/li>\n<\/ul>\n<h2><\/h2>\n<h2><strong>Indikation\u00a0<\/strong><strong>von Radix Scutellariae<\/strong><strong>:<\/strong><\/h2>\n<ul>\n<li>Durchfall, Dysenterie, Durst (Hitze), kann aber nur wenig trinken (N\u00e4sse), Fieber, Erstickungsgef\u00fchl im Brustkorb, Dysurie<\/li>\n<li>Husten, Auswurf von dickem gelblichem oder eitrigem Sputum, Durst, Unruhe, infizierte Wunden oder Geschw\u00fcre<\/li>\n<li>Blutungen aus Mund, Nase, Bluterbrechen, Blut im Stuhl<\/li>\n<li>Kopfschmerzen, Unruhe, \u00a0Reizbarkeit, \u00a0bitterer \u00a0Mundgeschmack, \u00a0ger\u00f6tete Augen, roter Teint<\/li>\n<li>Bei so genannter fetaler Hitze mit sehr unruhigem F\u00f6tus<\/li>\n<\/ul>\n<h2><\/h2>\n<h2><strong>Dosierung von Radix Scutellariae:<\/strong><\/h2>\n<ul>\n<li>2-9 g<\/li>\n<\/ul>\n<p>&nbsp;<\/p>\n<p><strong>Ko<\/strong><strong>ntraindikat<\/strong><strong>i<\/strong><strong>on:<\/strong><\/p>\n<ul>\n<li>Bei fehlender Hitze-N\u00e4sse, Yang-Mangel mit K\u00e4lte von Milz und Magen<\/li>\n<\/ul>\n","protected":false},"excerpt":{"rendered":"<p>Wirkung von Radix Scutellariae: Kl\u00e4rt Hitze und trocknet N\u00e4sse im mittleren und unteren Erw\u00e4rmer Kl\u00e4rt Hitze und l\u00f6st Toxine auf, besonders im oberen Erw\u00e4rmer Stoppt Blutungen Bes\u00e4nftigt aufsteigendes Leber-Yang Beruhigt den F\u00f6tus Indikation\u00a0von Radix Scutellariae: Durchfall, Dysenterie, Durst (Hitze), kann aber nur wenig trinken (N\u00e4sse), Fieber, Erstickungsgef\u00fchl im Brustkorb, Dysurie Husten, Auswurf von dickem gelblichem [&hellip;]<\/p>\n","protected":false},"author":2,"featured_media":5676,"parent":5486,"menu_order":0,"comment_status":"open","ping_status":"open","template":"","meta":{"footnotes":""},"class_list":["post-5675","page","type-page","status-publish","has-post-thumbnail","hentry","has-post-title","has-post-date","has-post-category","has-post-tag","has-post-comment","has-post-author",""],"_links":{"self":[{"href":"https:\/\/www.naturmed.de\/blog\/wp-json\/wp\/v2\/pages\/5675","targetHints":{"allow":["GET"]}}],"collection":[{"href":"https:\/\/www.naturmed.de\/blog\/wp-json\/wp\/v2\/pages"}],"about":[{"href":"https:\/\/www.naturmed.de\/blog\/wp-json\/wp\/v2\/types\/page"}],"author":[{"embeddable":true,"href":"https:\/\/www.naturmed.de\/blog\/wp-json\/wp\/v2\/users\/2"}],"replies":[{"embeddable":true,"href":"https:\/\/www.naturmed.de\/blog\/wp-json\/wp\/v2\/comments?post=5675"}],"version-history":[{"count":1,"href":"https:\/\/www.naturmed.de\/blog\/wp-json\/wp\/v2\/pages\/5675\/revisions"}],"predecessor-version":[{"id":5677,"href":"https:\/\/www.naturmed.de\/blog\/wp-json\/wp\/v2\/pages\/5675\/revisions\/5677"}],"up":[{"embeddable":true,"href":"https:\/\/www.naturmed.de\/blog\/wp-json\/wp\/v2\/pages\/5486"}],"wp:featuredmedia":[{"embeddable":true,"href":"https:\/\/www.naturmed.de\/blog\/wp-json\/wp\/v2\/media\/5676"}],"wp:attachment":[{"href":"https:\/\/www.naturmed.de\/blog\/wp-json\/wp\/v2\/media?parent=5675"}],"curies":[{"name":"wp","href":"https:\/\/api.w.org\/{rel}","templated":true}]}}