{"id":5678,"date":"2015-01-15T12:30:07","date_gmt":"2015-01-15T11:30:07","guid":{"rendered":"https:\/\/www.naturmed.de\/blog\/?page_id=5678"},"modified":"2015-01-15T12:30:07","modified_gmt":"2015-01-15T11:30:07","slug":"rhizoma-coptidis","status":"publish","type":"page","link":"https:\/\/www.naturmed.de\/blog\/materia-medica\/rhizoma-coptidis\/","title":{"rendered":"Rhizoma Coptidis"},"content":{"rendered":"<h2><strong><a href=\"https:\/\/www.naturmed.de\/blog\/wp-content\/uploads\/2015\/01\/Huanglian.jpg\"><img loading=\"lazy\" decoding=\"async\" class=\"alignleft  wp-image-5679\" src=\"https:\/\/www.naturmed.de\/blog\/wp-content\/uploads\/2015\/01\/Huanglian-300x225.jpg\" alt=\"Huanglian\" width=\"219\" height=\"164\" srcset=\"https:\/\/www.naturmed.de\/blog\/wp-content\/uploads\/2015\/01\/Huanglian-300x225.jpg 300w, https:\/\/www.naturmed.de\/blog\/wp-content\/uploads\/2015\/01\/Huanglian-768x576.jpg 768w, https:\/\/www.naturmed.de\/blog\/wp-content\/uploads\/2015\/01\/Huanglian-90x68.jpg 90w, https:\/\/www.naturmed.de\/blog\/wp-content\/uploads\/2015\/01\/Huanglian.jpg 959w\" sizes=\"auto, (max-width: 219px) 100vw, 219px\" \/><\/a>Wi<\/strong><strong>rkung von Rhizoma Coptidis<\/strong><strong>:<\/strong><\/h2>\n<ul>\n<li>Kl\u00e4rt Hitze und trocknet N\u00e4sse im mittleren und unteren Erw\u00e4rmer<\/li>\n<li>Leitet Feuer ab<\/li>\n<li>L\u00f6st Toxine<\/li>\n<li>Stoppt Blutungen durch Blut-Hitze-Hitze<\/li>\n<\/ul>\n<h2><\/h2>\n<h2><strong>Indikation\u00a0<\/strong><strong>von Rhizoma Coptidis<\/strong><strong>:<\/strong><\/h2>\n<ul>\n<li>Diarrh\u00f6, Dysenterie durch Hitze-N\u00e4sse, Erbrechen, Aufsto\u00dfen und saurer Reflux durch Hitze im Magen-Funktionskreis<\/li>\n<li>Fieber, Unruhe, Verwirrtheit, delirante Sprache, roter Zungenk\u00f6rper und beschleunigter Puls<\/li>\n<li>Abzesse, Karbunkel, infizierte Geschw\u00fcre und Wunden, Halsschmerzen, ger\u00f6tete Augen<\/li>\n<li>Bluterbrechen, Nasenbluten, Blut im Stuhl oder Urin<\/li>\n<\/ul>\n<h2><\/h2>\n<h2><strong>Dosierung von Rhizoma Coptidis:<\/strong><\/h2>\n<ul>\n<li>2-9 g<\/li>\n<\/ul>\n<p>&nbsp;<\/p>\n<p><strong>Ko<\/strong><strong>ntraindikat<\/strong><strong>i<\/strong><strong>on:<\/strong><\/p>\n<ul>\n<li>Yin-Mangel, Yang-Mangel mit innerer K\u00e4lte von Magen und Bei langfristiger Anwendung kann durch die K\u00e4lte der Rhizoma Coptidis die Milz gesch\u00e4digt werden.<\/li>\n<\/ul>\n","protected":false},"excerpt":{"rendered":"<p>Wirkung von Rhizoma Coptidis: Kl\u00e4rt Hitze und trocknet N\u00e4sse im mittleren und unteren Erw\u00e4rmer Leitet Feuer ab L\u00f6st Toxine Stoppt Blutungen durch Blut-Hitze-Hitze Indikation\u00a0von Rhizoma Coptidis: Diarrh\u00f6, Dysenterie durch Hitze-N\u00e4sse, Erbrechen, Aufsto\u00dfen und saurer Reflux durch Hitze im Magen-Funktionskreis Fieber, Unruhe, Verwirrtheit, delirante Sprache, roter Zungenk\u00f6rper und beschleunigter Puls Abzesse, Karbunkel, infizierte Geschw\u00fcre und Wunden, [&hellip;]<\/p>\n","protected":false},"author":2,"featured_media":5679,"parent":5486,"menu_order":0,"comment_status":"open","ping_status":"open","template":"","meta":{"footnotes":""},"class_list":["post-5678","page","type-page","status-publish","has-post-thumbnail","hentry","has-post-title","has-post-date","has-post-category","has-post-tag","has-post-comment","has-post-author",""],"_links":{"self":[{"href":"https:\/\/www.naturmed.de\/blog\/wp-json\/wp\/v2\/pages\/5678","targetHints":{"allow":["GET"]}}],"collection":[{"href":"https:\/\/www.naturmed.de\/blog\/wp-json\/wp\/v2\/pages"}],"about":[{"href":"https:\/\/www.naturmed.de\/blog\/wp-json\/wp\/v2\/types\/page"}],"author":[{"embeddable":true,"href":"https:\/\/www.naturmed.de\/blog\/wp-json\/wp\/v2\/users\/2"}],"replies":[{"embeddable":true,"href":"https:\/\/www.naturmed.de\/blog\/wp-json\/wp\/v2\/comments?post=5678"}],"version-history":[{"count":1,"href":"https:\/\/www.naturmed.de\/blog\/wp-json\/wp\/v2\/pages\/5678\/revisions"}],"predecessor-version":[{"id":5680,"href":"https:\/\/www.naturmed.de\/blog\/wp-json\/wp\/v2\/pages\/5678\/revisions\/5680"}],"up":[{"embeddable":true,"href":"https:\/\/www.naturmed.de\/blog\/wp-json\/wp\/v2\/pages\/5486"}],"wp:featuredmedia":[{"embeddable":true,"href":"https:\/\/www.naturmed.de\/blog\/wp-json\/wp\/v2\/media\/5679"}],"wp:attachment":[{"href":"https:\/\/www.naturmed.de\/blog\/wp-json\/wp\/v2\/media?parent=5678"}],"curies":[{"name":"wp","href":"https:\/\/api.w.org\/{rel}","templated":true}]}}