{"id":5681,"date":"2015-01-15T12:35:53","date_gmt":"2015-01-15T11:35:53","guid":{"rendered":"https:\/\/www.naturmed.de\/blog\/?page_id=5681"},"modified":"2015-06-18T10:36:48","modified_gmt":"2015-06-18T08:36:48","slug":"cortex-phellodendri","status":"publish","type":"page","link":"https:\/\/www.naturmed.de\/blog\/materia-medica\/cortex-phellodendri\/","title":{"rendered":"Cortex Phellodendri"},"content":{"rendered":"<h2><strong>Wi<\/strong><strong>rkung von Cortex Phellodendri<\/strong><strong>:<a href=\"https:\/\/www.naturmed.de\/blog\/wp-content\/uploads\/2015\/01\/Cortex-Phellodendri.jpg\"><img loading=\"lazy\" decoding=\"async\" class=\"  wp-image-7913 alignright\" src=\"https:\/\/www.naturmed.de\/blog\/wp-content\/uploads\/2015\/01\/Cortex-Phellodendri.jpg\" alt=\"Cortex-Phellodendri\" width=\"280\" height=\"129\" \/><\/a><\/strong><\/h2>\n<ul>\n<li>Kl\u00e4rt Hitze und trocknet N\u00e4sse besonders im unteren Erw\u00e4rmer<\/li>\n<li>Leitet Leere-Hitze durch Nieren-Yin-Mangel ab<\/li>\n<li>Leitet Feuer ab und l\u00f6st Toxine<\/li>\n<\/ul>\n<h2><\/h2>\n<h2><strong>Indikation\u00a0<\/strong><strong>von Cortex Phellodendri<\/strong><strong>:<\/strong><\/h2>\n<ul>\n<li>Dysenterie, \u00fcbel riechende St\u00fchle, Diarrh\u00f6, \u00fcbel riechender vaginaler Soor, mit gelbem Ausfluss und juckender oder brennender Empfindung, Beschwerden an Beinen, Knien oder F\u00fc\u00dfen mit schmerzhafter R\u00f6tung und Schwellung<\/li>\n<li>Nierdriges Fieber oder Nachmittagsfieber, Nachtschwei\u00df, n\u00e4chtliche Spermatorrh\u00f6<\/li>\n<li>Ger\u00f6tete und n\u00e4ssende Hautl\u00e4sionen, Effloreszenzen und Wunden<\/li>\n<\/ul>\n<h2>\u00a0<a href=\"https:\/\/www.naturmed.de\/blog\/wp-content\/uploads\/2015\/01\/Cortex-Phellodendri1.jpg\"><img loading=\"lazy\" decoding=\"async\" class=\"alignleft  wp-image-7915\" src=\"https:\/\/www.naturmed.de\/blog\/wp-content\/uploads\/2015\/01\/Cortex-Phellodendri1-300x162.jpg\" alt=\"Cortex-Phellodendri\" width=\"239\" height=\"129\" srcset=\"https:\/\/www.naturmed.de\/blog\/wp-content\/uploads\/2015\/01\/Cortex-Phellodendri1-300x162.jpg 300w, https:\/\/www.naturmed.de\/blog\/wp-content\/uploads\/2015\/01\/Cortex-Phellodendri1.jpg 424w\" sizes=\"auto, (max-width: 239px) 100vw, 239px\" \/><\/a><\/h2>\n<h2><\/h2>\n<h2><\/h2>\n<p>&nbsp;<\/p>\n<p>&nbsp;<\/p>\n<p>&nbsp;<\/p>\n<h2><strong>Dosierung von Cortex Phellodendri:<\/strong><\/h2>\n<ul>\n<li>2-9 g<\/li>\n<\/ul>\n<p>&nbsp;<\/p>\n<p><strong>Ko<\/strong><strong>ntraindikat<\/strong><strong>i<\/strong><strong>on:<\/strong><\/p>\n<ul>\n<li>Bei Diarrh\u00f6 durch Milz-Qi-Mangel, bei fehlender Hitze-N\u00e4sse<\/li>\n<\/ul>\n","protected":false},"excerpt":{"rendered":"<p>Wirkung von Cortex Phellodendri: Kl\u00e4rt Hitze und trocknet N\u00e4sse besonders im unteren Erw\u00e4rmer Leitet Leere-Hitze durch Nieren-Yin-Mangel ab Leitet Feuer ab und l\u00f6st Toxine Indikation\u00a0von Cortex Phellodendri: Dysenterie, \u00fcbel riechende St\u00fchle, Diarrh\u00f6, \u00fcbel riechender vaginaler Soor, mit gelbem Ausfluss und juckender oder brennender Empfindung, Beschwerden an Beinen, Knien oder F\u00fc\u00dfen mit schmerzhafter R\u00f6tung und Schwellung [&hellip;]<\/p>\n","protected":false},"author":2,"featured_media":7913,"parent":5486,"menu_order":0,"comment_status":"open","ping_status":"open","template":"","meta":{"footnotes":""},"class_list":["post-5681","page","type-page","status-publish","has-post-thumbnail","hentry","has-post-title","has-post-date","has-post-category","has-post-tag","has-post-comment","has-post-author",""],"_links":{"self":[{"href":"https:\/\/www.naturmed.de\/blog\/wp-json\/wp\/v2\/pages\/5681","targetHints":{"allow":["GET"]}}],"collection":[{"href":"https:\/\/www.naturmed.de\/blog\/wp-json\/wp\/v2\/pages"}],"about":[{"href":"https:\/\/www.naturmed.de\/blog\/wp-json\/wp\/v2\/types\/page"}],"author":[{"embeddable":true,"href":"https:\/\/www.naturmed.de\/blog\/wp-json\/wp\/v2\/users\/2"}],"replies":[{"embeddable":true,"href":"https:\/\/www.naturmed.de\/blog\/wp-json\/wp\/v2\/comments?post=5681"}],"version-history":[{"count":5,"href":"https:\/\/www.naturmed.de\/blog\/wp-json\/wp\/v2\/pages\/5681\/revisions"}],"predecessor-version":[{"id":7914,"href":"https:\/\/www.naturmed.de\/blog\/wp-json\/wp\/v2\/pages\/5681\/revisions\/7914"}],"up":[{"embeddable":true,"href":"https:\/\/www.naturmed.de\/blog\/wp-json\/wp\/v2\/pages\/5486"}],"wp:featuredmedia":[{"embeddable":true,"href":"https:\/\/www.naturmed.de\/blog\/wp-json\/wp\/v2\/media\/7913"}],"wp:attachment":[{"href":"https:\/\/www.naturmed.de\/blog\/wp-json\/wp\/v2\/media?parent=5681"}],"curies":[{"name":"wp","href":"https:\/\/api.w.org\/{rel}","templated":true}]}}