{"id":5789,"date":"2015-01-16T09:26:10","date_gmt":"2015-01-16T08:26:10","guid":{"rendered":"https:\/\/www.naturmed.de\/blog\/?page_id=5789"},"modified":"2015-01-16T09:26:10","modified_gmt":"2015-01-16T08:26:10","slug":"pericarpium-citri","status":"publish","type":"page","link":"https:\/\/www.naturmed.de\/blog\/materia-medica\/pericarpium-citri\/","title":{"rendered":"Pericarpium Citri"},"content":{"rendered":"<h2><strong>Wi<\/strong><strong>rkung von\u00a0Pericarpium Citri<\/strong><strong>:<\/strong><\/h2>\n<ul>\n<li><a href=\"https:\/\/www.naturmed.de\/blog\/wp-content\/uploads\/2015\/01\/Chenpi.jpg\"><img loading=\"lazy\" decoding=\"async\" class=\"alignleft  wp-image-5790\" src=\"https:\/\/www.naturmed.de\/blog\/wp-content\/uploads\/2015\/01\/Chenpi-300x225.jpg\" alt=\"Chenpi\" width=\"169\" height=\"127\" srcset=\"https:\/\/www.naturmed.de\/blog\/wp-content\/uploads\/2015\/01\/Chenpi-300x225.jpg 300w, https:\/\/www.naturmed.de\/blog\/wp-content\/uploads\/2015\/01\/Chenpi-768x576.jpg 768w, https:\/\/www.naturmed.de\/blog\/wp-content\/uploads\/2015\/01\/Chenpi-90x68.jpg 90w, https:\/\/www.naturmed.de\/blog\/wp-content\/uploads\/2015\/01\/Chenpi.jpg 959w\" sizes=\"auto, (max-width: 169px) 100vw, 169px\" \/><\/a>Reguliert das Qi der Mitte<\/li>\n<li>Trocknet N\u00e4sse und transformiert Schleim im Funktionskreis Lunge und der Mitte<\/li>\n<\/ul>\n<h2><strong>Indikation\u00a0<\/strong><strong>von\u00a0Pericarpium Citri<\/strong><strong>:<\/strong><\/h2>\n<ul>\n<li>Spannungs- und V\u00f6llegef\u00fchl im Oberbauch oder im Abdominalbereich, Bl\u00e4hbauch, Aufsto\u00dfen, \u00dcbelkeit, Erbrechen<\/li>\n<li>Husten mit reichlichem Auswurf, thorakales Enge- und Beklemmungsgef\u00fchl, V\u00f6llegef\u00fchl im Bauchbereich, Appetitverlust, fehlender Durst, Diarrh\u00f6, M\u00fcdigkeit bei vermehrtem wei\u00dflichem Zungenbelag<\/li>\n<\/ul>\n<h2><strong>Dosierung von Pericarpium Citri:<\/strong><\/h2>\n<ul>\n<li>3-6 g<\/li>\n<\/ul>\n<p><strong>Kontraindikation:<\/strong><\/p>\n<ul>\n<li>Blut-Spucken<\/li>\n<li>Fehlender N\u00e4sse- oder Schleim-Befund<\/li>\n<li>Trockener Husten durch Yin-Mangel<\/li>\n<\/ul>\n","protected":false},"excerpt":{"rendered":"<p>Wirkung von\u00a0Pericarpium Citri: Reguliert das Qi der Mitte Trocknet N\u00e4sse und transformiert Schleim im Funktionskreis Lunge und der Mitte Indikation\u00a0von\u00a0Pericarpium Citri: Spannungs- und V\u00f6llegef\u00fchl im Oberbauch oder im Abdominalbereich, Bl\u00e4hbauch, Aufsto\u00dfen, \u00dcbelkeit, Erbrechen Husten mit reichlichem Auswurf, thorakales Enge- und Beklemmungsgef\u00fchl, V\u00f6llegef\u00fchl im Bauchbereich, Appetitverlust, fehlender Durst, Diarrh\u00f6, M\u00fcdigkeit bei vermehrtem wei\u00dflichem Zungenbelag Dosierung von [&hellip;]<\/p>\n","protected":false},"author":2,"featured_media":5790,"parent":5486,"menu_order":0,"comment_status":"open","ping_status":"open","template":"","meta":{"footnotes":""},"class_list":["post-5789","page","type-page","status-publish","has-post-thumbnail","hentry","has-post-title","has-post-date","has-post-category","has-post-tag","has-post-comment","has-post-author",""],"_links":{"self":[{"href":"https:\/\/www.naturmed.de\/blog\/wp-json\/wp\/v2\/pages\/5789","targetHints":{"allow":["GET"]}}],"collection":[{"href":"https:\/\/www.naturmed.de\/blog\/wp-json\/wp\/v2\/pages"}],"about":[{"href":"https:\/\/www.naturmed.de\/blog\/wp-json\/wp\/v2\/types\/page"}],"author":[{"embeddable":true,"href":"https:\/\/www.naturmed.de\/blog\/wp-json\/wp\/v2\/users\/2"}],"replies":[{"embeddable":true,"href":"https:\/\/www.naturmed.de\/blog\/wp-json\/wp\/v2\/comments?post=5789"}],"version-history":[{"count":1,"href":"https:\/\/www.naturmed.de\/blog\/wp-json\/wp\/v2\/pages\/5789\/revisions"}],"predecessor-version":[{"id":5791,"href":"https:\/\/www.naturmed.de\/blog\/wp-json\/wp\/v2\/pages\/5789\/revisions\/5791"}],"up":[{"embeddable":true,"href":"https:\/\/www.naturmed.de\/blog\/wp-json\/wp\/v2\/pages\/5486"}],"wp:featuredmedia":[{"embeddable":true,"href":"https:\/\/www.naturmed.de\/blog\/wp-json\/wp\/v2\/media\/5790"}],"wp:attachment":[{"href":"https:\/\/www.naturmed.de\/blog\/wp-json\/wp\/v2\/media?parent=5789"}],"curies":[{"name":"wp","href":"https:\/\/api.w.org\/{rel}","templated":true}]}}