{"id":5820,"date":"2015-01-16T10:19:12","date_gmt":"2015-01-16T09:19:12","guid":{"rendered":"https:\/\/www.naturmed.de\/blog\/?page_id=5820"},"modified":"2015-01-16T10:19:12","modified_gmt":"2015-01-16T09:19:12","slug":"radix-achyranthis","status":"publish","type":"page","link":"https:\/\/www.naturmed.de\/blog\/materia-medica\/radix-achyranthis\/","title":{"rendered":"Radix Achyranthis"},"content":{"rendered":"<h2><strong><a href=\"https:\/\/www.naturmed.de\/blog\/wp-content\/uploads\/2015\/01\/Niuxi.jpg\"><img loading=\"lazy\" decoding=\"async\" class=\"alignleft  wp-image-5821\" src=\"https:\/\/www.naturmed.de\/blog\/wp-content\/uploads\/2015\/01\/Niuxi-300x225.jpg\" alt=\"Niuxi\" width=\"191\" height=\"143\" srcset=\"https:\/\/www.naturmed.de\/blog\/wp-content\/uploads\/2015\/01\/Niuxi-300x225.jpg 300w, https:\/\/www.naturmed.de\/blog\/wp-content\/uploads\/2015\/01\/Niuxi-768x576.jpg 768w, https:\/\/www.naturmed.de\/blog\/wp-content\/uploads\/2015\/01\/Niuxi-90x68.jpg 90w, https:\/\/www.naturmed.de\/blog\/wp-content\/uploads\/2015\/01\/Niuxi.jpg 959w\" sizes=\"auto, (max-width: 191px) 100vw, 191px\" \/><\/a>Wi<\/strong><strong>rkung von Radix Achyranthis<\/strong><strong>:<\/strong><\/h2>\n<ul>\n<li>Belebt Blut und zerteilt Blut-Stase<\/li>\n<li>St\u00e4rkt Niere und Leber, st\u00e4rkt Knochen, Sehnen und Gelenke<\/li>\n<li>Lenkt nach unten &#8211; besonders Blut und aufsteigende Hitze<\/li>\n<li>Kl\u00e4rt Hitze-N\u00e4sse im unteren Erw\u00e4rmer<\/li>\n<\/ul>\n<h2><strong>Indikation\u00a0<\/strong><strong>von Radix Achyranthis<\/strong><strong>:<\/strong><\/h2>\n<ul>\n<li>Dysmenorrh\u00f6, A- oder Oligomenorrh\u00f6 durch Blut-Stase, postoperative gyn\u00e4kologische Schmerzen<\/li>\n<li>Schmerz, Schw\u00e4che und Beschwerden im LWS- und Knie-Bereich durch Stase und Schw\u00e4che des Nierenfunktionskreises<\/li>\n<li>Zahnschmerzen, Zahnfleischbluten, Kopfschmerzen<\/li>\n<li>Rheumatische Beschwerden im Rahmen eines Obstruktions-<em>Bi<\/em>-Syndroms mit Knieschmerzen, \u00dcberw\u00e4rmung und Schwellung-LWS-Syndrom, Dysurie und vaginaler Ausfluss<\/li>\n<\/ul>\n<h2><strong>Dosierung von Radix Achyranthis:<\/strong><\/h2>\n<ul>\n<li>6-12 g<\/li>\n<\/ul>\n<p><strong>Kontraindikation:<\/strong><\/p>\n<ul>\n<li>Bei Milz-Qi-Mangel mit Diarrh\u00f6, \u00fcberstarken Lochien, in der Schwangerschaft<\/li>\n<\/ul>\n","protected":false},"excerpt":{"rendered":"<p>Wirkung von Radix Achyranthis: Belebt Blut und zerteilt Blut-Stase St\u00e4rkt Niere und Leber, st\u00e4rkt Knochen, Sehnen und Gelenke Lenkt nach unten &#8211; besonders Blut und aufsteigende Hitze Kl\u00e4rt Hitze-N\u00e4sse im unteren Erw\u00e4rmer Indikation\u00a0von Radix Achyranthis: Dysmenorrh\u00f6, A- oder Oligomenorrh\u00f6 durch Blut-Stase, postoperative gyn\u00e4kologische Schmerzen Schmerz, Schw\u00e4che und Beschwerden im LWS- und Knie-Bereich durch Stase und [&hellip;]<\/p>\n","protected":false},"author":2,"featured_media":5821,"parent":5486,"menu_order":0,"comment_status":"open","ping_status":"open","template":"","meta":{"footnotes":""},"class_list":["post-5820","page","type-page","status-publish","has-post-thumbnail","hentry","has-post-title","has-post-date","has-post-category","has-post-tag","has-post-comment","has-post-author",""],"_links":{"self":[{"href":"https:\/\/www.naturmed.de\/blog\/wp-json\/wp\/v2\/pages\/5820","targetHints":{"allow":["GET"]}}],"collection":[{"href":"https:\/\/www.naturmed.de\/blog\/wp-json\/wp\/v2\/pages"}],"about":[{"href":"https:\/\/www.naturmed.de\/blog\/wp-json\/wp\/v2\/types\/page"}],"author":[{"embeddable":true,"href":"https:\/\/www.naturmed.de\/blog\/wp-json\/wp\/v2\/users\/2"}],"replies":[{"embeddable":true,"href":"https:\/\/www.naturmed.de\/blog\/wp-json\/wp\/v2\/comments?post=5820"}],"version-history":[{"count":1,"href":"https:\/\/www.naturmed.de\/blog\/wp-json\/wp\/v2\/pages\/5820\/revisions"}],"predecessor-version":[{"id":5822,"href":"https:\/\/www.naturmed.de\/blog\/wp-json\/wp\/v2\/pages\/5820\/revisions\/5822"}],"up":[{"embeddable":true,"href":"https:\/\/www.naturmed.de\/blog\/wp-json\/wp\/v2\/pages\/5486"}],"wp:featuredmedia":[{"embeddable":true,"href":"https:\/\/www.naturmed.de\/blog\/wp-json\/wp\/v2\/media\/5821"}],"wp:attachment":[{"href":"https:\/\/www.naturmed.de\/blog\/wp-json\/wp\/v2\/media?parent=5820"}],"curies":[{"name":"wp","href":"https:\/\/api.w.org\/{rel}","templated":true}]}}