{"id":5842,"date":"2015-01-16T10:58:16","date_gmt":"2015-01-16T09:58:16","guid":{"rendered":"https:\/\/www.naturmed.de\/blog\/?page_id=5842"},"modified":"2015-01-16T11:00:33","modified_gmt":"2015-01-16T10:00:33","slug":"radix-aconiti-praeparatae","status":"publish","type":"page","link":"https:\/\/www.naturmed.de\/blog\/materia-medica\/radix-aconiti-praeparatae\/","title":{"rendered":"Radix Aconiti praeparatae"},"content":{"rendered":"<h2><strong><a href=\"https:\/\/www.naturmed.de\/blog\/wp-content\/uploads\/2015\/01\/Fuzi.jpg\"><img loading=\"lazy\" decoding=\"async\" class=\"alignleft  wp-image-5843\" src=\"https:\/\/www.naturmed.de\/blog\/wp-content\/uploads\/2015\/01\/Fuzi-300x225.jpg\" alt=\"Fuzi\" width=\"191\" height=\"143\" srcset=\"https:\/\/www.naturmed.de\/blog\/wp-content\/uploads\/2015\/01\/Fuzi-300x225.jpg 300w, https:\/\/www.naturmed.de\/blog\/wp-content\/uploads\/2015\/01\/Fuzi-768x576.jpg 768w, https:\/\/www.naturmed.de\/blog\/wp-content\/uploads\/2015\/01\/Fuzi-90x68.jpg 90w, https:\/\/www.naturmed.de\/blog\/wp-content\/uploads\/2015\/01\/Fuzi.jpg 959w\" sizes=\"auto, (max-width: 191px) 100vw, 191px\" \/><\/a>Wi<\/strong><strong>rkung von Radix Aconiti praeparatae<\/strong><strong>:<\/strong><\/h2>\n<ul>\n<li>St\u00e4rkt und w\u00e4rmt Milz- und Nieren-Yang und Qi, vertreibt K\u00e4lte im Innen, lindert damit Schmerzen<\/li>\n<li>Stellt \u201ekollabierendes Yang&#8220; wieder her<\/li>\n<li>Leitet N\u00e4sse und K\u00e4lte aus, w\u00e4rmt die Leitbahnen, schmerzlindernd<\/li>\n<\/ul>\n<h2><strong>Indikation\u00a0<\/strong><strong>von Radix Aconiti praeparatae<\/strong><strong>:<\/strong><\/h2>\n<ul>\n<li>Milz-Nieren-Yang-Qi-Mangel: Appetitverlust, rasche Ersch\u00f6pfbarkeit, Abdominalbeschwerden, chronische Diarrh\u00f6, typisch: Durchfall direkt morgens vor oder nach dem Schleim, Gedunsenheit, Schwellneigung, spontaner Schwei\u00df<\/li>\n<li>Bei ausgepr\u00e4gtem, allgemeinem Qi-Mangel mit zus\u00e4tzlichem deutlichem Yang- Mangel: gro\u00dfe Schw\u00e4che, flacher Atem, spontaner Schwei\u00df, chronische Diarrh\u00f6, frostige Gliedma\u00dfen, K\u00e4lteempfindlichke Auch bei \u201ekollabierendem Yang&#8220; mit obigen Symptomen nach heftigem Erbrechen, Diarrh\u00f6en, Schwei\u00dfverlusten mit Kollapsneigung<\/li>\n<li>K\u00e4lte-Wind: Auch bei Bi-Syndrom (K\u00e4lte-Bi) mit Gelenk- und Gliederschmerzen<\/li>\n<\/ul>\n<h2><strong>Dosierung von Radix Aconiti praeparatae:<\/strong><\/h2>\n<ul>\n<li>0,5-4 g, gelegentlich bis 9 g<\/li>\n<\/ul>\n<p><strong>Kontraindikation:<\/strong><\/p>\n<ul>\n<li>In der Schwangerschaft, bei Yin-Mangel, bei \u201efalscher K\u00e4lte&#8220; und \u201eechter Hitze&#8220;<\/li>\n<\/ul>\n<p><strong>Anmerkung:<\/strong><\/p>\n<ul>\n<li>Aconit ist sehr hei\u00df und sollte daher nur bei echter K\u00e4lte im Innen und Yang- Mangel eingesetzt werden, das hei\u00dft <strong>nu<\/strong><strong>r bei einem blassen Zungenk\u00f6rper.<\/strong><\/li>\n<li>Die unbehandelte, frische Aconitwurzel ist sehr giftig, daher wird immer die Radix Aconiti praeparatae Diese ist bereits durch Kochen mit Salz oder Ingwer detoxifiziert. Trotzdem sollte man vorsichtig und einschleichend dosieren und lange kochen.<\/li>\n<li>Symptome einer \u00dcberdosierung sind: \u00dcbelkeit, Erbrechen, Diarrh\u00f6, Schwindel, Sehst\u00f6rungen, Taubheitsgef\u00fchl im Mund und in den Extremit\u00e4ten.<br \/>\nBei schwereren Intoxifikationen: verk\u00fcrzte PQ-Zeit, Vorhofflimmern, Dys- pnoe, Tremor, Inkontinenz, abnehmende Vigilanz, Blutdruckabfall.<br \/>\nTherapie: Atropin ist ein wirksames Mittel zur Behandlung der Symptome; Lidocain wird bei Rhythmusst\u00f6rungen eingesetzt.<\/li>\n<\/ul>\n","protected":false},"excerpt":{"rendered":"<p>Wirkung von Radix Aconiti praeparatae: St\u00e4rkt und w\u00e4rmt Milz- und Nieren-Yang und Qi, vertreibt K\u00e4lte im Innen, lindert damit Schmerzen Stellt \u201ekollabierendes Yang&#8220; wieder her Leitet N\u00e4sse und K\u00e4lte aus, w\u00e4rmt die Leitbahnen, schmerzlindernd Indikation\u00a0von Radix Aconiti praeparatae: Milz-Nieren-Yang-Qi-Mangel: Appetitverlust, rasche Ersch\u00f6pfbarkeit, Abdominalbeschwerden, chronische Diarrh\u00f6, typisch: Durchfall direkt morgens vor oder nach dem Schleim, Gedunsenheit, [&hellip;]<\/p>\n","protected":false},"author":2,"featured_media":5843,"parent":5486,"menu_order":0,"comment_status":"open","ping_status":"open","template":"","meta":{"footnotes":""},"class_list":["post-5842","page","type-page","status-publish","has-post-thumbnail","hentry","has-post-title","has-post-date","has-post-category","has-post-tag","has-post-comment","has-post-author",""],"_links":{"self":[{"href":"https:\/\/www.naturmed.de\/blog\/wp-json\/wp\/v2\/pages\/5842","targetHints":{"allow":["GET"]}}],"collection":[{"href":"https:\/\/www.naturmed.de\/blog\/wp-json\/wp\/v2\/pages"}],"about":[{"href":"https:\/\/www.naturmed.de\/blog\/wp-json\/wp\/v2\/types\/page"}],"author":[{"embeddable":true,"href":"https:\/\/www.naturmed.de\/blog\/wp-json\/wp\/v2\/users\/2"}],"replies":[{"embeddable":true,"href":"https:\/\/www.naturmed.de\/blog\/wp-json\/wp\/v2\/comments?post=5842"}],"version-history":[{"count":3,"href":"https:\/\/www.naturmed.de\/blog\/wp-json\/wp\/v2\/pages\/5842\/revisions"}],"predecessor-version":[{"id":5847,"href":"https:\/\/www.naturmed.de\/blog\/wp-json\/wp\/v2\/pages\/5842\/revisions\/5847"}],"up":[{"embeddable":true,"href":"https:\/\/www.naturmed.de\/blog\/wp-json\/wp\/v2\/pages\/5486"}],"wp:featuredmedia":[{"embeddable":true,"href":"https:\/\/www.naturmed.de\/blog\/wp-json\/wp\/v2\/media\/5843"}],"wp:attachment":[{"href":"https:\/\/www.naturmed.de\/blog\/wp-json\/wp\/v2\/media?parent=5842"}],"curies":[{"name":"wp","href":"https:\/\/api.w.org\/{rel}","templated":true}]}}