{"id":5863,"date":"2015-01-16T11:30:34","date_gmt":"2015-01-16T10:30:34","guid":{"rendered":"https:\/\/www.naturmed.de\/blog\/?page_id=5863"},"modified":"2015-01-16T11:30:34","modified_gmt":"2015-01-16T10:30:34","slug":"radix-codonopsitis","status":"publish","type":"page","link":"https:\/\/www.naturmed.de\/blog\/materia-medica\/radix-codonopsitis\/","title":{"rendered":"Radix Codonopsitis"},"content":{"rendered":"<h2><strong><a href=\"https:\/\/www.naturmed.de\/blog\/wp-content\/uploads\/2015\/01\/Dangshen.jpg\"><img loading=\"lazy\" decoding=\"async\" class=\"alignleft  wp-image-5864\" src=\"https:\/\/www.naturmed.de\/blog\/wp-content\/uploads\/2015\/01\/Dangshen-300x225.jpg\" alt=\"Dangshen\" width=\"176\" height=\"132\" srcset=\"https:\/\/www.naturmed.de\/blog\/wp-content\/uploads\/2015\/01\/Dangshen-300x225.jpg 300w, https:\/\/www.naturmed.de\/blog\/wp-content\/uploads\/2015\/01\/Dangshen-768x576.jpg 768w, https:\/\/www.naturmed.de\/blog\/wp-content\/uploads\/2015\/01\/Dangshen-90x68.jpg 90w, https:\/\/www.naturmed.de\/blog\/wp-content\/uploads\/2015\/01\/Dangshen.jpg 959w\" sizes=\"auto, (max-width: 176px) 100vw, 176px\" \/><\/a>Wi<\/strong><strong>rkung von Radix Codonopsitis<\/strong><strong>:<\/strong><\/h2>\n<ul>\n<li>Vermehrt Qi<\/li>\n<li>Erg\u00e4nzt das Qi von Milz und Lunge<\/li>\n<\/ul>\n<h2><strong>Indikation\u00a0<\/strong><strong>von Radix Codonopsitis<\/strong><strong>:<\/strong><\/h2>\n<ul>\n<li>Ersch\u00f6pfbarkeit, Schw\u00e4chegef\u00fchl, Antriebsmangel, Bl\u00e4sse<\/li>\n<li>Appetitverlust, Gedunsenheit, Diarrh\u00f6, Kurzatmigkeit, leise Stimme<\/li>\n<\/ul>\n<h2><strong>Dosierung von Radix Codonopsitis:<\/strong><\/h2>\n<ul>\n<li>2-9 g, in einigen F\u00e4llen bis 30 g<\/li>\n<\/ul>\n<p><strong>Kontraindikation:<\/strong><\/p>\n<ul>\n<li>Hochschlagendes Leber-Yang<\/li>\n<li>Hitze-N\u00e4sse<\/li>\n<\/ul>\n","protected":false},"excerpt":{"rendered":"<p>Wirkung von Radix Codonopsitis: Vermehrt Qi Erg\u00e4nzt das Qi von Milz und Lunge Indikation\u00a0von Radix Codonopsitis: Ersch\u00f6pfbarkeit, Schw\u00e4chegef\u00fchl, Antriebsmangel, Bl\u00e4sse Appetitverlust, Gedunsenheit, Diarrh\u00f6, Kurzatmigkeit, leise Stimme Dosierung von Radix Codonopsitis: 2-9 g, in einigen F\u00e4llen bis 30 g Kontraindikation: Hochschlagendes Leber-Yang Hitze-N\u00e4sse<\/p>\n","protected":false},"author":2,"featured_media":5864,"parent":5486,"menu_order":0,"comment_status":"open","ping_status":"open","template":"","meta":{"footnotes":""},"class_list":["post-5863","page","type-page","status-publish","has-post-thumbnail","hentry","has-post-title","has-post-date","has-post-category","has-post-tag","has-post-comment","has-post-author",""],"_links":{"self":[{"href":"https:\/\/www.naturmed.de\/blog\/wp-json\/wp\/v2\/pages\/5863","targetHints":{"allow":["GET"]}}],"collection":[{"href":"https:\/\/www.naturmed.de\/blog\/wp-json\/wp\/v2\/pages"}],"about":[{"href":"https:\/\/www.naturmed.de\/blog\/wp-json\/wp\/v2\/types\/page"}],"author":[{"embeddable":true,"href":"https:\/\/www.naturmed.de\/blog\/wp-json\/wp\/v2\/users\/2"}],"replies":[{"embeddable":true,"href":"https:\/\/www.naturmed.de\/blog\/wp-json\/wp\/v2\/comments?post=5863"}],"version-history":[{"count":1,"href":"https:\/\/www.naturmed.de\/blog\/wp-json\/wp\/v2\/pages\/5863\/revisions"}],"predecessor-version":[{"id":5865,"href":"https:\/\/www.naturmed.de\/blog\/wp-json\/wp\/v2\/pages\/5863\/revisions\/5865"}],"up":[{"embeddable":true,"href":"https:\/\/www.naturmed.de\/blog\/wp-json\/wp\/v2\/pages\/5486"}],"wp:featuredmedia":[{"embeddable":true,"href":"https:\/\/www.naturmed.de\/blog\/wp-json\/wp\/v2\/media\/5864"}],"wp:attachment":[{"href":"https:\/\/www.naturmed.de\/blog\/wp-json\/wp\/v2\/media?parent=5863"}],"curies":[{"name":"wp","href":"https:\/\/api.w.org\/{rel}","templated":true}]}}