{"id":5869,"date":"2015-01-16T11:41:22","date_gmt":"2015-01-16T10:41:22","guid":{"rendered":"https:\/\/www.naturmed.de\/blog\/?page_id=5869"},"modified":"2015-01-16T11:41:22","modified_gmt":"2015-01-16T10:41:22","slug":"rhizoma-atractylodis-macrocephalae","status":"publish","type":"page","link":"https:\/\/www.naturmed.de\/blog\/materia-medica\/rhizoma-atractylodis-macrocephalae\/","title":{"rendered":"Rhizoma Atractylodis macrocephalae"},"content":{"rendered":"<h2><strong><a href=\"https:\/\/www.naturmed.de\/blog\/wp-content\/uploads\/2015\/01\/Baizhu.jpg\"><img loading=\"lazy\" decoding=\"async\" class=\"alignleft  wp-image-5870\" src=\"https:\/\/www.naturmed.de\/blog\/wp-content\/uploads\/2015\/01\/Baizhu-300x225.jpg\" alt=\"Baizhu\" width=\"172\" height=\"129\" srcset=\"https:\/\/www.naturmed.de\/blog\/wp-content\/uploads\/2015\/01\/Baizhu-300x225.jpg 300w, https:\/\/www.naturmed.de\/blog\/wp-content\/uploads\/2015\/01\/Baizhu-768x576.jpg 768w, https:\/\/www.naturmed.de\/blog\/wp-content\/uploads\/2015\/01\/Baizhu-90x68.jpg 90w, https:\/\/www.naturmed.de\/blog\/wp-content\/uploads\/2015\/01\/Baizhu.jpg 959w\" sizes=\"auto, (max-width: 172px) 100vw, 172px\" \/><\/a>Wi<\/strong><strong>rkung von Rhizoma Atractylodis macrocephalae<\/strong><strong>:<\/strong><\/h2>\n<ul>\n<li>Vermehrt Qi<\/li>\n<li>Tonisiert die Mitte und trocknet N\u00e4sse<\/li>\n<li>Hemmt Schwei\u00df<\/li>\n<\/ul>\n<h2><strong>Indikation\u00a0<\/strong><strong>von Rhizoma Atractylodis macrocephalae<\/strong><strong>:<\/strong><\/h2>\n<ul>\n<li>Allgemeine Abgeschlagenheit und Kraftlosigkeit, Ersch\u00f6pfungsgef\u00fchl, Bl\u00e4sse<\/li>\n<li>Appetitverlust, fehlender Durst, Diarrh\u00f6, \u00d6deme und Gedunsenheit im Gesicht oder an Extremit\u00e4ten, vermehrter wei\u00dflicher Fluor vaginalis, Gr\u00fcbeleien<\/li>\n<li>Spontaner Schwei\u00df, \u00fcberm\u00e4\u00dfiges Schwitzen bei geringen Anstrengungen<\/li>\n<\/ul>\n<h2><strong>Dosierung von Rhizoma Atractylodis macrocephalae:<\/strong><\/h2>\n<ul>\n<li>3-9 g<\/li>\n<\/ul>\n<p><strong>Kontraindikation:<\/strong><\/p>\n<ul>\n<li>Durst durch Yin-Mangel mit Hitze-Zeichen<\/li>\n<li>S\u00e4ftemangel<\/li>\n<\/ul>\n","protected":false},"excerpt":{"rendered":"<p>Wirkung von Rhizoma Atractylodis macrocephalae: Vermehrt Qi Tonisiert die Mitte und trocknet N\u00e4sse Hemmt Schwei\u00df Indikation\u00a0von Rhizoma Atractylodis macrocephalae: Allgemeine Abgeschlagenheit und Kraftlosigkeit, Ersch\u00f6pfungsgef\u00fchl, Bl\u00e4sse Appetitverlust, fehlender Durst, Diarrh\u00f6, \u00d6deme und Gedunsenheit im Gesicht oder an Extremit\u00e4ten, vermehrter wei\u00dflicher Fluor vaginalis, Gr\u00fcbeleien Spontaner Schwei\u00df, \u00fcberm\u00e4\u00dfiges Schwitzen bei geringen Anstrengungen Dosierung von Rhizoma Atractylodis macrocephalae: 3-9 [&hellip;]<\/p>\n","protected":false},"author":2,"featured_media":5870,"parent":5486,"menu_order":0,"comment_status":"open","ping_status":"open","template":"","meta":{"footnotes":""},"class_list":["post-5869","page","type-page","status-publish","has-post-thumbnail","hentry","has-post-title","has-post-date","has-post-category","has-post-tag","has-post-comment","has-post-author",""],"_links":{"self":[{"href":"https:\/\/www.naturmed.de\/blog\/wp-json\/wp\/v2\/pages\/5869","targetHints":{"allow":["GET"]}}],"collection":[{"href":"https:\/\/www.naturmed.de\/blog\/wp-json\/wp\/v2\/pages"}],"about":[{"href":"https:\/\/www.naturmed.de\/blog\/wp-json\/wp\/v2\/types\/page"}],"author":[{"embeddable":true,"href":"https:\/\/www.naturmed.de\/blog\/wp-json\/wp\/v2\/users\/2"}],"replies":[{"embeddable":true,"href":"https:\/\/www.naturmed.de\/blog\/wp-json\/wp\/v2\/comments?post=5869"}],"version-history":[{"count":1,"href":"https:\/\/www.naturmed.de\/blog\/wp-json\/wp\/v2\/pages\/5869\/revisions"}],"predecessor-version":[{"id":5871,"href":"https:\/\/www.naturmed.de\/blog\/wp-json\/wp\/v2\/pages\/5869\/revisions\/5871"}],"up":[{"embeddable":true,"href":"https:\/\/www.naturmed.de\/blog\/wp-json\/wp\/v2\/pages\/5486"}],"wp:featuredmedia":[{"embeddable":true,"href":"https:\/\/www.naturmed.de\/blog\/wp-json\/wp\/v2\/media\/5870"}],"wp:attachment":[{"href":"https:\/\/www.naturmed.de\/blog\/wp-json\/wp\/v2\/media?parent=5869"}],"curies":[{"name":"wp","href":"https:\/\/api.w.org\/{rel}","templated":true}]}}