{"id":5893,"date":"2015-01-16T12:16:39","date_gmt":"2015-01-16T11:16:39","guid":{"rendered":"https:\/\/www.naturmed.de\/blog\/?page_id=5893"},"modified":"2015-01-16T12:16:39","modified_gmt":"2015-01-16T11:16:39","slug":"radix-paeoniae-lactiflorae","status":"publish","type":"page","link":"https:\/\/www.naturmed.de\/blog\/materia-medica\/radix-paeoniae-lactiflorae\/","title":{"rendered":"Radix Paeoniae lactiflorae"},"content":{"rendered":"<h2><strong><a href=\"https:\/\/www.naturmed.de\/blog\/wp-content\/uploads\/2015\/01\/Baishaoyao.jpg\"><img loading=\"lazy\" decoding=\"async\" class=\"alignleft  wp-image-5894\" src=\"https:\/\/www.naturmed.de\/blog\/wp-content\/uploads\/2015\/01\/Baishaoyao-300x225.jpg\" alt=\"Baishaoyao\" width=\"180\" height=\"135\" srcset=\"https:\/\/www.naturmed.de\/blog\/wp-content\/uploads\/2015\/01\/Baishaoyao-300x225.jpg 300w, https:\/\/www.naturmed.de\/blog\/wp-content\/uploads\/2015\/01\/Baishaoyao-768x576.jpg 768w, https:\/\/www.naturmed.de\/blog\/wp-content\/uploads\/2015\/01\/Baishaoyao-90x68.jpg 90w, https:\/\/www.naturmed.de\/blog\/wp-content\/uploads\/2015\/01\/Baishaoyao.jpg 959w\" sizes=\"auto, (max-width: 180px) 100vw, 180px\" \/><\/a>Wi<\/strong><strong>rkung von Radix Paeoniae lactiflorae<\/strong><strong>:<\/strong><\/h2>\n<ul>\n<li>N\u00e4hrt <em>Xue<\/em> und erh\u00e4lt die S\u00e4fte<\/li>\n<li>Erweicht und bes\u00e4nftigt den Funktionskreis Leber<\/li>\n<li>Stillt Schmerzen und l\u00f6st Kr\u00e4mpfe<\/li>\n<\/ul>\n<h2><strong>Indikation\u00a0<\/strong><strong>von Radix Paeoniae lactiflorae<\/strong><strong>:<\/strong><\/h2>\n<ul>\n<li>Bl\u00e4sse, welke, fahle Gesichtsfarbe, br\u00fcchige N\u00e4gel, trockene Augen, S\u00e4fteverluste durch spontanen Schwei\u00df oder Nachtschwei\u00df, Hitzewellen<\/li>\n<li>Druck- und Spannung an den Rippenb\u00f6gen, innere Anspannung, emotionale Unausgeglichenheit, frustriertes Grundgef\u00fchl, reizbare Stimmung, PMS-Beschwerden<\/li>\n<li>Abdominelle Koliken oder Darmkr\u00e4mpfe, Spasmen, Muskelkr\u00e4mpfe und Verspannungen der Extremit\u00e4ten oder Nackenmuskulatur, Dysmenorrh\u00f6<\/li>\n<\/ul>\n<h2><strong>Dosierung von Radix Paeoniae lactiflorae:<\/strong><\/h2>\n<ul>\n<li>3-12 g<\/li>\n<\/ul>\n<p><strong>Kontraindikation:<\/strong><\/p>\n<ul>\n<li>\u00a0K\u00e4lte im Abdomen<\/li>\n<\/ul>\n","protected":false},"excerpt":{"rendered":"<p>Wirkung von Radix Paeoniae lactiflorae: N\u00e4hrt Xue und erh\u00e4lt die S\u00e4fte Erweicht und bes\u00e4nftigt den Funktionskreis Leber Stillt Schmerzen und l\u00f6st Kr\u00e4mpfe Indikation\u00a0von Radix Paeoniae lactiflorae: Bl\u00e4sse, welke, fahle Gesichtsfarbe, br\u00fcchige N\u00e4gel, trockene Augen, S\u00e4fteverluste durch spontanen Schwei\u00df oder Nachtschwei\u00df, Hitzewellen Druck- und Spannung an den Rippenb\u00f6gen, innere Anspannung, emotionale Unausgeglichenheit, frustriertes Grundgef\u00fchl, reizbare Stimmung, [&hellip;]<\/p>\n","protected":false},"author":2,"featured_media":5894,"parent":5486,"menu_order":0,"comment_status":"open","ping_status":"open","template":"","meta":{"footnotes":""},"class_list":["post-5893","page","type-page","status-publish","has-post-thumbnail","hentry","has-post-title","has-post-date","has-post-category","has-post-tag","has-post-comment","has-post-author",""],"_links":{"self":[{"href":"https:\/\/www.naturmed.de\/blog\/wp-json\/wp\/v2\/pages\/5893","targetHints":{"allow":["GET"]}}],"collection":[{"href":"https:\/\/www.naturmed.de\/blog\/wp-json\/wp\/v2\/pages"}],"about":[{"href":"https:\/\/www.naturmed.de\/blog\/wp-json\/wp\/v2\/types\/page"}],"author":[{"embeddable":true,"href":"https:\/\/www.naturmed.de\/blog\/wp-json\/wp\/v2\/users\/2"}],"replies":[{"embeddable":true,"href":"https:\/\/www.naturmed.de\/blog\/wp-json\/wp\/v2\/comments?post=5893"}],"version-history":[{"count":1,"href":"https:\/\/www.naturmed.de\/blog\/wp-json\/wp\/v2\/pages\/5893\/revisions"}],"predecessor-version":[{"id":5895,"href":"https:\/\/www.naturmed.de\/blog\/wp-json\/wp\/v2\/pages\/5893\/revisions\/5895"}],"up":[{"embeddable":true,"href":"https:\/\/www.naturmed.de\/blog\/wp-json\/wp\/v2\/pages\/5486"}],"wp:featuredmedia":[{"embeddable":true,"href":"https:\/\/www.naturmed.de\/blog\/wp-json\/wp\/v2\/media\/5894"}],"wp:attachment":[{"href":"https:\/\/www.naturmed.de\/blog\/wp-json\/wp\/v2\/media?parent=5893"}],"curies":[{"name":"wp","href":"https:\/\/api.w.org\/{rel}","templated":true}]}}