{"id":5901,"date":"2015-01-16T12:30:06","date_gmt":"2015-01-16T11:30:06","guid":{"rendered":"https:\/\/www.naturmed.de\/blog\/?page_id=5901"},"modified":"2015-04-20T15:22:09","modified_gmt":"2015-04-20T13:22:09","slug":"cortex-eucommiae","status":"publish","type":"page","link":"https:\/\/www.naturmed.de\/blog\/materia-medica\/cortex-eucommiae\/","title":{"rendered":"Cortex Eucommiae"},"content":{"rendered":"<h2><strong><a href=\"https:\/\/www.naturmed.de\/blog\/wp-content\/uploads\/2015\/01\/Duzhong.jpg\"><img loading=\"lazy\" decoding=\"async\" class=\"  wp-image-5902 alignright\" src=\"https:\/\/www.naturmed.de\/blog\/wp-content\/uploads\/2015\/01\/Duzhong-300x225.jpg\" alt=\"Duzhong\" width=\"180\" height=\"135\" srcset=\"https:\/\/www.naturmed.de\/blog\/wp-content\/uploads\/2015\/01\/Duzhong-300x225.jpg 300w, https:\/\/www.naturmed.de\/blog\/wp-content\/uploads\/2015\/01\/Duzhong-768x576.jpg 768w, https:\/\/www.naturmed.de\/blog\/wp-content\/uploads\/2015\/01\/Duzhong-90x68.jpg 90w, https:\/\/www.naturmed.de\/blog\/wp-content\/uploads\/2015\/01\/Duzhong.jpg 959w\" sizes=\"auto, (max-width: 180px) 100vw, 180px\" \/><\/a>Wi<\/strong><strong>rkung von Cortex Eucommiae<\/strong><strong>:<\/strong><\/h2>\n<ul>\n<li>Tonisiert die Funktionskreise Niere und Leber<\/li>\n<li>Kr\u00e4ftigt die Knochen<\/li>\n<li>Beruhigt den F\u00f6tus<\/li>\n<\/ul>\n<h2><strong>Indikation\u00a0<\/strong><strong>von Cortex Eucommiae<\/strong><strong>:<\/strong><\/h2>\n<ul>\n<li>Allgemeine Kraftlosigkeit, h\u00e4ufiges Wasserlassen, heller, klarer Urin, Impotenz<\/li>\n<li>LWS- und Knie-Schw\u00e4che oder -schmerz<\/li>\n<li>Unruhiger F\u00f6tus, vorzeitige Wehent\u00e4tigkeit, drohender Abort<\/li>\n<\/ul>\n<h2><strong>Dosierung von Cortex Eucommiae:<\/strong><\/h2>\n<ul>\n<li>6-15 g<\/li>\n<\/ul>\n<p><strong>Kontraindikation:<\/strong><\/p>\n<ul>\n<li>Nieren-Yin-Leere mit Leere-Hitze<\/li>\n<\/ul>\n","protected":false},"excerpt":{"rendered":"<p>Wirkung von Cortex Eucommiae: Tonisiert die Funktionskreise Niere und Leber Kr\u00e4ftigt die Knochen Beruhigt den F\u00f6tus Indikation\u00a0von Cortex Eucommiae: Allgemeine Kraftlosigkeit, h\u00e4ufiges Wasserlassen, heller, klarer Urin, Impotenz LWS- und Knie-Schw\u00e4che oder -schmerz Unruhiger F\u00f6tus, vorzeitige Wehent\u00e4tigkeit, drohender Abort Dosierung von Cortex Eucommiae: 6-15 g Kontraindikation: Nieren-Yin-Leere mit Leere-Hitze<\/p>\n","protected":false},"author":2,"featured_media":5902,"parent":5486,"menu_order":0,"comment_status":"open","ping_status":"open","template":"","meta":{"footnotes":""},"class_list":["post-5901","page","type-page","status-publish","has-post-thumbnail","hentry","has-post-title","has-post-date","has-post-category","has-post-tag","has-post-comment","has-post-author",""],"_links":{"self":[{"href":"https:\/\/www.naturmed.de\/blog\/wp-json\/wp\/v2\/pages\/5901","targetHints":{"allow":["GET"]}}],"collection":[{"href":"https:\/\/www.naturmed.de\/blog\/wp-json\/wp\/v2\/pages"}],"about":[{"href":"https:\/\/www.naturmed.de\/blog\/wp-json\/wp\/v2\/types\/page"}],"author":[{"embeddable":true,"href":"https:\/\/www.naturmed.de\/blog\/wp-json\/wp\/v2\/users\/2"}],"replies":[{"embeddable":true,"href":"https:\/\/www.naturmed.de\/blog\/wp-json\/wp\/v2\/comments?post=5901"}],"version-history":[{"count":2,"href":"https:\/\/www.naturmed.de\/blog\/wp-json\/wp\/v2\/pages\/5901\/revisions"}],"predecessor-version":[{"id":7226,"href":"https:\/\/www.naturmed.de\/blog\/wp-json\/wp\/v2\/pages\/5901\/revisions\/7226"}],"up":[{"embeddable":true,"href":"https:\/\/www.naturmed.de\/blog\/wp-json\/wp\/v2\/pages\/5486"}],"wp:featuredmedia":[{"embeddable":true,"href":"https:\/\/www.naturmed.de\/blog\/wp-json\/wp\/v2\/media\/5902"}],"wp:attachment":[{"href":"https:\/\/www.naturmed.de\/blog\/wp-json\/wp\/v2\/media?parent=5901"}],"curies":[{"name":"wp","href":"https:\/\/api.w.org\/{rel}","templated":true}]}}