{"id":5910,"date":"2015-01-16T12:43:42","date_gmt":"2015-01-16T11:43:42","guid":{"rendered":"https:\/\/www.naturmed.de\/blog\/?page_id=5910"},"modified":"2015-01-16T12:43:42","modified_gmt":"2015-01-16T11:43:42","slug":"semen-cuscutae","status":"publish","type":"page","link":"https:\/\/www.naturmed.de\/blog\/materia-medica\/semen-cuscutae\/","title":{"rendered":"Semen Cuscutae"},"content":{"rendered":"<h2><strong><a href=\"https:\/\/www.naturmed.de\/blog\/wp-content\/uploads\/2015\/01\/Tusizi.jpg\"><img loading=\"lazy\" decoding=\"async\" class=\"alignleft  wp-image-5911\" src=\"https:\/\/www.naturmed.de\/blog\/wp-content\/uploads\/2015\/01\/Tusizi-300x225.jpg\" alt=\"Tusizi\" width=\"195\" height=\"146\" srcset=\"https:\/\/www.naturmed.de\/blog\/wp-content\/uploads\/2015\/01\/Tusizi-300x225.jpg 300w, https:\/\/www.naturmed.de\/blog\/wp-content\/uploads\/2015\/01\/Tusizi-768x576.jpg 768w, https:\/\/www.naturmed.de\/blog\/wp-content\/uploads\/2015\/01\/Tusizi-90x68.jpg 90w, https:\/\/www.naturmed.de\/blog\/wp-content\/uploads\/2015\/01\/Tusizi.jpg 959w\" sizes=\"auto, (max-width: 195px) 100vw, 195px\" \/><\/a>Wi<\/strong><strong>rkung von Semen Cuscutae<\/strong><strong>:<\/strong><\/h2>\n<ul>\n<li>Tonisiert Nieren-Yang und ebenfalls Nieren-Yin<\/li>\n<li>St\u00e4rkt die Milz<\/li>\n<li>Kl\u00e4rt die Augen<\/li>\n<\/ul>\n<h2><strong>Indikation\u00a0<\/strong><strong>von Semen Cuscutae<\/strong><strong>:<\/strong><\/h2>\n<ul>\n<li>LWS-Beschwerden und Leukorrh\u00f6, Impotenz, vorzeitiger Samenerguss, Ohrensausen, H\u00f6rminderung<\/li>\n<li>Diarrh\u00f6 durch Milz-Qi-Mangel<\/li>\n<li>Verschwommenes Sehen, Sehverschlechterung durch Schw\u00e4che in Funktionskreisen Leber und Niere<\/li>\n<\/ul>\n<h2><strong>Dosierung von Semen Cuscutae:<\/strong><\/h2>\n<ul>\n<li>9-15 g<\/li>\n<\/ul>\n<p><strong>Kontraindikation:<\/strong><\/p>\n<ul>\n<li>Yin-Mangel mit Mangel-Hitze<\/li>\n<\/ul>\n","protected":false},"excerpt":{"rendered":"<p>Wirkung von Semen Cuscutae: Tonisiert Nieren-Yang und ebenfalls Nieren-Yin St\u00e4rkt die Milz Kl\u00e4rt die Augen Indikation\u00a0von Semen Cuscutae: LWS-Beschwerden und Leukorrh\u00f6, Impotenz, vorzeitiger Samenerguss, Ohrensausen, H\u00f6rminderung Diarrh\u00f6 durch Milz-Qi-Mangel Verschwommenes Sehen, Sehverschlechterung durch Schw\u00e4che in Funktionskreisen Leber und Niere Dosierung von Semen Cuscutae: 9-15 g Kontraindikation: Yin-Mangel mit Mangel-Hitze<\/p>\n","protected":false},"author":2,"featured_media":5911,"parent":5486,"menu_order":0,"comment_status":"open","ping_status":"open","template":"","meta":{"footnotes":""},"class_list":["post-5910","page","type-page","status-publish","has-post-thumbnail","hentry","has-post-title","has-post-date","has-post-category","has-post-tag","has-post-comment","has-post-author",""],"_links":{"self":[{"href":"https:\/\/www.naturmed.de\/blog\/wp-json\/wp\/v2\/pages\/5910","targetHints":{"allow":["GET"]}}],"collection":[{"href":"https:\/\/www.naturmed.de\/blog\/wp-json\/wp\/v2\/pages"}],"about":[{"href":"https:\/\/www.naturmed.de\/blog\/wp-json\/wp\/v2\/types\/page"}],"author":[{"embeddable":true,"href":"https:\/\/www.naturmed.de\/blog\/wp-json\/wp\/v2\/users\/2"}],"replies":[{"embeddable":true,"href":"https:\/\/www.naturmed.de\/blog\/wp-json\/wp\/v2\/comments?post=5910"}],"version-history":[{"count":1,"href":"https:\/\/www.naturmed.de\/blog\/wp-json\/wp\/v2\/pages\/5910\/revisions"}],"predecessor-version":[{"id":5912,"href":"https:\/\/www.naturmed.de\/blog\/wp-json\/wp\/v2\/pages\/5910\/revisions\/5912"}],"up":[{"embeddable":true,"href":"https:\/\/www.naturmed.de\/blog\/wp-json\/wp\/v2\/pages\/5486"}],"wp:featuredmedia":[{"embeddable":true,"href":"https:\/\/www.naturmed.de\/blog\/wp-json\/wp\/v2\/media\/5911"}],"wp:attachment":[{"href":"https:\/\/www.naturmed.de\/blog\/wp-json\/wp\/v2\/media?parent=5910"}],"curies":[{"name":"wp","href":"https:\/\/api.w.org\/{rel}","templated":true}]}}