{"id":5941,"date":"2015-01-16T13:29:13","date_gmt":"2015-01-16T12:29:13","guid":{"rendered":"https:\/\/www.naturmed.de\/blog\/?page_id=5941"},"modified":"2015-01-16T13:29:13","modified_gmt":"2015-01-16T12:29:13","slug":"fructus-corni","status":"publish","type":"page","link":"https:\/\/www.naturmed.de\/blog\/materia-medica\/fructus-corni\/","title":{"rendered":"Fructus Corni"},"content":{"rendered":"<h2><strong><a href=\"https:\/\/www.naturmed.de\/blog\/wp-content\/uploads\/2015\/01\/Shanzhuyu.jpg\"><img loading=\"lazy\" decoding=\"async\" class=\"alignleft  wp-image-5942\" src=\"https:\/\/www.naturmed.de\/blog\/wp-content\/uploads\/2015\/01\/Shanzhuyu-300x225.jpg\" alt=\"Shanzhuyu\" width=\"189\" height=\"142\" srcset=\"https:\/\/www.naturmed.de\/blog\/wp-content\/uploads\/2015\/01\/Shanzhuyu-300x225.jpg 300w, https:\/\/www.naturmed.de\/blog\/wp-content\/uploads\/2015\/01\/Shanzhuyu-768x576.jpg 768w, https:\/\/www.naturmed.de\/blog\/wp-content\/uploads\/2015\/01\/Shanzhuyu-90x68.jpg 90w, https:\/\/www.naturmed.de\/blog\/wp-content\/uploads\/2015\/01\/Shanzhuyu.jpg 959w\" sizes=\"auto, (max-width: 189px) 100vw, 189px\" \/><\/a>Wi<\/strong><strong>rkung von Fructus Corni<\/strong><strong>:<\/strong><\/h2>\n<ul>\n<li>Stabilisiert den Funktionskreis Niere und h\u00e4lt die Essenz<\/li>\n<li>Stoppt Schwei\u00df<\/li>\n<li>St\u00e4rkt Funktionskreise Niere und Leber<\/li>\n<\/ul>\n<h2><strong style=\"line-height: 1.5;\">Indikation\u00a0<\/strong><strong style=\"line-height: 1.5;\">von <strong>Fructus Corni<\/strong><\/strong><strong style=\"line-height: 1.5;\">:<\/strong><\/h2>\n<ul>\n<li>H\u00e4ufiges Wasserlassen, Inkontinenz, Spermatorrh\u00f6, Ejaculatio praecox<\/li>\n<li>\u00dcberm\u00e4\u00dfiger Schwei\u00df sowohl durch Yin-Mangel (Nachtschwei\u00df) als auch durch Qi- oder Yang-Mangel (spontanes oder exzessives Schwitzen)<\/li>\n<li>Schw\u00e4che oder Schmerz im Bereich der LWS oder Knie, Schwindel, Impotenz<\/li>\n<\/ul>\n<h2><strong>Dosierung von Fructus Corni:<\/strong><\/h2>\n<ul>\n<li>3-9 g<\/li>\n<\/ul>\n<p><strong>Kontraindikation:<\/strong><\/p>\n<ul>\n<li>N\u00e4sse-Hitze<\/li>\n<li>Dysurie durch pathogene Faktoren<\/li>\n<\/ul>\n","protected":false},"excerpt":{"rendered":"<p>Wirkung von Fructus Corni: Stabilisiert den Funktionskreis Niere und h\u00e4lt die Essenz Stoppt Schwei\u00df St\u00e4rkt Funktionskreise Niere und Leber Indikation\u00a0von Fructus Corni: H\u00e4ufiges Wasserlassen, Inkontinenz, Spermatorrh\u00f6, Ejaculatio praecox \u00dcberm\u00e4\u00dfiger Schwei\u00df sowohl durch Yin-Mangel (Nachtschwei\u00df) als auch durch Qi- oder Yang-Mangel (spontanes oder exzessives Schwitzen) Schw\u00e4che oder Schmerz im Bereich der LWS oder Knie, Schwindel, Impotenz [&hellip;]<\/p>\n","protected":false},"author":2,"featured_media":5942,"parent":5486,"menu_order":0,"comment_status":"open","ping_status":"open","template":"","meta":{"footnotes":""},"class_list":["post-5941","page","type-page","status-publish","has-post-thumbnail","hentry","has-post-title","has-post-date","has-post-category","has-post-tag","has-post-comment","has-post-author",""],"_links":{"self":[{"href":"https:\/\/www.naturmed.de\/blog\/wp-json\/wp\/v2\/pages\/5941","targetHints":{"allow":["GET"]}}],"collection":[{"href":"https:\/\/www.naturmed.de\/blog\/wp-json\/wp\/v2\/pages"}],"about":[{"href":"https:\/\/www.naturmed.de\/blog\/wp-json\/wp\/v2\/types\/page"}],"author":[{"embeddable":true,"href":"https:\/\/www.naturmed.de\/blog\/wp-json\/wp\/v2\/users\/2"}],"replies":[{"embeddable":true,"href":"https:\/\/www.naturmed.de\/blog\/wp-json\/wp\/v2\/comments?post=5941"}],"version-history":[{"count":1,"href":"https:\/\/www.naturmed.de\/blog\/wp-json\/wp\/v2\/pages\/5941\/revisions"}],"predecessor-version":[{"id":5943,"href":"https:\/\/www.naturmed.de\/blog\/wp-json\/wp\/v2\/pages\/5941\/revisions\/5943"}],"up":[{"embeddable":true,"href":"https:\/\/www.naturmed.de\/blog\/wp-json\/wp\/v2\/pages\/5486"}],"wp:featuredmedia":[{"embeddable":true,"href":"https:\/\/www.naturmed.de\/blog\/wp-json\/wp\/v2\/media\/5942"}],"wp:attachment":[{"href":"https:\/\/www.naturmed.de\/blog\/wp-json\/wp\/v2\/media?parent=5941"}],"curies":[{"name":"wp","href":"https:\/\/api.w.org\/{rel}","templated":true}]}}