{"id":7363,"date":"2015-04-29T11:15:30","date_gmt":"2015-04-29T09:15:30","guid":{"rendered":"https:\/\/www.naturmed.de\/blog\/?page_id=7363"},"modified":"2025-08-29T12:53:39","modified_gmt":"2025-08-29T10:53:39","slug":"akupunkturpunkte-des-blasenmeridian","status":"publish","type":"page","link":"https:\/\/www.naturmed.de\/blog\/akupunkturpunkte-uebersicht\/akupunkturpunkte-des-blasenmeridian\/","title":{"rendered":"Akupunkturpunkte des Blasen-Meridian"},"content":{"rendered":"<h2><strong>Hauptleitbahn und Akupunkturpunkte des Funktionskreises Blase<\/strong><\/h2>\n<p>&nbsp;<\/p>\n<p><a href=\"https:\/\/www.naturmed.de\/blog\/wp-content\/uploads\/2015\/04\/blase.jpg.png\"><img loading=\"lazy\" decoding=\"async\" class=\"alignleft wp-image-7452 \" src=\"https:\/\/www.naturmed.de\/blog\/wp-content\/uploads\/2015\/04\/blase.jpg.png\" alt=\"\" width=\"400\" height=\"566\" srcset=\"https:\/\/www.naturmed.de\/blog\/wp-content\/uploads\/2015\/04\/blase.jpg.png 624w, https:\/\/www.naturmed.de\/blog\/wp-content\/uploads\/2015\/04\/blase.jpg-212x300.png 212w\" sizes=\"auto, (max-width: 400px) 100vw, 400px\" \/><\/a><\/p>\n<h2 data-start=\"259\" data-end=\"292\">Der Verlauf des Blasen-Meridians<\/h2>\n<p data-start=\"293\" data-end=\"683\">Der Blasen-Meridian (Bl, <em data-start=\"318\" data-end=\"345\">taiyang der Fu\u00dfleitbahnen<\/em>) ist der l\u00e4ngste Meridian des K\u00f6rpers mit insgesamt <strong data-start=\"398\" data-end=\"412\">67 Punkten<\/strong>. Er beginnt am inneren Augenwinkel, zieht \u00fcber Stirn, Kopf und Nacken zum R\u00fccken, wo er sich in zwei Str\u00e4nge aufteilt. Von dort verl\u00e4uft er beidseitig entlang der Wirbels\u00e4ule, \u00fcber Ges\u00e4\u00df und R\u00fcckseite der Beine bis zum Endpunkt am \u00e4u\u00dferen Nagelwinkel der kleinen Zehe.<\/p>\n<p data-start=\"685\" data-end=\"943\">Da der Blasen-Meridian an der K\u00f6rperau\u00dfenseite liegt, gilt er als <strong data-start=\"751\" data-end=\"776\">Gro\u00dfes Yang (taiyang)<\/strong>. In der TCM wird er als \u201e\u00e4u\u00dferste Oberfl\u00e4che\u201c verstanden \u2013 vergleichbar mit einem Reisbauern, der geb\u00fcckt im Feld Wind, Sonne und \u00e4u\u00dferen Einfl\u00fcssen ausgesetzt ist.<\/p>\n<hr data-start=\"945\" data-end=\"948\" \/>\n<h2 data-start=\"950\" data-end=\"975\">Bedeutung des Blasen-Meridians in der TCM<\/h2>\n<ul data-start=\"976\" data-end=\"1807\">\n<li data-start=\"976\" data-end=\"1091\">\n<p data-start=\"978\" data-end=\"1091\">Klinisch ist der Blasen-Meridian wegen seiner Wirkung auf den R\u00fccken und den gesamten Bewegungsapparat wichtig.<\/p>\n<\/li>\n<li data-start=\"1092\" data-end=\"1391\">\n<p data-start=\"1094\" data-end=\"1391\">Entlang seines inneren Stranges liegen die <strong data-start=\"1137\" data-end=\"1170\">Back-Shu-Punkte (Bl 13\u2013Bl 28)<\/strong>. Diese stehen in direkter energetischer Verbindung zu den inneren Organen (z. B. Bl 23 = Shu-Punkt der Niere, Bl 15 = Shu-Punkt des Herzens). \u00dcber den Blasen-Meridian lassen sich daher alle Zang-Fu-Organe beeinflussen.<\/p>\n<\/li>\n<li data-start=\"1392\" data-end=\"1653\">\n<p data-start=\"1394\" data-end=\"1653\">Im unteren R\u00fccken liegt zudem das <strong data-start=\"1428\" data-end=\"1473\">Feuer der Pforte des Lebens (mingmen huo)<\/strong>, das wahre Yang des Nieren-Funktionskreises. Die Funktion dieses \u201ewarmen Kerns\u201c ist entscheidend f\u00fcr alle vitalen Vorg\u00e4nge, und der Blasen-Meridian hat direkten Einfluss darauf.<\/p>\n<\/li>\n<li data-start=\"1654\" data-end=\"1807\">\n<p data-start=\"1656\" data-end=\"1807\">Aufgrund seiner engen Verbindung zum Funktionskreis Niere und seiner yang-dominierten Eigenschaften wird der Blasen-Meridian dem <strong data-start=\"1785\" data-end=\"1793\">Yang<\/strong> zugeordnet.<\/p>\n<\/li>\n<\/ul>\n<hr \/>\n<h2>Die wichtigsten Akupunkturpunkte des Blasenmeridians<\/h2>\n<h3 style=\"padding-left: 320px;\">Bl 2 \u2013 cuanzhu (Zusammengelegter Bambus)<\/h3>\n<p><strong><a href=\"https:\/\/www.naturmed.de\/blog\/wp-content\/uploads\/2015\/04\/Bl2.jpg\"><img loading=\"lazy\" decoding=\"async\" class=\"alignleft size-medium wp-image-7356\" src=\"https:\/\/www.naturmed.de\/blog\/wp-content\/uploads\/2015\/04\/Bl2-300x225.jpg\" alt=\"Bl2\" width=\"300\" height=\"225\" srcset=\"https:\/\/www.naturmed.de\/blog\/wp-content\/uploads\/2015\/04\/Bl2-300x225.jpg 300w, https:\/\/www.naturmed.de\/blog\/wp-content\/uploads\/2015\/04\/Bl2-768x576.jpg 768w, https:\/\/www.naturmed.de\/blog\/wp-content\/uploads\/2015\/04\/Bl2-90x68.jpg 90w, https:\/\/www.naturmed.de\/blog\/wp-content\/uploads\/2015\/04\/Bl2.jpg 959w\" sizes=\"auto, (max-width: 300px) 100vw, 300px\" \/><\/a>Bedeutung von Bl 2:<\/strong> Die in Falten gelegten Augenbrauen werden hier mit gerafften Bambusstangen verglichen.<\/p>\n<p><strong>Wo befindet sich der Akupunkturpunkt Bl 2:<\/strong> Am inneren Ende der Augenbraue, direkt \u00fcber dem inneren Augenwinkel.<br \/>\n<strong>Wirkung: <\/strong>Vertreibt Wind (ventus, feng), befreit die Netzbahnen und kl\u00e4rt die Sicht, beruhigt den Kopf<br \/>\n<strong>Indikation: <\/strong>Kopfschmerzen, Schlafst\u00f6rungen, Bindehautentz\u00fcndung (Konjunktivitis), Schnupfen, Schlafst\u00f6rungen. Bei Kindern wichtiger Punkt bei Erk\u00e4ltungen und Fieber ohne Schwei\u00df.<\/p>\n<hr \/>\n<h3><\/h3>\n<p>&nbsp;<\/p>\n<p><strong><a href=\"https:\/\/www.naturmed.de\/blog\/wp-content\/uploads\/2015\/04\/Bl10.jpg\"><img loading=\"lazy\" decoding=\"async\" class=\"alignleft size-medium wp-image-7357\" src=\"https:\/\/www.naturmed.de\/blog\/wp-content\/uploads\/2015\/04\/Bl10-300x225.jpg\" alt=\"Bl10\" width=\"300\" height=\"225\" srcset=\"https:\/\/www.naturmed.de\/blog\/wp-content\/uploads\/2015\/04\/Bl10-300x225.jpg 300w, https:\/\/www.naturmed.de\/blog\/wp-content\/uploads\/2015\/04\/Bl10-768x576.jpg 768w, https:\/\/www.naturmed.de\/blog\/wp-content\/uploads\/2015\/04\/Bl10-90x68.jpg 90w, https:\/\/www.naturmed.de\/blog\/wp-content\/uploads\/2015\/04\/Bl10.jpg 959w\" sizes=\"auto, (max-width: 300px) 100vw, 300px\" \/><\/a><\/strong><\/p>\n<h3 data-start=\"2189\" data-end=\"2234\"><strong data-start=\"2193\" data-end=\"2232\">Bl 10 \u2013 tianzhu (S\u00e4ule des Himmels)<\/strong><\/h3>\n<ul data-start=\"2235\" data-end=\"2526\">\n<li data-start=\"2235\" data-end=\"2357\">\n<p data-start=\"2237\" data-end=\"2357\"><strong data-start=\"2237\" data-end=\"2253\">Lokalisation<\/strong>: Am seitlichen Rand des Musculus trapezius, innerhalb der Haargrenze, 1,3 PZ lateral der Mittellinie.<\/p>\n<\/li>\n<li data-start=\"2358\" data-end=\"2425\">\n<p data-start=\"2360\" data-end=\"2425\"><strong data-start=\"2360\" data-end=\"2371\">Wirkung<\/strong>: Zerstreut Wind, l\u00f6st Blockaden, lindert Schmerzen.<\/p>\n<\/li>\n<li data-start=\"2426\" data-end=\"2526\">\n<p data-start=\"2428\" data-end=\"2526\"><strong data-start=\"2428\" data-end=\"2444\">Indikationen<\/strong>: Heftige Kopfschmerzen, Nackensteife, Schmerzen im R\u00fccken und in den Schultern.<\/p>\n<\/li>\n<\/ul>\n<hr \/>\n<h3><strong><a href=\"https:\/\/www.naturmed.de\/tcmakupunktur\/\"><img loading=\"lazy\" decoding=\"async\" class=\"aligncenter wp-image-16114 size-full\" src=\"https:\/\/www.naturmed.de\/blog\/wp-content\/uploads\/2022\/08\/Webbanner_Akupunktur300x250.jpg\" alt=\"\" width=\"300\" height=\"250\" srcset=\"https:\/\/www.naturmed.de\/blog\/wp-content\/uploads\/2022\/08\/Webbanner_Akupunktur300x250.jpg 300w, https:\/\/www.naturmed.de\/blog\/wp-content\/uploads\/2022\/08\/Webbanner_Akupunktur300x250-175x146.jpg 175w\" sizes=\"auto, (max-width: 300px) 100vw, 300px\" \/><\/a><br \/>\n<\/strong><\/h3>\n<p><strong><a href=\"https:\/\/www.naturmed.de\/blog\/wp-content\/uploads\/2015\/04\/Bl23.jpg\"><img loading=\"lazy\" decoding=\"async\" class=\"alignleft size-medium wp-image-7358\" src=\"https:\/\/www.naturmed.de\/blog\/wp-content\/uploads\/2015\/04\/Bl23-300x225.jpg\" alt=\"Bl23\" width=\"300\" height=\"225\" srcset=\"https:\/\/www.naturmed.de\/blog\/wp-content\/uploads\/2015\/04\/Bl23-300x225.jpg 300w, https:\/\/www.naturmed.de\/blog\/wp-content\/uploads\/2015\/04\/Bl23-768x576.jpg 768w, https:\/\/www.naturmed.de\/blog\/wp-content\/uploads\/2015\/04\/Bl23-90x68.jpg 90w, https:\/\/www.naturmed.de\/blog\/wp-content\/uploads\/2015\/04\/Bl23.jpg 959w\" sizes=\"auto, (max-width: 300px) 100vw, 300px\" \/><\/a><\/strong><\/p>\n<h3 data-start=\"2533\" data-end=\"2580\"><strong data-start=\"2537\" data-end=\"2578\">Bl 23 \u2013 shenshu (Shu-Punkt der Niere)<\/strong><\/h3>\n<ul data-start=\"2581\" data-end=\"2841\">\n<li data-start=\"2581\" data-end=\"2658\">\n<p data-start=\"2583\" data-end=\"2658\"><strong data-start=\"2583\" data-end=\"2599\">Lokalisation<\/strong>: 1,5 PZ lateral des Dornfortsatzes des 2. Lendenwirbels.<\/p>\n<\/li>\n<li data-start=\"2659\" data-end=\"2739\">\n<p data-start=\"2661\" data-end=\"2739\"><strong data-start=\"2661\" data-end=\"2672\">Wirkung<\/strong>: St\u00fctzt den Funktionskreis Niere, st\u00e4rkt Lenden, w\u00e4rmt das Yang.<\/p>\n<\/li>\n<li data-start=\"2740\" data-end=\"2841\">\n<p data-start=\"2742\" data-end=\"2841\"><strong data-start=\"2742\" data-end=\"2758\">Indikationen<\/strong>: R\u00fcckenschmerzen, allgemeine Schw\u00e4che, Unfruchtbarkeit, Bettn\u00e4ssen, K\u00e4ltegef\u00fchl.<\/p>\n<\/li>\n<\/ul>\n<hr \/>\n<h3><\/h3>\n<h3 data-start=\"2848\" data-end=\"2899\"><strong data-start=\"2852\" data-end=\"2897\">Bl 31\u201334 \u2013 baliao (Die acht Kellerl\u00f6cher)<\/strong><\/h3>\n<ul data-start=\"2900\" data-end=\"3193\">\n<li data-start=\"2900\" data-end=\"2961\">\n<p data-start=\"2902\" data-end=\"2961\"><strong data-start=\"2902\" data-end=\"2918\">Lokalisation<\/strong>: In den vier Kreuzbeinl\u00f6chern beidseits.<\/p>\n<\/li>\n<li data-start=\"2962\" data-end=\"3048\">\n<p data-start=\"2964\" data-end=\"3048\"><strong data-start=\"2964\" data-end=\"2975\">Wirkung<\/strong>: L\u00f6st Qi- und Blutblockaden, reguliert Unterleib und Bewegungsapparat.<\/p>\n<\/li>\n<li data-start=\"3049\" data-end=\"3193\">\n<p data-start=\"3051\" data-end=\"3193\"><strong data-start=\"3051\" data-end=\"3067\">Indikationen<\/strong>: Schmerzen im unteren R\u00fccken, Iliosakralblockaden, Bandscheibenprobleme, Cystitis, Prostatitis, gyn\u00e4kologische Beschwerden.<\/p>\n<\/li>\n<\/ul>\n<hr \/>\n<p><strong><a href=\"https:\/\/www.naturmed.de\/blog\/wp-content\/uploads\/2015\/04\/Bl40.jpg\"><img loading=\"lazy\" decoding=\"async\" class=\"alignleft size-medium wp-image-7360\" src=\"https:\/\/www.naturmed.de\/blog\/wp-content\/uploads\/2015\/04\/Bl40-300x225.jpg\" alt=\"Bl40\" width=\"300\" height=\"225\" srcset=\"https:\/\/www.naturmed.de\/blog\/wp-content\/uploads\/2015\/04\/Bl40-300x225.jpg 300w, https:\/\/www.naturmed.de\/blog\/wp-content\/uploads\/2015\/04\/Bl40-768x576.jpg 768w, https:\/\/www.naturmed.de\/blog\/wp-content\/uploads\/2015\/04\/Bl40-90x68.jpg 90w, https:\/\/www.naturmed.de\/blog\/wp-content\/uploads\/2015\/04\/Bl40.jpg 959w\" sizes=\"auto, (max-width: 300px) 100vw, 300px\" \/><\/a><\/strong><\/p>\n<h3 data-start=\"3200\" data-end=\"3252\"><strong data-start=\"3204\" data-end=\"3250\">Bl 40 \u2013 weizhong (Mitte des Staugew\u00e4ssers)<\/strong><\/h3>\n<ul data-start=\"3253\" data-end=\"3492\">\n<li data-start=\"3253\" data-end=\"3308\">\n<p data-start=\"3255\" data-end=\"3308\"><strong data-start=\"3255\" data-end=\"3271\">Lokalisation<\/strong>: In der Mitte der Kniekehlenfalte.<\/p>\n<\/li>\n<li data-start=\"3309\" data-end=\"3405\">\n<p data-start=\"3311\" data-end=\"3405\"><strong data-start=\"3311\" data-end=\"3322\">Wirkung<\/strong>: Befreit die Blasen-Leitbahn, reguliert Niere und Leber, st\u00e4rkt Lenden und Knie.<\/p>\n<\/li>\n<li data-start=\"3406\" data-end=\"3492\">\n<p data-start=\"3408\" data-end=\"3492\"><strong data-start=\"3408\" data-end=\"3424\">Indikationen<\/strong>: Akute und chronische R\u00fcckenschmerzen, Knieprobleme, Ischialgien.<\/p>\n<hr \/>\n<\/li>\n<\/ul>\n<p>&nbsp;<\/p>\n<p>&nbsp;<\/p>\n<p><strong><a href=\"https:\/\/www.naturmed.de\/blog\/wp-content\/uploads\/2015\/04\/Bl57.jpg\"><img loading=\"lazy\" decoding=\"async\" class=\"alignleft size-medium wp-image-7359\" src=\"https:\/\/www.naturmed.de\/blog\/wp-content\/uploads\/2015\/04\/Bl57-300x225.jpg\" alt=\"Bl57\" width=\"300\" height=\"225\" srcset=\"https:\/\/www.naturmed.de\/blog\/wp-content\/uploads\/2015\/04\/Bl57-300x225.jpg 300w, https:\/\/www.naturmed.de\/blog\/wp-content\/uploads\/2015\/04\/Bl57-768x576.jpg 768w, https:\/\/www.naturmed.de\/blog\/wp-content\/uploads\/2015\/04\/Bl57-90x68.jpg 90w, https:\/\/www.naturmed.de\/blog\/wp-content\/uploads\/2015\/04\/Bl57.jpg 959w\" sizes=\"auto, (max-width: 300px) 100vw, 300px\" \/><\/a><\/strong><\/p>\n<h3 data-start=\"3499\" data-end=\"3548\"><strong data-start=\"3503\" data-end=\"3546\">Bl 57 \u2013 chengshan (S\u00e4ule des Fleisches)<\/strong><\/h3>\n<ul data-start=\"3549\" data-end=\"3810\">\n<li data-start=\"3549\" data-end=\"3656\">\n<p data-start=\"3551\" data-end=\"3656\"><strong data-start=\"3551\" data-end=\"3567\">Lokalisation<\/strong>: Zwischen den Muskelstr\u00e4ngen des Gastrocnemius, in der Mitte zwischen Bl 40 und Bl 60.<\/p>\n<\/li>\n<li data-start=\"3657\" data-end=\"3728\">\n<p data-start=\"3659\" data-end=\"3728\"><strong data-start=\"3659\" data-end=\"3670\">Wirkung<\/strong>: L\u00f6st Hitze und Feuchtigkeit, reguliert Milz und Leber.<\/p>\n<\/li>\n<li data-start=\"3729\" data-end=\"3810\">\n<p data-start=\"3731\" data-end=\"3810\"><strong data-start=\"3731\" data-end=\"3747\">Indikationen<\/strong>: H\u00e4morrhoiden, Schmerzen in Beinen und R\u00fccken, Wadenkr\u00e4mpfe.<\/p>\n<\/li>\n<\/ul>\n<p>&nbsp;<\/p>\n<hr \/>\n<p>&nbsp;<\/p>\n<p><strong><a href=\"https:\/\/www.naturmed.de\/blog\/wp-content\/uploads\/2015\/04\/Bl60.jpg\"><img loading=\"lazy\" decoding=\"async\" class=\"alignleft size-medium wp-image-7361\" src=\"https:\/\/www.naturmed.de\/blog\/wp-content\/uploads\/2015\/04\/Bl60-300x225.jpg\" alt=\"Bl60\" width=\"300\" height=\"225\" srcset=\"https:\/\/www.naturmed.de\/blog\/wp-content\/uploads\/2015\/04\/Bl60-300x225.jpg 300w, https:\/\/www.naturmed.de\/blog\/wp-content\/uploads\/2015\/04\/Bl60-768x576.jpg 768w, https:\/\/www.naturmed.de\/blog\/wp-content\/uploads\/2015\/04\/Bl60-90x68.jpg 90w, https:\/\/www.naturmed.de\/blog\/wp-content\/uploads\/2015\/04\/Bl60.jpg 959w\" sizes=\"auto, (max-width: 300px) 100vw, 300px\" \/><\/a><\/strong><\/p>\n<h3 data-start=\"3817\" data-end=\"3857\"><strong data-start=\"3821\" data-end=\"3855\">Bl 60 \u2013 kunlun (Heiliger Berg)<\/strong><\/h3>\n<ul data-start=\"3858\" data-end=\"4116\">\n<li data-start=\"3858\" data-end=\"3934\">\n<p data-start=\"3860\" data-end=\"3934\"><strong data-start=\"3860\" data-end=\"3876\">Lokalisation<\/strong>: Auf der Linie zwischen Au\u00dfenkn\u00f6chel und Achillessehne.<\/p>\n<\/li>\n<li data-start=\"3935\" data-end=\"4017\">\n<p data-start=\"3937\" data-end=\"4017\"><strong data-start=\"3937\" data-end=\"3948\">Wirkung<\/strong>: Harmonisiert den gesamten Bewegungsapparat, st\u00fctzt das Nieren-Qi.<\/p>\n<\/li>\n<li data-start=\"4018\" data-end=\"4116\">\n<p data-start=\"4020\" data-end=\"4116\"><strong data-start=\"4020\" data-end=\"4036\">Indikationen<\/strong>: Kopfschmerzen, Nackenverspannung, R\u00fcckenschmerzen, Sprunggelenksbeschwerden.<\/p>\n<\/li>\n<\/ul>\n<hr \/>\n<p>&nbsp;<\/p>\n<h2>Hier eine kurze Zusammenfassung der wichtigsten\u00a0Blasen-Punkte<\/h2>\n<ul>\n<li style=\"list-style-type: none;\">\n<ul>\n<li style=\"list-style-type: none;\">\n<ul>\n<li style=\"list-style-type: none;\">\n<ul>\n<li style=\"list-style-type: none;\">\n<ul>\n<li style=\"list-style-type: none;\">\n<ul>\n<li style=\"list-style-type: none;\">\n<ul>\n<li style=\"list-style-type: none;\">\n<ul data-start=\"4169\" data-end=\"4381\">\n<li data-start=\"4169\" data-end=\"4210\">\n<p data-start=\"4171\" data-end=\"4210\"><strong data-start=\"4171\" data-end=\"4180\">Bl 10<\/strong> \u2013 Nacken- und Kopfschmerzen<\/p>\n<\/li>\n<li data-start=\"4211\" data-end=\"4246\">\n<p data-start=\"4213\" data-end=\"4246\"><strong data-start=\"4213\" data-end=\"4222\">Bl 23<\/strong> \u2013 st\u00e4rkt Niere &amp; Yang<\/p>\n<\/li>\n<li data-start=\"4247\" data-end=\"4295\">\n<p data-start=\"4249\" data-end=\"4295\"><strong data-start=\"4249\" data-end=\"4258\">Bl 40<\/strong> \u2013 Meisterpunkt bei R\u00fcckenschmerzen<\/p>\n<\/li>\n<li data-start=\"4296\" data-end=\"4338\">\n<p data-start=\"4298\" data-end=\"4338\"><strong data-start=\"4298\" data-end=\"4307\">Bl 57<\/strong> \u2013 klassisch bei H\u00e4morrhoiden<\/p>\n<\/li>\n<li data-start=\"4339\" data-end=\"4381\">\n<p data-start=\"4341\" data-end=\"4381\"><strong data-start=\"4341\" data-end=\"4350\">Bl 60<\/strong> \u2013 reguliert Bewegungsapparat<\/p>\n<hr \/>\n<p data-start=\"4341\" data-end=\"4381\">\n<\/li>\n<\/ul>\n<\/li>\n<\/ul>\n<\/li>\n<\/ul>\n<\/li>\n<\/ul>\n<\/li>\n<\/ul>\n<\/li>\n<\/ul>\n<\/li>\n<\/ul>\n<\/li>\n<\/ul>\n","protected":false},"excerpt":{"rendered":"<p>Hauptleitbahn und Akupunkturpunkte des Funktionskreises Blase &nbsp; Der Verlauf des Blasen-Meridians Der Blasen-Meridian (Bl, taiyang der Fu\u00dfleitbahnen) ist der l\u00e4ngste Meridian des K\u00f6rpers mit insgesamt 67 Punkten. Er beginnt am inneren Augenwinkel, zieht \u00fcber Stirn, Kopf und Nacken zum R\u00fccken, wo er sich in zwei Str\u00e4nge aufteilt. Von dort verl\u00e4uft er beidseitig entlang der Wirbels\u00e4ule, [&hellip;]<\/p>\n","protected":false},"author":2,"featured_media":7358,"parent":7855,"menu_order":0,"comment_status":"closed","ping_status":"closed","template":"","meta":{"footnotes":""},"class_list":["post-7363","page","type-page","status-publish","has-post-thumbnail","hentry","has-post-title","has-post-date","has-post-category","has-post-tag","has-post-comment","has-post-author",""],"_links":{"self":[{"href":"https:\/\/www.naturmed.de\/blog\/wp-json\/wp\/v2\/pages\/7363","targetHints":{"allow":["GET"]}}],"collection":[{"href":"https:\/\/www.naturmed.de\/blog\/wp-json\/wp\/v2\/pages"}],"about":[{"href":"https:\/\/www.naturmed.de\/blog\/wp-json\/wp\/v2\/types\/page"}],"author":[{"embeddable":true,"href":"https:\/\/www.naturmed.de\/blog\/wp-json\/wp\/v2\/users\/2"}],"replies":[{"embeddable":true,"href":"https:\/\/www.naturmed.de\/blog\/wp-json\/wp\/v2\/comments?post=7363"}],"version-history":[{"count":22,"href":"https:\/\/www.naturmed.de\/blog\/wp-json\/wp\/v2\/pages\/7363\/revisions"}],"predecessor-version":[{"id":18080,"href":"https:\/\/www.naturmed.de\/blog\/wp-json\/wp\/v2\/pages\/7363\/revisions\/18080"}],"up":[{"embeddable":true,"href":"https:\/\/www.naturmed.de\/blog\/wp-json\/wp\/v2\/pages\/7855"}],"wp:featuredmedia":[{"embeddable":true,"href":"https:\/\/www.naturmed.de\/blog\/wp-json\/wp\/v2\/media\/7358"}],"wp:attachment":[{"href":"https:\/\/www.naturmed.de\/blog\/wp-json\/wp\/v2\/media?parent=7363"}],"curies":[{"name":"wp","href":"https:\/\/api.w.org\/{rel}","templated":true}]}}