{"id":7372,"date":"2015-04-29T11:27:12","date_gmt":"2015-04-29T09:27:12","guid":{"rendered":"https:\/\/www.naturmed.de\/blog\/?page_id=7372"},"modified":"2021-12-03T11:24:40","modified_gmt":"2021-12-03T10:24:40","slug":"akupunkturpunkte-des-duenndarmmeridian","status":"publish","type":"page","link":"https:\/\/www.naturmed.de\/blog\/akupunkturpunkte-uebersicht\/akupunkturpunkte-des-duenndarmmeridian\/","title":{"rendered":"Akupunkturpunkte des D\u00fcnndarm-Meridian"},"content":{"rendered":"<h2><strong>Hauptleitbahn und Akupunkturpunkte des Funktionskreises D\u00fcnndarm<\/strong><\/h2>\n<p><a href=\"https:\/\/www.naturmed.de\/blog\/wp-content\/uploads\/2015\/04\/d\u00fcnndarm.png\"><img loading=\"lazy\" decoding=\"async\" class=\"alignleft wp-image-7459\" src=\"https:\/\/www.naturmed.de\/blog\/wp-content\/uploads\/2015\/04\/d\u00fcnndarm-212x300.png\" alt=\"d\u00fcnndarm\" width=\"327\" height=\"463\" srcset=\"https:\/\/www.naturmed.de\/blog\/wp-content\/uploads\/2015\/04\/d\u00fcnndarm-212x300.png 212w, https:\/\/www.naturmed.de\/blog\/wp-content\/uploads\/2015\/04\/d\u00fcnndarm.png 487w\" sizes=\"auto, (max-width: 327px) 100vw, 327px\" \/><\/a>Vom \u00e4u\u00dferesten Nagelwinkel des kleinen Fingers \u00fcber die Handkante und die extreme Au\u00dfenseite des Arms verbindet der D\u00fcnndarm-Meridian im Zickzackmuster mehrere Akupunkturpunkte auf der Schulter und f\u00fchrt diese anschlie\u00dfend \u00fcber den Hals zum Ohr, wo sie nun endet. Aus dem Verlauf auf der extremen Au\u00dfenseite von Hand, Arm, Schulter und R\u00fccken lassen sich die Funktion und Einordnung erschlie\u00dfen. Der Meridian gilt als Gro\u00dfes Yang (taiyang), sie durchl\u00e4uft K\u00f6rperregionen, die als \u00e4u\u00dferste Oberfl\u00e4che (extima, biao) gelten, auf die Wind (ventus, feng) als erstes auftrifft. Nach der Theorie der Chinesischen Medizin ist der D\u00fcnndarm-Meridian dem Yin zugeordnet. Die Meridian des Funktionskreises Herz mit dem Funktionskreis D\u00fcnndarm als Yin- und Yang-Paar verbunden ist. Mit unserer westlichen anatomischen und physiologischen Vorstellung vom D\u00fcnndarm hat dieser Meridian wenig gemein.<\/p>\n<p>&nbsp;<\/p>\n<p>&nbsp;<\/p>\n<p>&nbsp;<\/p>\n<h3><strong>Akupunkturpunkt D\u00fc 3 (IT 3, houxi) Der hintere Wasserlauf <\/strong><\/h3>\n<p>&nbsp;<\/p>\n<p><strong><a href=\"https:\/\/www.naturmed.de\/blog\/wp-content\/uploads\/2015\/04\/D\u00fc-3.jpg\"><img loading=\"lazy\" decoding=\"async\" class=\"alignleft wp-image-7574\" src=\"https:\/\/www.naturmed.de\/blog\/wp-content\/uploads\/2015\/04\/D\u00fc-3-300x169.jpg\" alt=\"D\u00fc-3\" width=\"311\" height=\"175\" srcset=\"https:\/\/www.naturmed.de\/blog\/wp-content\/uploads\/2015\/04\/D\u00fc-3-300x169.jpg 300w, https:\/\/www.naturmed.de\/blog\/wp-content\/uploads\/2015\/04\/D\u00fc-3.jpg 600w\" sizes=\"auto, (max-width: 311px) 100vw, 311px\" \/><\/a><br \/>\nBedeutung von D\u00fc 3:<\/strong> Der Name weist auf den Verlauf der Meridiane und des Energieflusses auf der Handkante bzw. Hinterseite hin.<\/p>\n<p><strong>Wo befindet sich der Akupunkturpunkt D\u00fc 3: <\/strong>Der Akupunkturpunkt liegt vor dem Gelenk zwischen dem 5. Mittelhandknochen und der Grundphalanx des kleinen Fingers an der Au\u00dfenseite, an der sogenannten Grenze zwischen rotem und wei\u00dfem Fleisch. Dieser Akupunkturpunkt kann bei geballter Faust leicht an der Spitze der sich dann bildenden Falte lokalisiert werden.<br \/>\n<strong>TCM Wirkung: <\/strong>L\u00f6st Kr\u00e4mpfe des Bewegungsapparates, zerstreut krankheitsausl\u00f6sende Faktoren in der Meridiane; auch kann \u00fcber Verbindungen des Dumai \u2013Meridians, die auf der Mittellinie am R\u00fccken verl\u00e4uft, durchg\u00e4ngig gemacht werden.<br \/>\n<strong>D\u00fc 3 hilft bei:<\/strong> Schmerzen in Arm, Schulter und Nacken, Nackensteife (Torticollis), chronisches Schulter-Arm-Syndrom (frozen shoulder), R\u00fcckenschmerzen, Lumbago, Tinnitus, Schwerh\u00f6rigkeit<\/p>\n<h3><strong>Akupunkturpunkt D\u00fc 9 (IT 9, jianzhen) Geradheit der Schulter <\/strong><\/h3>\n<p><strong>Wo befindet sich der Akupunkturpunkt D\u00fc 9:<\/strong> Wenn man aufrecht sitzt oder gerade liegt und seinen Arm an den Brustkorb dr\u00fcckt, liegt der Akupunkturpunkt D\u00fc 9, 1 PZ \u00fcber der hinteren Axillarfalte am Hinterrand des Deltamuskels (Musculus deltoideus)<br \/>\n<strong>TCM Wirkung: <\/strong>Durch Behandlung dieses Akupunkturpunktes werden die Netzbahnen der Schulter und des Arms von Blockaden durch Wind (ventus, feng), Feuchtigkeit- Wind (humor venti, fengshi), und K\u00e4lte (algor, han) (Bi-Blockaden, bizheng, occlusiones) befreit, die rheumatoide Beschwerdebilder verursachen.<br \/>\n<strong>D\u00fc 9 hilft bei: <\/strong>Schmerzen in der Schulter, steife Schulter, frozen shoulder, L\u00e4hmungen in diesem Bereich<\/p>\n<hr \/>\n<h2>Sie wollen noch mehr \u00fcber die Akupunkturpunkte wissen?<\/h2>\n<p>Lesen Sie diesen Artikel &gt;&gt; <a href=\"https:\/\/www.naturmed.de\/blog\/tcm-akupunktur\/akupunkturpunkte-finden\/\">Akupunkturpunkte finden<\/a><\/p>\n<p><a href=\"https:\/\/www.naturmed.de\/blog\/tcm-akupunktur\/akupunkturpunkte-finden\/\"><img loading=\"lazy\" decoding=\"async\" class=\"alignnone size-full wp-image-15903\" src=\"https:\/\/www.naturmed.de\/blog\/wp-content\/uploads\/2021\/11\/Akupunkte-finden-2.jpg\" alt=\"\" width=\"1000\" height=\"402\" srcset=\"https:\/\/www.naturmed.de\/blog\/wp-content\/uploads\/2021\/11\/Akupunkte-finden-2.jpg 1000w, https:\/\/www.naturmed.de\/blog\/wp-content\/uploads\/2021\/11\/Akupunkte-finden-2-300x121.jpg 300w, https:\/\/www.naturmed.de\/blog\/wp-content\/uploads\/2021\/11\/Akupunkte-finden-2-175x70.jpg 175w, https:\/\/www.naturmed.de\/blog\/wp-content\/uploads\/2021\/11\/Akupunkte-finden-2-450x181.jpg 450w, https:\/\/www.naturmed.de\/blog\/wp-content\/uploads\/2021\/11\/Akupunkte-finden-2-768x309.jpg 768w\" sizes=\"auto, (max-width: 1000px) 100vw, 1000px\" \/><\/a><\/p>\n","protected":false},"excerpt":{"rendered":"<p>Hauptleitbahn und Akupunkturpunkte des Funktionskreises D\u00fcnndarm Vom \u00e4u\u00dferesten Nagelwinkel des kleinen Fingers \u00fcber die Handkante und die extreme Au\u00dfenseite des Arms verbindet der D\u00fcnndarm-Meridian im Zickzackmuster mehrere Akupunkturpunkte auf der Schulter und f\u00fchrt diese anschlie\u00dfend \u00fcber den Hals zum Ohr, wo sie nun endet. Aus dem Verlauf auf der extremen Au\u00dfenseite von Hand, Arm, Schulter [&hellip;]<\/p>\n","protected":false},"author":2,"featured_media":7574,"parent":7855,"menu_order":0,"comment_status":"closed","ping_status":"closed","template":"","meta":{"footnotes":""},"class_list":["post-7372","page","type-page","status-publish","has-post-thumbnail","hentry","has-post-title","has-post-date","has-post-category","has-post-tag","has-post-comment","has-post-author",""],"_links":{"self":[{"href":"https:\/\/www.naturmed.de\/blog\/wp-json\/wp\/v2\/pages\/7372","targetHints":{"allow":["GET"]}}],"collection":[{"href":"https:\/\/www.naturmed.de\/blog\/wp-json\/wp\/v2\/pages"}],"about":[{"href":"https:\/\/www.naturmed.de\/blog\/wp-json\/wp\/v2\/types\/page"}],"author":[{"embeddable":true,"href":"https:\/\/www.naturmed.de\/blog\/wp-json\/wp\/v2\/users\/2"}],"replies":[{"embeddable":true,"href":"https:\/\/www.naturmed.de\/blog\/wp-json\/wp\/v2\/comments?post=7372"}],"version-history":[{"count":11,"href":"https:\/\/www.naturmed.de\/blog\/wp-json\/wp\/v2\/pages\/7372\/revisions"}],"predecessor-version":[{"id":15930,"href":"https:\/\/www.naturmed.de\/blog\/wp-json\/wp\/v2\/pages\/7372\/revisions\/15930"}],"up":[{"embeddable":true,"href":"https:\/\/www.naturmed.de\/blog\/wp-json\/wp\/v2\/pages\/7855"}],"wp:featuredmedia":[{"embeddable":true,"href":"https:\/\/www.naturmed.de\/blog\/wp-json\/wp\/v2\/media\/7574"}],"wp:attachment":[{"href":"https:\/\/www.naturmed.de\/blog\/wp-json\/wp\/v2\/media?parent=7372"}],"curies":[{"name":"wp","href":"https:\/\/api.w.org\/{rel}","templated":true}]}}