{"id":7378,"date":"2015-04-29T11:32:35","date_gmt":"2015-04-29T09:32:35","guid":{"rendered":"https:\/\/www.naturmed.de\/blog\/?page_id=7378"},"modified":"2025-09-05T21:08:27","modified_gmt":"2025-09-05T19:08:27","slug":"akupunkturpunkte-des-gallenblasenmeridian","status":"publish","type":"page","link":"https:\/\/www.naturmed.de\/blog\/akupunkturpunkte-uebersicht\/akupunkturpunkte-des-gallenblasenmeridian\/","title":{"rendered":"Akupunkturpunkte des Gallenblasen-Meridian"},"content":{"rendered":"<h2><strong><a href=\"https:\/\/www.naturmed.de\/blog\/wp-content\/uploads\/2015\/04\/gallenblase.jpg\"><img loading=\"lazy\" decoding=\"async\" class=\"alignleft wp-image-7479\" src=\"https:\/\/www.naturmed.de\/blog\/wp-content\/uploads\/2015\/04\/gallenblase-212x300.jpg\" alt=\"gallenblase\" width=\"308\" height=\"436\" srcset=\"https:\/\/www.naturmed.de\/blog\/wp-content\/uploads\/2015\/04\/gallenblase-212x300.jpg 212w, https:\/\/www.naturmed.de\/blog\/wp-content\/uploads\/2015\/04\/gallenblase.jpg 595w\" sizes=\"auto, (max-width: 308px) 100vw, 308px\" \/><\/a><\/strong><\/h2>\n<h2 data-start=\"231\" data-end=\"304\">Akupunkturpunkte des Gallenblasenmeridians (Funktionskreis Gallenblase)<\/h2>\n<h2 data-start=\"306\" data-end=\"334\">Der Verlauf der Gallenblasen-Leitbahn<\/h2>\n<p data-start=\"335\" data-end=\"625\">Der Gallenblasen-Meridian beginnt am \u00e4u\u00dferen Augenwinkel, zieht im Zickzack um das Ohr zum Hinterkopf und verl\u00e4uft seitlich \u00fcber Brustkorb, Bauch und H\u00fcfte zum Bein. Dort f\u00fchrt er weiter an der Au\u00dfenseite des Beines nach unten und endet am Nagelwinkel der 4. Zehe.<\/p>\n<p data-start=\"627\" data-end=\"891\">Der Gallenblasen-Meridian ist dem Shaoyang (Junges Yang) zugeordnet. Gemeinsam mit dem Yin-Funktionskreis Leber reguliert er den harmonischen Fluss des Qi. Anatomisch ist er eng mit dem Bewegungsapparat \u2013 Sehnen, Muskeln und Gelenken \u2013 verbunden.<\/p>\n<p data-start=\"893\" data-end=\"1066\">\u00dcber die Leitbahn lassen sich St\u00f6rungen des Bewegungsapparats beeinflussen. Aufgrund des Leitbahnverlaufs k\u00f6nnen aber auch Augen- und Ohrprobleme behandelt werden.<\/p>\n<p data-start=\"893\" data-end=\"1066\">\n<p data-start=\"893\" data-end=\"1066\">\n<hr data-start=\"1068\" data-end=\"1071\" \/>\n<h2 data-start=\"1073\" data-end=\"1117\">Wichtige Akupunkturpunkte der Gallenblase<\/h2>\n<h3 data-start=\"1119\" data-end=\"1182\"><strong><a href=\"https:\/\/www.naturmed.de\/blog\/wp-content\/uploads\/2015\/04\/Gb1.jpg\"><img loading=\"lazy\" decoding=\"async\" class=\"alignleft wp-image-7379\" src=\"https:\/\/www.naturmed.de\/blog\/wp-content\/uploads\/2015\/04\/Gb1-300x225.jpg\" alt=\"Gb1\" width=\"172\" height=\"129\" srcset=\"https:\/\/www.naturmed.de\/blog\/wp-content\/uploads\/2015\/04\/Gb1-300x225.jpg 300w, https:\/\/www.naturmed.de\/blog\/wp-content\/uploads\/2015\/04\/Gb1-768x576.jpg 768w, https:\/\/www.naturmed.de\/blog\/wp-content\/uploads\/2015\/04\/Gb1-90x68.jpg 90w, https:\/\/www.naturmed.de\/blog\/wp-content\/uploads\/2015\/04\/Gb1.jpg 959w\" sizes=\"auto, (max-width: 172px) 100vw, 172px\" \/><\/a><\/strong>Gallenblase 1 (Gb 1, tongziliao) \u2013 <em data-start=\"1158\" data-end=\"1182\">Kellerloch der Pupille<\/em><\/h3>\n<p data-start=\"1183\" data-end=\"1413\"><strong data-start=\"1183\" data-end=\"1192\">Lage:<\/strong> 0,5 PZ seitlich des \u00e4u\u00dferen Augenwinkels, in einer tastbaren Knochenmulde.<br data-start=\"1267\" data-end=\"1270\" \/><strong data-start=\"1270\" data-end=\"1288\">Wirkung (TCM):<\/strong> Besonders geeignet bei Kindern, zur Selbstmassage bei Erk\u00e4ltungen, Augenreizungen, Sehst\u00f6rungen, Kurzsichtigkeit (Myopie).<\/p>\n<p data-start=\"1183\" data-end=\"1413\">\n<hr data-start=\"1415\" data-end=\"1418\" \/>\n<h3 data-start=\"1420\" data-end=\"1476\"><strong><a href=\"https:\/\/www.naturmed.de\/blog\/wp-content\/uploads\/2015\/04\/Gb20.jpg\"><img loading=\"lazy\" decoding=\"async\" class=\"alignleft wp-image-7380\" src=\"https:\/\/www.naturmed.de\/blog\/wp-content\/uploads\/2015\/04\/Gb20-300x225.jpg\" alt=\"Gb20\" width=\"182\" height=\"136\" srcset=\"https:\/\/www.naturmed.de\/blog\/wp-content\/uploads\/2015\/04\/Gb20-300x225.jpg 300w, https:\/\/www.naturmed.de\/blog\/wp-content\/uploads\/2015\/04\/Gb20-768x576.jpg 768w, https:\/\/www.naturmed.de\/blog\/wp-content\/uploads\/2015\/04\/Gb20-90x68.jpg 90w, https:\/\/www.naturmed.de\/blog\/wp-content\/uploads\/2015\/04\/Gb20.jpg 959w\" sizes=\"auto, (max-width: 182px) 100vw, 182px\" \/><\/a><\/strong>Gallenblase 20 (Gb 20, fengchi) \u2013 <em data-start=\"1458\" data-end=\"1476\">Teich des Windes<\/em><\/h3>\n<p data-start=\"1477\" data-end=\"1785\"><strong data-start=\"1477\" data-end=\"1486\">Lage:<\/strong> Im Nacken, auf der Haargrenze, zwischen den Muskelans\u00e4tzen von <em data-start=\"1550\" data-end=\"1570\">Musculus trapezius<\/em> und <em data-start=\"1575\" data-end=\"1608\">Musculus sternocleidomastoideus<\/em>.<br data-start=\"1609\" data-end=\"1612\" \/><strong data-start=\"1612\" data-end=\"1630\">Wirkung (TCM):<\/strong> Zerstreut Wind (<em data-start=\"1647\" data-end=\"1653\">feng<\/em>) und Hitze (<em data-start=\"1666\" data-end=\"1673\">calor<\/em>), kl\u00e4rt Geh\u00f6r und Sicht.<br data-start=\"1698\" data-end=\"1701\" \/><strong data-start=\"1701\" data-end=\"1715\">Hilft bei:<\/strong> Kopfschmerzen, Migr\u00e4ne, Erk\u00e4ltungen, steifem Hals, frozen shoulder.<\/p>\n<p data-start=\"1477\" data-end=\"1785\">\n<hr data-start=\"1787\" data-end=\"1790\" \/>\n<h3><strong><a href=\"https:\/\/www.naturmed.de\/blog\/wp-content\/uploads\/2015\/04\/Gb21.jpg\"><img loading=\"lazy\" decoding=\"async\" class=\"alignleft wp-image-7381\" src=\"https:\/\/www.naturmed.de\/blog\/wp-content\/uploads\/2015\/04\/Gb21-300x225.jpg\" alt=\"Gb21\" width=\"187\" height=\"140\" srcset=\"https:\/\/www.naturmed.de\/blog\/wp-content\/uploads\/2015\/04\/Gb21-300x225.jpg 300w, https:\/\/www.naturmed.de\/blog\/wp-content\/uploads\/2015\/04\/Gb21-768x576.jpg 768w, https:\/\/www.naturmed.de\/blog\/wp-content\/uploads\/2015\/04\/Gb21-90x68.jpg 90w, https:\/\/www.naturmed.de\/blog\/wp-content\/uploads\/2015\/04\/Gb21.jpg 959w\" sizes=\"auto, (max-width: 187px) 100vw, 187px\" \/><\/a><\/strong><\/h3>\n<h3 data-start=\"1792\" data-end=\"1853\">Gallenblase 21 (Gb 21, jianjing) \u2013 <em data-start=\"1831\" data-end=\"1853\">Brunnen der Schulter<\/em><\/h3>\n<p data-start=\"1854\" data-end=\"2241\"><strong data-start=\"1854\" data-end=\"1863\">Lage:<\/strong> Am h\u00f6chsten Punkt der Schulter, in der Mitte der Verbindungslinie zwischen dem Rabenschnabelfortsatz (<em data-start=\"1966\" data-end=\"1976\">Akromion<\/em>) und dem Dornfortsatz des 7. Halswirbels.<br data-start=\"2018\" data-end=\"2021\" \/><strong data-start=\"2021\" data-end=\"2039\">Wirkung (TCM):<\/strong> L\u00f6st den Qi-Fluss, leitet krankheitsausl\u00f6sende Faktoren aus, lindert Schmerzen.<br data-start=\"2119\" data-end=\"2122\" \/><strong data-start=\"2122\" data-end=\"2136\">Hilft bei:<\/strong> Steifer Hals (Torticollis), Schulterschmerzen, frozen shoulder, Bewegungseinschr\u00e4nkungen der Schulter.<\/p>\n<hr data-start=\"2243\" data-end=\"2246\" \/>\n<h3 data-start=\"2248\" data-end=\"2324\"><strong><a href=\"https:\/\/www.naturmed.de\/blog\/wp-content\/uploads\/2015\/04\/Gb30.jpg\"><img loading=\"lazy\" decoding=\"async\" class=\"alignleft wp-image-7382\" src=\"https:\/\/www.naturmed.de\/blog\/wp-content\/uploads\/2015\/04\/Gb30-300x225.jpg\" alt=\"Gb30\" width=\"207\" height=\"155\" srcset=\"https:\/\/www.naturmed.de\/blog\/wp-content\/uploads\/2015\/04\/Gb30-300x225.jpg 300w, https:\/\/www.naturmed.de\/blog\/wp-content\/uploads\/2015\/04\/Gb30-768x576.jpg 768w, https:\/\/www.naturmed.de\/blog\/wp-content\/uploads\/2015\/04\/Gb30-90x68.jpg 90w, https:\/\/www.naturmed.de\/blog\/wp-content\/uploads\/2015\/04\/Gb30.jpg 959w\" sizes=\"auto, (max-width: 207px) 100vw, 207px\" \/><\/a><\/strong>Gallenblase 30 (Gb 30, huantiao) \u2013 <em data-start=\"2287\" data-end=\"2324\">Angelpunkt des Oberschenkelknochens<\/em><\/h3>\n<p data-start=\"2325\" data-end=\"2669\"><strong data-start=\"2325\" data-end=\"2334\">Lage:<\/strong> Auf der Verbindungslinie zwischen <em data-start=\"2369\" data-end=\"2387\">Trochanter major<\/em> (h\u00f6chster Punkt des Oberschenkelknochens) und Kreuzbein, zwischen \u00e4u\u00dferem und mittlerem Drittel.<br data-start=\"2484\" data-end=\"2487\" \/><strong data-start=\"2487\" data-end=\"2505\">Wirkung (TCM):<\/strong> Vertreibt Wind (<em data-start=\"2522\" data-end=\"2528\">feng<\/em>), K\u00e4lte (<em data-start=\"2538\" data-end=\"2543\">han<\/em>) und Feuchtigkeit (<em data-start=\"2563\" data-end=\"2568\">shi<\/em>), \u00f6ffnet die Leitbahnen im Bein.<br data-start=\"2601\" data-end=\"2604\" \/><strong data-start=\"2604\" data-end=\"2618\">Hilft bei:<\/strong> L\u00e4hmungen, Bandscheibenprolaps, R\u00fcckenschmerzen.<\/p>\n<p data-start=\"2325\" data-end=\"2669\">\n<hr data-start=\"2671\" data-end=\"2674\" \/>\n<h3 data-start=\"2676\" data-end=\"2745\"><strong><a href=\"https:\/\/www.naturmed.de\/blog\/wp-content\/uploads\/2015\/04\/Gb34.jpg\"><img loading=\"lazy\" decoding=\"async\" class=\"alignleft wp-image-7383\" src=\"https:\/\/www.naturmed.de\/blog\/wp-content\/uploads\/2015\/04\/Gb34-300x225.jpg\" alt=\"Gb34\" width=\"255\" height=\"191\" srcset=\"https:\/\/www.naturmed.de\/blog\/wp-content\/uploads\/2015\/04\/Gb34-300x225.jpg 300w, https:\/\/www.naturmed.de\/blog\/wp-content\/uploads\/2015\/04\/Gb34-768x576.jpg 768w, https:\/\/www.naturmed.de\/blog\/wp-content\/uploads\/2015\/04\/Gb34-90x68.jpg 90w, https:\/\/www.naturmed.de\/blog\/wp-content\/uploads\/2015\/04\/Gb34.jpg 959w\" sizes=\"auto, (max-width: 255px) 100vw, 255px\" \/><\/a><\/strong>Gallenblase 34 (Gb 34, yanglingquan) \u2013 <em data-start=\"2719\" data-end=\"2745\">Quelle am Yang-Grabh\u00fcgel<\/em><\/h3>\n<p data-start=\"2746\" data-end=\"3217\"><strong data-start=\"2746\" data-end=\"2760\">Bedeutung:<\/strong> Das \u201eGrabh\u00fcgel\u201c-Bild bezieht sich auf das K\u00f6pfchen des Wadenbeins, eine kleine Erhebung auf der Au\u00dfenseite.<br data-start=\"2868\" data-end=\"2871\" \/><strong data-start=\"2871\" data-end=\"2880\">Lage:<\/strong> Direkt vor dem K\u00f6pfchen des Wadenbeins.<br data-start=\"2920\" data-end=\"2923\" \/><strong data-start=\"2923\" data-end=\"2941\">Wirkung (TCM):<\/strong> Kr\u00e4ftigt Qi im mittleren und unteren Calorium, harmonisiert die Funktionskreise Leber, Niere, Milz und Gallenblase. Festigt Knochen und Bewegungsapparat.<br data-start=\"3095\" data-end=\"3098\" \/><strong data-start=\"3098\" data-end=\"3112\">Hilft bei:<\/strong> Muskelschmerzen, Verspannungen, Schmerzen unter den Rippen, Knieschmerzen, Migr\u00e4ne, Schulterschmerzen.<\/p>\n<p data-start=\"2746\" data-end=\"3217\">\n<hr data-start=\"3219\" data-end=\"3222\" \/>\n<h3 data-start=\"3224\" data-end=\"3252\">Gallenblase 41 (Gb 41)<\/h3>\n<p data-start=\"3253\" data-end=\"3283\"><em data-start=\"3253\" data-end=\"3281\"><a href=\"https:\/\/www.naturmed.de\/blog\/wp-content\/uploads\/2015\/04\/Gb-41.jpg\"><img loading=\"lazy\" decoding=\"async\" class=\"alignleft size-medium wp-image-7567\" src=\"https:\/\/www.naturmed.de\/blog\/wp-content\/uploads\/2015\/04\/Gb-41-300x169.jpg\" alt=\"Gb-41\" width=\"300\" height=\"169\" srcset=\"https:\/\/www.naturmed.de\/blog\/wp-content\/uploads\/2015\/04\/Gb-41-300x169.jpg 300w, https:\/\/www.naturmed.de\/blog\/wp-content\/uploads\/2015\/04\/Gb-41.jpg 600w\" sizes=\"auto, (max-width: 300px) 100vw, 300px\" \/><\/a><\/em><\/p>\n<h3 data-start=\"129\" data-end=\"195\">Gallenblase 41 (Gb 41, zuflinqi) \u2013 <em data-start=\"168\" data-end=\"193\">Fu\u00dffallendes Tr\u00e4nenloch<\/em><\/h3>\n<p data-start=\"196\" data-end=\"411\"><strong data-start=\"196\" data-end=\"210\">Bedeutung:<\/strong> \u201eZuflinqi\u201c bedeutet so viel wie <em data-start=\"243\" data-end=\"268\">Fu\u00dffallendes Tr\u00e4nenloch<\/em>. Der Name verweist auf die Verbindung des Punktes mit dem <strong data-start=\"327\" data-end=\"350\">\u00e4u\u00dferen Augenwinkel<\/strong> sowie mit emotionalen Blockaden, die \u201eTr\u00e4nen hervorrufen\u201c.<\/p>\n<p data-start=\"413\" data-end=\"541\"><strong data-start=\"413\" data-end=\"422\">Lage:<\/strong> Auf dem Fu\u00dfr\u00fccken, in der Vertiefung zwischen dem 4. und 5. Mittelfu\u00dfknochen, direkt proximal der Zehengrundgelenke.<\/p>\n<p data-start=\"543\" data-end=\"563\"><strong data-start=\"543\" data-end=\"561\">Wirkung (TCM):<\/strong><\/p>\n<p data-start=\"566\" data-end=\"616\">Reguliert den Qi-Fluss im <strong data-start=\"592\" data-end=\"604\">Shaoyang<\/strong>-Meridian, l\u00f6st Stauungen in Brustkorb, Rippenbogen und H\u00fcfte, harmonisiert Leber- und Gallenblasen-Funktionskreis, f\u00f6rdert den freien Fluss der Leitbahnen zu Kopf und Augen.<\/p>\n<p data-start=\"794\" data-end=\"810\"><strong data-start=\"794\" data-end=\"808\">Wird eingesetzt bei:<\/strong><\/p>\n<ul data-start=\"811\" data-end=\"1038\">\n<li data-start=\"811\" data-end=\"886\">\n<p data-start=\"813\" data-end=\"886\">Spannungsgef\u00fchlen und Schmerzen im Brustkorb und unter den Rippenb\u00f6gen.<\/p>\n<\/li>\n<li data-start=\"887\" data-end=\"917\">\n<p data-start=\"889\" data-end=\"917\">Kopfschmerzen und Migr\u00e4ne.<\/p>\n<\/li>\n<li data-start=\"918\" data-end=\"965\">\n<p data-start=\"920\" data-end=\"965\">R\u00f6tung, Schwellung und Schmerzen der Augen.<\/p>\n<\/li>\n<li data-start=\"966\" data-end=\"1010\">\n<p data-start=\"968\" data-end=\"1010\">Zyklusst\u00f6rungen, Menstruationsschmerzen.<\/p>\n<\/li>\n<li data-start=\"1011\" data-end=\"1038\">\n<p data-start=\"1013\" data-end=\"1038\">Schmerzen im Fu\u00dfr\u00fccken.<\/p>\n<\/li>\n<\/ul>\n<hr data-start=\"3285\" data-end=\"3288\" \/>\n<h2 data-start=\"3290\" data-end=\"3298\">Merks\u00e4tze<\/h2>\n<p data-start=\"3299\" data-end=\"3578\">Der Gallenblasenmeridian spielt in der TCM eine zentrale Rolle f\u00fcr den Bewegungsapparat und f\u00fcr die Regulation von Wind- und Qi-St\u00f6rungen. Die vorgestellten Punkte werden besonders bei Kopf- und Gelenkbeschwerden, Augen- und Ohrproblemen sowie Verspannungen eingesetzt.<\/p>\n<hr \/>\n<h2>Sie wollen noch mehr \u00fcber die Akupunkturpunkte wissen?<\/h2>\n<p>Lesen Sie diesen Artikel &gt;&gt; <a href=\"https:\/\/www.naturmed.de\/blog\/tcm-akupunktur\/akupunkturpunkte-finden\/\">Akupunkturpunkte finden<\/a><\/p>\n<p><a href=\"https:\/\/www.naturmed.de\/blog\/tcm-akupunktur\/akupunkturpunkte-finden\/\"><img loading=\"lazy\" decoding=\"async\" class=\"alignnone size-full wp-image-15903\" src=\"https:\/\/www.naturmed.de\/blog\/wp-content\/uploads\/2021\/11\/Akupunkte-finden-2.jpg\" alt=\"\" width=\"1000\" height=\"402\" srcset=\"https:\/\/www.naturmed.de\/blog\/wp-content\/uploads\/2021\/11\/Akupunkte-finden-2.jpg 1000w, https:\/\/www.naturmed.de\/blog\/wp-content\/uploads\/2021\/11\/Akupunkte-finden-2-300x121.jpg 300w, https:\/\/www.naturmed.de\/blog\/wp-content\/uploads\/2021\/11\/Akupunkte-finden-2-175x70.jpg 175w, https:\/\/www.naturmed.de\/blog\/wp-content\/uploads\/2021\/11\/Akupunkte-finden-2-450x181.jpg 450w, https:\/\/www.naturmed.de\/blog\/wp-content\/uploads\/2021\/11\/Akupunkte-finden-2-768x309.jpg 768w\" sizes=\"auto, (max-width: 1000px) 100vw, 1000px\" \/><\/a><\/p>\n","protected":false},"excerpt":{"rendered":"<p>Akupunkturpunkte des Gallenblasenmeridians (Funktionskreis Gallenblase) Der Verlauf der Gallenblasen-Leitbahn Der Gallenblasen-Meridian beginnt am \u00e4u\u00dferen Augenwinkel, zieht im Zickzack um das Ohr zum Hinterkopf und verl\u00e4uft seitlich \u00fcber Brustkorb, Bauch und H\u00fcfte zum Bein. Dort f\u00fchrt er weiter an der Au\u00dfenseite des Beines nach unten und endet am Nagelwinkel der 4. Zehe. Der Gallenblasen-Meridian ist dem [&hellip;]<\/p>\n","protected":false},"author":2,"featured_media":7567,"parent":7855,"menu_order":0,"comment_status":"closed","ping_status":"closed","template":"","meta":{"footnotes":""},"class_list":["post-7378","page","type-page","status-publish","has-post-thumbnail","hentry","has-post-title","has-post-date","has-post-category","has-post-tag","has-post-comment","has-post-author",""],"_links":{"self":[{"href":"https:\/\/www.naturmed.de\/blog\/wp-json\/wp\/v2\/pages\/7378","targetHints":{"allow":["GET"]}}],"collection":[{"href":"https:\/\/www.naturmed.de\/blog\/wp-json\/wp\/v2\/pages"}],"about":[{"href":"https:\/\/www.naturmed.de\/blog\/wp-json\/wp\/v2\/types\/page"}],"author":[{"embeddable":true,"href":"https:\/\/www.naturmed.de\/blog\/wp-json\/wp\/v2\/users\/2"}],"replies":[{"embeddable":true,"href":"https:\/\/www.naturmed.de\/blog\/wp-json\/wp\/v2\/comments?post=7378"}],"version-history":[{"count":22,"href":"https:\/\/www.naturmed.de\/blog\/wp-json\/wp\/v2\/pages\/7378\/revisions"}],"predecessor-version":[{"id":18307,"href":"https:\/\/www.naturmed.de\/blog\/wp-json\/wp\/v2\/pages\/7378\/revisions\/18307"}],"up":[{"embeddable":true,"href":"https:\/\/www.naturmed.de\/blog\/wp-json\/wp\/v2\/pages\/7855"}],"wp:featuredmedia":[{"embeddable":true,"href":"https:\/\/www.naturmed.de\/blog\/wp-json\/wp\/v2\/media\/7567"}],"wp:attachment":[{"href":"https:\/\/www.naturmed.de\/blog\/wp-json\/wp\/v2\/media?parent=7378"}],"curies":[{"name":"wp","href":"https:\/\/api.w.org\/{rel}","templated":true}]}}