{"id":7386,"date":"2015-04-29T12:11:07","date_gmt":"2015-04-29T10:11:07","guid":{"rendered":"https:\/\/www.naturmed.de\/blog\/?page_id=7386"},"modified":"2021-12-03T11:21:31","modified_gmt":"2021-12-03T10:21:31","slug":"akupunkturpunkte-des-herzmeridian","status":"publish","type":"page","link":"https:\/\/www.naturmed.de\/blog\/akupunkturpunkte-uebersicht\/akupunkturpunkte-des-herzmeridian\/","title":{"rendered":"Akupunkturpunkte des Herz-Meridian"},"content":{"rendered":"<h2><strong>Hauptleitbahn und Akupunkturpunkte des Funktionskreises Herz<\/strong><\/h2>\n<p><a href=\"https:\/\/www.naturmed.de\/blog\/wp-content\/uploads\/2015\/04\/herz.png\"><img loading=\"lazy\" decoding=\"async\" class=\"alignleft wp-image-7461\" src=\"https:\/\/www.naturmed.de\/blog\/wp-content\/uploads\/2015\/04\/herz-212x300.png\" alt=\"herz\" width=\"384\" height=\"544\" srcset=\"https:\/\/www.naturmed.de\/blog\/wp-content\/uploads\/2015\/04\/herz-212x300.png 212w, https:\/\/www.naturmed.de\/blog\/wp-content\/uploads\/2015\/04\/herz.png 593w\" sizes=\"auto, (max-width: 384px) 100vw, 384px\" \/><\/a>Mit dem Herz-Meridian beginnt der zweite Leitbahnzyklus. Dieser Herz-Meridian beginnt am Brustkorb unter dem Schl\u00fcsselbeins, l\u00e4uft \u00fcber die Innenseite des Arms, in die N\u00e4he des Innen- Epikondylus des Oberarmknochens zum inneren Rand des Handgelenks. Sie endet am daumenseitigen Nagelwinkel des kleinen Fingers. Ihrem Verlauf auf der Innenseite entsprechend ist der Herz-Meridian als Kleines Yin (shaoyin) qualifiziert. \u00dcber die Akupunkturpunkte dieses Meridians k\u00f6nnen Funktionen und St\u00f6rungen des Funktionskreises Herz, wie Schlafst\u00f6rungen, pathologisches Schwitzverhalten, mentale Probleme und Herzklopfen beeinflusst werden. Wie bei allen Meridianen k\u00f6nnen aber auch lokal Schmerzen und St\u00f6rungen im Leitbahnverlauf behandelt werden.<\/p>\n<p>&nbsp;<\/p>\n<p>&nbsp;<\/p>\n<p>&nbsp;<\/p>\n<h3><strong>Akupunkturpunkt He 3 (C 3, shaohai) Das kleine Meer<em>\u00a0<\/em><\/strong><\/h3>\n<p><strong><a href=\"https:\/\/www.naturmed.de\/blog\/wp-content\/uploads\/2015\/04\/H3.jpg\"><img loading=\"lazy\" decoding=\"async\" class=\"alignleft wp-image-7388\" src=\"https:\/\/www.naturmed.de\/blog\/wp-content\/uploads\/2015\/04\/H3-300x225.jpg\" alt=\"H3\" width=\"267\" height=\"200\" srcset=\"https:\/\/www.naturmed.de\/blog\/wp-content\/uploads\/2015\/04\/H3-300x225.jpg 300w, https:\/\/www.naturmed.de\/blog\/wp-content\/uploads\/2015\/04\/H3-768x576.jpg 768w, https:\/\/www.naturmed.de\/blog\/wp-content\/uploads\/2015\/04\/H3-90x68.jpg 90w, https:\/\/www.naturmed.de\/blog\/wp-content\/uploads\/2015\/04\/H3.jpg 959w\" sizes=\"auto, (max-width: 267px) 100vw, 267px\" \/><\/a>Wo befindet sich der Akupunkturpunkt He 3: <\/strong>Der Akupunkturpunkt liegt bei einem gebeugtem Ellbogen am inneren Ende der Ellbogenfalte vor dem inneren Epikondylus des Oberarmknochens (Epicondylus medialis humeri). Um ihn zu finden kann man den Daumen auf den Epikondylus darauflegen, er f\u00e4llt bei Vorw\u00e4rtsbeugung in eine Mulde.<br \/>\n<strong>TCM Wirkungen: <\/strong>Beseitigt Wind (ventus, feng), der in Kombination mit Feuchtigkeit (humor, shi) h\u00e4ufig rheumatoide Beschwerden verursacht. Macht die Netzbahnen im Schulter- und Brustbereich wieder durchg\u00e4ngig und beruhigt.<br \/>\n<strong>He 3 hilft bei: <\/strong>Schmerzen in Schulter, Achselh\u00f6hle, Ellbogen und Unterarm sowie im Brustkorb, Zittern der H\u00e4nde und Verkrampfungen im Unterarm.<\/p>\n<h3><strong>Akupunkturpunkt He 7 (C 7, shenmen) Pforte des Shen <\/strong><\/h3>\n<p>&nbsp;<\/p>\n<p><a href=\"https:\/\/www.naturmed.de\/blog\/wp-content\/uploads\/2015\/04\/He-7.jpg\"><img loading=\"lazy\" decoding=\"async\" class=\"alignleft size-medium wp-image-7568\" src=\"https:\/\/www.naturmed.de\/blog\/wp-content\/uploads\/2015\/04\/He-7-300x169.jpg\" alt=\"He-7\" width=\"300\" height=\"169\" srcset=\"https:\/\/www.naturmed.de\/blog\/wp-content\/uploads\/2015\/04\/He-7-300x169.jpg 300w, https:\/\/www.naturmed.de\/blog\/wp-content\/uploads\/2015\/04\/He-7.jpg 600w\" sizes=\"auto, (max-width: 300px) 100vw, 300px\" \/><\/a><\/p>\n<p><strong><br \/>\nBedeutung von He 7:<\/strong> \u00dcber diesen Akupunkturpunkt kann die konstellierende Kraft shen , die die Pers\u00f6nlichkeit pr\u00e4gt, verbessert und gel\u00f6st werden<\/p>\n<p><strong>Wo befindet sich der Akupunkturpunkt He 7: <\/strong>Am inneren Ende der Handgelenksfalte kann eine Sehne (Musculus flexor carpi ulnaris) deutlich getastet werden. Darunter ist auch das Erbsenbein (Os pisiforme) zu f\u00fchlen. Der Akupunkturpunkt He 7 liegt vor dem Erbsenbein und daumenseitig der Sehne in der Handgelenksfalte.<br \/>\n<strong>TCM Wirkungen: <\/strong>St\u00fctzt und h\u00e4lt das Qi des Funktionskreises Herz<strong>, <\/strong>wirkt beruhigend, senkt das Yang ab und befreit die Netzbahnen im Brustbereich von Blockaden.<br \/>\n<strong>He 7 hilft bei: <\/strong>\u00c4ngstlichkeit, Schlafst\u00f6rungen, Schwei\u00dfe (besonders im Schlaf), Herzklopfen und Palpitationen, Schmerzen im Brustbereich, Ged\u00e4chtnisschw\u00e4che, Erregtheit und depressive St\u00f6rungen.<\/p>\n<hr \/>\n<h2>Sie wollen noch mehr \u00fcber die Akupunkturpunkte wissen?<\/h2>\n<p>Lesen Sie diesen Artikel &gt;&gt; <a href=\"https:\/\/www.naturmed.de\/blog\/tcm-akupunktur\/akupunkturpunkte-finden\/\">Akupunkturpunkte finden<\/a><\/p>\n<p><a href=\"https:\/\/www.naturmed.de\/blog\/wp-content\/uploads\/2021\/11\/Akupunkte-finden-2.jpg\"><img loading=\"lazy\" decoding=\"async\" class=\"alignnone size-full wp-image-15903\" src=\"https:\/\/www.naturmed.de\/blog\/wp-content\/uploads\/2021\/11\/Akupunkte-finden-2.jpg\" alt=\"\" width=\"1000\" height=\"402\" srcset=\"https:\/\/www.naturmed.de\/blog\/wp-content\/uploads\/2021\/11\/Akupunkte-finden-2.jpg 1000w, https:\/\/www.naturmed.de\/blog\/wp-content\/uploads\/2021\/11\/Akupunkte-finden-2-300x121.jpg 300w, https:\/\/www.naturmed.de\/blog\/wp-content\/uploads\/2021\/11\/Akupunkte-finden-2-175x70.jpg 175w, https:\/\/www.naturmed.de\/blog\/wp-content\/uploads\/2021\/11\/Akupunkte-finden-2-450x181.jpg 450w, https:\/\/www.naturmed.de\/blog\/wp-content\/uploads\/2021\/11\/Akupunkte-finden-2-768x309.jpg 768w\" sizes=\"auto, (max-width: 1000px) 100vw, 1000px\" \/><\/a><\/p>\n","protected":false},"excerpt":{"rendered":"<p>Hauptleitbahn und Akupunkturpunkte des Funktionskreises Herz Mit dem Herz-Meridian beginnt der zweite Leitbahnzyklus. Dieser Herz-Meridian beginnt am Brustkorb unter dem Schl\u00fcsselbeins, l\u00e4uft \u00fcber die Innenseite des Arms, in die N\u00e4he des Innen- Epikondylus des Oberarmknochens zum inneren Rand des Handgelenks. Sie endet am daumenseitigen Nagelwinkel des kleinen Fingers. Ihrem Verlauf auf der Innenseite entsprechend ist [&hellip;]<\/p>\n","protected":false},"author":2,"featured_media":7568,"parent":7855,"menu_order":0,"comment_status":"closed","ping_status":"closed","template":"","meta":{"footnotes":""},"class_list":["post-7386","page","type-page","status-publish","has-post-thumbnail","hentry","has-post-title","has-post-date","has-post-category","has-post-tag","has-post-comment","has-post-author",""],"_links":{"self":[{"href":"https:\/\/www.naturmed.de\/blog\/wp-json\/wp\/v2\/pages\/7386","targetHints":{"allow":["GET"]}}],"collection":[{"href":"https:\/\/www.naturmed.de\/blog\/wp-json\/wp\/v2\/pages"}],"about":[{"href":"https:\/\/www.naturmed.de\/blog\/wp-json\/wp\/v2\/types\/page"}],"author":[{"embeddable":true,"href":"https:\/\/www.naturmed.de\/blog\/wp-json\/wp\/v2\/users\/2"}],"replies":[{"embeddable":true,"href":"https:\/\/www.naturmed.de\/blog\/wp-json\/wp\/v2\/comments?post=7386"}],"version-history":[{"count":10,"href":"https:\/\/www.naturmed.de\/blog\/wp-json\/wp\/v2\/pages\/7386\/revisions"}],"predecessor-version":[{"id":15928,"href":"https:\/\/www.naturmed.de\/blog\/wp-json\/wp\/v2\/pages\/7386\/revisions\/15928"}],"up":[{"embeddable":true,"href":"https:\/\/www.naturmed.de\/blog\/wp-json\/wp\/v2\/pages\/7855"}],"wp:featuredmedia":[{"embeddable":true,"href":"https:\/\/www.naturmed.de\/blog\/wp-json\/wp\/v2\/media\/7568"}],"wp:attachment":[{"href":"https:\/\/www.naturmed.de\/blog\/wp-json\/wp\/v2\/media?parent=7386"}],"curies":[{"name":"wp","href":"https:\/\/api.w.org\/{rel}","templated":true}]}}