{"id":7392,"date":"2015-04-29T12:16:43","date_gmt":"2015-04-29T10:16:43","guid":{"rendered":"https:\/\/www.naturmed.de\/blog\/?page_id=7392"},"modified":"2021-12-03T11:20:01","modified_gmt":"2021-12-03T10:20:01","slug":"akupunkturpunkte-des-lebermeridian","status":"publish","type":"page","link":"https:\/\/www.naturmed.de\/blog\/akupunkturpunkte-uebersicht\/akupunkturpunkte-des-lebermeridian\/","title":{"rendered":"Akupunkturpunkte des Leber-Meridian"},"content":{"rendered":"<h2><strong>Hauptleitbahn und Akupunkturpunkte des Funktionskreises Leber<\/strong><\/h2>\n<p><a href=\"https:\/\/www.naturmed.de\/blog\/wp-content\/uploads\/2015\/04\/leber.png\"><img loading=\"lazy\" decoding=\"async\" class=\"alignleft wp-image-7463\" src=\"https:\/\/www.naturmed.de\/blog\/wp-content\/uploads\/2015\/04\/leber-212x300.png\" alt=\"leber\" width=\"361\" height=\"511\" srcset=\"https:\/\/www.naturmed.de\/blog\/wp-content\/uploads\/2015\/04\/leber-212x300.png 212w, https:\/\/www.naturmed.de\/blog\/wp-content\/uploads\/2015\/04\/leber.png 468w\" sizes=\"auto, (max-width: 361px) 100vw, 361px\" \/><\/a>Der Meridian l\u00e4uft vom \u00e4u\u00dferen Nagelwinkel der Gro\u00dfzehe zwischen dem 1. und 2. Strahl des Fu\u00dfes \u00fcber die Beininnenseite zur Leiste, Verzweigungen laufen in den Genitalbereich. Oberfl\u00e4chlich ist der Meridian auf der Bauchinnenseite bis zum Zwerchfell zu erreichen. Dann zieht die Meridianen tiefer durch die Brust, den Hals, ber\u00fchrt im Kopf Zunge und Augen und endet am obersten Punkt des Sch\u00e4dels, dem Akupunkturpunkt Du 20 (Rg 20) Hundert Zusammenk\u00fcnfte (baihui). Klinisch wichtig ist die Leitbahn bei Krankheiten imUnterbauch, besonders bei Frauenkrankheiten, aber auch bei Augenkrankheiten oder Syndromen durch einen entgleisten Funktionskreis Leber wie Migr\u00e4ne oder Bluthochdruck. Nach der TCM-Systematik dieser Meridian dem weichenden oder dem gebeugten Yin (jueyin) zugeordnet<\/p>\n<p>&nbsp;<\/p>\n<p>&nbsp;<\/p>\n<h3><\/h3>\n<h3><strong>Akupunkturpunkt Le 3 (H 3, taichong) Gro\u00dfe Tro\u00dfstrasse<\/strong><\/h3>\n<h3><\/h3>\n<h3><a href=\"https:\/\/www.naturmed.de\/blog\/wp-content\/uploads\/2015\/04\/Le-31.jpg\"><img loading=\"lazy\" decoding=\"async\" class=\"alignleft wp-image-7938\" src=\"https:\/\/www.naturmed.de\/blog\/wp-content\/uploads\/2015\/04\/Le-31-300x169.jpg\" alt=\"Le-3\" width=\"312\" height=\"176\" srcset=\"https:\/\/www.naturmed.de\/blog\/wp-content\/uploads\/2015\/04\/Le-31-300x169.jpg 300w, https:\/\/www.naturmed.de\/blog\/wp-content\/uploads\/2015\/04\/Le-31-768x432.jpg 768w, https:\/\/www.naturmed.de\/blog\/wp-content\/uploads\/2015\/04\/Le-31-1024x576.jpg 1024w, https:\/\/www.naturmed.de\/blog\/wp-content\/uploads\/2015\/04\/Le-31-1024x576-978x550.jpg 978w, https:\/\/www.naturmed.de\/blog\/wp-content\/uploads\/2015\/04\/Le-31.jpg 1280w\" sizes=\"auto, (max-width: 312px) 100vw, 312px\" \/><\/a><\/h3>\n<h3><\/h3>\n<p><strong><br \/>\nWo befindet sich der Akupunkturpunkt Le 3: <\/strong>Der Akupunkturpunkt liegt zwischen der 1. und 2. Mittelfu\u00dfknochen in einer Vertiefung<strong>.<br \/>\nTCM Wirkung: <\/strong>Durch den Akupunkturpunkt wird der Funktionskreis Leber gel\u00f6st und entspannt, Blockaden in der Muskulatur und im gesamten K\u00f6rper gemildert, Hitze (calor, re) gek\u00fchlt, Wind (ventus, feng) ausgeleitet und die Sicht verbessert.<br \/>\n<strong>Le 3 hilft bei: <\/strong>Kopfschmerzen, Regelschmerzen, Regelst\u00f6rungen, Schlafst\u00f6rungen, Konjunktivitis (Bindehautentz\u00fcndung), Allergien, Schmerzen, Anspannung, Depression.<\/p>\n<h3><strong> Akupunkturpunkt Le 13 (H 13, zhangmen) Dekorierte Pforte <\/strong><\/h3>\n<p><strong><a href=\"https:\/\/www.naturmed.de\/blog\/wp-content\/uploads\/2015\/04\/Le13.jpg\"><img loading=\"lazy\" decoding=\"async\" class=\"alignleft wp-image-7395\" src=\"https:\/\/www.naturmed.de\/blog\/wp-content\/uploads\/2015\/04\/Le13-300x225.jpg\" alt=\"Le13\" width=\"243\" height=\"182\" srcset=\"https:\/\/www.naturmed.de\/blog\/wp-content\/uploads\/2015\/04\/Le13-300x225.jpg 300w, https:\/\/www.naturmed.de\/blog\/wp-content\/uploads\/2015\/04\/Le13-768x576.jpg 768w, https:\/\/www.naturmed.de\/blog\/wp-content\/uploads\/2015\/04\/Le13-90x68.jpg 90w, https:\/\/www.naturmed.de\/blog\/wp-content\/uploads\/2015\/04\/Le13.jpg 959w\" sizes=\"auto, (max-width: 243px) 100vw, 243px\" \/><\/a>Wo befindet sich der Akupunkturpunkt Le 13: <\/strong>Der Akupunkturpunkt liegt am freien Ende der 11. Rippe; wenn man bei gebeugtem Ellenbogen die Arme an den K\u00f6rper anlegt, ber\u00fchrt die Ellenbogenspitze diesen Punkt.<br \/>\n<strong>TCM Wirkung: <\/strong>Durch den Akupunkturpunkt kann die Mitte gest\u00fctzt und harmonisiert werden, im Brustkorb blockiertes Qi des Funktionskreises Lunge wird gel\u00f6st.<br \/>\n<strong>Le 13 hilft bei: <\/strong>Spannung und V\u00f6llegef\u00fchl im Brustkorb und Oberbauch, Schmerzen unter den Rippenb\u00f6gen.<\/p>\n<p>&nbsp;<\/p>\n<h3><strong>Akupunkturpunkt Le 14 (H 14, qimen, ganmu) Sammlungspunkt des Funktionskreis Leber<\/strong><\/h3>\n<p><strong><a href=\"https:\/\/www.naturmed.de\/blog\/wp-content\/uploads\/2015\/04\/Le14.jpg\"><img loading=\"lazy\" decoding=\"async\" class=\"alignleft wp-image-7396\" src=\"https:\/\/www.naturmed.de\/blog\/wp-content\/uploads\/2015\/04\/Le14-300x225.jpg\" alt=\"Le14\" width=\"260\" height=\"195\" srcset=\"https:\/\/www.naturmed.de\/blog\/wp-content\/uploads\/2015\/04\/Le14-300x225.jpg 300w, https:\/\/www.naturmed.de\/blog\/wp-content\/uploads\/2015\/04\/Le14-768x576.jpg 768w, https:\/\/www.naturmed.de\/blog\/wp-content\/uploads\/2015\/04\/Le14-90x68.jpg 90w, https:\/\/www.naturmed.de\/blog\/wp-content\/uploads\/2015\/04\/Le14.jpg 959w\" sizes=\"auto, (max-width: 260px) 100vw, 260px\" \/><\/a>Bedeutung von Le 14:<\/strong> An den Sammlungspunkten (muxue) der Bauchseite konzentrieren sich energetische Prozesse, sie spiegeln das Yin wieder und geben auf diese Weise auch Aufschluss \u00fcber den energetischen Zustand in den Funktionskreisen. Bei St\u00f6rungen sind diese Akupunkturpunkteunkte schmerzempfindlich. Le 14 (H 14) reflektiert den Zustand des Funktionskreises Leber.<\/p>\n<p><strong>Wo befindet sich der Akupunkturpunkt Le 14:<\/strong>Der Akupunkturpunkt liegt senkrecht unter der Brustwarze im Zwischenrippenraum zwischen der 6. und 7. Rippe.<br \/>\n<strong>TCM Wirkung:<\/strong> St\u00e4rkt das Qi des Funktionskreises Leber, k\u00fchlt Hitze (calor, re) und Glut (ardor, huo) leitet sie aus.<br \/>\n<strong>Le 14 hilft bei: <\/strong>Schmerzen in der Zwerchfellregion und unter den Rippenb\u00f6gen.<\/p>\n<hr \/>\n<h2>Sie wollen noch mehr \u00fcber die Akupunkturpunkte wissen?<\/h2>\n<p>Lesen Sie diesen Artikel &gt;&gt; <a href=\"https:\/\/www.naturmed.de\/blog\/tcm-akupunktur\/akupunkturpunkte-finden\/\">Akupunkturpunkte finden<\/a><\/p>\n<p><a href=\"https:\/\/www.naturmed.de\/blog\/tcm-akupunktur\/akupunkturpunkte-finden\/\"><img loading=\"lazy\" decoding=\"async\" class=\"alignnone size-full wp-image-15903\" src=\"https:\/\/www.naturmed.de\/blog\/wp-content\/uploads\/2021\/11\/Akupunkte-finden-2.jpg\" alt=\"\" width=\"1000\" height=\"402\" srcset=\"https:\/\/www.naturmed.de\/blog\/wp-content\/uploads\/2021\/11\/Akupunkte-finden-2.jpg 1000w, https:\/\/www.naturmed.de\/blog\/wp-content\/uploads\/2021\/11\/Akupunkte-finden-2-300x121.jpg 300w, https:\/\/www.naturmed.de\/blog\/wp-content\/uploads\/2021\/11\/Akupunkte-finden-2-175x70.jpg 175w, https:\/\/www.naturmed.de\/blog\/wp-content\/uploads\/2021\/11\/Akupunkte-finden-2-450x181.jpg 450w, https:\/\/www.naturmed.de\/blog\/wp-content\/uploads\/2021\/11\/Akupunkte-finden-2-768x309.jpg 768w\" sizes=\"auto, (max-width: 1000px) 100vw, 1000px\" \/><\/a><\/p>\n","protected":false},"excerpt":{"rendered":"<p>Hauptleitbahn und Akupunkturpunkte des Funktionskreises Leber Der Meridian l\u00e4uft vom \u00e4u\u00dferen Nagelwinkel der Gro\u00dfzehe zwischen dem 1. und 2. Strahl des Fu\u00dfes \u00fcber die Beininnenseite zur Leiste, Verzweigungen laufen in den Genitalbereich. Oberfl\u00e4chlich ist der Meridian auf der Bauchinnenseite bis zum Zwerchfell zu erreichen. Dann zieht die Meridianen tiefer durch die Brust, den Hals, ber\u00fchrt [&hellip;]<\/p>\n","protected":false},"author":2,"featured_media":7938,"parent":7855,"menu_order":0,"comment_status":"closed","ping_status":"closed","template":"","meta":{"footnotes":""},"class_list":["post-7392","page","type-page","status-publish","has-post-thumbnail","hentry","has-post-title","has-post-date","has-post-category","has-post-tag","has-post-comment","has-post-author",""],"_links":{"self":[{"href":"https:\/\/www.naturmed.de\/blog\/wp-json\/wp\/v2\/pages\/7392","targetHints":{"allow":["GET"]}}],"collection":[{"href":"https:\/\/www.naturmed.de\/blog\/wp-json\/wp\/v2\/pages"}],"about":[{"href":"https:\/\/www.naturmed.de\/blog\/wp-json\/wp\/v2\/types\/page"}],"author":[{"embeddable":true,"href":"https:\/\/www.naturmed.de\/blog\/wp-json\/wp\/v2\/users\/2"}],"replies":[{"embeddable":true,"href":"https:\/\/www.naturmed.de\/blog\/wp-json\/wp\/v2\/comments?post=7392"}],"version-history":[{"count":13,"href":"https:\/\/www.naturmed.de\/blog\/wp-json\/wp\/v2\/pages\/7392\/revisions"}],"predecessor-version":[{"id":15927,"href":"https:\/\/www.naturmed.de\/blog\/wp-json\/wp\/v2\/pages\/7392\/revisions\/15927"}],"up":[{"embeddable":true,"href":"https:\/\/www.naturmed.de\/blog\/wp-json\/wp\/v2\/pages\/7855"}],"wp:featuredmedia":[{"embeddable":true,"href":"https:\/\/www.naturmed.de\/blog\/wp-json\/wp\/v2\/media\/7938"}],"wp:attachment":[{"href":"https:\/\/www.naturmed.de\/blog\/wp-json\/wp\/v2\/media?parent=7392"}],"curies":[{"name":"wp","href":"https:\/\/api.w.org\/{rel}","templated":true}]}}