{"id":7398,"date":"2015-04-29T12:21:26","date_gmt":"2015-04-29T10:21:26","guid":{"rendered":"https:\/\/www.naturmed.de\/blog\/?page_id=7398"},"modified":"2024-07-02T17:54:25","modified_gmt":"2024-07-02T15:54:25","slug":"akupunkturpunkte-des-magenmeridian","status":"publish","type":"page","link":"https:\/\/www.naturmed.de\/blog\/akupunkturpunkte-uebersicht\/akupunkturpunkte-des-magenmeridian\/","title":{"rendered":"Akupunkturpunkte des Magen-Meridian"},"content":{"rendered":"<h2><strong>Hauptleitbahn und Akupunkturpunkte des Funktionskreises Magen<\/strong><\/h2>\n<p><a href=\"https:\/\/www.naturmed.de\/blog\/wp-content\/uploads\/2015\/04\/magen.png\"><img loading=\"lazy\" decoding=\"async\" class=\"alignleft wp-image-7466\" src=\"https:\/\/www.naturmed.de\/blog\/wp-content\/uploads\/2015\/04\/magen-212x300.png\" alt=\"magen\" width=\"343\" height=\"485\" srcset=\"https:\/\/www.naturmed.de\/blog\/wp-content\/uploads\/2015\/04\/magen-212x300.png 212w, https:\/\/www.naturmed.de\/blog\/wp-content\/uploads\/2015\/04\/magen.png 560w\" sizes=\"auto, (max-width: 343px) 100vw, 343px\" \/><\/a>Der Magen-Meridian beginnt mit zwei \u00c4sten im Gesichtsbereich. Ein Ast beginnt unter der Augenh\u00f6hle, der andere an der Stirn. Sie treffen und verinigen sich im Mundwinkelbereich. Der Magen-Meridian f\u00fchrt \u00fcber den Hals bis hin zum Brustkorb (Brustwarze) und den Bauch zur Au\u00dfenseite des Beins und endet am \u00e4u\u00dferen Nagelwinkel der zweiten Zehe. Diese Akupunkturpunkte haben neben ihrer Auswirkung auf den Kopf und den Gesichtssch\u00e4del eine extrem st\u00fctzende TCM Wirkung auf den Funktionskreis Milz und den Magen sowie die erworbene Konstitution, den Stoffwechsel und die Bereitstellung der aktiven Energien. Da der Magen-Meridian \u00fcberwiegend an der K\u00f6rperau\u00dfenseite verl\u00e4uft, wird sie dem Yang zugeordnet und nach dem Funktionskreis Magen benannt, au\u00dferdem wird er auch der \u00dcberstrahlung des Yang (yangming) zugeordnet.<\/p>\n<p>&nbsp;<\/p>\n<p>&nbsp;<\/p>\n<p>&nbsp;<\/p>\n<h3><strong> Akupunkturpunkt Ma 2 (S 2, sibai) Rand des Wangenbeins <\/strong><\/h3>\n<p><strong><a href=\"https:\/\/www.naturmed.de\/blog\/wp-content\/uploads\/2015\/04\/Ma2.jpg\"><img loading=\"lazy\" decoding=\"async\" class=\"alignleft size-medium wp-image-7399\" src=\"https:\/\/www.naturmed.de\/blog\/wp-content\/uploads\/2015\/04\/Ma2-300x225.jpg\" alt=\"Ma2\" width=\"300\" height=\"225\" srcset=\"https:\/\/www.naturmed.de\/blog\/wp-content\/uploads\/2015\/04\/Ma2-300x225.jpg 300w, https:\/\/www.naturmed.de\/blog\/wp-content\/uploads\/2015\/04\/Ma2-768x576.jpg 768w, https:\/\/www.naturmed.de\/blog\/wp-content\/uploads\/2015\/04\/Ma2-90x68.jpg 90w, https:\/\/www.naturmed.de\/blog\/wp-content\/uploads\/2015\/04\/Ma2.jpg 959w\" sizes=\"auto, (max-width: 300px) 100vw, 300px\" \/><\/a>Wo befindet sich der Akupunkturpunkt Ma 2: <\/strong>Der Akupunkturpunkt liegt 1 PZ unter Pupille, auf dem Rand des Wangenbeins (Os zygomaticum).<br \/>\n<strong>TCM Wirkung: <\/strong>Leitet Wind aus, kl\u00e4rt die Sicht, l\u00f6st und stimuliert den Energiefluss im Funktionskreis Leber, der Auge und Sehverm\u00f6gen wesentlich reguliert.<br \/>\n<strong>Ma 2 hilft bei: <\/strong>R\u00f6tung und Entz\u00fcndung der Augen, Bindehautreizung (Konjunktivitis), Kurzsichtigkeit (Myopie), Gesichtsnervl\u00e4hmungen (Fazialisparesen), nach Schlaganfall (Apoplex).<\/p>\n<p>&nbsp;<\/p>\n<h3><strong>Akupunkturpunkt Ma 8 (S 8, touwei) Punkt der Halteleitbahn am Kopf <\/strong><\/h3>\n<p><strong><a href=\"https:\/\/www.naturmed.de\/blog\/wp-content\/uploads\/2015\/04\/Ma8.jpg\"><img loading=\"lazy\" decoding=\"async\" class=\"alignleft wp-image-7400\" src=\"https:\/\/www.naturmed.de\/blog\/wp-content\/uploads\/2015\/04\/Ma8-300x225.jpg\" alt=\"Ma8\" width=\"255\" height=\"191\" srcset=\"https:\/\/www.naturmed.de\/blog\/wp-content\/uploads\/2015\/04\/Ma8-300x225.jpg 300w, https:\/\/www.naturmed.de\/blog\/wp-content\/uploads\/2015\/04\/Ma8-768x576.jpg 768w, https:\/\/www.naturmed.de\/blog\/wp-content\/uploads\/2015\/04\/Ma8-90x68.jpg 90w, https:\/\/www.naturmed.de\/blog\/wp-content\/uploads\/2015\/04\/Ma8.jpg 959w\" sizes=\"auto, (max-width: 255px) 100vw, 255px\" \/><\/a>Wo befindet sich der Akupunkturpunkt Ma 8<\/strong>: Der Akupunkturunkt liegt 0,5 PZ innerhalb des Haaransatzes, wenn man vom seitlichen Augenwinkel und von der Verl\u00e4ngerung der Linie bei geradeaus blickender Pupille nach oben sich diese beiden Linien schneiden.<br \/>\n<strong>TCM Wirkung:<\/strong> Leitet Wind aus, k\u00fchlt Hitze, \u00f6ffnet die Netzleitbahnen am Kopf.<br \/>\n<strong>Ma 8 hilft bei: <\/strong>Kopfschmerz, Migr\u00e4ne, Gesichtsnervl\u00e4hmungen (Fazialisparesen) nach einem Schlaganfall (Apoplex).<\/p>\n<p>&nbsp;<\/p>\n<h3><strong>Akupunkturpunkt Ma 25 (S 25, tianshu) Angel des Himmels <\/strong><\/h3>\n<p><strong><a href=\"https:\/\/www.naturmed.de\/blog\/wp-content\/uploads\/2015\/04\/Ma25.jpg\"><img loading=\"lazy\" decoding=\"async\" class=\"alignleft wp-image-7401\" src=\"https:\/\/www.naturmed.de\/blog\/wp-content\/uploads\/2015\/04\/Ma25-300x225.jpg\" alt=\"Ma25\" width=\"259\" height=\"194\" srcset=\"https:\/\/www.naturmed.de\/blog\/wp-content\/uploads\/2015\/04\/Ma25-300x225.jpg 300w, https:\/\/www.naturmed.de\/blog\/wp-content\/uploads\/2015\/04\/Ma25-768x576.jpg 768w, https:\/\/www.naturmed.de\/blog\/wp-content\/uploads\/2015\/04\/Ma25-90x68.jpg 90w, https:\/\/www.naturmed.de\/blog\/wp-content\/uploads\/2015\/04\/Ma25.jpg 959w\" sizes=\"auto, (max-width: 259px) 100vw, 259px\" \/><\/a>Bedeutung von Ma 25:<\/strong> Die Bezeichnung Angel weist auf die regulierende und Auswirkung dieses Akupunkturpunktes hin, der Himmel ist ein Bild f\u00fcr die Gesamtheit aller kosmischen Einfl\u00fcsse.<\/p>\n<p><strong>Wo befindet sich der Akupunkturpunkt Ma 25:<\/strong> Dieser Akupunkturpunkt befindet sich 2 PZ seitlich der Mitte des Nabels.<br \/>\n<strong>TCM Wirkung: <\/strong>Reguliert und harmonisiert den Fluss von Qi und Xue im gesamten Bauch- und Darmbereich, l\u00f6st Blockaden auf.<br \/>\n<strong>Ma 25 hilft bei: <\/strong>Durchfall, Verstopfung, Verdauungsproblemen, Bauchweh, Darminfekte und Dysenterie (besonders bei Kindern), Darmatonie (mangelnde Darmbewegungen im Alter), Regelst\u00f6rungen (Dysmenorrh\u00f6).<\/p>\n<h3><strong>Akupunkturpunkt Ma 36 (S 36, zusanli) Dritter Weiler am Fu\u00df <\/strong><\/h3>\n<p><strong><a href=\"https:\/\/www.naturmed.de\/blog\/wp-content\/uploads\/2015\/04\/Ma36.jpg\"><img loading=\"lazy\" decoding=\"async\" class=\"alignleft wp-image-7402\" src=\"https:\/\/www.naturmed.de\/blog\/wp-content\/uploads\/2015\/04\/Ma36-300x225.jpg\" alt=\"Ma36\" width=\"259\" height=\"194\" srcset=\"https:\/\/www.naturmed.de\/blog\/wp-content\/uploads\/2015\/04\/Ma36-300x225.jpg 300w, https:\/\/www.naturmed.de\/blog\/wp-content\/uploads\/2015\/04\/Ma36-768x576.jpg 768w, https:\/\/www.naturmed.de\/blog\/wp-content\/uploads\/2015\/04\/Ma36-90x68.jpg 90w, https:\/\/www.naturmed.de\/blog\/wp-content\/uploads\/2015\/04\/Ma36.jpg 959w\" sizes=\"auto, (max-width: 259px) 100vw, 259px\" \/><\/a>Bedeutung von Ma 36<\/strong>: Ein Weiler, ist ein guter Rastplatz, um Kraft zu tanken und sich zu erholen. Der Dritte Weiler am Fu\u00df gilt als der Akupunkturpunkt, der am st\u00e4rksten die Mitte st\u00fctzt und neue Energie gibt.<\/p>\n<p><strong>Wo befindet sich der Akupunkturpunkt Ma 36: So k\u00f6nnen Sie den Akupunkturpunkt Magen 36 schnell finden:<\/strong><\/p>\n<p>Bei einem gebeugtem Knie befindet sich der Akupunkturpunkt 3 PZ unterhalb der Kniescheibe und 1 PZ seitlich der Schienbeinkante. Es gibt mehrere M\u00f6glichkeiten, den Punkt zu finden: Bei gebeugtem Knie liegt der Punkt 3 PZ unterhalb der Kniescheibe und 1 PZ seitlich der Schienbeinkante. Andere M\u00f6glichkeiten diesen Akupunkturpunkt zu finden:<\/p>\n<ul>\n<li>Man legt bei gebeugtem Knie vier Finger der Hand<\/li>\n<\/ul>\n<p>an den Unterrand der Kniescheibe und geht von hier eine Daumenbreite<\/p>\n<p>weit nach au\u00dfen.<\/p>\n<ul>\n<li>Man legt im Sitzen seine Hand locker auf die Kniescheibe, dann<\/li>\n<\/ul>\n<p>ber\u00fchrt der Daumen innen das Schienbein und der Mittelfinger den<\/p>\n<p>Akupunkturpunkt Ma 36.<\/p>\n<ul>\n<li>Man tastet an der \u00e4u\u00dferen Schienbeinkante nach oben, bis zu einem<\/li>\n<\/ul>\n<p>tastbaren Knochensporn (Tuberositas tibiae). Von hier aus liegt der<\/p>\n<p>Akupunkturpunkt 1 PZ seitlich.<\/p>\n<p><strong>TCM Wirkung: <\/strong>Es ist einer der wichtigsten Akupunkturpunkte zur Kr\u00e4ftigung des Qi der Mitte und damit der erworbenen Konstitution sowie zur Harmonisierung der Funktionskreise.<br \/>\n<strong>Ma 36 hilft bei<\/strong>: Bauchschmerzen, Durchfall, Verstopfung, Hypertonie, Schmerzen in Knie und Unterschenkel, zur allgemeinen St\u00fctzung des Qi der Mitte.<\/p>\n<hr \/>\n<h2>Sie wollen noch mehr \u00fcber die Akupunkturpunkte wissen?<\/h2>\n<p>Lesen Sie diesen Artikel &gt;&gt; <a href=\"https:\/\/www.naturmed.de\/blog\/tcm-akupunktur\/akupunkturpunkte-finden\/\">Akupunkturpunkte finden<\/a><\/p>\n<p><a href=\"https:\/\/www.naturmed.de\/blog\/tcm-akupunktur\/akupunkturpunkte-finden\/\"><img loading=\"lazy\" decoding=\"async\" class=\"alignnone size-full wp-image-15903\" src=\"https:\/\/www.naturmed.de\/blog\/wp-content\/uploads\/2021\/11\/Akupunkte-finden-2.jpg\" alt=\"\" width=\"1000\" height=\"402\" srcset=\"https:\/\/www.naturmed.de\/blog\/wp-content\/uploads\/2021\/11\/Akupunkte-finden-2.jpg 1000w, https:\/\/www.naturmed.de\/blog\/wp-content\/uploads\/2021\/11\/Akupunkte-finden-2-300x121.jpg 300w, https:\/\/www.naturmed.de\/blog\/wp-content\/uploads\/2021\/11\/Akupunkte-finden-2-175x70.jpg 175w, https:\/\/www.naturmed.de\/blog\/wp-content\/uploads\/2021\/11\/Akupunkte-finden-2-450x181.jpg 450w, https:\/\/www.naturmed.de\/blog\/wp-content\/uploads\/2021\/11\/Akupunkte-finden-2-768x309.jpg 768w\" sizes=\"auto, (max-width: 1000px) 100vw, 1000px\" \/><\/a><\/p>\n","protected":false},"excerpt":{"rendered":"<p>Hauptleitbahn und Akupunkturpunkte des Funktionskreises Magen Der Magen-Meridian beginnt mit zwei \u00c4sten im Gesichtsbereich. Ein Ast beginnt unter der Augenh\u00f6hle, der andere an der Stirn. Sie treffen und verinigen sich im Mundwinkelbereich. Der Magen-Meridian f\u00fchrt \u00fcber den Hals bis hin zum Brustkorb (Brustwarze) und den Bauch zur Au\u00dfenseite des Beins und endet am \u00e4u\u00dferen Nagelwinkel [&hellip;]<\/p>\n","protected":false},"author":2,"featured_media":7402,"parent":7855,"menu_order":0,"comment_status":"closed","ping_status":"closed","template":"","meta":{"footnotes":""},"class_list":["post-7398","page","type-page","status-publish","has-post-thumbnail","hentry","has-post-title","has-post-date","has-post-category","has-post-tag","has-post-comment","has-post-author",""],"_links":{"self":[{"href":"https:\/\/www.naturmed.de\/blog\/wp-json\/wp\/v2\/pages\/7398","targetHints":{"allow":["GET"]}}],"collection":[{"href":"https:\/\/www.naturmed.de\/blog\/wp-json\/wp\/v2\/pages"}],"about":[{"href":"https:\/\/www.naturmed.de\/blog\/wp-json\/wp\/v2\/types\/page"}],"author":[{"embeddable":true,"href":"https:\/\/www.naturmed.de\/blog\/wp-json\/wp\/v2\/users\/2"}],"replies":[{"embeddable":true,"href":"https:\/\/www.naturmed.de\/blog\/wp-json\/wp\/v2\/comments?post=7398"}],"version-history":[{"count":12,"href":"https:\/\/www.naturmed.de\/blog\/wp-json\/wp\/v2\/pages\/7398\/revisions"}],"predecessor-version":[{"id":17062,"href":"https:\/\/www.naturmed.de\/blog\/wp-json\/wp\/v2\/pages\/7398\/revisions\/17062"}],"up":[{"embeddable":true,"href":"https:\/\/www.naturmed.de\/blog\/wp-json\/wp\/v2\/pages\/7855"}],"wp:featuredmedia":[{"embeddable":true,"href":"https:\/\/www.naturmed.de\/blog\/wp-json\/wp\/v2\/media\/7402"}],"wp:attachment":[{"href":"https:\/\/www.naturmed.de\/blog\/wp-json\/wp\/v2\/media?parent=7398"}],"curies":[{"name":"wp","href":"https:\/\/api.w.org\/{rel}","templated":true}]}}