{"id":7405,"date":"2015-04-29T12:24:28","date_gmt":"2015-04-29T10:24:28","guid":{"rendered":"https:\/\/www.naturmed.de\/blog\/?page_id=7405"},"modified":"2021-12-03T11:15:50","modified_gmt":"2021-12-03T10:15:50","slug":"akupunkturpunkte-des-milzmeridian","status":"publish","type":"page","link":"https:\/\/www.naturmed.de\/blog\/akupunkturpunkte-uebersicht\/akupunkturpunkte-des-milzmeridian\/","title":{"rendered":"Akupunkturpunkte des Milz-Meridian"},"content":{"rendered":"<h2><strong>Hauptleitbahn und Akupunkturpunkte des Funktionskreises Milz<\/strong><\/h2>\n<p><a href=\"https:\/\/www.naturmed.de\/blog\/wp-content\/uploads\/2015\/04\/milz.png\"><img loading=\"lazy\" decoding=\"async\" class=\"alignleft wp-image-7468\" src=\"https:\/\/www.naturmed.de\/blog\/wp-content\/uploads\/2015\/04\/milz-213x300.png\" alt=\"milz\" width=\"307\" height=\"432\" srcset=\"https:\/\/www.naturmed.de\/blog\/wp-content\/uploads\/2015\/04\/milz-213x300.png 213w, https:\/\/www.naturmed.de\/blog\/wp-content\/uploads\/2015\/04\/milz.png 629w\" sizes=\"auto, (max-width: 307px) 100vw, 307px\" \/><\/a>Der Milz-Meridian f\u00fchrt Qi und Xue vom Fu\u00df zur\u00fcck zum Brustkorb \u2013 der Kreislauf der ersten vier Leitbahnen ist damit geschlossen (erster Leitbahnzyklus). Der Meridian f\u00e4ngt am inneren Nagelwinkel der gro\u00dfen Zehe an und verl\u00e4uft an der Innenseite des Beins \u00fcber die Leiste und den Bauch und endet am Brustkorb). \u00dcber die Akupunkturpunkte dieses Meridians k\u00f6nnen das aktive Qi des Funktionskreises Milz verbessert und krankheitsausl\u00f6sende Faktoren, die diesen besonders belasten, wie Feuchtigkeit (humor, shi) oder Feuchte-Hitze (calor humidus, shire) gekl\u00e4rt und ausgel\u00f6scht werden. Da dieser Meridian im inneren verl\u00e4uft, ist sie dem Yin zugeordnet und hier als Gro\u00dfes Yin (taiyin) qualifiziert.<\/p>\n<p>&nbsp;<\/p>\n<p>&nbsp;<\/p>\n<p>&nbsp;<\/p>\n<p>&nbsp;<\/p>\n<h3><\/h3>\n<h3><strong>Akupunkturpunkt Mi 6 (L 6, sanyinjiao) Verbindung der drei Yin<\/strong><\/h3>\n<p>&nbsp;<\/p>\n<p><a href=\"https:\/\/www.naturmed.de\/blog\/wp-content\/uploads\/2015\/04\/Mi-6.jpg\"><img loading=\"lazy\" decoding=\"async\" class=\"alignleft size-medium wp-image-7570\" src=\"https:\/\/www.naturmed.de\/blog\/wp-content\/uploads\/2015\/04\/Mi-6-300x169.jpg\" alt=\"Mi-6\" width=\"300\" height=\"169\" srcset=\"https:\/\/www.naturmed.de\/blog\/wp-content\/uploads\/2015\/04\/Mi-6-300x169.jpg 300w, https:\/\/www.naturmed.de\/blog\/wp-content\/uploads\/2015\/04\/Mi-6.jpg 600w\" sizes=\"auto, (max-width: 300px) 100vw, 300px\" \/><\/a><\/p>\n<p><strong><br \/>\nBedeutung von Mi 6:<\/strong> An diesem Akupunkturpunkt kommen alle drei Yin-Leitbahnen des Fu\u00dfes (Milz-, Leber- und Niere-Leitbahn) zusammen und k\u00f6nnen von hier aus beeinflusst werden.<\/p>\n<p><strong>Wo befindet sich der Akupunkturpunkt Mi 6: <\/strong>Der Punkt liegt 3 PZ \u00fcber der Spitze des Innenkn\u00f6chels hinter dem Schienbein in einer tastbaren Vertiefung.<br \/>\n<strong>TCM Wirkung: <\/strong>St\u00fctzt die Fk Milz und Niere, f\u00f6rdert die Umwandlung von Feuchtigkeit (humor, shi), l\u00f6st den Qi-Fluss im Fk Leber und dynamisiert speziell den Fluss des Xue und der S\u00e4fte.<br \/>\n<strong>Mi 6 hilft bei: <\/strong>Schlafst\u00f6rungen, Regelst\u00f6rungen (Dysmenorrh\u00f6), V\u00f6llegef\u00fchl, Appetitverlust, \u00dcbelkeit, Spannungsgef\u00fchl im Bauch, Blasenentz\u00fcndungen, unwillk\u00fcrlicher Urinabgang (Stressinkontinenz), Erleichterung des Geburtsvorgangs.<\/p>\n<h3><strong>Akupunkturpunkt Mi 9 (L 9) Die Quelle am Yin-Grabh\u00fcgel (yinlingquan)<\/strong><\/h3>\n<p><strong><a href=\"https:\/\/www.naturmed.de\/blog\/wp-content\/uploads\/2015\/04\/Mi9.jpg\"><img loading=\"lazy\" decoding=\"async\" class=\"alignleft wp-image-7407\" src=\"https:\/\/www.naturmed.de\/blog\/wp-content\/uploads\/2015\/04\/Mi9-300x225.jpg\" alt=\"Mi9\" width=\"259\" height=\"194\" srcset=\"https:\/\/www.naturmed.de\/blog\/wp-content\/uploads\/2015\/04\/Mi9-300x225.jpg 300w, https:\/\/www.naturmed.de\/blog\/wp-content\/uploads\/2015\/04\/Mi9-768x576.jpg 768w, https:\/\/www.naturmed.de\/blog\/wp-content\/uploads\/2015\/04\/Mi9-90x68.jpg 90w, https:\/\/www.naturmed.de\/blog\/wp-content\/uploads\/2015\/04\/Mi9.jpg 959w\" sizes=\"auto, (max-width: 259px) 100vw, 259px\" \/><\/a>Bedeutung von Mi 9:<\/strong> Das Bild des Grabh\u00fcgels bezeichnet hier den inneren Epikondylus des Schienbeins.<\/p>\n<p><strong>Wo befindet sich der Akupunkturpunkt Mi 9: <\/strong>Bei einem dezent gebeugtem Knie liegt dieser Akupunkturpunkt in einer Vertiefung am Hinterrand des inneren Epikondylus des Schienbeins (Epicondylus tibialis medialis) \u00fcber dem Knochen, er ist bei vielen Menschen leicht gereizt und schmerzhaft tastbar.<br \/>\n<strong>TCM Wirkungen: <\/strong>W\u00e4rmt die Mitte und den Bauch, beseitigt die krankheitsausl\u00f6senden Faktoren K\u00e4lte (algor, han) und Feuchtigkeit (humor, shi), reguliert den Qi-Fluss im Unterbauch.<br \/>\n<strong>Mi 9 hilft bei: <\/strong>V\u00f6lle- und Spannungsgef\u00fchl im Bauch, Spannung unter den Rippenb\u00f6gen, Brechdurchfall (Gastroenteritis), Schmerzen im Leisten- und Genitalbereich, Probleme beim Wasserlassen, Knieschmerzen.<\/p>\n<hr \/>\n<h2>Sie wollen noch mehr \u00fcber die Akupunkturpunkte wissen?<\/h2>\n<p>Lesen Sie diesen Artikel &gt;&gt; <a href=\"https:\/\/www.naturmed.de\/blog\/tcm-akupunktur\/akupunkturpunkte-finden\/\">Akupunkturpunkte finden<\/a><\/p>\n<p><a href=\"https:\/\/www.naturmed.de\/blog\/tcm-akupunktur\/akupunkturpunkte-finden\/\"><img loading=\"lazy\" decoding=\"async\" class=\"alignnone size-full wp-image-15903\" src=\"https:\/\/www.naturmed.de\/blog\/wp-content\/uploads\/2021\/11\/Akupunkte-finden-2.jpg\" alt=\"\" width=\"1000\" height=\"402\" srcset=\"https:\/\/www.naturmed.de\/blog\/wp-content\/uploads\/2021\/11\/Akupunkte-finden-2.jpg 1000w, https:\/\/www.naturmed.de\/blog\/wp-content\/uploads\/2021\/11\/Akupunkte-finden-2-300x121.jpg 300w, https:\/\/www.naturmed.de\/blog\/wp-content\/uploads\/2021\/11\/Akupunkte-finden-2-175x70.jpg 175w, https:\/\/www.naturmed.de\/blog\/wp-content\/uploads\/2021\/11\/Akupunkte-finden-2-450x181.jpg 450w, https:\/\/www.naturmed.de\/blog\/wp-content\/uploads\/2021\/11\/Akupunkte-finden-2-768x309.jpg 768w\" sizes=\"auto, (max-width: 1000px) 100vw, 1000px\" \/><\/a><\/p>\n","protected":false},"excerpt":{"rendered":"<p>Hauptleitbahn und Akupunkturpunkte des Funktionskreises Milz Der Milz-Meridian f\u00fchrt Qi und Xue vom Fu\u00df zur\u00fcck zum Brustkorb \u2013 der Kreislauf der ersten vier Leitbahnen ist damit geschlossen (erster Leitbahnzyklus). Der Meridian f\u00e4ngt am inneren Nagelwinkel der gro\u00dfen Zehe an und verl\u00e4uft an der Innenseite des Beins \u00fcber die Leiste und den Bauch und endet am [&hellip;]<\/p>\n","protected":false},"author":2,"featured_media":7570,"parent":7855,"menu_order":0,"comment_status":"closed","ping_status":"closed","template":"","meta":{"footnotes":""},"class_list":["post-7405","page","type-page","status-publish","has-post-thumbnail","hentry","has-post-title","has-post-date","has-post-category","has-post-tag","has-post-comment","has-post-author",""],"_links":{"self":[{"href":"https:\/\/www.naturmed.de\/blog\/wp-json\/wp\/v2\/pages\/7405","targetHints":{"allow":["GET"]}}],"collection":[{"href":"https:\/\/www.naturmed.de\/blog\/wp-json\/wp\/v2\/pages"}],"about":[{"href":"https:\/\/www.naturmed.de\/blog\/wp-json\/wp\/v2\/types\/page"}],"author":[{"embeddable":true,"href":"https:\/\/www.naturmed.de\/blog\/wp-json\/wp\/v2\/users\/2"}],"replies":[{"embeddable":true,"href":"https:\/\/www.naturmed.de\/blog\/wp-json\/wp\/v2\/comments?post=7405"}],"version-history":[{"count":13,"href":"https:\/\/www.naturmed.de\/blog\/wp-json\/wp\/v2\/pages\/7405\/revisions"}],"predecessor-version":[{"id":15925,"href":"https:\/\/www.naturmed.de\/blog\/wp-json\/wp\/v2\/pages\/7405\/revisions\/15925"}],"up":[{"embeddable":true,"href":"https:\/\/www.naturmed.de\/blog\/wp-json\/wp\/v2\/pages\/7855"}],"wp:featuredmedia":[{"embeddable":true,"href":"https:\/\/www.naturmed.de\/blog\/wp-json\/wp\/v2\/media\/7570"}],"wp:attachment":[{"href":"https:\/\/www.naturmed.de\/blog\/wp-json\/wp\/v2\/media?parent=7405"}],"curies":[{"name":"wp","href":"https:\/\/api.w.org\/{rel}","templated":true}]}}