{"id":7409,"date":"2015-04-29T12:27:14","date_gmt":"2015-04-29T10:27:14","guid":{"rendered":"https:\/\/www.naturmed.de\/blog\/?page_id=7409"},"modified":"2021-12-03T11:14:45","modified_gmt":"2021-12-03T10:14:45","slug":"akupunkturpunkte-des-nierenmeridian","status":"publish","type":"page","link":"https:\/\/www.naturmed.de\/blog\/akupunkturpunkte-uebersicht\/akupunkturpunkte-des-nierenmeridian\/","title":{"rendered":"Akupunkturpunkte des Nieren-Meridian"},"content":{"rendered":"<h2><strong>Hauptleitbahn und Akupunkturpunkte des Funktionskreises Niere<\/strong><\/h2>\n<p><a href=\"https:\/\/www.naturmed.de\/blog\/wp-content\/uploads\/2015\/04\/niere.png\"><img loading=\"lazy\" decoding=\"async\" class=\"alignleft wp-image-7470\" src=\"https:\/\/www.naturmed.de\/blog\/wp-content\/uploads\/2015\/04\/niere-212x300.png\" alt=\"niere\" width=\"338\" height=\"478\" srcset=\"https:\/\/www.naturmed.de\/blog\/wp-content\/uploads\/2015\/04\/niere-212x300.png 212w, https:\/\/www.naturmed.de\/blog\/wp-content\/uploads\/2015\/04\/niere.png 624w\" sizes=\"auto, (max-width: 338px) 100vw, 338px\" \/><\/a>Der Meridian beginnt auf der Fu\u00dfsohle und zieht dann um den Innenkn\u00f6chel und \u00fcber die Innenseite des Beins zum Bauch; er endet am Brustkorb. \u00dcber diesen Meridian k\u00f6nnen die aktiven Energien Qi und Yang des Funktionkreises Niere gest\u00fctzt und hervorgehoben werden. Besonders Krankheiten, welche auf K\u00e4lte (algor, han) zur\u00fcckgehen und diese aktiven Kr\u00e4fte l\u00e4hmen, k\u00f6nnen behandelt werden. Die Leitbahn wird in der TCM auch als Kleines Yin (shaoyin) bezeichnet.<\/p>\n<p>&nbsp;<\/p>\n<p>&nbsp;<\/p>\n<p>&nbsp;<\/p>\n<p>&nbsp;<\/p>\n<p>&nbsp;<\/p>\n<h3><\/h3>\n<h3><\/h3>\n<h3><\/h3>\n<h3><\/h3>\n<h3><\/h3>\n<p>&nbsp;<\/p>\n<p>&nbsp;<\/p>\n<p>&nbsp;<\/p>\n<h3><strong>Akupunkturpunkt Ni 1 (R 1, yongquan) Die emporsprudelnde Quelle<\/strong><\/h3>\n<p><strong><a href=\"https:\/\/www.naturmed.de\/blog\/wp-content\/uploads\/2015\/04\/Ni1.jpg\"><img loading=\"lazy\" decoding=\"async\" class=\"alignleft wp-image-7410\" src=\"https:\/\/www.naturmed.de\/blog\/wp-content\/uploads\/2015\/04\/Ni1-300x225.jpg\" alt=\"Ni1\" width=\"247\" height=\"185\" srcset=\"https:\/\/www.naturmed.de\/blog\/wp-content\/uploads\/2015\/04\/Ni1-300x225.jpg 300w, https:\/\/www.naturmed.de\/blog\/wp-content\/uploads\/2015\/04\/Ni1-768x576.jpg 768w, https:\/\/www.naturmed.de\/blog\/wp-content\/uploads\/2015\/04\/Ni1-90x68.jpg 90w, https:\/\/www.naturmed.de\/blog\/wp-content\/uploads\/2015\/04\/Ni1.jpg 959w\" sizes=\"auto, (max-width: 247px) 100vw, 247px\" \/><\/a>Bedeutung von Ni 1:<\/strong> Der Name dieses Akupunkturpunktes umschreibt anschaulich die Vorstellung, dass von hier aus dem K\u00f6rper die Kr\u00e4fte zuflie\u00dfen.<\/p>\n<p><strong>Wo befindet sich der Akupunkturpunkt Ni 1: <\/strong>Der Akupunkturpunkt liegt in einer Vertiefung zwischen den beiden vorderen Fu\u00dfballen, ungef\u00e4hr zwischen dem vorderen und dem mittleren Drittel der Fu\u00dfsohle (ohne die Zehen dazu zunehmen).<br \/>\n<strong>TCM Wirkung: <\/strong>Mobilisiert, kr\u00e4ftigt und harmonisiert das Qi des Fk Niere (das angeborene,urspr\u00fcngliche Qi), macht die Sinnes\u00f6ffnungen frei und beruhigt.<br \/>\n<strong>Ni 1 hilft bei: <\/strong>Seitenkopfschmerz und Migr\u00e4ne, Blutdruckkrisen, Unruhe und Schlaflosigkeit, bei Kindern extreme Unruhe, Fieber.<\/p>\n<h3><strong>Akupunkturpunkt Ni 3 (R 3, taixi) M\u00e4chtiger Wasserlauf <\/strong><\/h3>\n<p><a href=\"https:\/\/www.naturmed.de\/blog\/wp-content\/uploads\/2015\/04\/Ni-3.jpg\"><img loading=\"lazy\" decoding=\"async\" class=\"alignleft size-medium wp-image-7571\" src=\"https:\/\/www.naturmed.de\/blog\/wp-content\/uploads\/2015\/04\/Ni-3-300x169.jpg\" alt=\"Ni-3\" width=\"300\" height=\"169\" srcset=\"https:\/\/www.naturmed.de\/blog\/wp-content\/uploads\/2015\/04\/Ni-3-300x169.jpg 300w, https:\/\/www.naturmed.de\/blog\/wp-content\/uploads\/2015\/04\/Ni-3.jpg 600w\" sizes=\"auto, (max-width: 300px) 100vw, 300px\" \/><\/a><\/p>\n<p><strong><br \/>\nWo befindet sich der Akupunkturpunkt Ni 3: <\/strong>Der Akupunkturpunkt befindet sich in der Mitte der Verbindungslinie zwischen dem Innenkn\u00f6chel und der Achillessehne. Hier ist meist ein feiner Puls tastbar.<br \/>\n<strong>TCM Wirkung: <\/strong>Leitet Hitze (calor, re) aus, kr\u00e4ftigt und harmonisiert das Qi der Fk Niere und Leber, kr\u00e4ftigt Lenden und Knie.<br \/>\n<strong>Ni 3 hilft bei: <\/strong>Chronische Hals-Rachen-Entz\u00fcndungen (Pharyngitis), Infertilit\u00e4t, Impotenz, Bauchschmerzen, Schw\u00e4che der Knie und Lenden, Zahnschmerzen, Schlafst\u00f6rungen, Regelst\u00f6rungen (Dysmenorrh\u00f6)<\/p>\n<p>&nbsp;<\/p>\n<h3><strong>Akupunkturpunkt Ni 7 (R 7, fuliu) Der zur\u00fcckflie\u00dfende Strom (<em>fuliu<\/em>)<\/strong><\/h3>\n<p><strong><a href=\"https:\/\/www.naturmed.de\/blog\/wp-content\/uploads\/2015\/04\/Ni7.jpg\"><img loading=\"lazy\" decoding=\"async\" class=\"alignleft wp-image-7412\" src=\"https:\/\/www.naturmed.de\/blog\/wp-content\/uploads\/2015\/04\/Ni7-300x225.jpg\" alt=\"Ni7\" width=\"252\" height=\"189\" srcset=\"https:\/\/www.naturmed.de\/blog\/wp-content\/uploads\/2015\/04\/Ni7-300x225.jpg 300w, https:\/\/www.naturmed.de\/blog\/wp-content\/uploads\/2015\/04\/Ni7-768x576.jpg 768w, https:\/\/www.naturmed.de\/blog\/wp-content\/uploads\/2015\/04\/Ni7-90x68.jpg 90w, https:\/\/www.naturmed.de\/blog\/wp-content\/uploads\/2015\/04\/Ni7.jpg 959w\" sizes=\"auto, (max-width: 252px) 100vw, 252px\" \/><\/a>Wo befindet sich der Akupunkturpunkt Ni 7: <\/strong>Der Akupunkturpunkt liegt 2 PZ \u00fcber dem Innenkn\u00f6chels in einer Vertiefung am Vorderrand der Achillessehne. Zum Auffinden misst man drei Querfinger was etwa 2 PZ entspricht, von der Spitze des Innenkn\u00f6chels aus nach oben und tastet dann vor der Achillessehne eine kleine Delle.<br \/>\n<strong>TCM Wirkung: <\/strong>K\u00fchlt und leitet Hitze (calor, re) und Feuchte Hitze (calor humidus,shire) im Unterleib aus. Zudem ist dieser Punkt einer der wenigen, \u00fcber die das Yin des Fk Niere mobilisiert werden kann, so dass alle stofflichen Energien (Yin, Xue<strong>, <\/strong>Bauenergie etc.) reguliert und stabilisiert werden.<br \/>\n<strong>Ni 7 hilft bei: <\/strong>Ersch\u00f6pfung von Qi und Yin, allgemeine Schw\u00e4che, Nachtschwei\u00dfe, Spontanschwei\u00dfe am fr\u00fchen Nachmittag mit leichtem Fieber, Schmerzen und K\u00e4lte der Beine, des R\u00fcckens und der Lenden, Regelst\u00f6rungen und entz\u00fcndliche Erkrankungen im Unterleib<\/p>\n<hr \/>\n<h2>Sie wollen noch mehr \u00fcber die Akupunkturpunkte wissen?<\/h2>\n<p>Lesen Sie diesen Artikel &gt;&gt; <a href=\"https:\/\/www.naturmed.de\/blog\/tcm-akupunktur\/akupunkturpunkte-finden\/\">Akupunkturpunkte finden<\/a><\/p>\n<p><a href=\"https:\/\/www.naturmed.de\/blog\/tcm-akupunktur\/akupunkturpunkte-finden\/\"><img loading=\"lazy\" decoding=\"async\" class=\"alignnone size-full wp-image-15903\" src=\"https:\/\/www.naturmed.de\/blog\/wp-content\/uploads\/2021\/11\/Akupunkte-finden-2.jpg\" alt=\"\" width=\"1000\" height=\"402\" srcset=\"https:\/\/www.naturmed.de\/blog\/wp-content\/uploads\/2021\/11\/Akupunkte-finden-2.jpg 1000w, https:\/\/www.naturmed.de\/blog\/wp-content\/uploads\/2021\/11\/Akupunkte-finden-2-300x121.jpg 300w, https:\/\/www.naturmed.de\/blog\/wp-content\/uploads\/2021\/11\/Akupunkte-finden-2-175x70.jpg 175w, https:\/\/www.naturmed.de\/blog\/wp-content\/uploads\/2021\/11\/Akupunkte-finden-2-450x181.jpg 450w, https:\/\/www.naturmed.de\/blog\/wp-content\/uploads\/2021\/11\/Akupunkte-finden-2-768x309.jpg 768w\" sizes=\"auto, (max-width: 1000px) 100vw, 1000px\" \/><\/a><\/p>\n","protected":false},"excerpt":{"rendered":"<p>Hauptleitbahn und Akupunkturpunkte des Funktionskreises Niere Der Meridian beginnt auf der Fu\u00dfsohle und zieht dann um den Innenkn\u00f6chel und \u00fcber die Innenseite des Beins zum Bauch; er endet am Brustkorb. \u00dcber diesen Meridian k\u00f6nnen die aktiven Energien Qi und Yang des Funktionkreises Niere gest\u00fctzt und hervorgehoben werden. Besonders Krankheiten, welche auf K\u00e4lte (algor, han) zur\u00fcckgehen [&hellip;]<\/p>\n","protected":false},"author":2,"featured_media":7571,"parent":7855,"menu_order":0,"comment_status":"closed","ping_status":"closed","template":"","meta":{"footnotes":""},"class_list":["post-7409","page","type-page","status-publish","has-post-thumbnail","hentry","has-post-title","has-post-date","has-post-category","has-post-tag","has-post-comment","has-post-author",""],"_links":{"self":[{"href":"https:\/\/www.naturmed.de\/blog\/wp-json\/wp\/v2\/pages\/7409","targetHints":{"allow":["GET"]}}],"collection":[{"href":"https:\/\/www.naturmed.de\/blog\/wp-json\/wp\/v2\/pages"}],"about":[{"href":"https:\/\/www.naturmed.de\/blog\/wp-json\/wp\/v2\/types\/page"}],"author":[{"embeddable":true,"href":"https:\/\/www.naturmed.de\/blog\/wp-json\/wp\/v2\/users\/2"}],"replies":[{"embeddable":true,"href":"https:\/\/www.naturmed.de\/blog\/wp-json\/wp\/v2\/comments?post=7409"}],"version-history":[{"count":15,"href":"https:\/\/www.naturmed.de\/blog\/wp-json\/wp\/v2\/pages\/7409\/revisions"}],"predecessor-version":[{"id":15924,"href":"https:\/\/www.naturmed.de\/blog\/wp-json\/wp\/v2\/pages\/7409\/revisions\/15924"}],"up":[{"embeddable":true,"href":"https:\/\/www.naturmed.de\/blog\/wp-json\/wp\/v2\/pages\/7855"}],"wp:featuredmedia":[{"embeddable":true,"href":"https:\/\/www.naturmed.de\/blog\/wp-json\/wp\/v2\/media\/7571"}],"wp:attachment":[{"href":"https:\/\/www.naturmed.de\/blog\/wp-json\/wp\/v2\/media?parent=7409"}],"curies":[{"name":"wp","href":"https:\/\/api.w.org\/{rel}","templated":true}]}}