{"id":7414,"date":"2015-04-29T12:30:33","date_gmt":"2015-04-29T10:30:33","guid":{"rendered":"https:\/\/www.naturmed.de\/blog\/?page_id=7414"},"modified":"2021-12-03T11:13:30","modified_gmt":"2021-12-03T10:13:30","slug":"akupunkturpunkte-des-perikardmeridian","status":"publish","type":"page","link":"https:\/\/www.naturmed.de\/blog\/akupunkturpunkte-uebersicht\/akupunkturpunkte-des-perikardmeridian\/","title":{"rendered":"Akupunkturpunkte des Perikard-Meridian"},"content":{"rendered":"<h2><strong>Hauptleitbahn und Akupunkturpunkte des Funktionskreises Perikard<\/strong><\/h2>\n<p><a href=\"https:\/\/www.naturmed.de\/blog\/wp-content\/uploads\/2015\/04\/perikard.png\"><img loading=\"lazy\" decoding=\"async\" class=\"alignleft wp-image-7472\" src=\"https:\/\/www.naturmed.de\/blog\/wp-content\/uploads\/2015\/04\/perikard-212x300.png\" alt=\"perikard\" width=\"332\" height=\"469\" srcset=\"https:\/\/www.naturmed.de\/blog\/wp-content\/uploads\/2015\/04\/perikard-212x300.png 212w, https:\/\/www.naturmed.de\/blog\/wp-content\/uploads\/2015\/04\/perikard.png 463w\" sizes=\"auto, (max-width: 332px) 100vw, 332px\" \/><\/a>Der Perikard &#8211; Meridian beginnt wie Lunge- und Herz-Meridian am Brustkorb, l\u00e4uft dann auf der Innenseite von Arm und Hand zur Spitze des Mittelfingers. Bei dem Perikard\u00a0Meridian liegt der letzte Akupunkturpunkt ausnahmsweise nicht am Nagelwinkel, sondern in der Mitte der Fingerspitze, 0,1 PZ vom Nagelbett entfernt. Aufgrund ihrer Wirkung auf den Funktionskreis Herz, besonders bei psychosomatischen und mentalen St\u00f6rungen, wird der Meridian entsprechend seiner Auswirkung auf den Herz-Meridian sch\u00fctzenden Funktion Perikard genannt, au\u00dferdem wird der Perikard Meridian\u00a0wirksam bei Schmerzen im Oberbauch und Brustkorb eingesetzt. In der TCM wird sie dem weichenden Yin (jueyin) zugeordnet.<\/p>\n<p>&nbsp;<\/p>\n<p>&nbsp;<\/p>\n<p>&nbsp;<\/p>\n<p>&nbsp;<\/p>\n<p>&nbsp;<\/p>\n<h3><strong>Akupunkturpunkt Pe 4 (Pc 4, ximen) Spaltpforte<\/strong><\/h3>\n<p><strong><a href=\"https:\/\/www.naturmed.de\/blog\/wp-content\/uploads\/2015\/04\/Pe4.jpg\"><img loading=\"lazy\" decoding=\"async\" class=\"alignleft wp-image-7415\" src=\"https:\/\/www.naturmed.de\/blog\/wp-content\/uploads\/2015\/04\/Pe4-300x225.jpg\" alt=\"Pe4\" width=\"275\" height=\"206\" srcset=\"https:\/\/www.naturmed.de\/blog\/wp-content\/uploads\/2015\/04\/Pe4-300x225.jpg 300w, https:\/\/www.naturmed.de\/blog\/wp-content\/uploads\/2015\/04\/Pe4-768x576.jpg 768w, https:\/\/www.naturmed.de\/blog\/wp-content\/uploads\/2015\/04\/Pe4-90x68.jpg 90w, https:\/\/www.naturmed.de\/blog\/wp-content\/uploads\/2015\/04\/Pe4.jpg 959w\" sizes=\"auto, (max-width: 275px) 100vw, 275px\" \/><\/a>Bedeutung von Pe 4:<\/strong> In der Akupunktur sind Spaltpunkte Orte, die meist in tastbaren Spalten liegen und an denen sich besonders h\u00e4ufig energetische Stauungen bilden.<\/p>\n<p><strong>Wo befindet sich der Akupunkturpunkt Pe 4<\/strong>: Auf der Innenseite des Unterarms zwischen zwei Muskelsehnen, 5 PZ vor der Handgelenksfalte. Die Distanz von der Ellbeuge zum Handgelenk betr\u00e4gt 12 PZ. Man halbiert die Strecke und geht dann noch 1 PZ in Richtung Handgelenk. Der Akupunkturpunkt liegt zwischen Speiche und Elle.<br \/>\n<strong>TCM Wirkung: <\/strong>St\u00fctzt und reguliert die Funktionskreise Herz und Lunge, k\u00fchlt und beruhigt die konstsellierende Kraft (shen)<strong>.<br \/>\nPe 4 hilft bei:<\/strong> Schreckhaftigkeit, Palpitationen, Schmerzen im Brustkorb und auch Angina pectoris.<\/p>\n<h3><strong>Akupunkturpunkt Pe 6 (Pc 6, neiguan) Inneres Passtor<\/strong><\/h3>\n<p><a href=\"https:\/\/www.naturmed.de\/blog\/wp-content\/uploads\/2015\/04\/P-6.jpg\"><img loading=\"lazy\" decoding=\"async\" class=\"alignleft size-medium wp-image-7572\" src=\"https:\/\/www.naturmed.de\/blog\/wp-content\/uploads\/2015\/04\/P-6-300x169.jpg\" alt=\"P-6\" width=\"300\" height=\"169\" srcset=\"https:\/\/www.naturmed.de\/blog\/wp-content\/uploads\/2015\/04\/P-6-300x169.jpg 300w, https:\/\/www.naturmed.de\/blog\/wp-content\/uploads\/2015\/04\/P-6.jpg 600w\" sizes=\"auto, (max-width: 300px) 100vw, 300px\" \/><\/a><\/p>\n<p><strong><br \/>\nBedeutung von Pe 6:<\/strong> Der Begriff Passtor beschreibt die anatomisch eingeengte lage zwischen zwei Sehnen, so wie in einer Passenge zusammenlaufende Wege zusammengedr\u00e4ngt werden. Durch Manipulationen zur \u00dcberwindung dieser Engstelle kann der Fluss von Qi und Xue befreit und auf diese Weise Schmerzen gestillt werden.<\/p>\n<p><strong>Wo befindet sich der Akupunkturpunkt Pe 6: <\/strong>Zwischen den zwei tastbaren Sehnenstr\u00e4ngen des Musculus palmaris longus und des Musculus flexor carpi radialis in der Mitte der Unterarminnenseite, 2 PZ vor der Handgelenksfalte.<br \/>\n<strong>TCM Wirkung:<\/strong> St\u00fctzt, reguliert und harmonisiert die Mitte und den Funktionskreis Herz, senkt gegenl\u00e4ufig nach oben sich der Akupunkturpunktndes Qi befindet ab und stillt Schmerzen.<br \/>\n<strong>Pe 6 hilft bei: <\/strong>Hilft bei Schmerzen und Koliken in Brustkorb und Oberbauch, Magenschleimhautentz\u00fcndung (Gastritis), Gallenblasenentz\u00fcndung (Cholecystitis), Herzklopfen, \u00dcbelkeit und Erbrechen, Reisekrankheit.<\/p>\n<h3><strong>Akupunkturpunkt Pe 8 (Pc 8, laogong) Mitte des Handtellers <\/strong><\/h3>\n<p><strong><a href=\"https:\/\/www.naturmed.de\/blog\/wp-content\/uploads\/2015\/04\/Pe8.jpg\"><img loading=\"lazy\" decoding=\"async\" class=\"alignleft wp-image-7417\" src=\"https:\/\/www.naturmed.de\/blog\/wp-content\/uploads\/2015\/04\/Pe8-300x225.jpg\" alt=\"Pe8\" width=\"259\" height=\"194\" srcset=\"https:\/\/www.naturmed.de\/blog\/wp-content\/uploads\/2015\/04\/Pe8-300x225.jpg 300w, https:\/\/www.naturmed.de\/blog\/wp-content\/uploads\/2015\/04\/Pe8-768x576.jpg 768w, https:\/\/www.naturmed.de\/blog\/wp-content\/uploads\/2015\/04\/Pe8-90x68.jpg 90w, https:\/\/www.naturmed.de\/blog\/wp-content\/uploads\/2015\/04\/Pe8.jpg 959w\" sizes=\"auto, (max-width: 259px) 100vw, 259px\" \/><\/a>Wo befindet sich der Akupunkturpunkt Pe 8:<\/strong> In der Mitte des Handtellers zwischen dem 3. und 4. Mittelhandknochen liegt der Akupunkturpunkt bei geballter Faust zwischen den Spitzen des Mittel- und Ringfingers.<br \/>\n<strong>TCM Wirkung: <\/strong>Beruhigt den Funktionskreis Herz, leitet Hitze (calor,re), Wind (ventus, feng) und Feuchtigkeit (humor, shi) aus.<br \/>\n<strong>Pe 8 h<\/strong><strong>ilft bei<\/strong>: Herzklopfen und Unruhe, Beklemmungen, Zittern (Tremor), besonders bei Kindern: Infekte und Fieber mit gro\u00dfem Durst und Unruhe, Zahnfleischentz\u00fcndungen (Parodontitis) bei Kindern, Appetitlosigkeit bei Kindern, Mundgeruch bei Kindern.<\/p>\n<hr \/>\n<h2>Sie wollen noch mehr \u00fcber die Akupunkturpunkte wissen?<\/h2>\n<p>Lesen Sie diesen Artikel &gt;&gt; <a href=\"https:\/\/www.naturmed.de\/blog\/tcm-akupunktur\/akupunkturpunkte-finden\/\">Akupunkturpunkte finden<\/a><\/p>\n<p><a href=\"https:\/\/www.naturmed.de\/blog\/tcm-akupunktur\/akupunkturpunkte-finden\/\"><img loading=\"lazy\" decoding=\"async\" class=\"alignnone size-full wp-image-15903\" src=\"https:\/\/www.naturmed.de\/blog\/wp-content\/uploads\/2021\/11\/Akupunkte-finden-2.jpg\" alt=\"\" width=\"1000\" height=\"402\" srcset=\"https:\/\/www.naturmed.de\/blog\/wp-content\/uploads\/2021\/11\/Akupunkte-finden-2.jpg 1000w, https:\/\/www.naturmed.de\/blog\/wp-content\/uploads\/2021\/11\/Akupunkte-finden-2-300x121.jpg 300w, https:\/\/www.naturmed.de\/blog\/wp-content\/uploads\/2021\/11\/Akupunkte-finden-2-175x70.jpg 175w, https:\/\/www.naturmed.de\/blog\/wp-content\/uploads\/2021\/11\/Akupunkte-finden-2-450x181.jpg 450w, https:\/\/www.naturmed.de\/blog\/wp-content\/uploads\/2021\/11\/Akupunkte-finden-2-768x309.jpg 768w\" sizes=\"auto, (max-width: 1000px) 100vw, 1000px\" \/><\/a><\/p>\n","protected":false},"excerpt":{"rendered":"<p>Hauptleitbahn und Akupunkturpunkte des Funktionskreises Perikard Der Perikard &#8211; Meridian beginnt wie Lunge- und Herz-Meridian am Brustkorb, l\u00e4uft dann auf der Innenseite von Arm und Hand zur Spitze des Mittelfingers. Bei dem Perikard\u00a0Meridian liegt der letzte Akupunkturpunkt ausnahmsweise nicht am Nagelwinkel, sondern in der Mitte der Fingerspitze, 0,1 PZ vom Nagelbett entfernt. Aufgrund ihrer Wirkung [&hellip;]<\/p>\n","protected":false},"author":2,"featured_media":7572,"parent":7855,"menu_order":0,"comment_status":"closed","ping_status":"closed","template":"","meta":{"footnotes":""},"class_list":["post-7414","page","type-page","status-publish","has-post-thumbnail","hentry","has-post-title","has-post-date","has-post-category","has-post-tag","has-post-comment","has-post-author",""],"_links":{"self":[{"href":"https:\/\/www.naturmed.de\/blog\/wp-json\/wp\/v2\/pages\/7414","targetHints":{"allow":["GET"]}}],"collection":[{"href":"https:\/\/www.naturmed.de\/blog\/wp-json\/wp\/v2\/pages"}],"about":[{"href":"https:\/\/www.naturmed.de\/blog\/wp-json\/wp\/v2\/types\/page"}],"author":[{"embeddable":true,"href":"https:\/\/www.naturmed.de\/blog\/wp-json\/wp\/v2\/users\/2"}],"replies":[{"embeddable":true,"href":"https:\/\/www.naturmed.de\/blog\/wp-json\/wp\/v2\/comments?post=7414"}],"version-history":[{"count":13,"href":"https:\/\/www.naturmed.de\/blog\/wp-json\/wp\/v2\/pages\/7414\/revisions"}],"predecessor-version":[{"id":15923,"href":"https:\/\/www.naturmed.de\/blog\/wp-json\/wp\/v2\/pages\/7414\/revisions\/15923"}],"up":[{"embeddable":true,"href":"https:\/\/www.naturmed.de\/blog\/wp-json\/wp\/v2\/pages\/7855"}],"wp:featuredmedia":[{"embeddable":true,"href":"https:\/\/www.naturmed.de\/blog\/wp-json\/wp\/v2\/media\/7572"}],"wp:attachment":[{"href":"https:\/\/www.naturmed.de\/blog\/wp-json\/wp\/v2\/media?parent=7414"}],"curies":[{"name":"wp","href":"https:\/\/api.w.org\/{rel}","templated":true}]}}