{"id":7419,"date":"2015-04-30T13:46:25","date_gmt":"2015-04-30T11:46:25","guid":{"rendered":"https:\/\/www.naturmed.de\/blog\/?page_id=7419"},"modified":"2022-10-17T16:10:07","modified_gmt":"2022-10-17T14:10:07","slug":"akupunkturpunkte-des-renmaimeridian","status":"publish","type":"page","link":"https:\/\/www.naturmed.de\/blog\/akupunkturpunkte-uebersicht\/akupunkturpunkte-des-renmaimeridian\/","title":{"rendered":"Akupunkturpunkte des Renmai-Meridian"},"content":{"rendered":"<h2><strong>Verlauf und Akupunkturpunkte der Renmai-Leitbahn (renmai)<\/strong><\/h2>\n<p><a href=\"https:\/\/www.naturmed.de\/blog\/wp-content\/uploads\/2015\/04\/renmai.png\"><img loading=\"lazy\" decoding=\"async\" class=\"alignleft wp-image-7474\" src=\"https:\/\/www.naturmed.de\/blog\/wp-content\/uploads\/2015\/04\/renmai-212x300.png\" alt=\"renmai\" width=\"331\" height=\"469\" srcset=\"https:\/\/www.naturmed.de\/blog\/wp-content\/uploads\/2015\/04\/renmai-212x300.png 212w, https:\/\/www.naturmed.de\/blog\/wp-content\/uploads\/2015\/04\/renmai.png 536w\" sizes=\"auto, (max-width: 331px) 100vw, 331px\" \/><\/a>Das Gegenst\u00fcck des Dumai-Meridians ist der Renmai-Meridian auf der Mittellinie der Bauchseite. Der Renmai Meridian beginnt im selben Akupunkturpunkt am Damm und verl\u00e4uft auf der vorderen Mittellinie nach oben zur Unterlippe. Der Renmai-Meridian steht mit allen Yin-Meridianen in Verbindung und dient als Ausgleichsreservoir aller stofflichen Energien, besonders des Xue. Ein besonderer Bezug besteht zu den Fortpflanzungsorganen der Frau. Wird diese Renmai Meridiane ausreichend mit Xue versorgt, kann eine Schwangerschaft entstehen. Besonders bei Regelst\u00f6rungen, Unfruchtbarkeit und Schmerzen im Bauchbereich ist der Einsatz der Renma<strong>i<\/strong>-Meridiane wirksam. Beim Suchen der Akupunkturpunkte ist zu beachten, dass hier die Proporzionalzollangaben (PZ) nicht den Daumenbreiten entsprechen. Vielmehr muss die Strecke zwischen der Schambeinoberkante und dem Nabel in f\u00fcnf Teile unterteilt (hier erweist sich das Proportionalzoll PZ als echtes Verh\u00e4ltnisma\u00df) und dann die Akupunkturpunkte entsprechend den Angaben lokalisiert werden.<\/p>\n<h3><strong>Akupunkturpunkt Ren 4 (Rs 4, guanyuan) Das erste der Passtore <\/strong><\/h3>\n<p><strong><a href=\"https:\/\/www.naturmed.de\/blog\/wp-content\/uploads\/2015\/04\/Ren4.jpg\"><img loading=\"lazy\" decoding=\"async\" class=\"alignleft wp-image-7421\" src=\"https:\/\/www.naturmed.de\/blog\/wp-content\/uploads\/2015\/04\/Ren4-300x225.jpg\" alt=\"Ren4\" width=\"248\" height=\"186\" srcset=\"https:\/\/www.naturmed.de\/blog\/wp-content\/uploads\/2015\/04\/Ren4-300x225.jpg 300w, https:\/\/www.naturmed.de\/blog\/wp-content\/uploads\/2015\/04\/Ren4-768x576.jpg 768w, https:\/\/www.naturmed.de\/blog\/wp-content\/uploads\/2015\/04\/Ren4-90x68.jpg 90w, https:\/\/www.naturmed.de\/blog\/wp-content\/uploads\/2015\/04\/Ren4.jpg 959w\" sizes=\"auto, (max-width: 248px) 100vw, 248px\" \/><\/a>Wo befindet sich der Akupunkturpunkt Ren 4: <\/strong>3 PZ unterhalb des Nabels. Zur Auffindung des Akupunkturpunktes unterteilt man die Strecke zwischen Schambeinoberkante und Nabel in F\u00fcnftel.<br \/>\n<strong>TCM Wirkung: <\/strong>St\u00e4rkt den Funktionskreis Niere und die angeborenen Vitalkr\u00e4fte (qi originale, yuanqi) und reguliert gleichzeitig das Qi, besonders bei der Frau.<br \/>\n<strong>Ren 4 hilft bei: <\/strong>Regelst\u00f6rungen, schmerzhafte oder ausbleibende Regelblutung (Dysmenorrh\u00f6, Amenorrh\u00f6), Bettn\u00e4ssen (Enuresis) und Inkontinenz, Schmerzen im Unterbauch.<\/p>\n<h3><strong>Akupunkturpunkt Ren 6 (Rs 6, qihai) Meer des Qi <\/strong><\/h3>\n<p><strong><a href=\"https:\/\/www.naturmed.de\/blog\/wp-content\/uploads\/2015\/04\/Ren6.jpg\"><img loading=\"lazy\" decoding=\"async\" class=\"alignleft wp-image-7422\" src=\"https:\/\/www.naturmed.de\/blog\/wp-content\/uploads\/2015\/04\/Ren6-300x225.jpg\" alt=\"Ren6\" width=\"208\" height=\"155\" srcset=\"https:\/\/www.naturmed.de\/blog\/wp-content\/uploads\/2015\/04\/Ren6-300x225.jpg 300w, https:\/\/www.naturmed.de\/blog\/wp-content\/uploads\/2015\/04\/Ren6-768x576.jpg 768w, https:\/\/www.naturmed.de\/blog\/wp-content\/uploads\/2015\/04\/Ren6-90x68.jpg 90w, https:\/\/www.naturmed.de\/blog\/wp-content\/uploads\/2015\/04\/Ren6.jpg 959w\" sizes=\"auto, (max-width: 208px) 100vw, 208px\" \/><\/a>Wo befindet sich der Akupunkturpunkt Ren 6:<\/strong> Der Akupunkturpunkt befindet sich 1,5 PZ unterhalb des Nabels.<br \/>\n<strong>TCM Wirkung: <\/strong>St\u00e4rkt den Funktionskreis Niere und die angeborenen Vitalkr\u00e4fte, Yin und Yang werden gest\u00e4rkt, konsolidiert und harmonisiert.<br \/>\n<strong>Ren 6 hilft bei: <\/strong>Geringe Belastbarkeit, Schmerzen in Unterbauch und Magen, Einn\u00e4ssen, Regelst\u00f6rungen.<\/p>\n<p>&nbsp;<\/p>\n<h3><strong>Akupunkturpunkt Ren 8 (Rs 8, shenque, qizhong) Mitte des Nabels <\/strong><\/h3>\n<p><strong><a href=\"https:\/\/www.naturmed.de\/blog\/wp-content\/uploads\/2015\/04\/Ren8.jpg\"><img loading=\"lazy\" decoding=\"async\" class=\"alignleft wp-image-7423\" src=\"https:\/\/www.naturmed.de\/blog\/wp-content\/uploads\/2015\/04\/Ren8-300x225.jpg\" alt=\"Ren8\" width=\"189\" height=\"142\" srcset=\"https:\/\/www.naturmed.de\/blog\/wp-content\/uploads\/2015\/04\/Ren8-300x225.jpg 300w, https:\/\/www.naturmed.de\/blog\/wp-content\/uploads\/2015\/04\/Ren8-768x576.jpg 768w, https:\/\/www.naturmed.de\/blog\/wp-content\/uploads\/2015\/04\/Ren8-90x68.jpg 90w, https:\/\/www.naturmed.de\/blog\/wp-content\/uploads\/2015\/04\/Ren8.jpg 959w\" sizes=\"auto, (max-width: 189px) 100vw, 189px\" \/><\/a>Wo befindet sich der Akupunkturpunkt Ren 8: <\/strong>Der Akupunkturpunkt liegt auf der Mitte des Nabels.<br \/>\n<strong>TCM Wirkung: <\/strong>St\u00fctzt die Mitte und wandelt Feuchtigkeit um.<br \/>\n<strong>Ren 8 hilft bei: <\/strong>Schmerzen im Unterbauch, Durchfall.<\/p>\n<h3><\/h3>\n<h3><\/h3>\n<h3><strong>Akupunkturpunkt Ren 12 (Rs 12, zhongwan) Sammlungspunkt des Funktionskreises Magen <\/strong><\/h3>\n<p><strong>Wo befindet sich der Akupunkturpunkt<\/strong> <strong>Ren 12: <\/strong>Der Akupunkturpunktunkt liegt 4 PZ oberhalb des Nabels und 4 PZ unterhalb des Zwischenraumes zwischen Schwertfortsatz des Brustbeins und Nabel, also genau in Mitte der Verbindungslinie.<br \/>\n<strong>TCM Wirkung: <\/strong>Harmonisiert das Qi des Funktionskreises Magen, senkt dessen Qi ab<br \/>\n<strong>Ren 12 hilft bei: <\/strong>\u00dcbelkeit und Erbrechen, Magenschmerzen, V\u00f6llegef\u00fchl und Appetitlosigkeit, Durchfall<\/p>\n<h3><strong>Akupunkturpunkt Ren 14 (Rs 14, xinmu) Sammlungspunkt des Funktionskreis Herz<\/strong><\/h3>\n<p><strong>Wo befindet sich der Akupunkturpunkt Ren 14: <\/strong>Der Akupunkturpunkt liegt am Schwertfortsatz des Brustbeins.<br \/>\n<strong>TCM Wirkung<\/strong>: Harmonisiert das Qi des Funktionskreises Herz, beunruhigt, senkt das Qi der Funktionskreises Magen und Dickdarm ab.<br \/>\n<strong>Ren 14 hilft bei: <\/strong>Druck im Brust und Bauchbereich, \u00dcbelkeit und Erbrechen, Magenschmerzen, V\u00f6llegef\u00fchl und Appetitlosigkeit, Durchfall.<\/p>\n<h3><strong>Akupunkturpunkt Ren 17 (Rs 17, tanzhong, shanzhong) Vorhof der Brust <\/strong><\/h3>\n<p><strong><a href=\"https:\/\/www.naturmed.de\/blog\/wp-content\/uploads\/2015\/04\/Ren17.jpg\"><img loading=\"lazy\" decoding=\"async\" class=\"alignleft wp-image-7424\" src=\"https:\/\/www.naturmed.de\/blog\/wp-content\/uploads\/2015\/04\/Ren17-300x225.jpg\" alt=\"Ren17\" width=\"247\" height=\"185\" srcset=\"https:\/\/www.naturmed.de\/blog\/wp-content\/uploads\/2015\/04\/Ren17-300x225.jpg 300w, https:\/\/www.naturmed.de\/blog\/wp-content\/uploads\/2015\/04\/Ren17-768x576.jpg 768w, https:\/\/www.naturmed.de\/blog\/wp-content\/uploads\/2015\/04\/Ren17-90x68.jpg 90w, https:\/\/www.naturmed.de\/blog\/wp-content\/uploads\/2015\/04\/Ren17.jpg 959w\" sizes=\"auto, (max-width: 247px) 100vw, 247px\" \/><\/a>Wo befindet sich der Akupunkturpunkt Ren 17<\/strong><strong>:<\/strong> Der Akupunkturpunkt liegt auf dem Brustbein (Mittellinie), genau zwischen den Brustwarzen, in H\u00f6he des 4. Zwischenrippenraums (zwischen 4. und 5. Rippe, das Schl\u00fcsselbein wird als 1. Rippe gez\u00e4hlt, da diese nicht tastbar ist).<br \/>\n<strong>TCM Wirkung: <\/strong>Reguliert das Qi des Funktionskreises Lunge und senkt gegenl\u00e4ufiges Qi ab, entspannt den Oberbauch.<br \/>\n<strong>Ren 17 hilft bei: <\/strong>Husten, Atemnot, Asthma, Schmerzen im Brustbereich, Beklemmung und Engegef\u00fchl, Entz\u00fcndung der weiblichen Brust (Mastitis)<\/p>\n<h3><strong>Akupunkturpunkt Ren 22 (Rs 22, tiantu) Bresche des Himmels <\/strong><\/h3>\n<p><strong><a href=\"https:\/\/www.naturmed.de\/blog\/wp-content\/uploads\/2015\/04\/Ren22.jpg\"><img loading=\"lazy\" decoding=\"async\" class=\"alignleft wp-image-7425\" src=\"https:\/\/www.naturmed.de\/blog\/wp-content\/uploads\/2015\/04\/Ren22-300x225.jpg\" alt=\"Ren22\" width=\"240\" height=\"180\" srcset=\"https:\/\/www.naturmed.de\/blog\/wp-content\/uploads\/2015\/04\/Ren22-300x225.jpg 300w, https:\/\/www.naturmed.de\/blog\/wp-content\/uploads\/2015\/04\/Ren22-768x576.jpg 768w, https:\/\/www.naturmed.de\/blog\/wp-content\/uploads\/2015\/04\/Ren22-90x68.jpg 90w, https:\/\/www.naturmed.de\/blog\/wp-content\/uploads\/2015\/04\/Ren22.jpg 959w\" sizes=\"auto, (max-width: 240px) 100vw, 240px\" \/><\/a>Wo befindet sich der Akupunkturpunkt Ren 22: <\/strong>Der Akupunkturpunkt liegt in der Grube oberhalb des Brustbeins (fossa suprasternalis), ungef\u00e4hr 0,5 PZ oberhalb des Brustbeines in der Mitte.<br \/>\n<strong>TCM Wirkung: <\/strong>St\u00e4rkt und reguliert das Qi der Mitte und des Funktionskreises Lunge, l\u00f6st und befreit die Kehle.<br \/>\n<strong>Ren 22 hilft bei: <\/strong>Husten, Atemnot, schwer abzuhustender, z\u00e4her Schleim, Stimmverlust<\/p>\n<hr \/>\n<h2>Sie wollen noch mehr \u00fcber die Akupunkturpunkte wissen?<\/h2>\n<p>Lesen Sie diesen Artikel &gt;&gt; <a href=\"https:\/\/www.naturmed.de\/blog\/tcm-akupunktur\/akupunkturpunkte-finden\/\">Akupunkturpunkte finden<\/a><\/p>\n<p><a href=\"https:\/\/www.naturmed.de\/blog\/tcm-akupunktur\/akupunkturpunkte-finden\/\"><img loading=\"lazy\" decoding=\"async\" class=\"aligncenter size-full wp-image-15903\" src=\"https:\/\/www.naturmed.de\/blog\/wp-content\/uploads\/2021\/11\/Akupunkte-finden-2.jpg\" alt=\"\" width=\"1000\" height=\"402\" srcset=\"https:\/\/www.naturmed.de\/blog\/wp-content\/uploads\/2021\/11\/Akupunkte-finden-2.jpg 1000w, https:\/\/www.naturmed.de\/blog\/wp-content\/uploads\/2021\/11\/Akupunkte-finden-2-300x121.jpg 300w, https:\/\/www.naturmed.de\/blog\/wp-content\/uploads\/2021\/11\/Akupunkte-finden-2-175x70.jpg 175w, https:\/\/www.naturmed.de\/blog\/wp-content\/uploads\/2021\/11\/Akupunkte-finden-2-450x181.jpg 450w, https:\/\/www.naturmed.de\/blog\/wp-content\/uploads\/2021\/11\/Akupunkte-finden-2-768x309.jpg 768w\" sizes=\"auto, (max-width: 1000px) 100vw, 1000px\" \/><\/a><\/p>\n","protected":false},"excerpt":{"rendered":"<p>Verlauf und Akupunkturpunkte der Renmai-Leitbahn (renmai) Das Gegenst\u00fcck des Dumai-Meridians ist der Renmai-Meridian auf der Mittellinie der Bauchseite. Der Renmai Meridian beginnt im selben Akupunkturpunkt am Damm und verl\u00e4uft auf der vorderen Mittellinie nach oben zur Unterlippe. Der Renmai-Meridian steht mit allen Yin-Meridianen in Verbindung und dient als Ausgleichsreservoir aller stofflichen Energien, besonders des Xue. [&hellip;]<\/p>\n","protected":false},"author":2,"featured_media":7422,"parent":7855,"menu_order":0,"comment_status":"closed","ping_status":"closed","template":"","meta":{"footnotes":""},"class_list":["post-7419","page","type-page","status-publish","has-post-thumbnail","hentry","has-post-title","has-post-date","has-post-category","has-post-tag","has-post-comment","has-post-author",""],"_links":{"self":[{"href":"https:\/\/www.naturmed.de\/blog\/wp-json\/wp\/v2\/pages\/7419","targetHints":{"allow":["GET"]}}],"collection":[{"href":"https:\/\/www.naturmed.de\/blog\/wp-json\/wp\/v2\/pages"}],"about":[{"href":"https:\/\/www.naturmed.de\/blog\/wp-json\/wp\/v2\/types\/page"}],"author":[{"embeddable":true,"href":"https:\/\/www.naturmed.de\/blog\/wp-json\/wp\/v2\/users\/2"}],"replies":[{"embeddable":true,"href":"https:\/\/www.naturmed.de\/blog\/wp-json\/wp\/v2\/comments?post=7419"}],"version-history":[{"count":25,"href":"https:\/\/www.naturmed.de\/blog\/wp-json\/wp\/v2\/pages\/7419\/revisions"}],"predecessor-version":[{"id":16292,"href":"https:\/\/www.naturmed.de\/blog\/wp-json\/wp\/v2\/pages\/7419\/revisions\/16292"}],"up":[{"embeddable":true,"href":"https:\/\/www.naturmed.de\/blog\/wp-json\/wp\/v2\/pages\/7855"}],"wp:featuredmedia":[{"embeddable":true,"href":"https:\/\/www.naturmed.de\/blog\/wp-json\/wp\/v2\/media\/7422"}],"wp:attachment":[{"href":"https:\/\/www.naturmed.de\/blog\/wp-json\/wp\/v2\/media?parent=7419"}],"curies":[{"name":"wp","href":"https:\/\/api.w.org\/{rel}","templated":true}]}}