{"id":7427,"date":"2015-04-30T13:29:54","date_gmt":"2015-04-30T11:29:54","guid":{"rendered":"https:\/\/www.naturmed.de\/blog\/?page_id=7427"},"modified":"2021-12-03T11:09:12","modified_gmt":"2021-12-03T10:09:12","slug":"akupunkturpunkte-des-sanjiaomeridian","status":"publish","type":"page","link":"https:\/\/www.naturmed.de\/blog\/akupunkturpunkte-uebersicht\/akupunkturpunkte-des-sanjiaomeridian\/","title":{"rendered":"Akupunkturpunkte des Sanjiao-Meridian"},"content":{"rendered":"<h2><strong>Hauptleitbahn und Akupunkturpunkte des Funktionskreises Sanjiao \/ Trikalorium<\/strong><\/h2>\n<p><a href=\"https:\/\/www.naturmed.de\/blog\/wp-content\/uploads\/2015\/04\/sanjiao.png\"><img loading=\"lazy\" decoding=\"async\" class=\"alignleft wp-image-7476\" src=\"https:\/\/www.naturmed.de\/blog\/wp-content\/uploads\/2015\/04\/sanjiao-212x300.png\" alt=\"sanjiao\" width=\"345\" height=\"488\" srcset=\"https:\/\/www.naturmed.de\/blog\/wp-content\/uploads\/2015\/04\/sanjiao-212x300.png 212w, https:\/\/www.naturmed.de\/blog\/wp-content\/uploads\/2015\/04\/sanjiao.png 511w\" sizes=\"auto, (max-width: 345px) 100vw, 345px\" \/><\/a>Vom \u00e4u\u00dferen Nagelwinkel des Ringfingers f\u00fchrt der Sanjiao-Meridian \u00fcber die Au\u00dfenseite des Arms zur Schulter und zum Hals, eng um das Ohr herum und endet dann nahe dem \u00e4u\u00dferen Ende der Augenbraue. Die Begriffe W\u00e4rmebereich, Erw\u00e4rmer oder Calorium (jiao) beziehen sich auf die klassische Einteilung des K\u00f6rpers und der Funktionskreise in der TCM in die drei Ebenen der oberen, mittleren und unteren W\u00e4rmebereiche (Calorien, jiao).Die Hauptfunktion der Sanjiao-Meridian besteht in der Regulierung des Umlaufs der S\u00e4fte und des Xue im K\u00f6rper sowie der ausreichenden Versorgung aller drei Ebenen. Zudem reguliert sie Bau- und Wehrenergie (qi constructivum et defensivum, yingwei). Der Meridian ist als Kleines Yang (shaoyin) qualifiziert<strong>.<\/strong><\/p>\n<p>Calorium:\u00a0\u00a0 K\u00f6rperbereich:\u00a0\u00a0\u00a0\u00a0\u00a0\u00a0 Funktionskreise:<br \/>\nOberes\u00a0\u00a0\u00a0\u00a0 Kopf bis Zwerchfell\u00a0\u00a0 Funktionskreis Herz, Funktionskreis Lunge<br \/>\nMittleres\u00a0\u00a0\u00a0\u00a0 Zwechfell bis Nabel\u00a0\u00a0 Funktionskreis Milz, Funktionskreis Magen, Funktionskreis Leber<br \/>\nUnteres\u00a0\u00a0\u00a0\u00a0 Nabel bis Fu\u00df\u00a0\u00a0\u00a0\u00a0\u00a0\u00a0\u00a0\u00a0 Funktionskreis Niere, Funktionskreis Blase, Funktionskreis Dickdarm, Funktionskreis D\u00fcndarm<\/p>\n<h3><strong>Akupunkturpunkt Sanjiao 5 (T 5, waiguan) \u00c4u\u00dferes Passtor<\/strong><\/h3>\n<h3><a href=\"https:\/\/www.naturmed.de\/blog\/wp-content\/uploads\/2015\/04\/SJ-5.jpg\"><img loading=\"lazy\" decoding=\"async\" class=\"alignleft size-medium wp-image-7573\" src=\"https:\/\/www.naturmed.de\/blog\/wp-content\/uploads\/2015\/04\/SJ-5-300x169.jpg\" alt=\"SJ-5\" width=\"300\" height=\"169\" srcset=\"https:\/\/www.naturmed.de\/blog\/wp-content\/uploads\/2015\/04\/SJ-5-300x169.jpg 300w, https:\/\/www.naturmed.de\/blog\/wp-content\/uploads\/2015\/04\/SJ-5.jpg 600w\" sizes=\"auto, (max-width: 300px) 100vw, 300px\" \/><\/a><\/h3>\n<h3><\/h3>\n<p><strong><br \/>\nBedeutung von SJ 5:<\/strong> Der Begriff Passtor beschreibt die anatomisch eingeengte Lage zwischen zwei Sehnen, so wie in einer Passenge zusammenlaufende Wege zusammengedr\u00e4ngt werden. Durch Manipulationen zur \u00dcberwindung dieser Engstelle kann der Fluss von Qi und Xue befreit und auf diese Weise Schmerzen gestillt werden.<\/p>\n<p><strong>Wo befindet sich der Akupunkturpunkt SJ 5: <\/strong>Auf der Au\u00dfenseite des Unterarms liegt der Akupunkturpunkt 2 PZ vor der Handgelenksfalte, genau in der Mitte zwischen Elle und Speiche.<br \/>\n<strong>TCM Wirkung: <\/strong>\u00d6ffnet die Oberfl\u00e4che (extima, biao), befreit die Haupt- und Netzleitbahnen von krankheitsausl\u00f6senden Faktoren wie K\u00e4lte (algor, han),Wind (ventus, feng) und Hitze (calor, re).<br \/>\n<strong>SJ 5 hilft bei:<\/strong> Hilft bei Hauptpunkt bei grippalen Infekten und Erk\u00e4ltungen; Kopfschmerzen, steifer Hals (Torticollis).<\/p>\n<h3><strong>Akupunkturpunkt Sanjiao 14 (T 14, jianliao\/jianjiao) Kellerloch der Schulter <\/strong><\/h3>\n<p><strong><a href=\"https:\/\/www.naturmed.de\/blog\/wp-content\/uploads\/2015\/04\/SJ14.jpg\"><img loading=\"lazy\" decoding=\"async\" class=\"alignleft wp-image-7429\" src=\"https:\/\/www.naturmed.de\/blog\/wp-content\/uploads\/2015\/04\/SJ14-300x225.jpg\" alt=\"SJ14\" width=\"276\" height=\"207\" srcset=\"https:\/\/www.naturmed.de\/blog\/wp-content\/uploads\/2015\/04\/SJ14-300x225.jpg 300w, https:\/\/www.naturmed.de\/blog\/wp-content\/uploads\/2015\/04\/SJ14-768x576.jpg 768w, https:\/\/www.naturmed.de\/blog\/wp-content\/uploads\/2015\/04\/SJ14-90x68.jpg 90w, https:\/\/www.naturmed.de\/blog\/wp-content\/uploads\/2015\/04\/SJ14.jpg 959w\" sizes=\"auto, (max-width: 276px) 100vw, 276px\" \/><\/a>Wo befindet sich der Akupunkturpunkt SJ 14: <\/strong>Wenn man den Arm zur Seite hin anhebt auf ca. 90 \u00b0 werden am Ende des Schl\u00fcsselbeines zwischen den Knochen und dem Deltamuskel zwei Vertiefungen tastbar, in der r\u00fcckw\u00e4rtigen liegt der Akupunkturpunkt SJ 14 (T 14). Er wird neben dem Muskel durch den Rabenschnabelfortsatz (Processus coracoideus) und den Oberarmknochen gebildet. (In der vorderen Mulde liegt der Punkt Di 15 (IC 15), Spalt unter Schulterh\u00f6he (jianyu).<br \/>\n<strong>TCM Wirkung: <\/strong>Leitet Wind (ventus, feng) und Feuchtigkeit (humor, shi) aus.<br \/>\n<strong>SJ 14 hilft bei: <\/strong>Schulter-Arm-Syndrom, frozen shoulder, Kraftlosigkeit und Schw\u00e4che von Schulter und Arm.<\/p>\n<hr \/>\n<h2>Sie wollen noch mehr \u00fcber die Akupunkturpunkte wissen?<\/h2>\n<p>Lesen Sie diesen Artikel &gt;&gt; <a href=\"https:\/\/www.naturmed.de\/blog\/tcm-akupunktur\/akupunkturpunkte-finden\/\">Akupunkturpunkte finden<\/a><a href=\"https:\/\/www.naturmed.de\/blog\/tcm-akupunktur\/akupunkturpunkte-finden\/\"><img loading=\"lazy\" decoding=\"async\" class=\"alignnone size-full wp-image-15903\" src=\"https:\/\/www.naturmed.de\/blog\/wp-content\/uploads\/2021\/11\/Akupunkte-finden-2.jpg\" alt=\"\" width=\"1000\" height=\"402\" srcset=\"https:\/\/www.naturmed.de\/blog\/wp-content\/uploads\/2021\/11\/Akupunkte-finden-2.jpg 1000w, https:\/\/www.naturmed.de\/blog\/wp-content\/uploads\/2021\/11\/Akupunkte-finden-2-300x121.jpg 300w, https:\/\/www.naturmed.de\/blog\/wp-content\/uploads\/2021\/11\/Akupunkte-finden-2-175x70.jpg 175w, https:\/\/www.naturmed.de\/blog\/wp-content\/uploads\/2021\/11\/Akupunkte-finden-2-450x181.jpg 450w, https:\/\/www.naturmed.de\/blog\/wp-content\/uploads\/2021\/11\/Akupunkte-finden-2-768x309.jpg 768w\" sizes=\"auto, (max-width: 1000px) 100vw, 1000px\" \/><\/a><\/p>\n","protected":false},"excerpt":{"rendered":"<p>Hauptleitbahn und Akupunkturpunkte des Funktionskreises Sanjiao \/ Trikalorium Vom \u00e4u\u00dferen Nagelwinkel des Ringfingers f\u00fchrt der Sanjiao-Meridian \u00fcber die Au\u00dfenseite des Arms zur Schulter und zum Hals, eng um das Ohr herum und endet dann nahe dem \u00e4u\u00dferen Ende der Augenbraue. Die Begriffe W\u00e4rmebereich, Erw\u00e4rmer oder Calorium (jiao) beziehen sich auf die klassische Einteilung des K\u00f6rpers [&hellip;]<\/p>\n","protected":false},"author":2,"featured_media":7573,"parent":7855,"menu_order":0,"comment_status":"closed","ping_status":"closed","template":"","meta":{"footnotes":""},"class_list":["post-7427","page","type-page","status-publish","has-post-thumbnail","hentry","has-post-title","has-post-date","has-post-category","has-post-tag","has-post-comment","has-post-author",""],"_links":{"self":[{"href":"https:\/\/www.naturmed.de\/blog\/wp-json\/wp\/v2\/pages\/7427","targetHints":{"allow":["GET"]}}],"collection":[{"href":"https:\/\/www.naturmed.de\/blog\/wp-json\/wp\/v2\/pages"}],"about":[{"href":"https:\/\/www.naturmed.de\/blog\/wp-json\/wp\/v2\/types\/page"}],"author":[{"embeddable":true,"href":"https:\/\/www.naturmed.de\/blog\/wp-json\/wp\/v2\/users\/2"}],"replies":[{"embeddable":true,"href":"https:\/\/www.naturmed.de\/blog\/wp-json\/wp\/v2\/comments?post=7427"}],"version-history":[{"count":11,"href":"https:\/\/www.naturmed.de\/blog\/wp-json\/wp\/v2\/pages\/7427\/revisions"}],"predecessor-version":[{"id":15920,"href":"https:\/\/www.naturmed.de\/blog\/wp-json\/wp\/v2\/pages\/7427\/revisions\/15920"}],"up":[{"embeddable":true,"href":"https:\/\/www.naturmed.de\/blog\/wp-json\/wp\/v2\/pages\/7855"}],"wp:featuredmedia":[{"embeddable":true,"href":"https:\/\/www.naturmed.de\/blog\/wp-json\/wp\/v2\/media\/7573"}],"wp:attachment":[{"href":"https:\/\/www.naturmed.de\/blog\/wp-json\/wp\/v2\/media?parent=7427"}],"curies":[{"name":"wp","href":"https:\/\/api.w.org\/{rel}","templated":true}]}}