{"id":7431,"date":"2015-04-29T12:42:02","date_gmt":"2015-04-29T10:42:02","guid":{"rendered":"https:\/\/www.naturmed.de\/blog\/?page_id=7431"},"modified":"2021-12-03T11:12:16","modified_gmt":"2021-12-03T10:12:16","slug":"akupunkturpunkte-des-dumaimeridian","status":"publish","type":"page","link":"https:\/\/www.naturmed.de\/blog\/akupunkturpunkte-uebersicht\/akupunkturpunkte-des-dumaimeridian\/","title":{"rendered":"Akupunkturpunkte des Dumai-Meridian"},"content":{"rendered":"<h2><strong>Verlauf und Akupunkturpunkte der Dumai\u2013Leitbahn (dumai)<\/strong><\/h2>\n<p><a href=\"https:\/\/www.naturmed.de\/blog\/wp-content\/uploads\/2015\/04\/dumai.png\"><img loading=\"lazy\" decoding=\"async\" class=\"alignleft wp-image-7456\" src=\"https:\/\/www.naturmed.de\/blog\/wp-content\/uploads\/2015\/04\/dumai-212x300.png\" alt=\"dumai\" width=\"304\" height=\"430\" srcset=\"https:\/\/www.naturmed.de\/blog\/wp-content\/uploads\/2015\/04\/dumai-212x300.png 212w, https:\/\/www.naturmed.de\/blog\/wp-content\/uploads\/2015\/04\/dumai.png 605w\" sizes=\"auto, (max-width: 304px) 100vw, 304px\" \/><\/a>Der Dumai-Meridian beginnt am Ende des Stei\u00dfbeins, verl\u00e4uft in der Mitte des R\u00fcckens \u00fcber Nacken, Sch\u00e4del und Nasenwurzel bis zum Lippenb\u00e4ndchen der Oberlippe. Der Dumai Meridian verbindet alle Yang-Leitbahnen, das Genital und den Kopf. Au\u00dferdem hat er eine enge Verbindung zum Funktionskreis Niere, hier besonders zum angeborenen Vitalpotential. \u00dcber die Dumai-Leitbahn lassen sich alle energetischen Prozesse des Yang beeinflussen.<\/p>\n<p>&nbsp;<\/p>\n<p>&nbsp;<\/p>\n<p>&nbsp;<\/p>\n<p>&nbsp;<\/p>\n<p>&nbsp;<\/p>\n<p>&nbsp;<\/p>\n<p>&nbsp;<\/p>\n<p>&nbsp;<\/p>\n<p>&nbsp;<\/p>\n<h3><strong>Akupunkturpunkt Du 3 (Rg 3, yaoyangguan) Das Yang-Passtor der Lenden<\/strong><\/h3>\n<p><strong><a href=\"https:\/\/www.naturmed.de\/blog\/wp-content\/uploads\/2015\/04\/Du3.jpg\"><img loading=\"lazy\" decoding=\"async\" class=\"alignleft wp-image-7432\" src=\"https:\/\/www.naturmed.de\/blog\/wp-content\/uploads\/2015\/04\/Du3-300x225.jpg\" alt=\"Du3\" width=\"256\" height=\"192\" srcset=\"https:\/\/www.naturmed.de\/blog\/wp-content\/uploads\/2015\/04\/Du3-300x225.jpg 300w, https:\/\/www.naturmed.de\/blog\/wp-content\/uploads\/2015\/04\/Du3-768x576.jpg 768w, https:\/\/www.naturmed.de\/blog\/wp-content\/uploads\/2015\/04\/Du3-90x68.jpg 90w, https:\/\/www.naturmed.de\/blog\/wp-content\/uploads\/2015\/04\/Du3.jpg 959w\" sizes=\"auto, (max-width: 256px) 100vw, 256px\" \/><\/a>Wo befindet sich der Akupunkturpunkt Du 3: <\/strong>Der Akupunkturpunkt liegt unterhalb des Dornfortsatzes des 4. Lendenwirbelk\u00f6rpers, genau auf der H\u00f6he der Oberkante der Beckenschaufeln.<br \/>\n<strong>TCM Wirkung: <\/strong>Gleicht energetische Ersch\u00f6pfung (depletio, xu) im unteren Calorium aus.<br \/>\n<strong>Du 3 hilft bei: <\/strong>R\u00fcckenschmerzen (Lumbalgie), Schw\u00e4che und K\u00e4lte in Lenden und Knien, Regelst\u00f6rungen, Impotenz.<\/p>\n<p>&nbsp;<\/p>\n<p>&nbsp;<\/p>\n<h3><strong>Akupunkturpunkt Du 4 (Rg 4, mingmen) Pforte des Lebensloses (wird derzeit \u00fcberarbeitet)<\/strong><\/h3>\n<p><strong><a href=\"https:\/\/www.naturmed.de\/blog\/wp-content\/uploads\/2015\/04\/Du4.jpg\"><img loading=\"lazy\" decoding=\"async\" class=\"alignleft wp-image-7433\" src=\"https:\/\/www.naturmed.de\/blog\/wp-content\/uploads\/2015\/04\/Du4-300x225.jpg\" alt=\"Du4\" width=\"255\" height=\"191\" srcset=\"https:\/\/www.naturmed.de\/blog\/wp-content\/uploads\/2015\/04\/Du4-300x225.jpg 300w, https:\/\/www.naturmed.de\/blog\/wp-content\/uploads\/2015\/04\/Du4-768x576.jpg 768w, https:\/\/www.naturmed.de\/blog\/wp-content\/uploads\/2015\/04\/Du4-90x68.jpg 90w, https:\/\/www.naturmed.de\/blog\/wp-content\/uploads\/2015\/04\/Du4.jpg 959w\" sizes=\"auto, (max-width: 255px) 100vw, 255px\" \/><\/a>Wo befindet sich der Akupunkturpunkt Du 4:\u00a0<\/strong>Dieser Punkt befindet sich unter dem Dornfortsatz des 2. Lendenwirbels<\/p>\n<p><strong>TCM Wirkung: <\/strong>Kr\u00e4ftigt und erw\u00e4rmt den Funktionskreis Niere (besonders dessen Yang), st\u00fctzt dadurch den Bewegungsapparat und vermehrt die n\u00e4hrenden S\u00e4fte. Das Tor der Vitalit\u00e4t, ein sehr wichtiger Akupunkturpunkt in der TCM, wird sehr h\u00e4ufig mit Moxibustion behandelt.<br \/>\n<strong>Du 4 hilft bei:<\/strong> LWS Beschwerden,Ersch\u00f6pfung,Schw\u00e4che der Beine und mit Moxa bei K\u00e4lte im unteren Erw\u00e4rmer<\/p>\n<p>&nbsp;<\/p>\n<h3><strong>Akupunkturpunkt Du 14 (Rg 14, bailao, dazhui) Punkt aller Strapazen <\/strong><\/h3>\n<p><strong><a href=\"https:\/\/www.naturmed.de\/blog\/wp-content\/uploads\/2015\/04\/Du14.jpg\"><img loading=\"lazy\" decoding=\"async\" class=\"alignleft wp-image-7434\" src=\"https:\/\/www.naturmed.de\/blog\/wp-content\/uploads\/2015\/04\/Du14-300x225.jpg\" alt=\"Du14\" width=\"267\" height=\"200\" srcset=\"https:\/\/www.naturmed.de\/blog\/wp-content\/uploads\/2015\/04\/Du14-300x225.jpg 300w, https:\/\/www.naturmed.de\/blog\/wp-content\/uploads\/2015\/04\/Du14-768x576.jpg 768w, https:\/\/www.naturmed.de\/blog\/wp-content\/uploads\/2015\/04\/Du14-90x68.jpg 90w, https:\/\/www.naturmed.de\/blog\/wp-content\/uploads\/2015\/04\/Du14.jpg 959w\" sizes=\"auto, (max-width: 267px) 100vw, 267px\" \/><\/a>Wo befindet sich der Akupunkturpunkt Du 14:\u00a0<\/strong>Der Akupunkturpunkt liegt unter dem Dornfortsatz des 7. Halswirbels (meist als Erh\u00f6hung am Nacken zu tasten)<br \/>\n<strong>TCM Wirkung: <\/strong>Der Akupunkturpunkt hat Verbindung zu allen Yang-Meridianen, daher k\u00f6nnen Blockaden und krankheitsausl\u00f6senden Faktoren, die an R\u00fccken, Hals, Nacken oder am Kopf in die Oberfl\u00e4che eingedrungen sind, ausgeleitet werden, zudem lassen sich \u00fcber diesen Akupunkturpunkt Verspannungen und Kr\u00e4mpfe l\u00f6sen und Fieber (besonders bei Kindern) senken.<br \/>\n<strong>Du 14 hilft bei: <\/strong>Fieber, Verspannungen.<\/p>\n<p>&nbsp;<\/p>\n<p>&nbsp;<\/p>\n<h3><strong>Akupunkturpunkt Du 16 (Rg 16, fengfu) Versammlungshalle des Windes <\/strong><\/h3>\n<p><strong>Wo befindet sich der Akupunkturpunkt Du 16: <\/strong>Der Akupunkturpunkt liegt auf der Mittellinie am Hinterkopf, 1 PZ innerhalb des Haaransatzes, unterhalb der tastbaren Vorw\u00f6lbung des Hinterkopfs (Protuberantia occipitale)<strong>.<br \/>\nTCM Wirkung: <\/strong>Zerstreut Wind (ventus, feng) , l\u00f6st Kr\u00e4mpfe und stillt Schmerzen.<br \/>\n<strong>Du 16 hilft bei: <\/strong>R\u00fcckenschmerzen (Lumbalgie), Schw\u00e4che und K\u00e4lte in Lenden und Knien, Regelst\u00f6rungen<\/p>\n<h3><strong>Akupunkturpunkt Du 20 (Rg 20, baihui) Hundert Zusammenk\u00fcnfte<\/strong><\/h3>\n<h3><a href=\"https:\/\/www.naturmed.de\/blog\/wp-content\/uploads\/2015\/04\/Du-20.jpg\"><img loading=\"lazy\" decoding=\"async\" class=\"alignleft size-medium wp-image-7566\" src=\"https:\/\/www.naturmed.de\/blog\/wp-content\/uploads\/2015\/04\/Du-20-300x169.jpg\" alt=\"Du-20\" width=\"300\" height=\"169\" srcset=\"https:\/\/www.naturmed.de\/blog\/wp-content\/uploads\/2015\/04\/Du-20-300x169.jpg 300w, https:\/\/www.naturmed.de\/blog\/wp-content\/uploads\/2015\/04\/Du-20.jpg 600w\" sizes=\"auto, (max-width: 300px) 100vw, 300px\" \/><\/a><\/h3>\n<h3><\/h3>\n<h3><\/h3>\n<p><strong>Bedeutung von Du 20<\/strong>: An diesem h\u00f6chsten Punkt des K\u00f6rpers treffen alle Yang-Leitbahnen und die Leber-Leitbahn zusammen.<\/p>\n<p><strong>Wo befindet sich der Akupunkturpunkt Du 20: <\/strong>Der Akupunkturpunkt liegt auf der Mitte des Sch\u00e4deldachs. Man findet ihn am Schnittpunkt einer gedachten Verbindungslinie der h\u00f6chsten Punkte der Ohrmuscheln mit der Kopfmittellinie.<br \/>\n<strong>TCM Wirkung: <\/strong>Stabilisiert und beruhigt den Funktionskreis Leber und senkt den Akupunkturpunkt des Yang ab, befreit die Sinnes\u00f6ffnungen und hebt die aktive Energie Qi<strong>.<\/strong><strong><br \/>\nDu 20 hilft bei: <\/strong>Kopfschmerzen, Schwindel und Ohnmacht, Bluthochdruck (Hypertonie), Schlafst\u00f6rungen, bei Kindern auch Durchfall und Analprolaps.<\/p>\n<h3><strong>Du 26 (Rg 26, renzhong, shuigou) Menschenmitte oder Wassergraben <\/strong><\/h3>\n<p><strong>Wo befindet sich der Akupunkturpunkt Du 26: <\/strong>Die Rinne zwischen Nase und Oberlippe wird Philtrum genannt. Der Punkt liegt etwas oberhalb der Mitte des Philtrums in einer tastbaren waagrechten Knochenrille.<br \/>\n<strong>Du 26 hilft bei:<\/strong> Notfallpunkt bei Ohnmacht, Krampfanf\u00e4llen und Schlaganfall<\/p>\n<hr \/>\n<h2>Sie wollen noch mehr \u00fcber die Akupunkturpunkte wissen?<\/h2>\n<p>Lesen Sie diesen Artikel &gt;&gt; <a href=\"https:\/\/www.naturmed.de\/blog\/tcm-akupunktur\/akupunkturpunkte-finden\/\">Akupunkturpunkte finden<\/a><\/p>\n<p><a href=\"https:\/\/www.naturmed.de\/blog\/tcm-akupunktur\/akupunkturpunkte-finden\/\"><img loading=\"lazy\" decoding=\"async\" class=\"alignnone size-full wp-image-15903\" src=\"https:\/\/www.naturmed.de\/blog\/wp-content\/uploads\/2021\/11\/Akupunkte-finden-2.jpg\" alt=\"\" width=\"1000\" height=\"402\" srcset=\"https:\/\/www.naturmed.de\/blog\/wp-content\/uploads\/2021\/11\/Akupunkte-finden-2.jpg 1000w, https:\/\/www.naturmed.de\/blog\/wp-content\/uploads\/2021\/11\/Akupunkte-finden-2-300x121.jpg 300w, https:\/\/www.naturmed.de\/blog\/wp-content\/uploads\/2021\/11\/Akupunkte-finden-2-175x70.jpg 175w, https:\/\/www.naturmed.de\/blog\/wp-content\/uploads\/2021\/11\/Akupunkte-finden-2-450x181.jpg 450w, https:\/\/www.naturmed.de\/blog\/wp-content\/uploads\/2021\/11\/Akupunkte-finden-2-768x309.jpg 768w\" sizes=\"auto, (max-width: 1000px) 100vw, 1000px\" \/><\/a><\/p>\n","protected":false},"excerpt":{"rendered":"<p>Verlauf und Akupunkturpunkte der Dumai\u2013Leitbahn (dumai) Der Dumai-Meridian beginnt am Ende des Stei\u00dfbeins, verl\u00e4uft in der Mitte des R\u00fcckens \u00fcber Nacken, Sch\u00e4del und Nasenwurzel bis zum Lippenb\u00e4ndchen der Oberlippe. Der Dumai Meridian verbindet alle Yang-Leitbahnen, das Genital und den Kopf. Au\u00dferdem hat er eine enge Verbindung zum Funktionskreis Niere, hier besonders zum angeborenen Vitalpotential. \u00dcber [&hellip;]<\/p>\n","protected":false},"author":2,"featured_media":7566,"parent":7855,"menu_order":0,"comment_status":"closed","ping_status":"closed","template":"","meta":{"footnotes":""},"class_list":["post-7431","page","type-page","status-publish","has-post-thumbnail","hentry","has-post-title","has-post-date","has-post-category","has-post-tag","has-post-comment","has-post-author",""],"_links":{"self":[{"href":"https:\/\/www.naturmed.de\/blog\/wp-json\/wp\/v2\/pages\/7431","targetHints":{"allow":["GET"]}}],"collection":[{"href":"https:\/\/www.naturmed.de\/blog\/wp-json\/wp\/v2\/pages"}],"about":[{"href":"https:\/\/www.naturmed.de\/blog\/wp-json\/wp\/v2\/types\/page"}],"author":[{"embeddable":true,"href":"https:\/\/www.naturmed.de\/blog\/wp-json\/wp\/v2\/users\/2"}],"replies":[{"embeddable":true,"href":"https:\/\/www.naturmed.de\/blog\/wp-json\/wp\/v2\/comments?post=7431"}],"version-history":[{"count":14,"href":"https:\/\/www.naturmed.de\/blog\/wp-json\/wp\/v2\/pages\/7431\/revisions"}],"predecessor-version":[{"id":15922,"href":"https:\/\/www.naturmed.de\/blog\/wp-json\/wp\/v2\/pages\/7431\/revisions\/15922"}],"up":[{"embeddable":true,"href":"https:\/\/www.naturmed.de\/blog\/wp-json\/wp\/v2\/pages\/7855"}],"wp:featuredmedia":[{"embeddable":true,"href":"https:\/\/www.naturmed.de\/blog\/wp-json\/wp\/v2\/media\/7566"}],"wp:attachment":[{"href":"https:\/\/www.naturmed.de\/blog\/wp-json\/wp\/v2\/media?parent=7431"}],"curies":[{"name":"wp","href":"https:\/\/api.w.org\/{rel}","templated":true}]}}