{"id":32310,"date":"2017-12-20T08:52:51","date_gmt":"2017-12-20T07:52:51","guid":{"rendered":"https:\/\/www.naturmed.de\/?page_id=32310"},"modified":"2025-09-25T13:49:29","modified_gmt":"2025-09-25T11:49:29","slug":"imprint","status":"publish","type":"page","link":"https:\/\/www.naturmed.de\/en\/imprint\/","title":{"rendered":"Imprint"},"content":{"rendered":"<h1>Site Notice<\/h1>\n<p>Carola Gi\u00dfler<br \/>\nnaturmed-Fachbuchvertrieb Carola Gi\u00dfler<br \/>\nAidenbachstr. 78<br \/>\nD-81379 M\u00fcnchen<\/p>\n<p>Commercial Register: HRA 70194<br \/>\nRegistration court: Amtsgericht M\u00fcnchen<\/p>\n<h2>Contact<\/h2>\n<p>Phone: +49-(0)89-7499156<br \/>\nTelefax: +49-(0)89-7499157<br \/>\nE-mail: info(at)naturmed.de<\/p>\n<h2>VAT ID<\/h2>\n<p>Sales tax identification number according to Sect. 27 a of the Sales Tax Law:<br \/>\nDE 811832480<\/p>\n<h2>Person responsible for editorial<\/h2>\n<p>Stefan M\u00fcller-Gi\u00dfler<br \/>\nc\/o naturmed Fachbuchvertrieb<br \/>\nAidenbachstr. 78<br \/>\nD-81379 M\u00fcnchen<\/p>\n<h2>Dispute resolution proceedings in front of a consumer arbitration board<\/h2>\n<p>We are not willing or obliged to participate in dispute resolution proceedings in front of a consumer arbitration board.<\/p>\n","protected":false},"excerpt":{"rendered":"<p>Site Notice Carola Gi\u00dfler naturmed-Fachbuchvertrieb Carola Gi\u00dfler Aidenbachstr. 78 D-81379 M\u00fcnchen Commercial Register: HRA 70194 Registration court: Amtsgericht M\u00fcnchen Contact Phone: +49-(0)89-7499156 Telefax: +49-(0)89-7499157 E-mail: info(at)naturmed.de VAT ID Sales tax identification number according to Sect. 27 a of the Sales Tax Law: DE 811832480 Person responsible for editorial Stefan M\u00fcller-Gi\u00dfler c\/o naturmed Fachbuchvertrieb Aidenbachstr. 78&#8230;  <a class=\"excerpt-read-more\" href=\"https:\/\/www.naturmed.de\/en\/imprint\/\" title=\"Read Imprint\">Read more &raquo;<\/a><\/p>\n","protected":false},"author":1,"featured_media":0,"parent":0,"menu_order":200,"comment_status":"closed","ping_status":"closed","template":"","meta":{"_acf_changed":false,"_relevanssi_hide_post":"","_relevanssi_hide_content":"","_relevanssi_pin_for_all":"","_relevanssi_pin_keywords":"","_relevanssi_unpin_keywords":"","_relevanssi_related_keywords":"","_relevanssi_related_include_ids":"","_relevanssi_related_exclude_ids":"","_relevanssi_related_no_append":"","_relevanssi_related_not_related":"","_relevanssi_related_posts":"","_relevanssi_noindex_reason":"","footnotes":""},"class_list":["post-32310","page","type-page","status-publish","hentry"],"acf":[],"_links":{"self":[{"href":"https:\/\/www.naturmed.de\/en\/wp-json\/wp\/v2\/pages\/32310","targetHints":{"allow":["GET"]}}],"collection":[{"href":"https:\/\/www.naturmed.de\/en\/wp-json\/wp\/v2\/pages"}],"about":[{"href":"https:\/\/www.naturmed.de\/en\/wp-json\/wp\/v2\/types\/page"}],"author":[{"embeddable":true,"href":"https:\/\/www.naturmed.de\/en\/wp-json\/wp\/v2\/users\/1"}],"replies":[{"embeddable":true,"href":"https:\/\/www.naturmed.de\/en\/wp-json\/wp\/v2\/comments?post=32310"}],"version-history":[{"count":1,"href":"https:\/\/www.naturmed.de\/en\/wp-json\/wp\/v2\/pages\/32310\/revisions"}],"predecessor-version":[{"id":621878,"href":"https:\/\/www.naturmed.de\/en\/wp-json\/wp\/v2\/pages\/32310\/revisions\/621878"}],"wp:attachment":[{"href":"https:\/\/www.naturmed.de\/en\/wp-json\/wp\/v2\/media?parent=32310"}],"curies":[{"name":"wp","href":"https:\/\/api.w.org\/{rel}","templated":true}]}}