{"id":25717,"date":"2019-04-03T15:36:04","date_gmt":"2019-04-03T13:36:04","guid":{"rendered":"https:\/\/www.naturmed.de\/produkt\/treating-cancer-with-tcm-dvd-maimon-y\/"},"modified":"2020-04-21T16:53:08","modified_gmt":"2020-04-21T14:53:08","slug":"treating-cancer-with-tcm-dvd-maimon-y","status":"publish","type":"product","link":"https:\/\/www.naturmed.de\/en\/product\/treating-cancer-with-tcm-dvd-maimon-y\/","title":{"rendered":"Treating Cancer with TCM (DVD)"},"content":{"rendered":"<h3>Treating Cancer with TCM <i><\/i> Yair Maimon<\/h3>\n<p>Maimon explains the value and validity of Chinese Medicine and the movement from shen to qi to jing. The shen stands for the spirit, the qi for the mind and the jing for the body. He explains that Chinese Medicine is a personalised medicine and that every person is unique. Also the complexity is considered at Chinese Medicine, instead of the western medicine, which likes reduction. To understand cancer, we have go to life. We need shen and jing for life. Yair shows us methods to treat cancer with acupuncture and herbs and gives a lot of study information.<\/p>\n<h3>Behandlung von Krebs mit TCM <i><\/i> Yair Maimon<\/h3>\n<p>Yair erl\u00e4utert den Wert und den Wahrheitsgehalt der Chinesischen Medizin und die Bewegung vom Shen zum Qi zum Jing. Das Shen steht f\u00fcr die Seele, das Qi f\u00fcr den Geist und das Jing f\u00fcr den K\u00f6rper. Er erl\u00e4utert, dass die Chinesische Medizin eine personalisierte Medizin ist und jeder Mensch einmalig ist. Im Gegensatz zur westlichen Medizin wird in der Chinesischen Medizin auch die Komplexit\u00e4t ber\u00fccksichtigt. Um Krebs zu verstehen, muss man das Leben verstehen lernen. Wir brauchen Shen und Jing f\u00fcr das Leben. Yair zeigt uns Methoden um Krebs mit Akupunktur und Kr\u00e4utern zu behandeln und liefert zahlreiche Studieninformationen.<\/p>\n","protected":false},"excerpt":{"rendered":"<p>Maimon explains the value and validity of Chinese Medicine and the movement from shen to qi to jing. Order his lecture on DVD here.<\/p>\n","protected":false},"featured_media":24010,"comment_status":"closed","ping_status":"closed","template":"","meta":{"_acf_changed":false,"_relevanssi_hide_post":"","_relevanssi_hide_content":"","_relevanssi_pin_for_all":"","_relevanssi_pin_keywords":"","_relevanssi_unpin_keywords":"","_relevanssi_related_keywords":"","_relevanssi_related_include_ids":"","_relevanssi_related_exclude_ids":"","_relevanssi_related_no_append":"","_relevanssi_related_not_related":"","_relevanssi_related_posts":"","_relevanssi_noindex_reason":""},"product_brand":[],"product_cat":[18412,18408,18404],"class_list":{"0":"post-25717","1":"product","2":"type-product","3":"status-publish","4":"has-post-thumbnail","6":"book_author-maimon-y-en","7":"product_cat-acupuncture-and-moxibustion","8":"product_cat-acupuncture-books","9":"product_cat-tcmacupuncture-books","11":"first","12":"instock","13":"taxable","14":"shipping-taxable","15":"purchasable","16":"product-type-simple"},"acf":[],"_links":{"self":[{"href":"https:\/\/www.naturmed.de\/en\/wp-json\/wp\/v2\/product\/25717","targetHints":{"allow":["GET"]}}],"collection":[{"href":"https:\/\/www.naturmed.de\/en\/wp-json\/wp\/v2\/product"}],"about":[{"href":"https:\/\/www.naturmed.de\/en\/wp-json\/wp\/v2\/types\/product"}],"replies":[{"embeddable":true,"href":"https:\/\/www.naturmed.de\/en\/wp-json\/wp\/v2\/comments?post=25717"}],"wp:featuredmedia":[{"embeddable":true,"href":"https:\/\/www.naturmed.de\/en\/wp-json\/wp\/v2\/media\/24010"}],"wp:attachment":[{"href":"https:\/\/www.naturmed.de\/en\/wp-json\/wp\/v2\/media?parent=25717"}],"wp:term":[{"taxonomy":"product_brand","embeddable":true,"href":"https:\/\/www.naturmed.de\/en\/wp-json\/wp\/v2\/product_brand?post=25717"},{"taxonomy":"product_cat","embeddable":true,"href":"https:\/\/www.naturmed.de\/en\/wp-json\/wp\/v2\/product_cat?post=25717"}],"curies":[{"name":"wp","href":"https:\/\/api.w.org\/{rel}","templated":true}]}}