{"id":26079,"date":"2018-02-12T16:19:44","date_gmt":"2018-02-12T15:19:44","guid":{"rendered":"https:\/\/www.naturmed.de\/produkt\/the-divine-farmers-classic-of-materia-medica-wilms-s\/"},"modified":"2025-03-18T16:33:28","modified_gmt":"2025-03-18T15:33:28","slug":"the-divine-farmers-classic-of-materia-medica-wilms-s","status":"publish","type":"product","link":"https:\/\/www.naturmed.de\/en\/product\/the-divine-farmers-classic-of-materia-medica-wilms-s\/","title":{"rendered":"The Divine Farmer&#8217;s Classic of Materia Medica"},"content":{"rendered":"<p>This book offers a literal translation by Sabine Wilms of one of the earliest and most important classics of Chinese medicine and natural science:<br \/>\nthe Sh\u00e9n N\u00f3ng Bencao Jing or the Divine Farmer&#8217;s Classic of Materia Medica.<br \/>\nCompiled in the third century but undoubtedly much older in content, it contains information on 365 substances that were considered to have beneficial effects on the human body.<br \/>\nAimed primarily at students and practitioners of Chinese medicine, this work is also for academic researchers and hobby students of medical history, Chinese classical literature and natural science.<br \/>\nThe translator&#8217;s work reflects a triple engagement with the worlds of applied Chinese medicine, academic sinology, and sustainable agriculture.<br \/>\nThe 365 substances covered are categorized in three books, associated with Heaven, Humanity, and Earth respectively. Coming from the perspective of alchemy and the pursuit of health and longevity, treating disease and expelling pathogens by ingesting substances that have a strong directly-discernible effect on the body is viewed as the lowest goal. By contrast, the higher-ranked medicinals often have no discernible effect when ingested, but especially when taken over long periods of time have such ambitious and intangible goals as connecting the human spirit to heaven, lightening the body, or staving off aging. The information contained in this book and the vision of the world and of the effect of natural substances on the human body expressed here are bound to inspire any practitioner of the Chinese art of yangsheng (nurturing life).<\/p>\n<p>Features of this title:<br \/>\n54 pages of prefatory matter.<br \/>\n423 pages of text in both classical Chinese and contemporary English, consisting of Three Books with a total of 365 entries.<br \/>\nA handsome user-friendly 4&#215;7 format to allow you to carry this little book with you wherever you go and easily look up individual medicinals.<br \/>\nA critical edition of the Chinese source text, based on the leading current Chinese editions and incorporating philological, etymological, and archaeological findings.<br \/>\nA literal yet elegant translation into English, crafted with careful attention to different possibilities inherent in the classical Chinese but also to readability, to reflect the elegance of the original.<br \/>\nA clear layout, featuring the Chinese text immediately above the English translation in a structure that makes cross-referencing easy even for a beginning student of medical Chinese.<br \/>\n15 illustrations (3 linoleum prints and 12 sketches by Maria Hicks) of medicinal substances 36 pages of endnotes that discuss such diverse topics as medicinal identification, grammar questions, and character variations, based on extensive research in historical and contemporary commentaries.<br \/>\nA useful clinical GLOSSARY that contains explanations of ancient disease names on the basis of classical medical texts, most notably Sun Simiao&#8217;s B\u00e8i J\u00ed Qian Jin Y\u00e0o Fang and Ch\u00e1o Yu\u00e1nfang&#8217;s Zhu B\u00ecng Yu\u00e1n H\u00f2u L\u00f9n.<br \/>\nReferences to modern TCM, for example in regards to the usage of medicinals and disease names. In addition to the glossary, a bibliography with both historical sources and contemporary references, herb indices by Pinyin, Latin, and English common name plus a general index.<\/p>\n","protected":false},"excerpt":{"rendered":"<p>Wilms&#8217; literal translation of one of the earliest and most important classics of Chinese medicine: Sh\u00e9n N\u00f3ng Bencao Jing or the Divine Farmer&#8217;s Classic of Materia Medica. Order it here.<\/p>\n","protected":false},"featured_media":23038,"comment_status":"closed","ping_status":"closed","template":"","meta":{"_acf_changed":false,"_relevanssi_hide_post":"","_relevanssi_hide_content":"","_relevanssi_pin_for_all":"","_relevanssi_pin_keywords":"","_relevanssi_unpin_keywords":"","_relevanssi_related_keywords":"","_relevanssi_related_include_ids":"","_relevanssi_related_exclude_ids":"","_relevanssi_related_no_append":"","_relevanssi_related_not_related":"","_relevanssi_related_posts":"","_relevanssi_noindex_reason":""},"product_brand":[],"product_cat":[18445,18441,18404],"class_list":{"0":"post-26079","1":"product","2":"type-product","3":"status-publish","4":"has-post-thumbnail","6":"book_author-wilms-s-en","7":"product_cat-classical-tcm-texts","8":"product_cat-grundlagen-der-tcm-en","9":"product_cat-tcmacupuncture-books","11":"first","12":"outofstock","13":"taxable","14":"shipping-taxable","15":"purchasable","16":"product-type-simple"},"acf":[],"_links":{"self":[{"href":"https:\/\/www.naturmed.de\/en\/wp-json\/wp\/v2\/product\/26079","targetHints":{"allow":["GET"]}}],"collection":[{"href":"https:\/\/www.naturmed.de\/en\/wp-json\/wp\/v2\/product"}],"about":[{"href":"https:\/\/www.naturmed.de\/en\/wp-json\/wp\/v2\/types\/product"}],"replies":[{"embeddable":true,"href":"https:\/\/www.naturmed.de\/en\/wp-json\/wp\/v2\/comments?post=26079"}],"wp:featuredmedia":[{"embeddable":true,"href":"https:\/\/www.naturmed.de\/en\/wp-json\/wp\/v2\/media\/23038"}],"wp:attachment":[{"href":"https:\/\/www.naturmed.de\/en\/wp-json\/wp\/v2\/media?parent=26079"}],"wp:term":[{"taxonomy":"product_brand","embeddable":true,"href":"https:\/\/www.naturmed.de\/en\/wp-json\/wp\/v2\/product_brand?post=26079"},{"taxonomy":"product_cat","embeddable":true,"href":"https:\/\/www.naturmed.de\/en\/wp-json\/wp\/v2\/product_cat?post=26079"}],"curies":[{"name":"wp","href":"https:\/\/api.w.org\/{rel}","templated":true}]}}