{"id":26315,"date":"2018-08-27T10:08:18","date_gmt":"2018-08-27T08:08:18","guid":{"rendered":"https:\/\/www.naturmed.de\/produkt\/clinical-research-in-complementary-and-integrative-medicine-witt-c-m-linde-k\/"},"modified":"2020-06-22T13:03:20","modified_gmt":"2020-06-22T11:03:20","slug":"clinical-research-in-complementary-and-integrative-medicine-witt-c-m-linde-k","status":"publish","type":"product","link":"https:\/\/www.naturmed.de\/en\/product\/clinical-research-in-complementary-and-integrative-medicine-witt-c-m-linde-k\/","title":{"rendered":"Clinical Research in Complementary and Integrative Medicine"},"content":{"rendered":"<p>Menschen, die in der Forschung arbeiten wissen oft nicht genau, wie sie eine Studie durchf\u00fchren sollen. In diesem Werk erh\u00e4lt der Leser einen guten \u00dcberblick und praxistaugliche Anleitungen. Alle Kriterien werden Schritt f\u00fcr Schritt erarbeitet und ge\u00fcbt. Das nat\u00fcrlich alles auf Englisch!<\/p>\n","protected":false},"excerpt":{"rendered":"<p>Witt and Linde describe in their book how to do Clinical Research in Complementary and Integrative Medicine in practice. Order from naturmed<\/p>\n","protected":false},"featured_media":19903,"comment_status":"closed","ping_status":"closed","template":"","meta":{"_acf_changed":false,"_relevanssi_hide_post":"","_relevanssi_hide_content":"","_relevanssi_pin_for_all":"","_relevanssi_pin_keywords":"","_relevanssi_unpin_keywords":"","_relevanssi_related_keywords":"","_relevanssi_related_include_ids":"","_relevanssi_related_exclude_ids":"","_relevanssi_related_no_append":"","_relevanssi_related_not_related":"","_relevanssi_related_posts":"","_relevanssi_noindex_reason":""},"product_brand":[],"product_cat":[18441,18450,18404],"class_list":{"0":"post-26315","1":"product","2":"type-product","3":"status-publish","4":"has-post-thumbnail","6":"book_author-linde-k-en","7":"book_author-witt-c-m-en","8":"product_cat-grundlagen-der-tcm-en","9":"product_cat-tcm-and-science","10":"product_cat-tcmacupuncture-books","12":"first","13":"instock","14":"taxable","15":"shipping-taxable","16":"purchasable","17":"product-type-simple"},"acf":[],"_links":{"self":[{"href":"https:\/\/www.naturmed.de\/en\/wp-json\/wp\/v2\/product\/26315","targetHints":{"allow":["GET"]}}],"collection":[{"href":"https:\/\/www.naturmed.de\/en\/wp-json\/wp\/v2\/product"}],"about":[{"href":"https:\/\/www.naturmed.de\/en\/wp-json\/wp\/v2\/types\/product"}],"replies":[{"embeddable":true,"href":"https:\/\/www.naturmed.de\/en\/wp-json\/wp\/v2\/comments?post=26315"}],"wp:featuredmedia":[{"embeddable":true,"href":"https:\/\/www.naturmed.de\/en\/wp-json\/wp\/v2\/media\/19903"}],"wp:attachment":[{"href":"https:\/\/www.naturmed.de\/en\/wp-json\/wp\/v2\/media?parent=26315"}],"wp:term":[{"taxonomy":"product_brand","embeddable":true,"href":"https:\/\/www.naturmed.de\/en\/wp-json\/wp\/v2\/product_brand?post=26315"},{"taxonomy":"product_cat","embeddable":true,"href":"https:\/\/www.naturmed.de\/en\/wp-json\/wp\/v2\/product_cat?post=26315"}],"curies":[{"name":"wp","href":"https:\/\/api.w.org\/{rel}","templated":true}]}}