{"id":26438,"date":"2018-02-12T16:02:41","date_gmt":"2018-02-12T15:02:41","guid":{"rendered":"https:\/\/www.naturmed.de\/produkt\/copm-canadian-occupational-performance-measure-marotzki-u-mentrup-c-weber-p-hrsg\/"},"modified":"2018-03-01T15:00:38","modified_gmt":"2018-03-01T14:00:38","slug":"copm-canadian-occupational-performance-measure-marotzki-u-mentrup-c-weber-p-hrsg","status":"publish","type":"product","link":"https:\/\/www.naturmed.de\/en\/product\/copm-canadian-occupational-performance-measure-marotzki-u-mentrup-c-weber-p-hrsg\/","title":{"rendered":"COPM Canadian Occupational Performance Measure"},"content":{"rendered":"<p>Das COPM ist das Assessment-Instrument zum Kanadischen Modell der Bet\u00e4tigungsperformanz (CMOP).<br \/>\nIn diesem Handbuch wird ausf\u00fchrlich beschrieben, wie man Schritt f\u00fcr Schritt beim COPM-Interview vorgeht.<br \/>\nDas Interview unterst\u00fctzt den Therapeuten dabei, Probleme des Klienten in der Bet\u00e4tigungsperformanz zu erfassen und den Erfolg der Therapie im Verlauf der Zeit zu messen &#8211; und zwar ausschlie\u00dflich aus Sicht des Klienten.<br \/>\nDessen Bed\u00fcrfnisse, W\u00fcnsche und seine Selbsteinsch\u00e4tzung stehen im Vordergrund.<br \/>\nFallbeispiele und spezielle Anwendungen des COPM sowie Beispiele f\u00fcr die drei Bet\u00e4tigungsbereiche erg\u00e4nzen die Beschreibung des Interviews.<br \/>\nHerausgegeben von Ulrike Marotzki, Christiane Mentrup und Peter Weber,<br \/>\ndiese 5th edition in Spiralbindung geschrieben von Mary Law, Sue Baptiste, Anne Carswell, Mary Ann McColl, Hele Polatajko,\u00a0in der \u00dcbersetzung Barbara Dehnhardt und Sabine George.<\/p>\n","protected":false},"excerpt":{"rendered":"<p>Das Handbuch COPM ist das Assessment-Instrument zum Kanadischen Modell der Bet\u00e4tigungsperformanz und beschreibt wie man Schritt f\u00fcr Schritt beim COPM-Interview vorgeht. Hier bei naturmed.<\/p>\n","protected":false},"featured_media":20239,"comment_status":"closed","ping_status":"closed","template":"","meta":{"_acf_changed":false,"_relevanssi_hide_post":"","_relevanssi_hide_content":"","_relevanssi_pin_for_all":"","_relevanssi_pin_keywords":"","_relevanssi_unpin_keywords":"","_relevanssi_related_keywords":"","_relevanssi_related_include_ids":"","_relevanssi_related_exclude_ids":"","_relevanssi_related_no_append":"","_relevanssi_related_not_related":"","_relevanssi_related_posts":"","_relevanssi_noindex_reason":""},"product_brand":[],"product_cat":[18327,18322],"class_list":{"0":"post-26438","1":"product","2":"type-product","3":"status-publish","4":"has-post-thumbnail","6":"book_author-marotzki-u-en","7":"book_author-mentrup-c-en","8":"book_author-weber-p-en","9":"product_cat-ergotherapie-manuelle-therapie-buecher-en","10":"product_cat-manual-medicine","12":"first","13":"instock","14":"taxable","15":"shipping-taxable","16":"purchasable","17":"product-type-simple"},"acf":[],"_links":{"self":[{"href":"https:\/\/www.naturmed.de\/en\/wp-json\/wp\/v2\/product\/26438","targetHints":{"allow":["GET"]}}],"collection":[{"href":"https:\/\/www.naturmed.de\/en\/wp-json\/wp\/v2\/product"}],"about":[{"href":"https:\/\/www.naturmed.de\/en\/wp-json\/wp\/v2\/types\/product"}],"replies":[{"embeddable":true,"href":"https:\/\/www.naturmed.de\/en\/wp-json\/wp\/v2\/comments?post=26438"}],"wp:featuredmedia":[{"embeddable":true,"href":"https:\/\/www.naturmed.de\/en\/wp-json\/wp\/v2\/media\/20239"}],"wp:attachment":[{"href":"https:\/\/www.naturmed.de\/en\/wp-json\/wp\/v2\/media?parent=26438"}],"wp:term":[{"taxonomy":"product_brand","embeddable":true,"href":"https:\/\/www.naturmed.de\/en\/wp-json\/wp\/v2\/product_brand?post=26438"},{"taxonomy":"product_cat","embeddable":true,"href":"https:\/\/www.naturmed.de\/en\/wp-json\/wp\/v2\/product_cat?post=26438"}],"curies":[{"name":"wp","href":"https:\/\/api.w.org\/{rel}","templated":true}]}}