{"id":26644,"date":"2018-02-12T16:11:44","date_gmt":"2018-02-12T15:11:44","guid":{"rendered":"https:\/\/www.naturmed.de\/produkt\/tao-shiatsu-ryokyu-e\/"},"modified":"2020-06-23T14:54:43","modified_gmt":"2020-06-23T12:54:43","slug":"tao-shiatsu-ryokyu-e","status":"publish","type":"product","link":"https:\/\/www.naturmed.de\/en\/product\/tao-shiatsu-ryokyu-e\/","title":{"rendered":"Tao Shiatsu"},"content":{"rendered":"<p>Die von Ryokyu Endo entwickelte Tao Shiatsu Methode ist die Synthese von traditionellem Wissen der \u00d6stlichen Medizin, jahrzehntelanger Erforschung der Ki Welt und buddhistischer und taoistischer Philosophie und Praxis.<br \/>\nTao Shiatsu und Tao Musik wirken auf der Ebene des Bioplasma und erreichen die tiefe dritte Ebene und f\u00fchren uns schlie\u00dflich zu einem Zustand der Heilung. Die Melodien der Tao Musik umgeben uns mit himmlischem Frieden und einem Gef\u00fchl von bl\u00fchenden goldenen Blumen aus der Tiefe des Universums.<br \/>\nSie bef\u00e4higen uns jeden Moment unser wahres Selbst zu entdecken, damit wir f\u00e4hig werden, unser Leben dieser unbegrenzten ewigen Leere hinzugeben, die jenseits von Leben und Tod existiert.<br \/>\nDiese Musik kann dieses Gef\u00fchl erzeugen, wie auch die Tao Shiatsu Therapie, die tiefste Ebene erreicht.<\/p>\n<p>Inhaltsverzeichnis:<br \/>\nEinleitung<br \/>\nTeil 1 DIE KI WELT von Ryokyu Endo<br \/>\nEINE NEUER ANSATZ F\u00dcR DIE SHIATSU BEHANDLUNG<br \/>\nDie Entdeckung des medizinischen Shiatsu<br \/>\nShiatsu in seiner idealen Form<br \/>\nJeder kann Ki und Meridiane sehen<br \/>\nDer Tsubo ist ein zweischneidiges Schwert<br \/>\nDie Behandlung der Abweichung die Ideologie der westlichen Medizin<br \/>\nSehen der St\u00f6rung im Ki<br \/>\nDie Bereiche wo Tsubos am h\u00e4ufigsten auftreten<\/p>\n<p>DIE TSUBO REVOLUTION IN DER MERIDIAN MEDIZIN<br \/>\nWie findet man einen Tsubo<br \/>\nDas Echo des Tsubo sp\u00fcren<br \/>\nWie dr\u00fcckt man einen Tsubo<br \/>\nDie Meridiane und die Ki Funktionen die diese erm\u00f6glichen<br \/>\nVerstehen des Ursprungs von Kyo und Jitsu Meridianen<br \/>\nDer Zugang zum Kyo Meridian<br \/>\nKi \u00e4ndert sich in jedem Moment<br \/>\nVerstehen der Bedeutung der Tsubo Praxis<br \/>\nDas Herz von Shiatsu ausdr\u00fccken<\/p>\n<p>DIE TIEFEN DER KI WELT<br \/>\nACHT STUFEN ZUR VERINNERLICHTEN ST\u00d6RUNG IM KI<br \/>\nErste Stufe: Sehen und Lokalisieren eines Tsubos<br \/>\nZweite Stufe: Sehen wie sich Ki ausbreitet<br \/>\nDritte stufe: Bo Shin &#8211; Diagnostizieren durch Betrachten<br \/>\nVierte Stufe: Diagnose der Verh\u00e4rtung am Kyo Meridian<\/p>\n<p>FREISETZEN DER ENERGIEST\u00d6RUNG, DIE DURCH JAKI VERURSACHT WIRD<br \/>\nF\u00fcnfte Stufe Entdecken des Ganz K\u00f6rper Meridians<br \/>\nSechste Stufe Den Ki K\u00f6rper sehen<br \/>\nSiebente Stufe Die Existenz der Super Vessel<br \/>\nAchte Stufe: Jaki und seine Essenz<\/p>\n<p>TEIL 2 ESSENTIELLES TAO SHIATSU<br \/>\nvon Michael Christini und Tzvika Calisar<\/p>\n<p>DAS HERZ DES TAO<br \/>\nDie f\u00fcnf Elemente von Tao Shiatsu<br \/>\nDas Herz des Sesshin<br \/>\nDer f\u00fcnftausend Jahre alte Strom der \u00d6stlichen Medizin<br \/>\nTao Ki direkt ins Herz empfangen<br \/>\nDie Kraft der Vorstellung ist der Weg, die Ki Methode zu erhalten<\/p>\n<p>ERSTES ELEMENT KI DOIN DIE KRAFT UND DAS POTENTIAL VON KI VERST\u00c4RKEN<br \/>\nDie Prinzipien von Renki<br \/>\nErstes Ki Prinzip &#8211; Synchronisation<br \/>\nZweites Ki Prinzip Kontrollieren der Bewegung des Tanden<br \/>\nDrittes Ki Prinzip Verwenden des Nieren Meridians<br \/>\nViertes Ki Prinzip Geschwindigkeit steigern<\/p>\n<p>WESENTLICHES DER BEHANDLUNG<br \/>\nZWEITES ELEMENT\/ TEIL EINS &#8211; DIE TSUBO METHODE<br \/>\nDie Tsubo Methode f\u00fcr die effektive Meridian Behandlung<br \/>\nWie findet man einen Ki Tsubo<br \/>\nDie Stufen in der Tsubo Behandlung<\/p>\n<p>DRITTES ELEMENT &#8211; DIE KI METHODE F\u00dcR SUPERVESSEL UND MERIDIANE<br \/>\nDie f\u00fcnf Aspekte der Meridian Erkennung<br \/>\nLokalisation von Meridianen<br \/>\nKi Methode f\u00fcr den Einstiegslevel<\/p>\n<p>VIERTES ELEMENT &#8211; KYO MERIDIAN BEHANDLUNG<br \/>\nWie praktiziert man die Kyo Meridian Behandlung<\/p>\n<p>BEHANDLUNG VON VERINNERLICHTEM KI<br \/>\nZWEITES ELEMENT <i><\/i> TEIL ZWEI SUPER VESSEL SPECIFIC TSUBO (SST)<br \/>\nVom Hausmittel zur medizinischen Therapie<br \/>\nEffektive medizinische Behandlung ohne Sho Diagnose<br \/>\nKi Methode f\u00fcr die Behandlung mit den 18 SST Punkten<br \/>\nDie achzehn SST Punkte<\/p>\n<p>GANZ K\u00d6RPER KI MERIDIAN SHIATSU<br \/>\nF\u00dcNFTES ELEMENT BASIS FORM<br \/>\nBasis Form unterst\u00fctzt die Kyo Schw\u00e4che im Ki<br \/>\nKi Methode f\u00fcr die Basisform<br \/>\nWie man ein Programm zum Studium der F\u00fcnf Elemente entwickelt<\/p>\n<p>METHODE ZUR SHIATSU SELBSTBEHANDLUNG<br \/>\nOberk\u00f6rper SST Punkte<br \/>\nUnterk\u00f6rper SST Punkte<\/p>\n<p>KI ATEM MEDITATION<br \/>\nReagieren auf die \u00fcberm\u00e4ssige Verinnerlichung von Ki<br \/>\nHeilendes Ki kommt zum Geber zur\u00fcck<br \/>\nDie Ki Atem Meditation<br \/>\nGlobales Ki Vereinigungs Netzwerk<br \/>\nEPILOG<\/p>\n","protected":false},"excerpt":{"rendered":"<p>Tao Shiatsu von Ryokyu Endo beinhaltet neue M\u00f6glichkeiten der Behandlung mit Shiatsu. Jetzt bei naturmed Fachbuchvertrieb bestellen.<\/p>\n","protected":false},"featured_media":21756,"comment_status":"closed","ping_status":"closed","template":"","meta":{"_acf_changed":false,"_relevanssi_hide_post":"","_relevanssi_hide_content":"","_relevanssi_pin_for_all":"","_relevanssi_pin_keywords":"","_relevanssi_unpin_keywords":"","_relevanssi_related_keywords":"","_relevanssi_related_include_ids":"","_relevanssi_related_exclude_ids":"","_relevanssi_related_no_append":"","_relevanssi_related_not_related":"","_relevanssi_related_posts":"","_relevanssi_noindex_reason":""},"product_brand":[],"product_cat":[18480,18404,18479],"class_list":{"0":"post-26644","1":"product","2":"type-product","3":"status-publish","4":"has-post-thumbnail","6":"book_author-ryokyu-e-en","7":"product_cat-shiatsu","8":"product_cat-tcmacupuncture-books","9":"product_cat-tuina-and-shiatsu-books","11":"first","12":"instock","13":"taxable","14":"shipping-taxable","15":"purchasable","16":"product-type-simple"},"acf":[],"_links":{"self":[{"href":"https:\/\/www.naturmed.de\/en\/wp-json\/wp\/v2\/product\/26644","targetHints":{"allow":["GET"]}}],"collection":[{"href":"https:\/\/www.naturmed.de\/en\/wp-json\/wp\/v2\/product"}],"about":[{"href":"https:\/\/www.naturmed.de\/en\/wp-json\/wp\/v2\/types\/product"}],"replies":[{"embeddable":true,"href":"https:\/\/www.naturmed.de\/en\/wp-json\/wp\/v2\/comments?post=26644"}],"wp:featuredmedia":[{"embeddable":true,"href":"https:\/\/www.naturmed.de\/en\/wp-json\/wp\/v2\/media\/21756"}],"wp:attachment":[{"href":"https:\/\/www.naturmed.de\/en\/wp-json\/wp\/v2\/media?parent=26644"}],"wp:term":[{"taxonomy":"product_brand","embeddable":true,"href":"https:\/\/www.naturmed.de\/en\/wp-json\/wp\/v2\/product_brand?post=26644"},{"taxonomy":"product_cat","embeddable":true,"href":"https:\/\/www.naturmed.de\/en\/wp-json\/wp\/v2\/product_cat?post=26644"}],"curies":[{"name":"wp","href":"https:\/\/api.w.org\/{rel}","templated":true}]}}