{"id":27240,"date":"2018-03-12T11:56:21","date_gmt":"2018-03-12T10:56:21","guid":{"rendered":"https:\/\/www.naturmed.de\/produkt\/fascial-dysfunction-manual-therapy-approaches-chaitow-l-myers-t-schleip-r-stecco-a-fritz-s-u-a\/"},"modified":"2020-03-24T14:20:59","modified_gmt":"2020-03-24T13:20:59","slug":"fascial-dysfunction-manual-therapy-approaches-chaitow-l-myers-t-schleip-r-stecco-a-fritz-sandy","status":"publish","type":"product","link":"https:\/\/www.naturmed.de\/en\/product\/fascial-dysfunction-manual-therapy-approaches-chaitow-l-myers-t-schleip-r-stecco-a-fritz-sandy\/","title":{"rendered":"Fascial Dysfunction: Manual Therapy Approaches"},"content":{"rendered":"<p>This book provides all therapists with a clear guide to what the fascia is, how it goes wrong, and how to treat disorders that involve the fascia.<br \/>\nThe book is in two parts. It builds on a background of what is now known or currently hypothesised about fascial dysfunction and its repercussions.<br \/>\nSection 1, on Fascial Foundations summarises latest knowledge on fascia and links it to clinical practice.<br \/>\nIt comprises five chapters by Leon Chaitow with one chapter contributed by Tom Myers.<br \/>\nIt looks at fascial function and dysfunction, gives guidelines on clinical assessment and suggestions for ensuring that treatment approaches achieve their maximum potential in the restoration of normal fascial function.<br \/>\nSection 2 entitled Selected Fascial Modalities comprises 15 chapters, each written by an internationally recognised clinical expert and each describing and explaining a technique which has been proven to be effective in the treatment of fascial dysfunction.<br \/>\nThe book is highly illustrated with black and white photographs, line drawings and a colour plate section to illustrate the anatomy and physiology of fascia.<\/p>\n<p>Table of contents:<br \/>\nSection I Fascial Foundations<br \/>\nChapter 1 The clinical relevance of the functions of fascia: translating the science Leon Chaitow<br \/>\nChapter 2 Fascial dysfunction and disease: causes, effects and possible manual therapy options Leon Chaitow<br \/>\nChapter 3 Global postural assessment Thomas W. Myers<br \/>\nChapter 4 Additional global and local assessment approaches Leon Chaitow<br \/>\nChapter 5 Removing obstacles to recovery: therapeutic mechanisms and fascia Leon Chaitow<br \/>\nSection II Selected Fascial Modalities<br \/>\nChapter 6 The Bowen technique Michelle Watson and Julian M. Baker<br \/>\nChapter 7 Connective tissue manipulation and skin rolling Elizabeth A. Holey and John Dixon<br \/>\nChapter 8 Use it or lose it: recommendations for fascia-oriented training applications in sports and movement therapy Robert Schleip and Divo Gitta M\u00fcller<br \/>\nChapter 9 The Fascial Manipulation method applied to low back pain Antonio Stecco, Stefano Casadei, Alessandro Pedrelli, Julie Ann Day and Carla Stecco<br \/>\nChapter 10 Fascial unwinding Paolo Tozzi<br \/>\nChapter 11 Balanced ligamentous tension technique Paolo Tozzi<br \/>\nChapter 12 Instrument-assisted soft tissue mobilization Warren I. Hammer<br \/>\nChapter 13 Muscle energy techniques Leon Chaitow<br \/>\nChapter 14 Myofascial induction therapy (MIT) Andrzej Pilat<br \/>\nChapter 15 Neuromuscular technique (NMT) and associated soft tissue manipulation modalities Leon Chaitow<br \/>\nChapter 16 Positional release techniques (including counterstrain) Leon Chaitow<br \/>\nChapter 17 Rolfing structural integration Jonathan Martine<br \/>\nChapter 18 Management of scars and adhesions Willem Fourie<br \/>\nChapter 19 Massage therapy and fascia Sandy Fritz<br \/>\nChapter 20 Trigger point release methods including dry needling C\u00e9sar Fern\u00e1ndez-de-las-Pe\u00f1as.<\/p>\n<p>Leon Chaitow ist ein international anerkannter Osteopath, Autor und Dozent. Er unterrichtet an der Universit\u00e4t von Westminster in London.<br \/>\nLeon Chaitow<br \/>\nis an internationally known and respected osteopathic and naturopathic practitioner and teacher of soft tissue manipulation methods of treatment. He is author of over 60 books and editor of the peer reviewed Journal of Bodywork and Movement Therapies, that offers a multidisciplinary perspective on physical methods of patient care. Leon Chaitow was for many years senior lecturer on the Therapeutic Bodywork degree courses which he helped to design at the School of Integrated Health, University of Westminster, London, where is he now an Honorary Fellow. He continues to teach and practice part-time in London, when not in Corfu, Greece where he focuses on his writing.<\/p>\n","protected":false},"excerpt":{"rendered":"<p>Fascial Dysfunction: Manual Therapy Approaches provides all therapists with a clear guide to what the fascia is and how to treat disorders. Available here.<\/p>\n","protected":false},"featured_media":42441,"comment_status":"closed","ping_status":"closed","template":"","meta":{"_acf_changed":false,"_relevanssi_hide_post":"","_relevanssi_hide_content":"","_relevanssi_pin_for_all":"","_relevanssi_pin_keywords":"","_relevanssi_unpin_keywords":"","_relevanssi_related_keywords":"","_relevanssi_related_include_ids":"","_relevanssi_related_exclude_ids":"","_relevanssi_related_no_append":"","_relevanssi_related_not_related":"","_relevanssi_related_posts":"","_relevanssi_noindex_reason":""},"product_brand":[],"product_cat":[18317,18322,18314],"class_list":{"0":"post-27240","1":"product","2":"type-product","3":"status-publish","4":"has-post-thumbnail","6":"book_author-chaitow-l","7":"book_author-fritz-sandy","8":"book_author-schleip-r-en","9":"book_author-stecco-a-en","10":"product_cat-faszien-buecher-osteopathie-manuelle-therapie-buecher-en","11":"product_cat-manual-medicine","12":"product_cat-osteopathie-manuelle-therapie-buecher-en","14":"first","15":"instock","16":"taxable","17":"shipping-taxable","18":"purchasable","19":"product-type-simple"},"acf":[],"_links":{"self":[{"href":"https:\/\/www.naturmed.de\/en\/wp-json\/wp\/v2\/product\/27240","targetHints":{"allow":["GET"]}}],"collection":[{"href":"https:\/\/www.naturmed.de\/en\/wp-json\/wp\/v2\/product"}],"about":[{"href":"https:\/\/www.naturmed.de\/en\/wp-json\/wp\/v2\/types\/product"}],"replies":[{"embeddable":true,"href":"https:\/\/www.naturmed.de\/en\/wp-json\/wp\/v2\/comments?post=27240"}],"wp:featuredmedia":[{"embeddable":true,"href":"https:\/\/www.naturmed.de\/en\/wp-json\/wp\/v2\/media\/42441"}],"wp:attachment":[{"href":"https:\/\/www.naturmed.de\/en\/wp-json\/wp\/v2\/media?parent=27240"}],"wp:term":[{"taxonomy":"product_brand","embeddable":true,"href":"https:\/\/www.naturmed.de\/en\/wp-json\/wp\/v2\/product_brand?post=27240"},{"taxonomy":"product_cat","embeddable":true,"href":"https:\/\/www.naturmed.de\/en\/wp-json\/wp\/v2\/product_cat?post=27240"}],"curies":[{"name":"wp","href":"https:\/\/api.w.org\/{rel}","templated":true}]}}