{"id":27252,"date":"2019-04-03T15:37:32","date_gmt":"2019-04-03T13:37:32","guid":{"rendered":"https:\/\/www.naturmed.de\/produkt\/looking-into-the-window-to-the-soul-shen-reading-dvd-bridges-l\/"},"modified":"2021-05-26T12:40:16","modified_gmt":"2021-05-26T10:40:16","slug":"looking-into-the-window-to-the-soul-shen-reading-dvd-bridges-l","status":"publish","type":"product","link":"https:\/\/www.naturmed.de\/en\/product\/looking-into-the-window-to-the-soul-shen-reading-dvd-bridges-l\/","title":{"rendered":"Looking into the Window to the Soul Shen Reading .. (DVD)"},"content":{"rendered":"<p>A lecture by Professor Lillian Bridges at the Scandinavian Congress 2014<\/p>\n<p>Lillian Bridges explains that shen makes us alive, without a shen the house is empty.<br \/>\nShen is a manifestation of the spirit and reveals various emotions through the change in the quality of light in the eyes. Also any change of the colour of the skin is showing shen diseases, all colours are explained by Lillian. All emotions making your eyes darker, if your eyes are clear you are not stuck in your emotions at the moment. She gives a lot of examples of healthy shen, and how to see this. Also the five element emotions are explained, which contains of human and transcendent emotions. Lillian Bridges gives a lot of practical tips to see different conditions in the face and especially in the eyes, the eyelashes and the philtrums. How emotions from other persons can bother you and your health. She explains how you can see the fertility at the philtrums and shows a lot of examples.<\/p>\n<p>Ein Vortrag von Professor Lillian Bridges auf dem Scandinavian Kongress 2014<\/p>\n<p>Lillian Bridges erkl\u00e4rt, dass das Shen uns lebendig macht. Ohne diesem ist das Haus leer.<br \/>\nShen ist eine Manifestation des Geistes und enth\u00fcllt sich in verschiedenen Emotionen, welche sich durch den Wechsel des inneren Leuchtens der Augen ver\u00e4ndert. Auch ein Wechsel der Hautfarbe l\u00e4sst auf eine Shen-St\u00f6rung deuten. Alle Farben werden ausf\u00fchrlich besprochen. So machen Emotionen zum Beispiel die Augen dunkler, w\u00e4hrend Unbefangenheit von Emotionen die Augen klarer wirken lassen. Es werden auch viele Beispiele in Bezug auf ein gesundes Shen gegeben. Auch die f\u00fcnf Elemente-Emotionen werden erkl\u00e4rt, welche aus menschlichen und transzendalen Emotionen bestehen. Viele praktische Beispiele, wie verschiedene Zust\u00e4nde im Gesicht und speziell in den Augen wie den Wimpern und dem Philtrum, k\u00f6nnen abgelesen und erl\u00e4utert werden. Auch Emotionen von anderen Personen k\u00f6nnen unseren Gesundheitszustand ver\u00e4ndern. Sie erl\u00e4utert wie man am Philtrum die Fertilit\u00e4t ablesen kann und gibt eine Reihe von Beispielen.<\/p>\n<p>2 DVDs, 239 min., English.<\/p>\n","protected":false},"excerpt":{"rendered":"<p>Lillian Bridges states all emotions making your eyes darker, if your eyes are clear you are not stuck in your emotions at the moment. Order your DVDs here.<\/p>\n","protected":false},"featured_media":24023,"comment_status":"closed","ping_status":"closed","template":"","meta":{"_acf_changed":false,"_relevanssi_hide_post":"","_relevanssi_hide_content":"","_relevanssi_pin_for_all":"","_relevanssi_pin_keywords":"","_relevanssi_unpin_keywords":"","_relevanssi_related_keywords":"","_relevanssi_related_include_ids":"","_relevanssi_related_exclude_ids":"","_relevanssi_related_no_append":"","_relevanssi_related_not_related":"","_relevanssi_related_posts":"","_relevanssi_noindex_reason":""},"product_brand":[],"product_cat":[18441,18449,18404],"class_list":{"0":"post-27252","1":"product","2":"type-product","3":"status-publish","4":"has-post-thumbnail","6":"book_author-bridges-l","7":"product_cat-grundlagen-der-tcm-en","8":"product_cat-tcm-basics","9":"product_cat-tcmacupuncture-books","11":"first","12":"instock","13":"taxable","14":"shipping-taxable","15":"purchasable","16":"product-type-simple"},"acf":[],"_links":{"self":[{"href":"https:\/\/www.naturmed.de\/en\/wp-json\/wp\/v2\/product\/27252","targetHints":{"allow":["GET"]}}],"collection":[{"href":"https:\/\/www.naturmed.de\/en\/wp-json\/wp\/v2\/product"}],"about":[{"href":"https:\/\/www.naturmed.de\/en\/wp-json\/wp\/v2\/types\/product"}],"replies":[{"embeddable":true,"href":"https:\/\/www.naturmed.de\/en\/wp-json\/wp\/v2\/comments?post=27252"}],"wp:featuredmedia":[{"embeddable":true,"href":"https:\/\/www.naturmed.de\/en\/wp-json\/wp\/v2\/media\/24023"}],"wp:attachment":[{"href":"https:\/\/www.naturmed.de\/en\/wp-json\/wp\/v2\/media?parent=27252"}],"wp:term":[{"taxonomy":"product_brand","embeddable":true,"href":"https:\/\/www.naturmed.de\/en\/wp-json\/wp\/v2\/product_brand?post=27252"},{"taxonomy":"product_cat","embeddable":true,"href":"https:\/\/www.naturmed.de\/en\/wp-json\/wp\/v2\/product_cat?post=27252"}],"curies":[{"name":"wp","href":"https:\/\/api.w.org\/{rel}","templated":true}]}}