{"id":27299,"date":"2019-04-03T15:33:53","date_gmt":"2019-04-03T13:33:53","guid":{"rendered":"https:\/\/www.naturmed.de\/produkt\/dna-distal-needling-acupuncture-dvd-doane-r\/"},"modified":"2019-04-03T17:34:16","modified_gmt":"2019-04-03T15:34:16","slug":"dna-distal-needling-acupuncture-dvd-doane-r","status":"publish","type":"product","link":"https:\/\/www.naturmed.de\/en\/product\/dna-distal-needling-acupuncture-dvd-doane-r\/","title":{"rendered":"DNA &#8211; Distal Needling Acupuncture (DVD)"},"content":{"rendered":"<p>Robert Doane states why you should use the distal needling acupuncture and gives the scientific explanation of acupuncture.<br \/>He shows the DNA techniques and images and point out specific treatments. Also on-site video material is watched and discussed afterwards.<br \/>Doane gives a lot of herbal therapies examples.<br \/>Robert Doane explains the proprioceptive nerves and which effect they have on pain, he also states important information on chronic pain and how the nerves work out.<br \/>Doane shows that the fingers are related with the toes and vice versa.<br \/>So you can treat numbness at the toes with the acupuncture of the fingers.<br \/>He states that different pains could be acupunctured with DNA to get a positive result.<\/p>\n<p>Robert Doane zeigt Ihnen, warum Sie die Distale Nadel Akupunktur verwenden sollen und erl\u00e4utert die wissenschaftliche Definition der Akupunktur.<br \/>Er zeigt die DNA Techniken und Bilder und zeigt spezifische Behandlungen. Eignes Videomaterial wird gezeigt, um anschlie\u00dfend dar\u00fcber diskutieren zu k\u00f6nnen. Doane gibt eine Reihe von Beispielen mit Kr\u00e4uterrezepturen.<br \/>Er erl\u00e4utert die propriozeptiven Nerven und welche Wirkung sie auf die Nerven haben, es werden auch wichtige Informationen zu chronischen Schmerz gegeben und wie die Nerven arbeiten. Doane zeigt, dass die Finger mit den Zehen zusammen h\u00e4ngen und umgekehrt.<br \/>Das hei\u00dft, es kann ein tauber Zeh durch die Akupunktur an den Fingern behandelt werden.<br \/>Er zeigt wie verschiedene Schmerzen erfolgreich mit der DNA Akupunktur behandelt werden k\u00f6nnen.<\/p>\n<p>TAO Kongress 2014,<br \/>1 DVD, 366 min., englisch.<\/p>\n","protected":false},"excerpt":{"rendered":"<p>Robert Doane talks about the use of distal needling acupuncture and gives the scientific explanation of acupuncture. Order his DVD now from naturmed!<\/p>\n","protected":false},"featured_media":23956,"comment_status":"closed","ping_status":"closed","template":"","meta":{"_acf_changed":false,"_relevanssi_hide_post":"","_relevanssi_hide_content":"","_relevanssi_pin_for_all":"","_relevanssi_pin_keywords":"","_relevanssi_unpin_keywords":"","_relevanssi_related_keywords":"","_relevanssi_related_include_ids":"","_relevanssi_related_exclude_ids":"","_relevanssi_related_no_append":"","_relevanssi_related_not_related":"","_relevanssi_related_posts":"","_relevanssi_noindex_reason":""},"product_brand":[],"product_cat":[18408,18404],"class_list":{"0":"post-27299","1":"product","2":"type-product","3":"status-publish","4":"has-post-thumbnail","6":"book_author-doane-r-en","7":"product_cat-acupuncture-books","8":"product_cat-tcmacupuncture-books","10":"first","11":"instock","12":"taxable","13":"shipping-taxable","14":"purchasable","15":"product-type-simple"},"acf":[],"_links":{"self":[{"href":"https:\/\/www.naturmed.de\/en\/wp-json\/wp\/v2\/product\/27299","targetHints":{"allow":["GET"]}}],"collection":[{"href":"https:\/\/www.naturmed.de\/en\/wp-json\/wp\/v2\/product"}],"about":[{"href":"https:\/\/www.naturmed.de\/en\/wp-json\/wp\/v2\/types\/product"}],"replies":[{"embeddable":true,"href":"https:\/\/www.naturmed.de\/en\/wp-json\/wp\/v2\/comments?post=27299"}],"wp:featuredmedia":[{"embeddable":true,"href":"https:\/\/www.naturmed.de\/en\/wp-json\/wp\/v2\/media\/23956"}],"wp:attachment":[{"href":"https:\/\/www.naturmed.de\/en\/wp-json\/wp\/v2\/media?parent=27299"}],"wp:term":[{"taxonomy":"product_brand","embeddable":true,"href":"https:\/\/www.naturmed.de\/en\/wp-json\/wp\/v2\/product_brand?post=27299"},{"taxonomy":"product_cat","embeddable":true,"href":"https:\/\/www.naturmed.de\/en\/wp-json\/wp\/v2\/product_cat?post=27299"}],"curies":[{"name":"wp","href":"https:\/\/api.w.org\/{rel}","templated":true}]}}