{"id":27424,"date":"2018-02-12T16:11:44","date_gmt":"2018-02-12T15:11:44","guid":{"rendered":"https:\/\/www.naturmed.de\/produkt\/tungs-extraordinary-acupuncture-points-akupunkturtafel-chart-1-koppensteiner-d\/"},"modified":"2021-03-29T13:34:10","modified_gmt":"2021-03-29T11:34:10","slug":"tungs-extraordinary-acupuncture-points-akupunkturtafel-chart-1-koppensteiner-d","status":"publish","type":"product","link":"https:\/\/www.naturmed.de\/en\/product\/tungs-extraordinary-acupuncture-points-akupunkturtafel-chart-1-koppensteiner-d\/","title":{"rendered":"Tung\u00b4s Extraordinary Acupuncture Points Akupunkturtafel Chart 1 (A3)"},"content":{"rendered":"<p>Dargestellt werden s\u00e4mtliche Punkte nach Meister Chin-Chang TUNG, welche in seinem Originalbuch und der englischen Literatur seiner Sch\u00fcler Dr. Wei-Chieh Young, Dr. Palden Carson sowie Miriam Lee angef\u00fchrt werden. Einige ausgesuchte Punkte aus anderen Quellen werden ebenfalls abgebildet.<br \/>\nAls Weltpremiere werden s\u00e4mtliche Tung-Punkte graphisch in Bezug zu den bekannten Punkten der TCM gesetzt. Dies erleichtert einerseits die Lokalisierung, andererseits ergeben sich daraus interessante klinische Beziehungen.<\/p>\n<p>Tafel 1:<\/p>\n<ul>\n<li>Seitenansicht<\/li>\n<li>H\u00e4nde<\/li>\n<li>Fu\u00dfsohle<\/li>\n<\/ul>\n<p>Lehrtafel in GROSS, ca. 70 x 100 cm, Vierfarbdruck.\u00a0Diese Tafeln werden in 2 verschiedenen Gr\u00f6\u00dfen angeboten.<\/p>\n<p>Ebenfalls einzigartig ist die farbige Darstellung der Reflexareale. Durch die farbige Gestaltung gem\u00e4\u00df der Zang-Organe kann man diese Information gezielt in die Punkteauswahl einbeziehen.<br \/>\nAngegeben werde die Punkte mit Nummerierung, Pin Yin Name und englischer \u00dcbersetzung.<br \/>\nEin gro\u00dfes Ziel des Autors war es, die Einteilung der R\u00fcckenpunkte (DT) mit ihren vielen \u00dcberschneidungen \u00fcbersichtlich zu gestalten. Diese wurden auf Chart 2 abgebildet, wobei der gro\u00dfen Punktgruppe DT.04 eine eigene Ansicht mit farblicher Organzuordnung gewidmet wurde.<\/p>\n<p>Listed on the charts are all points contained in Master Tung&#8217;s original book (translated into English by Dr. Palden Carson). Other sources include Dr. Wei-Chieh Young.<\/p>\n<p>The charts also cover the traditional 365+ points, so the relative location of Tung&#8217;s points can be used for easier point location. This also offers interesting clues to point-indications.<\/p>\n<p>Full colour mapping of the reflex areas\/nerves makes this information most readily usable. Points are named by number, Pin Yin and English names.<br \/>\nOn Chart II You can find the back DT points clearly arranged in colour. An extra mapping shows the large DT.04 group with colours according to Zang Fu relationships.<br \/>\nAvailable in two sizes, this is BIG.<\/p>\n","protected":false},"excerpt":{"rendered":"<p>Auf der gro\u00dfen Tafel 1 im Format A3: Seitenansicht, Hand, Fu\u00dfsohle werden Punkte nach Meister Tung abgebildet. Jetzt Ihre Tafeln in gew\u00fcnschter Gr\u00f6\u00dfe bei naturmed bestellen.<\/p>\n","protected":false},"featured_media":21792,"comment_status":"closed","ping_status":"closed","template":"","meta":{"_acf_changed":false,"_relevanssi_hide_post":"","_relevanssi_hide_content":"","_relevanssi_pin_for_all":"","_relevanssi_pin_keywords":"","_relevanssi_unpin_keywords":"","_relevanssi_related_keywords":"","_relevanssi_related_include_ids":"","_relevanssi_related_exclude_ids":"","_relevanssi_related_no_append":"","_relevanssi_related_not_related":"","_relevanssi_related_posts":"","_relevanssi_noindex_reason":""},"product_brand":[],"product_cat":[18408,18404,18426],"class_list":{"0":"post-27424","1":"product","2":"type-product","3":"status-publish","4":"has-post-thumbnail","6":"book_author-koppensteiner-d-en","7":"product_cat-acupuncture-books","8":"product_cat-tcmacupuncture-books","9":"product_cat-tungs-acupuncture","11":"first","12":"instock","13":"taxable","14":"shipping-taxable","15":"purchasable","16":"product-type-simple"},"acf":[],"_links":{"self":[{"href":"https:\/\/www.naturmed.de\/en\/wp-json\/wp\/v2\/product\/27424","targetHints":{"allow":["GET"]}}],"collection":[{"href":"https:\/\/www.naturmed.de\/en\/wp-json\/wp\/v2\/product"}],"about":[{"href":"https:\/\/www.naturmed.de\/en\/wp-json\/wp\/v2\/types\/product"}],"replies":[{"embeddable":true,"href":"https:\/\/www.naturmed.de\/en\/wp-json\/wp\/v2\/comments?post=27424"}],"wp:featuredmedia":[{"embeddable":true,"href":"https:\/\/www.naturmed.de\/en\/wp-json\/wp\/v2\/media\/21792"}],"wp:attachment":[{"href":"https:\/\/www.naturmed.de\/en\/wp-json\/wp\/v2\/media?parent=27424"}],"wp:term":[{"taxonomy":"product_brand","embeddable":true,"href":"https:\/\/www.naturmed.de\/en\/wp-json\/wp\/v2\/product_brand?post=27424"},{"taxonomy":"product_cat","embeddable":true,"href":"https:\/\/www.naturmed.de\/en\/wp-json\/wp\/v2\/product_cat?post=27424"}],"curies":[{"name":"wp","href":"https:\/\/api.w.org\/{rel}","templated":true}]}}