{"id":27427,"date":"2018-02-12T16:11:44","date_gmt":"2018-02-12T15:11:44","guid":{"rendered":"https:\/\/www.naturmed.de\/produkt\/tungs-extraordinary-acupuncture-points-akupunkturtafel-chart-1-koppensteiner-d-2\/"},"modified":"2023-01-16T12:36:54","modified_gmt":"2023-01-16T11:36:54","slug":"tungs-extraordinary-acupuncture-points-akupunkturtafel-chart-1-koppensteiner-d-2","status":"publish","type":"product","link":"https:\/\/www.naturmed.de\/en\/product\/tungs-extraordinary-acupuncture-points-akupunkturtafel-chart-1-koppensteiner-d-2\/","title":{"rendered":"Tung\u00b4s Extraordinary Acupuncture Points Akupunkturtafel Chart 1 (A4)"},"content":{"rendered":"<p>Tafel 1 in klein:<\/p>\n<ul>\n<li>Seitenansicht<\/li>\n<li>H\u00e4nde<\/li>\n<li>Fu\u00dfsohle<\/li>\n<\/ul>\n<p>Lehrtafel in der Gr\u00f6\u00dfe KLEIN: Lehrtafel ca. 24 x 34 cm, Vierfarbdruck.<br \/>\nDiese Tafeln werden in 2 verschiedenen Gr\u00f6\u00dfen angeboten:<br \/>\nIdentisch zu den gro\u00dfen Tafeln, in handlichem, kleinem Format.<\/p>\n<p>Es werden s\u00e4mtliche Punkte nach Meister Chin-Chang Tung dargestellt, welche in seinem Originalbuch und der englischen Literatur seiner Sch\u00fcler Dr. Wei-Chieh Young, Dr. Palden Carson sowie Miriam Lee angef\u00fchrt werden. Einige ausgesuchte Punkte aus anderen Quellen werden ebenfalls abgebildet.<br \/>\nAls Weltpremiere werden s\u00e4mtliche Tung-Punkte graphisch in Bezug zu den bekannten Punkten der TCM gesetzt. Dies erleichtert einerseits die Lokalisierung, andererseits ergeben sich daraus interessante klinische Beziehungen.<br \/>\nEbenfalls einzigartig ist die farbige Darstellung der Reflexareale. Durch die farbige Gestaltung gem\u00e4\u00df der Zang-Organe kann man diese Information gezielt in die Punkteauswahl einbeziehen.<br \/>\nAngegeben werde die Punkte mit Nummerierung, Pin Yin Name und englischer \u00dcbersetzung.<br \/>\nEin gro\u00dfes Ziel des Autors war es, die Einteilung der R\u00fcckenpunkte (DT) mit ihren vielen \u00dcberschneidungen \u00fcbersichtlich zu gestalten.<br \/>\nDiese wurden auf Chart 2 abgebildet, wobei der gro\u00dfen Punktgruppe DT.04 eine eigene Ansicht mit farblicher Organzuordnung gewidmet wurde.<\/p>\n","protected":false},"excerpt":{"rendered":"<p>Kleine Tafel 1 im A4-Format: Seitenansicht, Hand, Fu\u00dfsohle, die Punkte nach Meister Tung. Punkte aus anderen Quellen ebenfalls enthalten. Beide Tafeln in gro\u00df und klein erh\u00e4ltlich.<\/p>\n","protected":false},"featured_media":21796,"comment_status":"closed","ping_status":"closed","template":"","meta":{"_acf_changed":false,"_relevanssi_hide_post":"","_relevanssi_hide_content":"","_relevanssi_pin_for_all":"","_relevanssi_pin_keywords":"","_relevanssi_unpin_keywords":"","_relevanssi_related_keywords":"","_relevanssi_related_include_ids":"","_relevanssi_related_exclude_ids":"","_relevanssi_related_no_append":"","_relevanssi_related_not_related":"","_relevanssi_related_posts":"","_relevanssi_noindex_reason":""},"product_brand":[],"product_cat":[18408,18404,18426],"class_list":{"0":"post-27427","1":"product","2":"type-product","3":"status-publish","4":"has-post-thumbnail","6":"book_author-koppensteiner-d-en","7":"product_cat-acupuncture-books","8":"product_cat-tcmacupuncture-books","9":"product_cat-tungs-acupuncture","11":"first","12":"instock","13":"taxable","14":"shipping-taxable","15":"purchasable","16":"product-type-simple"},"acf":[],"_links":{"self":[{"href":"https:\/\/www.naturmed.de\/en\/wp-json\/wp\/v2\/product\/27427","targetHints":{"allow":["GET"]}}],"collection":[{"href":"https:\/\/www.naturmed.de\/en\/wp-json\/wp\/v2\/product"}],"about":[{"href":"https:\/\/www.naturmed.de\/en\/wp-json\/wp\/v2\/types\/product"}],"replies":[{"embeddable":true,"href":"https:\/\/www.naturmed.de\/en\/wp-json\/wp\/v2\/comments?post=27427"}],"wp:featuredmedia":[{"embeddable":true,"href":"https:\/\/www.naturmed.de\/en\/wp-json\/wp\/v2\/media\/21796"}],"wp:attachment":[{"href":"https:\/\/www.naturmed.de\/en\/wp-json\/wp\/v2\/media?parent=27427"}],"wp:term":[{"taxonomy":"product_brand","embeddable":true,"href":"https:\/\/www.naturmed.de\/en\/wp-json\/wp\/v2\/product_brand?post=27427"},{"taxonomy":"product_cat","embeddable":true,"href":"https:\/\/www.naturmed.de\/en\/wp-json\/wp\/v2\/product_cat?post=27427"}],"curies":[{"name":"wp","href":"https:\/\/api.w.org\/{rel}","templated":true}]}}