{"id":27514,"date":"2018-02-12T16:26:39","date_gmt":"2018-02-12T15:26:39","guid":{"rendered":"https:\/\/www.naturmed.de\/produkt\/safety-evaluation-system-dvd-becker-s\/"},"modified":"2018-02-28T16:20:07","modified_gmt":"2018-02-28T15:20:07","slug":"safety-evaluation-system-dvd-becker-s","status":"publish","type":"product","link":"https:\/\/www.naturmed.de\/en\/product\/safety-evaluation-system-dvd-becker-s\/","title":{"rendered":"Safety evaluation system (DVD)"},"content":{"rendered":"<p>Safety evaluation system &#8211; Chinese medicine during pregnancy is a lecture by Simon Becker at the TCM congress in Rothenburg 2011.<br \/>1 DVD, 1:45 h, German\/English.<\/p>\n<p>Deutscher Titel:<br \/>Sicherheit der Chinesischen Arzneimitteltherapie in der Schwangerschaft: Eine Standortbestimmung.<\/p>\n<p>In den Standardwerken der Chinesischen Arzneitherapie (CA)<br \/>finden sich exzellente Darstellungen der Indikationen, Wirkungen<br \/>und Nebenwirkungen der chinesischen Drogen.<br \/>Kommt es zu Kontraindikationen und Vorsichtsma\u00dfnahmen in der Schwangerschaft (SS),<br \/>widersprechen sich nicht selten die Angaben in verschiedenen B\u00fcchern und sind mitunter schwer nachvollziehbar.<br \/>Die Sicherheitshinweise beziehen sich dabei neben m\u00f6glichen<br \/>toxischen Auswirkungen weitgehend auf das Risiko eines Aborts.<br \/>In unserer Zeit wird das Hauptrisiko bei der Anwendung von Arzneistoffen in der SS in einer m\u00f6glichen teratogenen Wirkung gesehen.<br \/>Da man zum Erkennen bzw. Ausschluss dieses Risikos hohe Fallzahlen mit Vergleichsgruppen ben\u00f6tigt,<br \/>gab es in vormodernen Zeiten keine M\u00f6glichkeit, dieses Risiko zu erkennen und zu beurteilen.<br \/>Ein anderes in neuerer Zeit erkanntes Risiko ist das<br \/>einer Gensch\u00e4digung mit einer m\u00f6glichen sp\u00e4teren Krebsentstehung.<br \/>Inzwischen gibt es zu diesen Fragestellungen zahlreiche Erkenntnisse<br \/>aus experimentellen Versuchen an Tieren, Bakterien oder Zellkulturen,<br \/>die bisher in den TCM-Standardwerken so gut wie keine Ber\u00fccksichtigung gefunden haben.<br \/>Allerdings ist es sehr schwer, aus diesen das Risiko f\u00fcr den Menschen abzuleiten.<br \/>Andererseits ist es ethisch nicht zu verantworten, diese einfach zu ignorieren.<br \/>Zwei tierexperimentelle Studien, die erhebliche Risiken verschiedener Art f\u00fcr wichtige<br \/>chinesische Drogen aufzuzeigen scheinen, konnten von unserer AG Sicherheit der<br \/>Chinesischen Arzneitherapie in der SS klar als unhaltbar zur\u00fcckgewiesen werden.<br \/>Wir m\u00fcssen uns jedoch der Problematik stellen, welche Schlussfolgerungen f\u00fcr<br \/>eine sichere Anwendung der CA in der SS aus zahlreichen weiteren vorliegenden Ergebnissen zu ziehen sind.<br \/>Wir werden exemplarisch derartige Ergebnisse vorstellen,<br \/>die Problematik der \u00dcbertragbarkeit auf die therapeutische Situation darstellen<br \/>und versuchen, Schlussfolgerungen f\u00fcr das Verhalten in der therapeutischen Situation daraus abzuleiten.<\/p>\n<p>TCM Kongress Rothenburg 2011,<br \/>1 DVD, 1:45 h, deutsch\/englisch.<\/p>\n","protected":false},"excerpt":{"rendered":"<p>Safety evaluation system &#8211; Chinese medicine during pregnancy is a lecture by Simon Becker at the TCM congress in Rothenburg 2011. Order your DVD here.<\/p>\n","protected":false},"featured_media":23631,"comment_status":"closed","ping_status":"closed","template":"","meta":{"_acf_changed":false,"_relevanssi_hide_post":"","_relevanssi_hide_content":"","_relevanssi_pin_for_all":"","_relevanssi_pin_keywords":"","_relevanssi_unpin_keywords":"","_relevanssi_related_keywords":"","_relevanssi_related_include_ids":"","_relevanssi_related_exclude_ids":"","_relevanssi_related_no_append":"","_relevanssi_related_not_related":"","_relevanssi_related_posts":"","_relevanssi_noindex_reason":""},"product_brand":[],"product_cat":[18431,18433,18404],"class_list":{"0":"post-27514","1":"product","2":"type-product","3":"status-publish","4":"has-post-thumbnail","6":"product_cat-chinese-herbs-kampo","7":"product_cat-chinese-herbsmateria-medica","8":"product_cat-tcmacupuncture-books","10":"first","11":"instock","12":"taxable","13":"shipping-taxable","14":"purchasable","15":"product-type-simple"},"acf":[],"_links":{"self":[{"href":"https:\/\/www.naturmed.de\/en\/wp-json\/wp\/v2\/product\/27514","targetHints":{"allow":["GET"]}}],"collection":[{"href":"https:\/\/www.naturmed.de\/en\/wp-json\/wp\/v2\/product"}],"about":[{"href":"https:\/\/www.naturmed.de\/en\/wp-json\/wp\/v2\/types\/product"}],"replies":[{"embeddable":true,"href":"https:\/\/www.naturmed.de\/en\/wp-json\/wp\/v2\/comments?post=27514"}],"wp:featuredmedia":[{"embeddable":true,"href":"https:\/\/www.naturmed.de\/en\/wp-json\/wp\/v2\/media\/23631"}],"wp:attachment":[{"href":"https:\/\/www.naturmed.de\/en\/wp-json\/wp\/v2\/media?parent=27514"}],"wp:term":[{"taxonomy":"product_brand","embeddable":true,"href":"https:\/\/www.naturmed.de\/en\/wp-json\/wp\/v2\/product_brand?post=27514"},{"taxonomy":"product_cat","embeddable":true,"href":"https:\/\/www.naturmed.de\/en\/wp-json\/wp\/v2\/product_cat?post=27514"}],"curies":[{"name":"wp","href":"https:\/\/api.w.org\/{rel}","templated":true}]}}