{"id":27579,"date":"2018-02-12T16:25:28","date_gmt":"2018-02-12T15:25:28","guid":{"rendered":"https:\/\/www.naturmed.de\/produkt\/eight-methods-of-resolving-heat-in-dermatology-online-video-al-khafaji-m\/"},"modified":"2025-05-06T10:58:45","modified_gmt":"2025-05-06T08:58:45","slug":"eight-methods-of-resolving-heat-in-dermatology-online-video-al-khafaji-m","status":"publish","type":"product","link":"https:\/\/www.naturmed.de\/en\/product\/eight-methods-of-resolving-heat-in-dermatology-online-video-al-khafaji-m\/","title":{"rendered":"Eight Methods of Resolving Heat in Dermatology (video)"},"content":{"rendered":"<p>Video with Mazin Al-Khafaji, an internationally recognized TCM specialist for skin diseases (dermatology with TCM). In Mazin Al-Khafaji&#8217;s TCM Clinic he focuses primarily on the subject of skin diseases and their treatment with Chinese herbs in dermatology. This includes primarily autoimmune diseases, allergic diseases and their body&#8217;s immune namely the inflammatory response of the body.<br \/>\nAl-Khafaji says that there are invisible inflammation as colitis or Morbus Crohn&#8217;s disease, partially visible, such as rheumatoid arthritis, psoriatic Arthritis perfectly clear and visible inflammation on the skin, as in the classical skin diseases. These classic skin diseases and their treatment with Chinese herbs are focus of his presentation. Al-Khafaji&#8217;s speech is peppered with many excellent photos from his daily TCM practice. It discusses causes of various skin diseases (atopic dermatitis) and their treatment from the perspective of Chinese medicine. Using numerous photos of different stages of the healing process are presented in individual patients with various skin diseases, compared and discussed its core therapeutic strategies and treatment with Chinese herbs. He gives suggestions for therapy, you should consider in the treatment of skin diseases with TCM. There are some Chinese herbs and their effects described dedicated. Al-Khafaji is a wealth of practical tips on individual skin conditions and related herbs. Each TCM therapist has certainly had one or the other case already in his daily TCM practice. Dermatology and TCM at its best.<\/p>\n<p>Video mit Mazin Al-Khafaji, einem international anerkannten TCM-Spezialisten f\u00fcr Hauterkrankungen. In Mazin Al-Khafajis TCM-Klinik widmet er sich in erste Linie dem Thema der Hauterkrankungen und deren Behandlung mit chinesischen Kr\u00e4utern. Hierunter fallen in erster Linie Autoimmunerkrankungen, allergische Erkrankungen und deren k\u00f6rpereigenen Abwehr n\u00e4mlich der Entz\u00fcndungsreaktion des K\u00f6rpers.<br \/>\nAl-Khafaji sagt, es gibt, unsichtbare Entz\u00fcndungsherde wie bei Darm, Colitis oder Morbus Crohn, teilweise sichtbare, wie rheumatoide Arthritis, Psoriasis-Arthritis und vollkommen klar sichtbare Entz\u00fcndungsreaktionen auf der Haut, wie bei den klassischen Hauterkrankungen. Diese klassischen Hauterkrankungen und deren Behandlung mit chinesischen Kr\u00e4utern sind Schwerpunkt seines Vortrages. Al-Khafajis Vortrag ist gespickt mit unz\u00e4hligen hervorragenden Fotos aus seiner t\u00e4glichen TCM-Praxis. Es werden Ursachen der verschiedenen Hauterkrankungen (Neurodermitis) und deren Behandlung aus Sicht der Chinesischen Medizin besprochen. Anhand von zahlreichen Fotos werden unterschiedliche Stadien des Heilungsverlaufs bei einzelnen Patienten mit unterschiedlichen Hauterkrankungen vorgestellt, verglichen und deren Kern-Therapiestrategien und Behandlungsmethoden mit chinesischen Kr\u00e4utern besprochen. Er gibt Therapievorschl\u00e4ge, die man bei Hauterkrankungen beachten sollte. Es werden einzelne Kr\u00e4uter und ihre Wirkungen dediziert beschrieben. Al-Khafaji gibt eine F\u00fclle von Praxis-Tipps bei einzelnen Hauterkrankungen und den dazugeh\u00f6rigen Kr\u00e4utern. Jeder TCM-Therapeut hat sicherlich den ein oder anderen Fall bereits in seiner TCM-Praxis gehabt.<\/p>\n<p>&nbsp;<\/p>\n","protected":false},"excerpt":{"rendered":"<p>Mazin Al-Khafaji erl\u00e4utert mit vielen Fotos acht Verfahren zum Behandeln von Neurodermitis mit chinesischen Kr\u00e4utern. Das Video hier bei uns bestellen!<\/p>\n","protected":false},"featured_media":23518,"comment_status":"closed","ping_status":"closed","template":"","meta":{"_acf_changed":false,"_relevanssi_hide_post":"","_relevanssi_hide_content":"","_relevanssi_pin_for_all":"","_relevanssi_pin_keywords":"","_relevanssi_unpin_keywords":"","_relevanssi_related_keywords":"","_relevanssi_related_include_ids":"","_relevanssi_related_exclude_ids":"","_relevanssi_related_no_append":"","_relevanssi_related_not_related":"","_relevanssi_related_posts":"","_relevanssi_noindex_reason":""},"product_brand":[],"product_cat":[18452,29684,18456,29680,29565,18404],"class_list":{"0":"post-27579","1":"product","2":"type-product","3":"status-publish","4":"has-post-thumbnail","6":"book_author-al-khafaji-m","7":"product_cat-clinical-practice-in-tcm","8":"product_cat-hautkrankheiten-videos-en","9":"product_cat-skin-diseases","10":"product_cat-tcm-behandlung-en","11":"product_cat-tcm-videos-en","12":"product_cat-tcmacupuncture-books","13":"pa_videotyp-dvd-en","14":"pa_videotyp-streaming-en","16":"first","17":"instock","18":"taxable","19":"shipping-taxable","20":"purchasable","21":"product-type-variable"},"acf":[],"_links":{"self":[{"href":"https:\/\/www.naturmed.de\/en\/wp-json\/wp\/v2\/product\/27579","targetHints":{"allow":["GET"]}}],"collection":[{"href":"https:\/\/www.naturmed.de\/en\/wp-json\/wp\/v2\/product"}],"about":[{"href":"https:\/\/www.naturmed.de\/en\/wp-json\/wp\/v2\/types\/product"}],"replies":[{"embeddable":true,"href":"https:\/\/www.naturmed.de\/en\/wp-json\/wp\/v2\/comments?post=27579"}],"wp:featuredmedia":[{"embeddable":true,"href":"https:\/\/www.naturmed.de\/en\/wp-json\/wp\/v2\/media\/23518"}],"wp:attachment":[{"href":"https:\/\/www.naturmed.de\/en\/wp-json\/wp\/v2\/media?parent=27579"}],"wp:term":[{"taxonomy":"product_brand","embeddable":true,"href":"https:\/\/www.naturmed.de\/en\/wp-json\/wp\/v2\/product_brand?post=27579"},{"taxonomy":"product_cat","embeddable":true,"href":"https:\/\/www.naturmed.de\/en\/wp-json\/wp\/v2\/product_cat?post=27579"}],"curies":[{"name":"wp","href":"https:\/\/api.w.org\/{rel}","templated":true}]}}