{"id":27603,"date":"2018-02-12T16:25:28","date_gmt":"2018-02-12T15:25:28","guid":{"rendered":"https:\/\/www.naturmed.de\/produkt\/a-meditation-on-damaging-words-and-beliefs-online-video-bodenschatz-li-c\/"},"modified":"2019-08-27T14:48:20","modified_gmt":"2019-08-27T12:48:20","slug":"a-meditation-on-damaging-words-and-beliefs-online-video-bodenschatz-li-c","status":"publish","type":"product","link":"https:\/\/www.naturmed.de\/en\/product\/a-meditation-on-damaging-words-and-beliefs-online-video-bodenschatz-li-c\/","title":{"rendered":"A Meditation on Damaging Words and Beliefs (video)"},"content":{"rendered":"<p>A meditation on damaging words and beliefs <i><\/i> Christine Bodenschatz-Li<\/p>\n<p>Bodenschatz-Li thinks it is better to observe and feel the patient to get some information\u0092s from them, instead of talking. Only two questions are really important, the first one is how I become sick and the more important one is how to get well again. She states that she is treating a lot of animals, she loves to do it. Bodenschatz-Li gives a practical example, how she treated a dog with a broken leg and a broken spine. The most important thing of this treatment was the connection between Bodenschatz-Li and the dog and the silence of the moment. She explains how the life comes back and the qi was flowing. Acupuncture needles should be a part of you, like the extension of your fingers, to treat effectively.<br \/>\nBodenschatz-Li explains that all people belongs together and that we cannot live alone. She gives also a practical example of soul loss and how you can see this.<\/p>\n<p>Eine Meditation \u00fcber verletzende Worte und Glauben <i><\/i> Christine Bodenschatz-Li<\/p>\n<p>Frau Bodenschatz-Li denkt, dass es besser ist den Patienten zu beobachten und zu f\u00fchlen, um mehr von ihm zu erfahren, als mit ihm zu sprechen. Nur zwei Fragen sind sehr wichtig, die Erste warum bin ich krank geworden und die Wichtigere von beiden, wie man wieder gesund wird. Sie erl\u00e4utert, dass sie viele Tiere behandelt und dies sehr gerne tut. Bodenschatz-Li gibt ein praktisches Beispiel, wie sie einen Hund mit einem gebrochenen Bein und einer gebrochenen Wirbels\u00e4ule behandelt hat. Die wichtigste Sache bei der Behandlung war die Verbindung zwischen Frau Bodenschatz-Li und dem Hund und die Stille des Moments. Sie erl\u00e4utert, wie das Leben zur\u00fcck kam und das Qi flie\u00dfen konnte. Akupunkturnadeln sollten ein Teil von einem sein, wie die Verl\u00e4ngerung der Finger, um effektiv behandeln zu k\u00f6nnen. Frau Bodenschatz-Li erl\u00e4utert, dass alle Menschen zusammen geh\u00f6ren und wir nicht alleine leben k\u00f6nnen. Sie gibt auch ein praktisches Beispiel einer verlorenen Seele und wie man diese sehen kann.<\/p>\n","protected":false},"excerpt":{"rendered":"<p>A meditation on damaging words and beliefs. The video of this lecture by Christine Bodenschatz-Li at the Scandinavian TCM Kongress 2014 is available here!<\/p>\n","protected":false},"featured_media":23540,"comment_status":"closed","ping_status":"closed","template":"","meta":{"_acf_changed":false,"_relevanssi_hide_post":"","_relevanssi_hide_content":"","_relevanssi_pin_for_all":"","_relevanssi_pin_keywords":"","_relevanssi_unpin_keywords":"","_relevanssi_related_keywords":"","_relevanssi_related_include_ids":"","_relevanssi_related_exclude_ids":"","_relevanssi_related_no_append":"","_relevanssi_related_not_related":"","_relevanssi_related_posts":"","_relevanssi_noindex_reason":""},"product_brand":[],"product_cat":[29659,18441,29661,18449,29565,18404],"class_list":{"0":"post-27603","1":"product","2":"type-product","3":"status-publish","4":"has-post-thumbnail","6":"book_author-bodenschatz-li-c","7":"product_cat-akupunktur-videos-tcm-videos-en","8":"product_cat-grundlagen-der-tcm-en","9":"product_cat-tcm-basic-videos-en","10":"product_cat-tcm-basics","11":"product_cat-tcm-videos-en","12":"product_cat-tcmacupuncture-books","13":"pa_videotyp-dvd-en","14":"pa_videotyp-streaming-en","16":"first","17":"instock","18":"taxable","19":"shipping-taxable","20":"purchasable","21":"product-type-variable"},"acf":[],"_links":{"self":[{"href":"https:\/\/www.naturmed.de\/en\/wp-json\/wp\/v2\/product\/27603","targetHints":{"allow":["GET"]}}],"collection":[{"href":"https:\/\/www.naturmed.de\/en\/wp-json\/wp\/v2\/product"}],"about":[{"href":"https:\/\/www.naturmed.de\/en\/wp-json\/wp\/v2\/types\/product"}],"replies":[{"embeddable":true,"href":"https:\/\/www.naturmed.de\/en\/wp-json\/wp\/v2\/comments?post=27603"}],"wp:featuredmedia":[{"embeddable":true,"href":"https:\/\/www.naturmed.de\/en\/wp-json\/wp\/v2\/media\/23540"}],"wp:attachment":[{"href":"https:\/\/www.naturmed.de\/en\/wp-json\/wp\/v2\/media?parent=27603"}],"wp:term":[{"taxonomy":"product_brand","embeddable":true,"href":"https:\/\/www.naturmed.de\/en\/wp-json\/wp\/v2\/product_brand?post=27603"},{"taxonomy":"product_cat","embeddable":true,"href":"https:\/\/www.naturmed.de\/en\/wp-json\/wp\/v2\/product_cat?post=27603"}],"curies":[{"name":"wp","href":"https:\/\/api.w.org\/{rel}","templated":true}]}}