{"id":27608,"date":"2018-02-12T16:25:28","date_gmt":"2018-02-12T15:25:28","guid":{"rendered":"https:\/\/www.naturmed.de\/produkt\/the-nature-of-chi-online-video-robinson-m\/"},"modified":"2022-07-21T12:56:47","modified_gmt":"2022-07-21T10:56:47","slug":"the-nature-of-chi-online-video-robinson-m","status":"publish","type":"product","link":"https:\/\/www.naturmed.de\/en\/product\/the-nature-of-chi-online-video-robinson-m\/","title":{"rendered":"The Nature of Chi"},"content":{"rendered":"<p>The Nature of Chi <i><\/i> Mike Robinson<\/p>\n<p>Every word and action is producing qi.<br \/>\nRobinson is explaining what you think is leading your qi to this person or product. That is the reason why it is so important to be very consciousness with your mind and speech. He is explaining that it is very helpful to listen to your own feelings. Our observations should be neutral, without any emotions or judgement. So there should be no intention to any outcome, just pure action should be used at a treatment. Our eyes controlling the qi, so it is very important that your eyes are relaxed. Robinson explains that life is meditation, and your qi is stored in your lower dan tian.<\/p>\n<p>Die Natur des Chi <i><\/i> Mike Robinson<\/p>\n<p>Jedes Wort und jede Aktion produziert Qi.<br \/>\nRobinson erl\u00e4utert, egal an wen oder was wir denken, unser Qi wird zu dieser Person oder diesem Produkt gelenkt. Dies ist der Grund warum es so wichtig ist, sehr bewusst mit seinem Geist und seiner Rede umzugehen. Er erkl\u00e4rt, dass es sehr hilfreich sein kann, auf sein eigenes Bauchgef\u00fchl zu h\u00f6ren. Die Beobachtung sollte neutral und ohne jeglichen Vorurteilen sein. Bei einer Behandlung sollte keine Absicht auf ein bestimmtes Ergebnis gelegt werden, sondern die reine Aktion ohne Anhaftung praktiziert werden. Die Augen kontrollieren das Qi, deshalb ist sehr wichtig, dass die Augen entspannt sind. Robinson zeigt, dass Leben Meditation ist und unser Qi im unteren Dan Tian gespeichert wird.<\/p>\n<p>Scandinavian Congress 2014, video, 49 minutes, English.<\/p>\n","protected":false},"excerpt":{"rendered":"<p>The lecture The Nature of Chi by Mike Robinson from the Scandinavian Congress 2014. Order this qigong video here.<\/p>\n","protected":false},"featured_media":23545,"comment_status":"closed","ping_status":"closed","template":"","meta":{"_acf_changed":false,"_relevanssi_hide_post":"","_relevanssi_hide_content":"","_relevanssi_pin_for_all":"","_relevanssi_pin_keywords":"","_relevanssi_unpin_keywords":"","_relevanssi_related_keywords":"","_relevanssi_related_include_ids":"","_relevanssi_related_exclude_ids":"","_relevanssi_related_no_append":"","_relevanssi_related_not_related":"","_relevanssi_related_posts":"","_relevanssi_noindex_reason":""},"product_brand":[],"product_cat":[18441,29677,18449,29565,18404],"class_list":{"0":"post-27608","1":"product","2":"type-product","3":"status-publish","4":"has-post-thumbnail","6":"book_author-robinson-m-en","7":"product_cat-grundlagen-der-tcm-en","8":"product_cat-qigong-videos-en","9":"product_cat-tcm-basics","10":"product_cat-tcm-videos-en","11":"product_cat-tcmacupuncture-books","12":"pa_videotyp-dvd-en","13":"pa_videotyp-streaming-en","15":"first","16":"instock","17":"taxable","18":"shipping-taxable","19":"purchasable","20":"product-type-variable"},"acf":[],"_links":{"self":[{"href":"https:\/\/www.naturmed.de\/en\/wp-json\/wp\/v2\/product\/27608","targetHints":{"allow":["GET"]}}],"collection":[{"href":"https:\/\/www.naturmed.de\/en\/wp-json\/wp\/v2\/product"}],"about":[{"href":"https:\/\/www.naturmed.de\/en\/wp-json\/wp\/v2\/types\/product"}],"replies":[{"embeddable":true,"href":"https:\/\/www.naturmed.de\/en\/wp-json\/wp\/v2\/comments?post=27608"}],"wp:featuredmedia":[{"embeddable":true,"href":"https:\/\/www.naturmed.de\/en\/wp-json\/wp\/v2\/media\/23545"}],"wp:attachment":[{"href":"https:\/\/www.naturmed.de\/en\/wp-json\/wp\/v2\/media?parent=27608"}],"wp:term":[{"taxonomy":"product_brand","embeddable":true,"href":"https:\/\/www.naturmed.de\/en\/wp-json\/wp\/v2\/product_brand?post=27608"},{"taxonomy":"product_cat","embeddable":true,"href":"https:\/\/www.naturmed.de\/en\/wp-json\/wp\/v2\/product_cat?post=27608"}],"curies":[{"name":"wp","href":"https:\/\/api.w.org\/{rel}","templated":true}]}}