{"id":27611,"date":"2018-02-12T16:25:28","date_gmt":"2018-02-12T15:25:28","guid":{"rendered":"https:\/\/www.naturmed.de\/produkt\/the-empty-vessel-online-video-robinson-m\/"},"modified":"2021-07-22T12:49:07","modified_gmt":"2021-07-22T10:49:07","slug":"the-empty-vessel-online-video-robinson-m","status":"publish","type":"product","link":"https:\/\/www.naturmed.de\/en\/product\/the-empty-vessel-online-video-robinson-m\/","title":{"rendered":"The Empty Vessel"},"content":{"rendered":"<p>TCM video: The empty vessel <i><\/i> Mike Robinson<\/p>\n<p>Mike Robinson explains that between the age of 0 and 7 years you experience a shock, it could be a smack a shout or an abuse. This causes a reaction in the person, this is called the first point of pain. That is the reason, why most people try to stop certain things, to avoid doing or saying things, to prevent going back to this feelings. He shows us, how to find this first point of pain and that this feelings could only be changed by love. A lot of practical exercises were done, to see your own first point of pain and to reveal it. He shows us how to return to the emptiness, to let go everything, not to life a traumatic live. This is the dao, to spiritualise your nature. You are getting more sensitive, but not weak. All healing comes from the heart, as the blockages comes mostly from the pericardium.<\/p>\n<p>Das leere Gef\u00e4\u00df <i><\/i> Mike Robinson<\/p>\n<p>Mike Robinson erl\u00e4utert uns, dass zwischen dem Alter von 0 und 7 Jahren wir alle ein Schockerlebnis erfahren. Dies kann ein Missbrauch, ein Schreien oder eine Pr\u00fcgel sein. Dadurch wird in jedem von uns der erste Schmerzpunkt verursacht. Dies ist auch der Grund, warum viele Menschen bestimmte Dinge vermeiden auszusprechen oder zu tun. Robinson zeigt uns, wie wir zu dieser Leerheit zur\u00fcckfinden, um alles los zu lassen, damit wir kein traumatisiertes Leben f\u00fchren m\u00fcssen. Dies ist das Dao, um seine eigene Natur zu spiritualisieren. Dadurch wird man sensitiver, aber nicht schw\u00e4cher. Die Heilung kommt durch das Herz, da die Blockierungen meistens durch das Perikard entstehen.<\/p>\n<p>Scandinavian TCM Kongress 2014<\/p>\n","protected":false},"excerpt":{"rendered":"<p>Mike Robinson explains in his lecture The Empty Vessel how to avoid trauma. Watch the video of the Scandinavian Congress 2014 here!<\/p>\n","protected":false},"featured_media":23548,"comment_status":"closed","ping_status":"closed","template":"","meta":{"_acf_changed":false,"_relevanssi_hide_post":"","_relevanssi_hide_content":"","_relevanssi_pin_for_all":"","_relevanssi_pin_keywords":"","_relevanssi_unpin_keywords":"","_relevanssi_related_keywords":"","_relevanssi_related_include_ids":"","_relevanssi_related_exclude_ids":"","_relevanssi_related_no_append":"","_relevanssi_related_not_related":"","_relevanssi_related_posts":"","_relevanssi_noindex_reason":""},"product_brand":[],"product_cat":[18441,29665,18449,29565,18404],"class_list":{"0":"post-27611","1":"product","2":"type-product","3":"status-publish","4":"has-post-thumbnail","6":"book_author-robinson-m-en","7":"product_cat-grundlagen-der-tcm-en","8":"product_cat-meridiane-videos-en","9":"product_cat-tcm-basics","10":"product_cat-tcm-videos-en","11":"product_cat-tcmacupuncture-books","12":"pa_videotyp-dvd-en","14":"pa_videotyp-streaming-en","17":"first","18":"instock","19":"taxable","20":"shipping-taxable","21":"product-type-variable"},"acf":[],"_links":{"self":[{"href":"https:\/\/www.naturmed.de\/en\/wp-json\/wp\/v2\/product\/27611","targetHints":{"allow":["GET"]}}],"collection":[{"href":"https:\/\/www.naturmed.de\/en\/wp-json\/wp\/v2\/product"}],"about":[{"href":"https:\/\/www.naturmed.de\/en\/wp-json\/wp\/v2\/types\/product"}],"replies":[{"embeddable":true,"href":"https:\/\/www.naturmed.de\/en\/wp-json\/wp\/v2\/comments?post=27611"}],"wp:featuredmedia":[{"embeddable":true,"href":"https:\/\/www.naturmed.de\/en\/wp-json\/wp\/v2\/media\/23548"}],"wp:attachment":[{"href":"https:\/\/www.naturmed.de\/en\/wp-json\/wp\/v2\/media?parent=27611"}],"wp:term":[{"taxonomy":"product_brand","embeddable":true,"href":"https:\/\/www.naturmed.de\/en\/wp-json\/wp\/v2\/product_brand?post=27611"},{"taxonomy":"product_cat","embeddable":true,"href":"https:\/\/www.naturmed.de\/en\/wp-json\/wp\/v2\/product_cat?post=27611"}],"curies":[{"name":"wp","href":"https:\/\/api.w.org\/{rel}","templated":true}]}}