{"id":27612,"date":"2018-02-12T16:25:28","date_gmt":"2018-02-12T15:25:28","guid":{"rendered":"https:\/\/www.naturmed.de\/produkt\/medicine-of-the-soul-online-video-bodenschatz-li-c\/"},"modified":"2025-05-06T10:46:36","modified_gmt":"2025-05-06T08:46:36","slug":"medicine-of-the-soul-online-video-bodenschatz-li-c","status":"publish","type":"product","link":"https:\/\/www.naturmed.de\/en\/product\/medicine-of-the-soul-online-video-bodenschatz-li-c\/","title":{"rendered":"Medicine of the Soul (video)"},"content":{"rendered":"<p>Bodenschatz-Li explains the Chinese character ren the connection between two people, without judging.<br \/>\nChristine Bodenschatz-Li states the importance of the pulse diagnosis and how important it is to be free of judgements when feeling the different pulses. She explains she shamanism worlds, upper-middle-lower world and how the pulses are connected with it. The upper world is associated with the shen, the middle world is associated with the qi and in the lower world is associated with the jing. Also the different souls are highlighted. Bodenschatz-Li states, when the heart pulse is empty the soul is gone this shows an extreme situation. She explains the importance of kidney points and how to find them. Practical exercises are done in the end. The pericardium meridian is explained, to bring the demons out to get the shen back.<\/p>\n<p>Christine Bodenschatz-Li erl\u00e4utert das chinesische Schriftzeichen ren, welches die Verbindung zweier Menschen, ohne sich zu beurteilen, bedeutet.<br \/>\nSie erkl\u00e4rt die Wichtigkeit der Pulsdiagnose und das diese wertefrei gef\u00fchlt werden sollte. Des Weiteren erl\u00e4utert sie die schamanistischen Welten, deren Einteilung in obere, mittlere- und untere Welt und deren Verbindung mit der Pulsdiagnose. Diese sind mit folgenden Begrifflichkeiten assoziiert. Die obere Welt steht f\u00fcr das Shen, die mittlere Welt steht f\u00fcr das Qi und die untere Welt f\u00fcr das Jing. Es werden auch die verschiedenen Seelenanteile besprochen. Bodenschatz-Li erl\u00e4utert, wenn der Herz-Puls leer ist, ist die Seele gegangen, dies stellt einen extremen Zustand dar. Sie erkl\u00e4rt die Wichtigkeit der Nierenpunkte und wie diese gefunden werden k\u00f6nnen. Praktische \u00dcbungen runden den Kurs ab. Der Perikardmeridian wird n\u00e4her erl\u00e4utert, da mit diesem D\u00e4monen ausgetrieben werden k\u00f6nnen und das Shen zur\u00fcckgeholt werden kann.<\/p>\n<p>Scandinavian TCM Kongress 2014, video, 211 min.<\/p>\n","protected":false},"excerpt":{"rendered":"<p>Christine Bodenschatz-Li states the importance of the pulse diagnosis and how important it is to be free of judgements when feeling the different pulses. The video available here.<\/p>\n","protected":false},"featured_media":23549,"comment_status":"closed","ping_status":"closed","template":"","meta":{"_acf_changed":false,"_relevanssi_hide_post":"","_relevanssi_hide_content":"","_relevanssi_pin_for_all":"","_relevanssi_pin_keywords":"","_relevanssi_unpin_keywords":"","_relevanssi_related_keywords":"","_relevanssi_related_include_ids":"","_relevanssi_related_exclude_ids":"","_relevanssi_related_no_append":"","_relevanssi_related_not_related":"","_relevanssi_related_posts":"","_relevanssi_noindex_reason":""},"product_brand":[],"product_cat":[29659,29676,18441,18439,29661,18449,29565,18404],"class_list":{"0":"post-27612","1":"product","2":"type-product","3":"status-publish","4":"has-post-thumbnail","6":"book_author-bodenschatz-li-c","7":"product_cat-akupunktur-videos-tcm-videos-en","8":"product_cat-diagnose-videos-en","9":"product_cat-grundlagen-der-tcm-en","10":"product_cat-pulse-diagnosis","11":"product_cat-tcm-basic-videos-en","12":"product_cat-tcm-basics","13":"product_cat-tcm-videos-en","14":"product_cat-tcmacupuncture-books","15":"pa_videotyp-dvd-en","16":"pa_videotyp-streaming-en","18":"first","19":"instock","20":"taxable","21":"shipping-taxable","22":"purchasable","23":"product-type-variable"},"acf":[],"_links":{"self":[{"href":"https:\/\/www.naturmed.de\/en\/wp-json\/wp\/v2\/product\/27612","targetHints":{"allow":["GET"]}}],"collection":[{"href":"https:\/\/www.naturmed.de\/en\/wp-json\/wp\/v2\/product"}],"about":[{"href":"https:\/\/www.naturmed.de\/en\/wp-json\/wp\/v2\/types\/product"}],"replies":[{"embeddable":true,"href":"https:\/\/www.naturmed.de\/en\/wp-json\/wp\/v2\/comments?post=27612"}],"wp:featuredmedia":[{"embeddable":true,"href":"https:\/\/www.naturmed.de\/en\/wp-json\/wp\/v2\/media\/23549"}],"wp:attachment":[{"href":"https:\/\/www.naturmed.de\/en\/wp-json\/wp\/v2\/media?parent=27612"}],"wp:term":[{"taxonomy":"product_brand","embeddable":true,"href":"https:\/\/www.naturmed.de\/en\/wp-json\/wp\/v2\/product_brand?post=27612"},{"taxonomy":"product_cat","embeddable":true,"href":"https:\/\/www.naturmed.de\/en\/wp-json\/wp\/v2\/product_cat?post=27612"}],"curies":[{"name":"wp","href":"https:\/\/api.w.org\/{rel}","templated":true}]}}