{"id":27615,"date":"2018-02-12T16:25:28","date_gmt":"2018-02-12T15:25:28","guid":{"rendered":"https:\/\/www.naturmed.de\/produkt\/acupuncture-in-the-support-of-oncology-patients-online-video-euler-d\/"},"modified":"2023-01-09T14:34:08","modified_gmt":"2023-01-09T13:34:08","slug":"acupuncture-in-the-support-of-oncology-patients-online-video-euler-d","status":"publish","type":"product","link":"https:\/\/www.naturmed.de\/en\/product\/acupuncture-in-the-support-of-oncology-patients-online-video-euler-d\/","title":{"rendered":"Acupuncture in the support of Oncology patients (video)"},"content":{"rendered":"<p>David Euler explains that the bladder point 43 can cure every illness.<br \/>\nBut it is very important how you use this point. He shows us that Chinese Medicine is an important supporting therapy to the classical western medicine. He explains a lot of practical examples and how they can be treated with Chinese Medicine. It is very important to strengthen the Du Mai meridian. This meridian can give you strength and hope to cure the illness. But the treatment of the Du Mai meridian is only a part of the complementary treatment. He also explains the combination between the tenderness points and distant points. With the distant points you can treat the tenderness points very effectively. Furthermore he shows how important food is, because without food the meridians cannot work.<\/p>\n<p>David Euler erl\u00e4utert, dass der Blasenpunkt 43 jede Krankheit heilen kann.<br \/>\nWichtig ist nur, wie man diesen Punkt verwendet. Er nennt die chinesische Medizin als wichtige unterst\u00fctzende Therapie zur klassischen Schulmedizin. An Fallbeispielen erl\u00e4utert er wie diese mit TCM behandelt werden k\u00f6nnen. Wichtig ist, vor allem die Du Mai-Leitbahn zu st\u00e4rken, denn diese verleiht St\u00e4rke und Hoffnung. Dies ist allerdings nur ein Teil der komplement\u00e4ren Behandlung. Weiter erl\u00e4utert er die Zusammenh\u00e4nge zwischen druckschmerzhaften Punkten und Fernpunkten. Fernpunkte k\u00f6nnen die schmerzhaften Punkte sehr effektiv behandeln. Diese palpationsbasierte Methode ist eine sehr einfache und aber wirksame Methode um Schmerzen zu beseitigen. Au\u00dferdem geht David Euler noch auf die Wichtigkeit der Ern\u00e4hrung ein, damit die Meridiane \u00fcberhaupt funktionieren k\u00f6nnen.<\/p>\n<p>TCM Kongress Rothenburg 2015, video, 358 min., German English.<\/p>\n","protected":false},"excerpt":{"rendered":"<p>David Euler at the TCM congress Rothenburg about differential diagnosis and treatment strategies with Palpation Based Acupuncture. Order your video here.<\/p>\n","protected":false},"featured_media":23558,"comment_status":"closed","ping_status":"closed","template":"","meta":{"_acf_changed":false,"_relevanssi_hide_post":"","_relevanssi_hide_content":"","_relevanssi_pin_for_all":"","_relevanssi_pin_keywords":"","_relevanssi_unpin_keywords":"","_relevanssi_related_keywords":"","_relevanssi_related_include_ids":"","_relevanssi_related_exclude_ids":"","_relevanssi_related_no_append":"","_relevanssi_related_not_related":"","_relevanssi_related_posts":"","_relevanssi_noindex_reason":""},"product_brand":[],"product_cat":[29565,29659,29693,29680,18404,29979],"class_list":{"0":"post-27615","1":"product","2":"type-product","3":"status-publish","4":"has-post-thumbnail","6":"book_author-david-euler-en","7":"product_cat-tcm-videos-en","8":"product_cat-akupunktur-videos-tcm-videos-en","9":"product_cat-tcm-krebsbehandlung-en","10":"product_cat-tcm-behandlung-en","11":"product_cat-tcmacupuncture-books","12":"product_cat-videos-tcm-kongress-en","13":"pa_videotyp-dvd-en","14":"pa_videotyp-streaming-en","16":"first","17":"instock","18":"taxable","19":"shipping-taxable","20":"purchasable","21":"product-type-variable"},"acf":[],"_links":{"self":[{"href":"https:\/\/www.naturmed.de\/en\/wp-json\/wp\/v2\/product\/27615","targetHints":{"allow":["GET"]}}],"collection":[{"href":"https:\/\/www.naturmed.de\/en\/wp-json\/wp\/v2\/product"}],"about":[{"href":"https:\/\/www.naturmed.de\/en\/wp-json\/wp\/v2\/types\/product"}],"replies":[{"embeddable":true,"href":"https:\/\/www.naturmed.de\/en\/wp-json\/wp\/v2\/comments?post=27615"}],"wp:featuredmedia":[{"embeddable":true,"href":"https:\/\/www.naturmed.de\/en\/wp-json\/wp\/v2\/media\/23558"}],"wp:attachment":[{"href":"https:\/\/www.naturmed.de\/en\/wp-json\/wp\/v2\/media?parent=27615"}],"wp:term":[{"taxonomy":"product_brand","embeddable":true,"href":"https:\/\/www.naturmed.de\/en\/wp-json\/wp\/v2\/product_brand?post=27615"},{"taxonomy":"product_cat","embeddable":true,"href":"https:\/\/www.naturmed.de\/en\/wp-json\/wp\/v2\/product_cat?post=27615"}],"curies":[{"name":"wp","href":"https:\/\/api.w.org\/{rel}","templated":true}]}}