{"id":27719,"date":"2018-02-12T16:19:09","date_gmt":"2018-02-12T15:19:09","guid":{"rendered":"https:\/\/www.naturmed.de\/produkt\/mms-verstehen-dvd-humble-j\/"},"modified":"2020-06-25T13:35:23","modified_gmt":"2020-06-25T11:35:23","slug":"mms-verstehen-dvd-humble-j","status":"publish","type":"product","link":"https:\/\/www.naturmed.de\/en\/product\/mms-verstehen-dvd-humble-j\/","title":{"rendered":"MMS verstehen (DVD)"},"content":{"rendered":"<p>In dieser Dokumentation besucht der amerikanische Produzent Adam Abraham den MMS-Erfinder Jim Humble in Hermosillo.<br \/>\nEr erkl\u00e4rt die Grundmechanismen des Pr\u00e4parats und interviewt zahlreiche Anwender und einen Arzt, der die Natriumchloritl\u00f6sung MMS sowohl in seiner Praxis, als auch privat erfolgreich einsetzt.<\/p>\n<p>Sprachen: Deutsch\/Spanisch.<\/p>\n","protected":false},"excerpt":{"rendered":"<p>Erfahren Sie hier, was Sie wissen m\u00fcssen, um Humbles Mineralienpr\u00e4parat verantwortlich einzusetzen. Kaufen Sie das Buch online bei naturmed.de<\/p>\n","protected":false},"featured_media":22934,"comment_status":"closed","ping_status":"closed","template":"","meta":{"_acf_changed":false,"_relevanssi_hide_post":"","_relevanssi_hide_content":"","_relevanssi_pin_for_all":"","_relevanssi_pin_keywords":"","_relevanssi_unpin_keywords":"","_relevanssi_related_keywords":"","_relevanssi_related_include_ids":"","_relevanssi_related_exclude_ids":"","_relevanssi_related_no_append":"","_relevanssi_related_not_related":"","_relevanssi_related_posts":"","_relevanssi_noindex_reason":""},"product_brand":[],"product_cat":[18397,18339,18396],"class_list":{"0":"post-27719","1":"product","2":"type-product","3":"status-publish","4":"has-post-thumbnail","6":"book_author-humble-j-en","7":"product_cat-lebensfuehrung-en","8":"product_cat-naturheilverfahren-en","9":"product_cat-patientenliteratur-en","11":"first","12":"instock","13":"taxable","14":"shipping-taxable","15":"purchasable","16":"product-type-simple"},"acf":[],"_links":{"self":[{"href":"https:\/\/www.naturmed.de\/en\/wp-json\/wp\/v2\/product\/27719","targetHints":{"allow":["GET"]}}],"collection":[{"href":"https:\/\/www.naturmed.de\/en\/wp-json\/wp\/v2\/product"}],"about":[{"href":"https:\/\/www.naturmed.de\/en\/wp-json\/wp\/v2\/types\/product"}],"replies":[{"embeddable":true,"href":"https:\/\/www.naturmed.de\/en\/wp-json\/wp\/v2\/comments?post=27719"}],"wp:featuredmedia":[{"embeddable":true,"href":"https:\/\/www.naturmed.de\/en\/wp-json\/wp\/v2\/media\/22934"}],"wp:attachment":[{"href":"https:\/\/www.naturmed.de\/en\/wp-json\/wp\/v2\/media?parent=27719"}],"wp:term":[{"taxonomy":"product_brand","embeddable":true,"href":"https:\/\/www.naturmed.de\/en\/wp-json\/wp\/v2\/product_brand?post=27719"},{"taxonomy":"product_cat","embeddable":true,"href":"https:\/\/www.naturmed.de\/en\/wp-json\/wp\/v2\/product_cat?post=27719"}],"curies":[{"name":"wp","href":"https:\/\/api.w.org\/{rel}","templated":true}]}}