{"id":27863,"date":"2019-04-03T15:38:18","date_gmt":"2019-04-03T13:38:18","guid":{"rendered":"https:\/\/www.naturmed.de\/produkt\/transforming-the-human-consciousness-dvd-robinson-m\/"},"modified":"2019-04-03T17:38:38","modified_gmt":"2019-04-03T15:38:38","slug":"transforming-the-human-consciousness-dvd-robinson-m","status":"publish","type":"product","link":"https:\/\/www.naturmed.de\/en\/product\/transforming-the-human-consciousness-dvd-robinson-m\/","title":{"rendered":"Transforming the Human Consciousness (DVD)"},"content":{"rendered":"<p>Transforming the Human Consciousness <i><\/i> Mike Robinson<br \/>Scandinavian congress 2014<\/p>\n<p>Mike Robinson is doing a lot of practical qigong exercises.<br \/>He explains how our own intelligence is stopped by a trauma in childhood.<br \/>That is the reason why we can&#8217;t trust in our own faith.<br \/>He tries to lead us in our inner centre to reveal this trauma and shows us how our body is acting with this early emotions.<br \/>He explains the intention of Qigong and Taichi, of letting go and relax.<br \/>When the qi is flowing, you live from your inner alchemy, this is your uniqueness! You just have to know and be yourself and let go all the old thinking&#8217;s.<br \/>He shows you a few techniques to get rid of the old thinking\u00b4s by speaking, or writing. When the old things are gone, you have more space to get new qi.<br \/>He leads us through our body to let go our old traumas.<br \/>Robinson gives a lot of practical answers on different qigong exercises.<\/p>\n<p>Mike Robinson stellt eine Reihe von praktischen Qigong-\u00dcbungen vor.<br \/>Er erkl\u00e4rt, wie unsere ureigene Intelligenz durch Traumen in der Kindheit gest\u00f6rt wird.<br \/>Dies ist der Grund, warum wir unseren eigenem Glauben nicht mehr trauen.<br \/>Robinson versucht uns in unser inneres Zentrum zu f\u00fchren, um diese Traumen zu l\u00f6sen und uns zu zeigen, wie unser K\u00f6rper aufgrund alter Emotionen agiert hat.<br \/>Er erl\u00e4utert die Intention von Qigong und Taichi und das System des Loslassen und Entspannens.<br \/>Wenn das Qi flie\u00dft, lebt man aus seiner inneren Alchemie, dies macht dich einzigartig.<br \/>Du musst nur wissen, wie man man selbst sein kann und seine alten Gewohnheiten losl\u00e4sst.<br \/>Des Weiteren zeigt er uns eine Reihe von Techniken, um unsere alten Gedanken durch Sprache und Schreiben los zu werden.<br \/>Wenn die alten Emotionen und Anhaftungen aufgel\u00f6st werden, gibt es mehr Raum f\u00fcr neues Qi. Er leitet uns durch den K\u00f6rper um unsere Traumen loszulassen.<br \/>Robinson gibt eine Menge praktischer Antworten in Bezug auf die Qigong-\u00dcbungen.<\/p>\n","protected":false},"excerpt":{"rendered":"<p>Mike Robinson gives a lot of practical answers on different qigong exercises to treat trauma. You may order the DVD of the Scandinavian Kongress 2014 here.<\/p>\n","protected":false},"featured_media":24025,"comment_status":"closed","ping_status":"closed","template":"","meta":{"_acf_changed":false,"_relevanssi_hide_post":"","_relevanssi_hide_content":"","_relevanssi_pin_for_all":"","_relevanssi_pin_keywords":"","_relevanssi_unpin_keywords":"","_relevanssi_related_keywords":"","_relevanssi_related_include_ids":"","_relevanssi_related_exclude_ids":"","_relevanssi_related_no_append":"","_relevanssi_related_not_related":"","_relevanssi_related_posts":"","_relevanssi_noindex_reason":""},"product_brand":[],"product_cat":[18441,18449,18404],"class_list":{"0":"post-27863","1":"product","2":"type-product","3":"status-publish","4":"has-post-thumbnail","6":"book_author-robinson-m-en","7":"product_cat-grundlagen-der-tcm-en","8":"product_cat-tcm-basics","9":"product_cat-tcmacupuncture-books","11":"first","12":"instock","13":"taxable","14":"shipping-taxable","15":"purchasable","16":"product-type-simple"},"acf":[],"_links":{"self":[{"href":"https:\/\/www.naturmed.de\/en\/wp-json\/wp\/v2\/product\/27863","targetHints":{"allow":["GET"]}}],"collection":[{"href":"https:\/\/www.naturmed.de\/en\/wp-json\/wp\/v2\/product"}],"about":[{"href":"https:\/\/www.naturmed.de\/en\/wp-json\/wp\/v2\/types\/product"}],"replies":[{"embeddable":true,"href":"https:\/\/www.naturmed.de\/en\/wp-json\/wp\/v2\/comments?post=27863"}],"wp:featuredmedia":[{"embeddable":true,"href":"https:\/\/www.naturmed.de\/en\/wp-json\/wp\/v2\/media\/24025"}],"wp:attachment":[{"href":"https:\/\/www.naturmed.de\/en\/wp-json\/wp\/v2\/media?parent=27863"}],"wp:term":[{"taxonomy":"product_brand","embeddable":true,"href":"https:\/\/www.naturmed.de\/en\/wp-json\/wp\/v2\/product_brand?post=27863"},{"taxonomy":"product_cat","embeddable":true,"href":"https:\/\/www.naturmed.de\/en\/wp-json\/wp\/v2\/product_cat?post=27863"}],"curies":[{"name":"wp","href":"https:\/\/api.w.org\/{rel}","templated":true}]}}