{"id":27881,"date":"2018-02-12T16:25:28","date_gmt":"2018-02-12T15:25:28","guid":{"rendered":"https:\/\/www.naturmed.de\/produkt\/transforming-the-human-consciousness-online-video-robinson-m\/"},"modified":"2021-08-24T15:10:07","modified_gmt":"2021-08-24T13:10:07","slug":"transforming-the-human-consciousness-online-video-robinson-m","status":"publish","type":"product","link":"https:\/\/www.naturmed.de\/en\/product\/transforming-the-human-consciousness-online-video-robinson-m\/","title":{"rendered":"Transforming the Human Consciousness"},"content":{"rendered":"<p>Transforming the Human Consciousness <i><\/i> Mike Robinson<br \/>\nScandinavian congress 2014<\/p>\n<p>Mike Robinson is doing a lot of practical qigong exercises.<br \/>\nHe explains how our own intelligence is stopped by a trauma in childhood.<br \/>\nThat is the reason why we can?t trust in our own faith. He tries to lead us in our inner centre to reveal this trauma and shows us how our body is acting with this early emotions. He explains the intention of Qigong and Taichi, of letting go and relax. When the qi is flowing, you live from your inner alchemy, this is your uniqueness! You just have to know and be yourself and let go all the old thinking\u0092s. He shows you a few techniques to get rid of the old thinking?s by speaking, or writing. When the old things are gone, you have more space to get new qi.<br \/>\nHe leads us through our body to let go our old traumas.<br \/>\nRobinson gives a lot of practical answers on different qigong exercises.<\/p>\n<p>Mike Robinson stellt eine Reihe von praktischen Qigong-\u00dcbungen vor.<br \/>\nEr erkl\u00e4rt, wie unsere ureigene Intelligenz durch Traumen in der Kindheit gest\u00f6rt wird.<br \/>\nDies ist der Grund, warum wir unseren eigenem Glauben nicht mehr trauen.<br \/>\nRobinson versucht uns in unser inneres Zentrum zu f\u00fchren, um diese Traumen zu l\u00f6sen und uns zu zeigen, wie unser K\u00f6rper aufgrund alter Emotionen agiert hat. Er erl\u00e4utert die Intention von Qigong und Taichi und das System des Loslassen und Entspannens. Wenn das Qi flie\u00dft, lebt man aus seiner inneren Alchemie, dies macht dich einzigartig. Du musst nur wissen, wie man man selbst sein kann und seine alten Gewohnheiten losl\u00e4sst. Des Weiteren zeigt er uns eine Reihe von Techniken, um unsere alten Gedanken durch Sprache und Schreiben los zu werden. Wenn die alten Emotionen und Anhaftungen aufgel\u00f6st werden, gibt es mehr Raum f\u00fcr neues Qi. Er leitet uns durch den K\u00f6rper um unsere Traumen loszulassen.<br \/>\nRobinson gibt eine Menge praktischer Antworten in Bezug auf die Qigong-\u00dcbungen.<\/p>\n","protected":false},"excerpt":{"rendered":"<p>Mike Robinson gives a lot of practical answers on different qigong exercises to treat trauma. The video of Transforming the Human Consciousness is available here.<\/p>\n","protected":false},"featured_media":23552,"comment_status":"closed","ping_status":"closed","template":"","meta":{"_acf_changed":false,"_relevanssi_hide_post":"","_relevanssi_hide_content":"","_relevanssi_pin_for_all":"","_relevanssi_pin_keywords":"","_relevanssi_unpin_keywords":"","_relevanssi_related_keywords":"","_relevanssi_related_include_ids":"","_relevanssi_related_exclude_ids":"","_relevanssi_related_no_append":"","_relevanssi_related_not_related":"","_relevanssi_related_posts":"","_relevanssi_noindex_reason":""},"product_brand":[],"product_cat":[18441,18469,18449,29565,18404,29678],"class_list":{"0":"post-27881","1":"product","2":"type-product","3":"status-publish","4":"has-post-thumbnail","6":"book_author-robinson-m-en","7":"product_cat-grundlagen-der-tcm-en","8":"product_cat-taichi","9":"product_cat-tcm-basics","10":"product_cat-tcm-videos-en","11":"product_cat-tcmacupuncture-books","12":"product_cat-weitere-tcm-praxis-videos-en","13":"pa_videotyp-dvd-en","15":"pa_videotyp-streaming-en","18":"first","19":"instock","20":"taxable","21":"shipping-taxable","22":"product-type-variable"},"acf":[],"_links":{"self":[{"href":"https:\/\/www.naturmed.de\/en\/wp-json\/wp\/v2\/product\/27881","targetHints":{"allow":["GET"]}}],"collection":[{"href":"https:\/\/www.naturmed.de\/en\/wp-json\/wp\/v2\/product"}],"about":[{"href":"https:\/\/www.naturmed.de\/en\/wp-json\/wp\/v2\/types\/product"}],"replies":[{"embeddable":true,"href":"https:\/\/www.naturmed.de\/en\/wp-json\/wp\/v2\/comments?post=27881"}],"wp:featuredmedia":[{"embeddable":true,"href":"https:\/\/www.naturmed.de\/en\/wp-json\/wp\/v2\/media\/23552"}],"wp:attachment":[{"href":"https:\/\/www.naturmed.de\/en\/wp-json\/wp\/v2\/media?parent=27881"}],"wp:term":[{"taxonomy":"product_brand","embeddable":true,"href":"https:\/\/www.naturmed.de\/en\/wp-json\/wp\/v2\/product_brand?post=27881"},{"taxonomy":"product_cat","embeddable":true,"href":"https:\/\/www.naturmed.de\/en\/wp-json\/wp\/v2\/product_cat?post=27881"}],"curies":[{"name":"wp","href":"https:\/\/api.w.org\/{rel}","templated":true}]}}