{"id":28573,"date":"2018-02-12T16:11:44","date_gmt":"2018-02-12T15:11:44","guid":{"rendered":"https:\/\/www.naturmed.de\/produkt\/tungs-extraordinary-acupuncture-points-posters-12-koppensteiner-d\/"},"modified":"2021-09-01T12:45:05","modified_gmt":"2021-09-01T10:45:05","slug":"tungs-extraordinary-acupuncture-points-posters-12-koppensteiner-d","status":"publish","type":"product","link":"https:\/\/www.naturmed.de\/en\/product\/tungs-extraordinary-acupuncture-points-posters-12-koppensteiner-d\/","title":{"rendered":"Tung\u00b4s Extraordinary Acupuncture Points Posters 1+2 (A3)"},"content":{"rendered":"<h2>Find the right Tung\u00b4s acupuncture points.<\/h2>\n<p>The 2 Charts of Tung&#8217;s Acupuncture points.\u00a0Listed on the charts are all points contained in Master Tung&#8217;s original book (translated into English by Dr. Palden Carson). Other sources include Dr. Wei-Chieh Young.<br \/>\nThe charts also cover the traditional 365+ points, so the relative location of Tung&#8217;s points can be used for easier point location. This also offers interesting clues to point-indications.<br \/>\nFull colour mapping of the reflex areas\/nerves makes this information most readily usable. Points are named by number, Pin Yin and English names.<br \/>\nOn Chart II You can find the back DT points clearly arranged in colour. An extra mapping shows the large DT.04 group with colours according to Zang Fu relationships.<br \/>\nAvailable in two sizes, this is BIG. Small is A4.<\/p>\n<p>\u00dcbersetzung:<\/p>\n<p>Poster 1: Seitenansicht, Hand und Fu\u00dfsohle<br \/>\nPoster 2: Vorderansicht, Hinteransicht, Detaillierte R\u00fcckenansicht der Punkte DT.04 mit farblicher Organzuordnung.<\/p>\n<p>Dargestellt werden s\u00e4mtliche Punkte nach Meister Chin-Chang Tung, welche in seinem Originalbuch und der englischen Literatur seiner Sch\u00fcler Dr. Wei-Chieh Young, Dr. Palden Carson sowie Miriam Lee angef\u00fchrt werden. Einige ausgesuchte Punkte aus anderen Quellen werden ebenfalls abgebildet. Es werden s\u00e4mtliche Tung-Punkte graphisch in Bezug zu den bekannten Punkten der TCM gesetzt. Dies erleichtert einerseits die Lokalisierung, andererseits ergeben sich daraus interessante klinische Beziehungen. Ebenfalls einzigartig ist die farbige Darstellung der Reflexareale. Durch die farbige Gestaltung gem\u00e4\u00df der Zang-Organe kann man diese Information gezielt in die Punkteauswahl einbeziehen. Angegeben werde die Punkte mit Nummerierung, Pin Yin Name und englischer \u00dcbersetzung.<br \/>\nEin gro\u00dfes Ziel des Autors war es, die Einteilung der R\u00fcckenpunkte (DT) mit ihren vielen \u00dcberschneidungen \u00fcbersichtlich zu gestalten.<br \/>\nDiese wurden auf Chart 2 abgebildet, wobei der gro\u00dfen Punktgruppe DT.04 eine eigene Ansicht mit farblicher Organzuordnung gewidmet wurde.<\/p>\n<p>Diese Tafeln werden in 2 verschiedenen Gr\u00f6\u00dfen angeboten.<br \/>\nDie Gr\u00f6\u00dfe ist ca. 70 x 100 cm. Die Charts gibt es auch in A4.<\/p>\n<p>English:<br \/>\nChart 1:<br \/>\nLateral view, Hands, Sole of foot<\/p>\n<p>Chart 2:<br \/>\nFront view, Back view, Extra map for DT.04 points<\/p>\n","protected":false},"excerpt":{"rendered":"<p>Acupuncture points of Tung`s Extraordinary Acupuncture Points on 2 posters in A3. Ideal for your practice with Tung&#8217;s acupuncture. Order your charts now.<\/p>\n","protected":false},"featured_media":21795,"comment_status":"closed","ping_status":"closed","template":"","meta":{"_acf_changed":false,"_relevanssi_hide_post":"","_relevanssi_hide_content":"","_relevanssi_pin_for_all":"","_relevanssi_pin_keywords":"","_relevanssi_unpin_keywords":"","_relevanssi_related_keywords":"","_relevanssi_related_include_ids":"","_relevanssi_related_exclude_ids":"","_relevanssi_related_no_append":"","_relevanssi_related_not_related":"","_relevanssi_related_posts":"","_relevanssi_noindex_reason":""},"product_brand":[],"product_cat":[18408,18404,18426],"class_list":{"0":"post-28573","1":"product","2":"type-product","3":"status-publish","4":"has-post-thumbnail","6":"book_author-koppensteiner-d-en","7":"product_cat-acupuncture-books","8":"product_cat-tcmacupuncture-books","9":"product_cat-tungs-acupuncture","11":"first","12":"instock","13":"taxable","14":"shipping-taxable","15":"purchasable","16":"product-type-simple"},"acf":[],"_links":{"self":[{"href":"https:\/\/www.naturmed.de\/en\/wp-json\/wp\/v2\/product\/28573","targetHints":{"allow":["GET"]}}],"collection":[{"href":"https:\/\/www.naturmed.de\/en\/wp-json\/wp\/v2\/product"}],"about":[{"href":"https:\/\/www.naturmed.de\/en\/wp-json\/wp\/v2\/types\/product"}],"replies":[{"embeddable":true,"href":"https:\/\/www.naturmed.de\/en\/wp-json\/wp\/v2\/comments?post=28573"}],"wp:featuredmedia":[{"embeddable":true,"href":"https:\/\/www.naturmed.de\/en\/wp-json\/wp\/v2\/media\/21795"}],"wp:attachment":[{"href":"https:\/\/www.naturmed.de\/en\/wp-json\/wp\/v2\/media?parent=28573"}],"wp:term":[{"taxonomy":"product_brand","embeddable":true,"href":"https:\/\/www.naturmed.de\/en\/wp-json\/wp\/v2\/product_brand?post=28573"},{"taxonomy":"product_cat","embeddable":true,"href":"https:\/\/www.naturmed.de\/en\/wp-json\/wp\/v2\/product_cat?post=28573"}],"curies":[{"name":"wp","href":"https:\/\/api.w.org\/{rel}","templated":true}]}}